{"id":53601,"date":"2025-03-02T20:43:28","date_gmt":"2025-03-02T20:43:28","guid":{"rendered":"https:\/\/hummy.ee\/product\/sedvietu-spilvens-osmani\/"},"modified":"2026-02-27T07:43:34","modified_gmt":"2026-02-27T07:43:34","slug":"sedvietu-spilvens-ottomans","status":"publish","type":"product","link":"https:\/\/hummy.ee\/lv\/product\/sedvietu-spilvens-ottomans\/","title":{"rendered":"S\u0113dvietu spilvens - Ottomans"},"content":{"rendered":"<h6 data-start=\"0\" data-end=\"17\"><em><strong data-start=\"0\" data-end=\"15\">Jauks duets<\/strong><\/em><\/h6>\n<h6 data-start=\"19\" data-end=\"129\">M\u012bkstais un m\u0101j\u012bgais kvadr\u0101tveida spilvens ar savu vienk\u0101r\u0161o un stil\u012bgo dizainu pie\u0161\u0137ir eleganci jebkurai telpai vai rota\u013cu st\u016br\u012btim.<\/h6>\n<p>&nbsp;<\/p>\n<h6 data-start=\"131\" data-end=\"158\"><em><strong data-start=\"131\" data-end=\"156\">Izmantojiet, k\u0101 v\u0113laties<\/strong><\/em><\/h6>\n<h6 data-start=\"160\" data-end=\"271\">M\u016bsu kvadr\u0101tveida tuba ir gudra izv\u0113le jebkurai situ\u0101cijai - k\u0101 balsts k\u0101j\u0101m, papildu s\u0113dvieta vai pat rota\u013cu laukums.<\/h6>\n<p>&nbsp;<\/p>\n<h6 data-start=\"273\" data-end=\"303\"><em><strong data-start=\"273\" data-end=\"301\">Dizains atbilst komfortam<\/strong><\/em><\/h6>\n<h6 data-start=\"305\" data-end=\"432\">Ide\u0101ls papildin\u0101jums m\u016bsu ikoniskajam somu kr\u0113slam - izv\u0113lieties vienotu kr\u0101su gammu vai miks\u0113jiet to\u0146us, lai rad\u012btu rota\u013c\u012bgu efektu!<\/h6>\n<p>&nbsp;<\/p>\n<h6><b><i>Viegla apkope<\/i><\/b><b><i><\/i><\/b><\/h6>\n<h6>Pateicoties fiksatora atv\u0113rumam, v\u0101ku ir viegli no\u0146emt un mazg\u0101t. Mazg\u0101jiet p\u0101rkl\u0101ju ar rok\u0101m (30\u00b0C) l\u012bdz\u012bg\u0101s kr\u0101s\u0101s un pakariet, lai no\u017e\u016btu.<\/h6>\n<p>&nbsp;<\/p>\n<h6><em><strong>Ar m\u012blest\u012bbu un r\u016bp\u012bbu darin\u0101ti rokdarbi<\/strong><\/em><\/h6>\n<h6 data-start=\"38\" data-end=\"329\">Ar vair\u0101k nek\u0101 desmit gadu pieredzi m\u0113s lepojamies, ka varam pieg\u0101d\u0101t liel\u0101kajiem ES mazumtirgot\u0101jiem produktus, kas ar r\u016bp\u012bbu un m\u012blest\u012bbu ra\u017eoti m\u016bsu r\u016bpn\u012bc\u0101 Latvij\u0101. M\u0113s pa\u0161i kontrol\u0113jam katru ra\u017eo\u0161anas posmu, piev\u0113r\u0161ot uzman\u012bbu viss\u012bk\u0101kaj\u0101m deta\u013c\u0101m un nep\u0101rtraukti att\u012bstot un ievie\u0161ot jaunin\u0101jumus m\u016bsu produktos.<\/h6>\n","protected":false},"excerpt":{"rendered":"<h6>Stil\u012bgs un praktisks s\u0113dvietu spilvens jebkurai telpai, kas pal\u012bdz\u0113s jums patiesi atp\u016bsties dienas beig\u0101s. Izmantojiet to k\u0101 k\u0101ju paliktni vai papildu s\u0113dvietu - tie\u0161i t\u0101, k\u0101 jums pat\u012bk!<\/h6>\n","protected":false},"featured_media":44729,"comment_status":"open","ping_status":"closed","template":"","meta":{"_acf_changed":false,"om_disable_all_campaigns":false,"_monsterinsights_skip_tracking":false,"_monsterinsights_sitenote_active":false,"_monsterinsights_sitenote_note":"","_monsterinsights_sitenote_category":0,"_uf_show_specific_survey":0,"_uf_disable_surveys":false,"site-sidebar-layout":"default","site-content-layout":"","ast-site-content-layout":"default","site-content-style":"default","site-sidebar-style":"default","ast-global-header-display":"","ast-banner-title-visibility":"","ast-main-header-display":"","ast-hfb-above-header-display":"","ast-hfb-below-header-display":"","ast-hfb-mobile-header-display":"","site-post-title":"","ast-breadcrumbs-content":"","ast-featured-img":"","footer-sml-layout":"","theme-transparent-header-meta":"default","adv-header-id-meta":"","stick-header-meta":"","header-above-stick-meta":"","header-main-stick-meta":"","header-below-stick-meta":"","astra-migrate-meta-layouts":"set","ast-page-background-enabled":"default","ast-page-background-meta":{"desktop":{"background-color":"var(--ast-global-color-4)","background-image":"","background-repeat":"repeat","background-position":"center center","background-size":"auto","background-attachment":"scroll","background-type":"","background-media":"","overlay-type":"","overlay-color":"","overlay-opacity":"","overlay-gradient":""},"tablet":{"background-color":"","background-image":"","background-repeat":"repeat","background-position":"center center","background-size":"auto","background-attachment":"scroll","background-type":"","background-media":"","overlay-type":"","overlay-color":"","overlay-opacity":"","overlay-gradient":""},"mobile":{"background-color":"","background-image":"","background-repeat":"repeat","background-position":"center center","background-size":"auto","background-attachment":"scroll","background-type":"","background-media":"","overlay-type":"","overlay-color":"","overlay-opacity":"","overlay-gradient":""}},"ast-content-background-meta":{"desktop":{"background-color":"var(--ast-global-color-5)","background-image":"","background-repeat":"repeat","background-position":"center center","background-size":"auto","background-attachment":"scroll","background-type":"","background-media":"","overlay-type":"","overlay-color":"","overlay-opacity":"","overlay-gradient":""},"tablet":{"background-color":"var(--ast-global-color-5)","background-image":"","background-repeat":"repeat","background-position":"center center","background-size":"auto","background-attachment":"scroll","background-type":"","background-media":"","overlay-type":"","overlay-color":"","overlay-opacity":"","overlay-gradient":""},"mobile":{"background-color":"var(--ast-global-color-5)","background-image":"","background-repeat":"repeat","background-position":"center center","background-size":"auto","background-attachment":"scroll","background-type":"","background-media":"","overlay-type":"","overlay-color":"","overlay-opacity":"","overlay-gradient":""}}},"product_brand":[],"product_cat":[985],"product_tag":[],"class_list":{"0":"post-53601","1":"product","2":"type-product","3":"status-publish","4":"has-post-thumbnail","6":"product_cat-wigiwama-lv","7":"desktop-align-left","8":"tablet-align-left","9":"mobile-align-left","11":"first","12":"instock","13":"sale","14":"taxable","15":"shipping-taxable","16":"purchasable","17":"product-type-variable"},"acf":[],"aioseo_notices":[],"_links":{"self":[{"href":"https:\/\/hummy.ee\/lv\/wp-json\/wp\/v2\/product\/53601","targetHints":{"allow":["GET"]}}],"collection":[{"href":"https:\/\/hummy.ee\/lv\/wp-json\/wp\/v2\/product"}],"about":[{"href":"https:\/\/hummy.ee\/lv\/wp-json\/wp\/v2\/types\/product"}],"replies":[{"embeddable":true,"href":"https:\/\/hummy.ee\/lv\/wp-json\/wp\/v2\/comments?post=53601"}],"version-history":[{"count":4,"href":"https:\/\/hummy.ee\/lv\/wp-json\/wp\/v2\/product\/53601\/revisions"}],"predecessor-version":[{"id":82578,"href":"https:\/\/hummy.ee\/lv\/wp-json\/wp\/v2\/product\/53601\/revisions\/82578"}],"wp:featuredmedia":[{"embeddable":true,"href":"https:\/\/hummy.ee\/lv\/wp-json\/wp\/v2\/media\/44729"}],"wp:attachment":[{"href":"https:\/\/hummy.ee\/lv\/wp-json\/wp\/v2\/media?parent=53601"}],"wp:term":[{"taxonomy":"product_brand","embeddable":true,"href":"https:\/\/hummy.ee\/lv\/wp-json\/wp\/v2\/product_brand?post=53601"},{"taxonomy":"product_cat","embeddable":true,"href":"https:\/\/hummy.ee\/lv\/wp-json\/wp\/v2\/product_cat?post=53601"},{"taxonomy":"product_tag","embeddable":true,"href":"https:\/\/hummy.ee\/lv\/wp-json\/wp\/v2\/product_tag?post=53601"}],"curies":[{"name":"wp","href":"https:\/\/api.w.org\/{rel}","templated":true}]}}