{"id":53587,"date":"2025-03-02T20:43:03","date_gmt":"2025-03-02T20:43:03","guid":{"rendered":"https:\/\/hummy.ee\/product\/garastavokla-riks-flipster\/"},"modified":"2026-02-27T07:38:22","modified_gmt":"2026-02-27T07:38:22","slug":"modularais-kresls-flipster","status":"publish","type":"product","link":"https:\/\/hummy.ee\/lv\/product\/modularais-kresls-flipster\/","title":{"rendered":"Modul\u0101rais kr\u0113sls - Flipster"},"content":{"rendered":"<h6><em><strong>Viegls un b\u0113rniem draudz\u012bgs modul\u0101rais kr\u0113sls Flipster<\/strong><\/em><\/h6>\n<h6>Neatkar\u012bba s\u0101kas \u0161eit! Flipster ir tik viegls, ka b\u0113rni var pa\u0161i to p\u0101rvietot un p\u0101rk\u0101rtot, veidojot savu mazo pasauli un att\u012bstot p\u0101rliec\u012bbu un rado\u0161umu.<\/h6>\n<p>&nbsp;<\/p>\n<h6><strong><em>Rad\u012bts, lai kalpotu ilgi<\/em><\/strong><\/h6>\n<h6>Flipster ir izgatavots no augstas kvalit\u0101tes un iztur\u012bga putu materi\u0101la, kas saglab\u0101 formu pat p\u0113c neskait\u0101miem pagriezieniem, l\u0113cieniem un kritieniem. M\u012bkstais p\u0101rvalks ir no\u0146emams un mazg\u0101jams, t\u0101p\u0113c tas ir \u0113rts un praktisks ikdienas aktivit\u0101t\u0113m.<\/h6>\n<p>&nbsp;<\/p>\n<h6><em><strong>Stil\u012bgs akcents katr\u0101 m\u0101jokl\u012b<\/strong><\/em><\/h6>\n<h6>Laba gaume s\u0101kas jau agri! Neatkar\u012bgi no t\u0101, vai tas atrodas rota\u013cu istab\u0101, gu\u013camistab\u0101 vai viesistab\u0101, Flipster nevainojami iek\u013caujas interjera dizain\u0101, pier\u0101dot, ka b\u0113rnu m\u0113beles var b\u016bt jautras un stil\u012bgas vienlaikus.<\/h6>\n<p>&nbsp;<\/p>\n<h6><b><i>Viegla apkope<\/i><\/b><b><i><\/i><\/b><\/h6>\n<h6>Pateicoties fiksatora atv\u0113rumam, v\u0101ku ir viegli no\u0146emt un mazg\u0101t. Mazg\u0101jiet p\u0101rkl\u0101ju ar rok\u0101m (30\u00b0C) ar l\u012bdz\u012bg\u0101m kr\u0101s\u0101m un pakariniet, lai no\u017e\u016btu.<\/h6>\n<p>&nbsp;<\/p>\n<h6><strong><em>Ar m\u012blest\u012bbu un r\u016bp\u012bbu darin\u0101ti rokdarbi<\/em><\/strong><\/h6>\n<h6>Ar vair\u0101k nek\u0101 desmit gadu pieredzi m\u0113s lepojamies, ka varam pieg\u0101d\u0101t liel\u0101kajiem ES mazumtirgot\u0101jiem produktus, kas ar r\u016bp\u012bbu un m\u012blest\u012bbu ra\u017eoti m\u016bsu r\u016bpn\u012bc\u0101 Latvij\u0101. M\u0113s pa\u0161i kontrol\u0113jam katru ra\u017eo\u0161anas posmu, piev\u0113r\u0161ot uzman\u012bbu viss\u012bk\u0101kaj\u0101m deta\u013c\u0101m un nep\u0101rtraukti att\u012bstot un ievie\u0161ot jaunin\u0101jumus m\u016bsu produktos.<\/h6>\n","protected":false},"excerpt":{"rendered":"<h6>Flipster - modul\u0101rais kr\u0113sls, kas sast\u0101v no trim modul\u0101riem elementiem, kuri transform\u0113jas ar rota\u013c\u012bgu vieglumu. \u0112rts las\u012b\u0161anas un atp\u016btas st\u016br\u012btis dienas laik\u0101, rado\u0161a rota\u013cu vieta b\u0113rniem p\u0113cpusdien\u0101 un papildu gulta negaid\u012btiem nak\u0161\u0146ot\u0101jiem vakar\u0101!<\/h6>\n","protected":false},"featured_media":44613,"comment_status":"open","ping_status":"closed","template":"","meta":{"_acf_changed":false,"om_disable_all_campaigns":false,"_monsterinsights_skip_tracking":false,"_monsterinsights_sitenote_active":false,"_monsterinsights_sitenote_note":"","_monsterinsights_sitenote_category":0,"_uf_show_specific_survey":0,"_uf_disable_surveys":false,"site-sidebar-layout":"default","site-content-layout":"","ast-site-content-layout":"default","site-content-style":"default","site-sidebar-style":"default","ast-global-header-display":"","ast-banner-title-visibility":"","ast-main-header-display":"","ast-hfb-above-header-display":"","ast-hfb-below-header-display":"","ast-hfb-mobile-header-display":"","site-post-title":"","ast-breadcrumbs-content":"","ast-featured-img":"","footer-sml-layout":"","theme-transparent-header-meta":"default","adv-header-id-meta":"","stick-header-meta":"","header-above-stick-meta":"","header-main-stick-meta":"","header-below-stick-meta":"","astra-migrate-meta-layouts":"set","ast-page-background-enabled":"default","ast-page-background-meta":{"desktop":{"background-color":"var(--ast-global-color-4)","background-image":"","background-repeat":"repeat","background-position":"center center","background-size":"auto","background-attachment":"scroll","background-type":"","background-media":"","overlay-type":"","overlay-color":"","overlay-opacity":"","overlay-gradient":""},"tablet":{"background-color":"","background-image":"","background-repeat":"repeat","background-position":"center center","background-size":"auto","background-attachment":"scroll","background-type":"","background-media":"","overlay-type":"","overlay-color":"","overlay-opacity":"","overlay-gradient":""},"mobile":{"background-color":"","background-image":"","background-repeat":"repeat","background-position":"center center","background-size":"auto","background-attachment":"scroll","background-type":"","background-media":"","overlay-type":"","overlay-color":"","overlay-opacity":"","overlay-gradient":""}},"ast-content-background-meta":{"desktop":{"background-color":"var(--ast-global-color-5)","background-image":"","background-repeat":"repeat","background-position":"center center","background-size":"auto","background-attachment":"scroll","background-type":"","background-media":"","overlay-type":"","overlay-color":"","overlay-opacity":"","overlay-gradient":""},"tablet":{"background-color":"var(--ast-global-color-5)","background-image":"","background-repeat":"repeat","background-position":"center center","background-size":"auto","background-attachment":"scroll","background-type":"","background-media":"","overlay-type":"","overlay-color":"","overlay-opacity":"","overlay-gradient":""},"mobile":{"background-color":"var(--ast-global-color-5)","background-image":"","background-repeat":"repeat","background-position":"center center","background-size":"auto","background-attachment":"scroll","background-type":"","background-media":"","overlay-type":"","overlay-color":"","overlay-opacity":"","overlay-gradient":""}}},"product_brand":[],"product_cat":[985],"product_tag":[],"class_list":{"0":"post-53587","1":"product","2":"type-product","3":"status-publish","4":"has-post-thumbnail","6":"product_cat-wigiwama-lv","7":"desktop-align-left","8":"tablet-align-left","9":"mobile-align-left","11":"first","12":"instock","13":"taxable","14":"shipping-taxable","15":"purchasable","16":"product-type-variable"},"acf":[],"aioseo_notices":[],"_links":{"self":[{"href":"https:\/\/hummy.ee\/lv\/wp-json\/wp\/v2\/product\/53587","targetHints":{"allow":["GET"]}}],"collection":[{"href":"https:\/\/hummy.ee\/lv\/wp-json\/wp\/v2\/product"}],"about":[{"href":"https:\/\/hummy.ee\/lv\/wp-json\/wp\/v2\/types\/product"}],"replies":[{"embeddable":true,"href":"https:\/\/hummy.ee\/lv\/wp-json\/wp\/v2\/comments?post=53587"}],"version-history":[{"count":3,"href":"https:\/\/hummy.ee\/lv\/wp-json\/wp\/v2\/product\/53587\/revisions"}],"predecessor-version":[{"id":82566,"href":"https:\/\/hummy.ee\/lv\/wp-json\/wp\/v2\/product\/53587\/revisions\/82566"}],"wp:featuredmedia":[{"embeddable":true,"href":"https:\/\/hummy.ee\/lv\/wp-json\/wp\/v2\/media\/44613"}],"wp:attachment":[{"href":"https:\/\/hummy.ee\/lv\/wp-json\/wp\/v2\/media?parent=53587"}],"wp:term":[{"taxonomy":"product_brand","embeddable":true,"href":"https:\/\/hummy.ee\/lv\/wp-json\/wp\/v2\/product_brand?post=53587"},{"taxonomy":"product_cat","embeddable":true,"href":"https:\/\/hummy.ee\/lv\/wp-json\/wp\/v2\/product_cat?post=53587"},{"taxonomy":"product_tag","embeddable":true,"href":"https:\/\/hummy.ee\/lv\/wp-json\/wp\/v2\/product_tag?post=53587"}],"curies":[{"name":"wp","href":"https:\/\/api.w.org\/{rel}","templated":true}]}}