{"id":53486,"date":"2024-10-02T12:57:20","date_gmt":"2024-10-02T12:57:20","guid":{"rendered":"https:\/\/hummy.ee\/product\/abc-design-salsa-5-run-ratini\/"},"modified":"2026-05-01T10:57:12","modified_gmt":"2026-05-01T10:57:12","slug":"abc-design-salsa-5-run-ratini","status":"publish","type":"product","link":"https:\/\/hummy.ee\/lv\/product\/abc-design-salsa-5-run-ratini\/","title":{"rendered":"ABC Design ratini Salsa 5 Run"},"content":{"rendered":"<h6><strong><em>Komplekt\u0101 iek\u013cauts<\/em><\/strong><\/h6>\n<ul data-spread=\"false\">\n<li>\n<h6>S\u0113dvieta \u2013 regul\u0113jama un \u0113rta augo\u0161am b\u0113rnam (iek\u013cauj ar\u012b \u0113rtu s\u0113dekli)<\/h6>\n<\/li>\n<li>\n<h6>Dro\u0161\u012bbas stienis \u2013 palielina b\u0113rna dro\u0161\u012bbu brauciena laik\u0101<\/h6>\n<\/li>\n<li>\n<h6>XXL jumta p\u0101rkl\u0101js (UPF 50+) \u2013 aizsarg\u0101 no saules un v\u0113ja<\/h6>\n<\/li>\n<\/ul>\n<h6 data-start=\"59\" data-end=\"124\"><\/h6>\n<h6 data-start=\"59\" data-end=\"124\"><strong><em>Salsa 5 Run - ide\u0101ls rati\u0146i akt\u012bv\u0101m \u0123imen\u0113m<\/em><\/strong><\/h6>\n<h6 data-start=\"126\" data-end=\"440\">Salsa 5 Run sporta rati\u0146i ir izstr\u0101d\u0101ti vec\u0101kiem, kuri v\u0113las baud\u012bt akt\u012bvu dz\u012bvi kop\u0101 ar b\u0113rnu. \u0160ie sporta rati\u0146i ir lieliski piem\u0113roti gan skrie\u0161anai, gan skritu\u013cslido\u0161anai, gan ikdienas pastaig\u0101m pils\u0113t\u0101 vai dab\u0101. Pateicoties iztur\u012bgajam un gudri izstr\u0101d\u0101tajam r\u0101mim, tie nodro\u0161ina vienm\u0113r\u012bgu brauk\u0161anas pieredzi uz jebkuras virsmas.<\/h6>\n<p>&nbsp;<\/p>\n<h6>Sporta rati\u0146a dro\u0161\u012bbu nodro\u0161ina viegli lietojams rokas bremze un st\u0101vbremze, jaud\u012bgas disku bremzes, plaukstas siksna un atstarojo\u0161\u0101s lentas. Polster\u0113to s\u0113dekli var iestat\u012bt t\u0101, lai b\u0113rns var\u0113tu piln\u012bb\u0101 horizont\u0101l\u0101 st\u0101vokl\u012b atp\u016bsties, un rati\u0146iem ir ar\u012b HappyBelt 5 punktu dro\u0161\u012bbas josta ar neierobe\u017eot\u0101m regul\u0113\u0161anas iesp\u0113j\u0101m, lai b\u0113rns var\u0113tu mier\u012bgi s\u0113d\u0113t rati\u0146os, atp\u016bsties un izbaud\u012bt braucienu.<\/h6>\n<p>&nbsp;<\/p>\n<h6>Aizmugur\u0113j\u0101 da\u013c\u0101 un jumt\u0101 ir integr\u0113ti divi ventil\u0101cijas logi, kas nodro\u0161ina labu gaisa cirkul\u0101ciju. Saulain\u0101m dien\u0101m b\u0113rnu aizsarg\u0101 lielais UV aizsarg\u0101ts (50+) jumts. Rati\u0146i ar r\u016bp\u012bgi p\u0101rdom\u0101tu dizainu ir viegli vad\u0101mi, un ergonomiski veidotais st\u016bres rokturis ir regul\u0113jams, lai piel\u0101gotos jums piem\u0113rotai augstumam.<\/h6>\n<p>&nbsp;<\/p>\n<h6 data-start=\"442\" data-end=\"486\"><\/h6>\n<h6 data-start=\"442\" data-end=\"486\"><strong><em>Maksim\u0101l\u0101 dro\u0161\u012bba un komforts<\/em><\/strong><\/h6>\n<h6 data-start=\"487\" data-end=\"584\">Salsa 5 Run skrejritenis nodro\u0161ina piln\u012bgu b\u0113rna dro\u0161\u012bbu un komfortu jebkur\u0101 situ\u0101cij\u0101.<\/h6>\n<ul data-start=\"586\" data-end=\"1120\">\n<li data-start=\"586\" data-end=\"735\">\n<h6>Rokas bremze un st\u0101vbremze - Viegli lietojam\u0101 rokas bremze un jaud\u012bg\u0101s disku bremzes nodro\u0161ina \u0101tru un vienm\u0113r\u012bgu apst\u0101\u0161anos pat pie liel\u0101ka \u0101truma.<\/h6>\n<\/li>\n<li data-start=\"736\" data-end=\"845\">\n<h6>Malu siksna un atstarojo\u0161\u0101s joslas - papildu dro\u0161\u012bba, lai saglab\u0101tu rati\u0146us zem kontroles akt\u012bvas sporto\u0161anas laik\u0101.<\/h6>\n<\/li>\n<li data-start=\"846\" data-end=\"981\">\n<h6>HappyBelt\u00ae magn\u0113tisk\u0101s dro\u0161\u012bbas jostas - ar neierobe\u017eot\u0101m regul\u0113\u0161anas iesp\u0113j\u0101m dro\u0161\u012bbas jostas nodro\u0161ina b\u0113rna dro\u0161\u012bbu jebkur\u0101 brauk\u0161anas poz\u012bcij\u0101.<\/h6>\n<\/li>\n<li data-start=\"982\" data-end=\"1120\">\n<h6>Polster\u0113ts s\u0113deklis - s\u0113dekli ar regul\u0113jamu sl\u012bpuma le\u0146\u0137i var iestat\u012bt piln\u012bgi horizont\u0101l\u0101 st\u0101vokl\u012b, lai b\u0113rns var\u0113tu \u0113rti atp\u016bsties.<\/h6>\n<\/li>\n<li data-start=\"982\" data-end=\"1120\">\n<h6>Reversais s\u0113deklis<\/h6>\n<\/li>\n<\/ul>\n<h6 data-start=\"1122\" data-end=\"1169\"><\/h6>\n<h6 data-start=\"1122\" data-end=\"1169\"><strong><em><em>Augstas kvalit\u0101tes dizains un materi\u0101li<\/em><\/em><\/strong><\/h6>\n<ul data-start=\"1170\" data-end=\"1536\">\n<li data-start=\"1170\" data-end=\"1265\">\n<h6>Saulessargs ar UV aizsardz\u012bbu (50+) - pasarg\u0101 b\u0113rnu no sp\u0113c\u012bgas saules un nodro\u0161ina pat\u012bkamu \u0113nu.<\/h6>\n<\/li>\n<li data-start=\"1266\" data-end=\"1412\">\n<h6>Ventil\u0101cijas logi - rati\u0146iem ir divas integr\u0113tas ventil\u0101cijas atveres, kas nodro\u0161ina optim\u0101lu gaisa cirkul\u0101ciju un nov\u0113r\u0161 p\u0101rkar\u0161anu.<\/h6>\n<\/li>\n<li data-start=\"1413\" data-end=\"1536\">\n<h6>Ergonomisks stum\u0161anas rokturis - augstums ir regul\u0113jams, lai nodro\u0161in\u0101tu \u0113rtu satv\u0113rienu gan zem\u0101kiem, gan gar\u0101kiem lietot\u0101jiem.<\/h6>\n<\/li>\n<\/ul>\n<p>&nbsp;<\/p>\n<h6 data-start=\"1538\" data-end=\"1610\"><strong><em>Ide\u0101ls skrejce\u013c\u0161 sportam un ikdienas lieto\u0161anai<\/em><\/strong><\/h6>\n<h6 data-start=\"1611\" data-end=\"1840\">Lai gan Salsa 5 Run ir paredz\u0113ta sportam, t\u0101 ir ide\u0101li piem\u0113rota ar\u012b parast\u0101m pastaig\u0101m pils\u0113t\u0101 vai dab\u0101. Pateicoties univers\u0101lajiem stiprin\u0101jumiem, to var apr\u012bkot ar\u012b ar <a href=\"https:\/\/hummy.ee\/lv\/product\/abc-design-ratu-kulba\/\" target=\"_blank\" rel=\"noopener\">\u0161\u016bpuli<\/a> vai d<a href=\"https:\/\/hummy.ee\/lv\/product\/abc-design-autokresla-adapteri\/\" target=\"_blank\" rel=\"noopener\">ro\u0161\u012bbas jostu adapteriem,<\/a> t\u0101p\u0113c tas ir piem\u0113rots jau no dzim\u0161anas.<\/h6>\n<ul data-start=\"1842\" data-end=\"2133\">\n<li data-start=\"1842\" data-end=\"1963\">\n<h6>Pneimatiskie amortizatori un balstiek\u0101rta - augstas kvalit\u0101tes lod\u012b\u0161u gult\u0146i un amortizatori nodro\u0161ina vienm\u0113r\u012bgu un m\u012bkstu brauk\u0161anu jebkur\u0101 apvid\u016b.<\/h6>\n<\/li>\n<li data-start=\"1964\" data-end=\"2058\">\n<h6>Liels iepirkumu grozs - liels uzglab\u0101\u0161anas nodal\u012bjums (l\u012bdz 5 kg) \u013cauj p\u0101rvad\u0101t nepiecie\u0161am\u0101s preces.<\/h6>\n<\/li>\n<li data-start=\"2059\" data-end=\"2133\">\n<h6>Kompakts salok\u0101ms dizains - viegli transport\u0113jams un uzglab\u0101jams.<\/h6>\n<\/li>\n<\/ul>\n<p>&nbsp;<\/p>\n<h6 data-start=\"2135\" data-end=\"2170\"><strong><em>Savietojam\u012bba ar dro\u0161\u012bbas palikt\u0146iem<\/em><\/strong><\/h6>\n<h6 data-start=\"2171\" data-end=\"2295\">Salsa 5 Run var izmantot ar\u012b kop\u0101 ar b\u0113rnu gulti\u0146u, padarot to par praktisku ce\u013cojumu sist\u0113mu. Piem\u0113rots \u0161\u0101diem mode\u013ciem:<\/h6>\n<ul>\n<li>\n<h6>ABC Design: Tulpe<\/h6>\n<\/li>\n<li>\n<h6>Maxi-Cosi: City, Convertible-Fix, Coral, Pebble, Pebble Plus, Pebble Pro, Pebble 360, Pebble 360 Pro, Pebble 360 Pro 2.<\/h6>\n<\/li>\n<li>\n<h6>Cybex: Aton, Aton 5, Aton M, Aton M i-size, Aton Q, Aton Q Plus, Aton Q i-size, Cloud T, Cloud Q, Cloud Q Plus, Cloud Z i-size, Cloud Z2 i-size.<\/h6>\n<\/li>\n<li>\n<h6>Joie: i-Gemm<\/h6>\n<\/li>\n<li>\n<h6>BeSafe: iZi Go Modular X1 i-Size<\/h6>\n<\/li>\n<li>\n<h6>Avionaut: Cosmo, Pixel, Pro<\/h6>\n<\/li>\n<li>\n<h6>Nuna: Pipa Next i-Size, ARRA Next<\/h6>\n<\/li>\n<\/ul>\n<p>&nbsp;<\/p>\n<h6 data-start=\"2599\" data-end=\"2627\"><strong><em>Tehniskie dati<\/em><\/strong><\/h6>\n<ul data-start=\"2628\" data-end=\"2875\">\n<li data-start=\"2628\" data-end=\"2703\">\n<h6>Piem\u0113rots vecumam: no dzim\u0161anas (ar \u0161\u016bpuli) l\u012bdz 22 kg mazu\u013ca svaram.<\/h6>\n<\/li>\n<li data-start=\"2704\" data-end=\"2741\">\n<h6>Maksim\u0101l\u0101 kravnes\u012bba: 27 kg (b\u0113rns l\u012bdz 22 kg + 5 kg papildus groz\u0101).<\/h6>\n<\/li>\n<li data-start=\"2742\" data-end=\"2817\">\n<h6>No\u0146emams dro\u0161\u012bbas stienis un rite\u0146i<\/h6>\n<\/li>\n<li data-start=\"2818\" data-end=\"2875\">\n<h6>\u016adensnecaurlaid\u012bgs materi\u0101ls<\/h6>\n<\/li>\n<\/ul>\n<h6 data-start=\"2877\" data-end=\"3052\">Salsa 5 Run ir ide\u0101la izv\u0113le akt\u012bviem vec\u0101kiem, kuri nov\u0113rt\u0113 kvalit\u0101ti, dro\u0161\u012bbu un daudzpus\u012bbu.<\/h6>\n<p>&nbsp;<\/p>\n<h6 data-start=\"2877\" data-end=\"3052\"><em>Noskatieties iepaz\u012b\u0161an\u0101s <a href=\"https:\/\/www.youtube.com\/watch?v=CTDmPW1ZHTo\">videoklipu<\/a>, lai uzzin\u0101tu vair\u0101k.<\/em><\/h6>\n<h6><em>Pareizie rite\u0146i padara b\u0113rnu rati\u0146u lieto\u0161anu daudz \u0113rt\u0101ku! Uzziniet, k\u0101 izv\u0113l\u0113ties sev piem\u0113rot\u0101ko risin\u0101jumu, Hummy <a href=\"https:\/\/hummy.ee\/lv\/kuru-bernu-ratinus-ar-riteniem-izveleties\/\" target=\"_blank\" rel=\"nofollow noopener\">blog\u0101.<\/a> <\/em><\/h6>\n","protected":false},"excerpt":{"rendered":"<p><!-- wp:heading {\"level\":4} --><\/p>\n<h6 class=\"wp-block-heading\" style=\"text-align: left;\">\u0112rti un viegli ABC Design Salsa 5 Run rati\u0146i sportisk\u0101m \u0123imen\u0113m. Salsa 5 Run skrie\u0161anas rati\u0146i padar\u012bs j\u016bsu b\u0113rnu par ide\u0101lu sporta pavadoni. J\u016bs varat kop\u0101 izbaud\u012bt r\u012bta skr\u0113jienu vai vakara skritu\u013cslido\u0161anu, lielisks veids, k\u0101 dal\u012bties sav\u0101 hobij\u0101 ar b\u0113rnu. B\u0113rnu rati\u0146i ir apr\u012bkoti ar trim liel\u0101m pneimatiskaj\u0101m riep\u0101m un blo\u0137\u0113jamu priek\u0161\u0113jo riteni, kas kop\u0101 ar sporta balstiek\u0101rtu un augstas kvalit\u0101tes rite\u0146u gult\u0146iem nodro\u0161ina vienm\u0113r\u012bgu un stabilu brauk\u0161anu pat pa nel\u012bdzeniem ce\u013ciem.<\/h6>\n<h6 style=\"text-align: left;\"><!-- \/wp:heading --><\/h6>\n<h6 style=\"text-align: left;\"><!-- wp:paragraph --><\/h6>\n<h6 style=\"text-align: left;\"><!-- \/wp:paragraph --><\/h6>\n<h6 style=\"text-align: left;\"><!-- wp:paragraph --><\/h6>\n<h6 style=\"text-align: left;\"><!-- \/wp:paragraph --><\/h6>\n<h6 style=\"text-align: left;\"><!-- wp:paragraph --><\/h6>\n<h6 style=\"text-align: left;\"><!-- \/wp:paragraph --><\/h6>\n<h6 style=\"text-align: left;\"><!-- wp:heading {\"level\":4} --><\/h6>\n<h6 style=\"text-align: left;\"><!-- \/wp:paragraph --><\/h6>\n<h6 style=\"text-align: left;\"><!-- wp:heading {\"level\":4} --><\/h6>\n<h6 style=\"text-align: left;\"><!-- \/wp:paragraph --><\/h6>\n<h6 style=\"text-align: left;\"><!-- wp:heading {\"level\":4} --><\/h6>\n<h6 style=\"text-align: left;\"><!-- \/wp:paragraph --><\/h6>\n","protected":false},"featured_media":89579,"comment_status":"closed","ping_status":"closed","template":"","meta":{"_acf_changed":false,"om_disable_all_campaigns":false,"_monsterinsights_skip_tracking":false,"_monsterinsights_sitenote_active":false,"_monsterinsights_sitenote_note":"","_monsterinsights_sitenote_category":0,"_uf_show_specific_survey":0,"_uf_disable_surveys":false,"site-sidebar-layout":"no-sidebar","site-content-layout":"","ast-site-content-layout":"full-width-container","site-content-style":"default","site-sidebar-style":"default","ast-global-header-display":"","ast-banner-title-visibility":"","ast-main-header-display":"","ast-hfb-above-header-display":"","ast-hfb-below-header-display":"","ast-hfb-mobile-header-display":"","site-post-title":"disabled","ast-breadcrumbs-content":"","ast-featured-img":"disabled","footer-sml-layout":"","theme-transparent-header-meta":"default","adv-header-id-meta":"","stick-header-meta":"","header-above-stick-meta":"","header-main-stick-meta":"","header-below-stick-meta":"","astra-migrate-meta-layouts":"set","ast-page-background-enabled":"default","ast-page-background-meta":{"desktop":{"background-color":"var(--ast-global-color-4)","background-image":"","background-repeat":"repeat","background-position":"center center","background-size":"auto","background-attachment":"scroll","background-type":"","background-media":"","overlay-type":"","overlay-color":"","overlay-opacity":"","overlay-gradient":""},"tablet":{"background-color":"","background-image":"","background-repeat":"repeat","background-position":"center center","background-size":"auto","background-attachment":"scroll","background-type":"","background-media":"","overlay-type":"","overlay-color":"","overlay-opacity":"","overlay-gradient":""},"mobile":{"background-color":"","background-image":"","background-repeat":"repeat","background-position":"center center","background-size":"auto","background-attachment":"scroll","background-type":"","background-media":"","overlay-type":"","overlay-color":"","overlay-opacity":"","overlay-gradient":""}},"ast-content-background-meta":{"desktop":{"background-color":"var(--ast-global-color-5)","background-image":"","background-repeat":"repeat","background-position":"center center","background-size":"auto","background-attachment":"scroll","background-type":"","background-media":"","overlay-type":"","overlay-color":"","overlay-opacity":"","overlay-gradient":""},"tablet":{"background-color":"var(--ast-global-color-5)","background-image":"","background-repeat":"repeat","background-position":"center center","background-size":"auto","background-attachment":"scroll","background-type":"","background-media":"","overlay-type":"","overlay-color":"","overlay-opacity":"","overlay-gradient":""},"mobile":{"background-color":"var(--ast-global-color-5)","background-image":"","background-repeat":"repeat","background-position":"center center","background-size":"auto","background-attachment":"scroll","background-type":"","background-media":"","overlay-type":"","overlay-color":"","overlay-opacity":"","overlay-gradient":""}}},"product_brand":[],"product_cat":[526,548,432,579],"product_tag":[],"class_list":{"0":"post-53486","1":"product","2":"type-product","3":"status-publish","4":"has-post-thumbnail","6":"product_cat-abc-dizains","7":"product_cat-bernu-ratini","8":"product_cat-cisternu","9":"product_cat-sporta-ratini","10":"desktop-align-left","11":"tablet-align-left","12":"mobile-align-left","14":"first","15":"instock","16":"taxable","17":"shipping-taxable","18":"purchasable","19":"product-type-variable"},"acf":[],"aioseo_notices":[],"_links":{"self":[{"href":"https:\/\/hummy.ee\/lv\/wp-json\/wp\/v2\/product\/53486","targetHints":{"allow":["GET"]}}],"collection":[{"href":"https:\/\/hummy.ee\/lv\/wp-json\/wp\/v2\/product"}],"about":[{"href":"https:\/\/hummy.ee\/lv\/wp-json\/wp\/v2\/types\/product"}],"replies":[{"embeddable":true,"href":"https:\/\/hummy.ee\/lv\/wp-json\/wp\/v2\/comments?post=53486"}],"version-history":[{"count":15,"href":"https:\/\/hummy.ee\/lv\/wp-json\/wp\/v2\/product\/53486\/revisions"}],"predecessor-version":[{"id":88632,"href":"https:\/\/hummy.ee\/lv\/wp-json\/wp\/v2\/product\/53486\/revisions\/88632"}],"wp:featuredmedia":[{"embeddable":true,"href":"https:\/\/hummy.ee\/lv\/wp-json\/wp\/v2\/media\/89579"}],"wp:attachment":[{"href":"https:\/\/hummy.ee\/lv\/wp-json\/wp\/v2\/media?parent=53486"}],"wp:term":[{"taxonomy":"product_brand","embeddable":true,"href":"https:\/\/hummy.ee\/lv\/wp-json\/wp\/v2\/product_brand?post=53486"},{"taxonomy":"product_cat","embeddable":true,"href":"https:\/\/hummy.ee\/lv\/wp-json\/wp\/v2\/product_cat?post=53486"},{"taxonomy":"product_tag","embeddable":true,"href":"https:\/\/hummy.ee\/lv\/wp-json\/wp\/v2\/product_tag?post=53486"}],"curies":[{"name":"wp","href":"https:\/\/api.w.org\/{rel}","templated":true}]}}