{"id":53420,"date":"2024-10-03T08:22:34","date_gmt":"2024-10-03T08:22:34","guid":{"rendered":"https:\/\/hummy.ee\/product\/abc-design-samba-salsa-zoom-sedekla-polsterejums\/"},"modified":"2026-03-02T17:32:26","modified_gmt":"2026-03-02T17:32:26","slug":"abc-design-samba-salsa-zoom-ratu-ieliktnis","status":"publish","type":"product","link":"https:\/\/hummy.ee\/lv\/product\/abc-design-samba-salsa-zoom-ratu-ieliktnis\/","title":{"rendered":"ABC Design Samba, Salsa, Zoom ratu ieliktnis"},"content":{"rendered":"<h6><strong><em>K\u0101p\u0113c izv\u0113l\u0113ties \u0161o s\u0113dek\u013ca spilvenu komplektu?<\/em><\/strong><\/h6>\r\n<ul>\r\n<li>\r\n<h6>Lieliska elpojam\u012bba - polster\u0113jums pat karst\u0101s dien\u0101s nodro\u0161ina pat\u012bkamu v\u0113sumu un sausumu. Aler\u0123ijai draudz\u012bgs un dro\u0161s - Materi\u0101li ir p\u0101rbaud\u012bti attiec\u012bb\u0101 uz kait\u012bg\u0101m viel\u0101m un ir piem\u0113roti jut\u012bgai \u0101dai.<\/h6>\r\n<\/li>\r\n<li>\r\n<h6>Maksim\u0101ls komforts - \u012bpa\u0161i m\u012bksts CozyCloud\u00ae polster\u0113jums nodro\u0161ina papildu atbalstu un padara katru braucienu pat\u012bkamu.<\/h6>\r\n<\/li>\r\n<li>\r\n<h6>Viegla kop\u0161ana - materi\u0101ls ir izgatavots no 100% poliestera, un to var mazg\u0101t ar rok\u0101m 30\u00b0C temperat\u016br\u0101. Ergonomisks dizains - piel\u0101gojas b\u0113rna vajadz\u012bb\u0101m un nodro\u0161ina maksim\u0101lu atbalstu.<\/h6>\r\n<\/li>\r\n<li>\r\n<h6>Univers\u0101la lieto\u0161ana - piem\u0113rots da\u017e\u0101diem rati\u0146iem un padara katru braucienu j\u016bsu b\u0113rnam pat\u012bkam\u0101ku.<\/h6>\r\n<\/li>\r\n<\/ul>\r\n<h6>\u00a0<\/h6>\r\n<h6><strong><em>Sader\u012bgs ar \u0161\u0101diem mode\u013ciem:<\/em><\/strong><\/h6>\r\n<ul>\r\n<li style=\"list-style-type: none;\">\r\n<ul data-spread=\"false\">\r\n<li>\r\n<h6><a href=\"https:\/\/hummy.ee\/lv\/product\/abc-design-salsa-5-air-2in1-ratu-komplekts\/\" target=\"_blank\" rel=\"noopener\">Salsa 5 Air<\/a><\/h6>\r\n<\/li>\r\n<li>\r\n<h6><a href=\"https:\/\/hummy.ee\/lv\/product\/abc-design-samba-2-ratini\/\" target=\"_blank\" rel=\"noopener\">Samba 2<\/a><\/h6>\r\n<\/li>\r\n<li>\r\n<h6><a href=\"https:\/\/hummy.ee\/lv\/product\/abc-design-zoom-2-ratini\/\" target=\"_blank\" rel=\"noopener\">Palielin\u0101t 2<\/a><\/h6>\r\n<\/li>\r\n<\/ul>\r\n<\/li>\r\n<\/ul>\r\n<h6>\u00a0<\/h6>\r\n<h6><strong><em>Iesp\u0113jamie izmanto\u0161anas veidi:<\/em><\/strong><\/h6>\r\n<ul data-spread=\"false\">\r\n<li>\r\n<h6>Perfekts s\u0113dvietu klimats - nodro\u0161ina \u0113rtu un dro\u0161u braucienu.<\/h6>\r\n<\/li>\r\n<li>\r\n<h6>Ide\u0101li piem\u0113rots gar\u0101m pastaig\u0101m - polster\u0113jums pal\u012bdz nov\u0113rst nogurumu un atbalsta b\u0113rna dabisko st\u0101ju.<\/h6>\r\n<\/li>\r\n<li>\r\n<h6>Aizsarg\u0101 rati\u0146u s\u0113dekli - Pagarina rati\u0146u kalpo\u0161anas laiku un ilg\u0101k saglab\u0101 tos lab\u0101 st\u0101vokl\u012b.<\/h6>\r\n<\/li>\r\n<\/ul>\r\n<h6>\u00a0<\/h6>\r\n<h6><strong><em>V\u0113l vair\u0101k komforta un praktiskuma<\/em><\/strong><\/h6>\r\n<h6>ABC Design s\u0113dek\u013ca spilvens ir izstr\u0101d\u0101ts, lai padar\u012btu b\u0113rna pastaigas v\u0113l \u0113rt\u0101kas. Pateicoties gudram dizainam un elpojo\u0161iem materi\u0101liem, b\u0113rns var baud\u012bt optim\u0101lu temperat\u016bru jebkur\u0101 situ\u0101cij\u0101. Spilvena sl\u0101nis pal\u012bdz nov\u0113rst p\u0101rm\u0113r\u012bgu sv\u012b\u0161anu un nodro\u0161ina, ka b\u0113rns j\u016btas \u0113rti ar\u012b gar\u0101ku pastaigu laik\u0101. Papildus komfortam spilvens ir ar\u012b stil\u012bgs un praktisks. S\u0113dek\u013ca spilvens ir viegli no\u0146emams un kopjams, nodro\u0161inot vienm\u0113r svaigu un t\u012bru vidi j\u016bsu b\u0113rnam.<\/h6>\r\n<h6>\u00a0<\/h6>\r\n<h6><!-- \/wp:post-content --><\/h6>\r\n<h6><!-- wp:paragraph --><\/h6>\r\n<h6><!-- \/wp:paragraph --><\/h6>\r\n<h6><!-- wp:paragraph --><\/h6>\r\n<h6><!-- \/wp:paragraph --><\/h6>\r\n<h6><!-- wp:paragraph --><\/h6>\r\n<h6><!-- \/wp:paragraph --><\/h6>\r\n<h6><!-- wp:paragraph --><\/h6>\r\n<h6>\u00a0<\/h6>\r\n<h6 class=\"flex-shrink-0 flex flex-col relative items-end\"><em>Noskatieties iepaz\u012b\u0161an\u0101s <a href=\"https:\/\/www.youtube.com\/watch?v=8KNJFO-5_x0\">videoklipu<\/a>, lai uzzin\u0101tu vair\u0101k.<\/em><\/h6>","protected":false},"excerpt":{"rendered":"<p><!-- wp:heading {\"level\":4} --><\/p>\n<h6 data-pm-slice=\"1 1 []\">ABC Design Samba, Salsa, Zoom s\u0113dek\u013ca spilvens \u2013 piln\u012bga \u0113rt\u012bba maziem piedz\u012bvojumu mekl\u0113t\u0101jiem. M\u0113s pied\u0101v\u0101jam j\u016bsu b\u0113rnam visaugst\u0101ko komfortu ar CozyCloud\u00ae s\u0113dek\u013ca spilvenu, kas ir m\u012bksts, elpojo\u0161s un atbalsto\u0161s. \u0160is ergonomiski izstr\u0101d\u0101tais s\u0113dek\u013ca spilvens nodro\u0161ina lielisku s\u0113d\u0113\u0161anas mikroklimatu gan pils\u0113tas piedz\u012bvojumiem, gan dabas p\u0101rg\u0101jieniem. Salsa 5 Air, Samba 2 un Zoom 2 s\u0113dek\u013ca spilvenu komplekts sniedz b\u0113rnam piln\u012bgu s\u0113d\u0113\u0161anas komfortu un pat\u012bkamu saj\u016btu uz \u0101das katr\u0101 braucien\u0101.<\/h6>\n","protected":false},"featured_media":39109,"comment_status":"closed","ping_status":"closed","template":"","meta":{"_acf_changed":false,"om_disable_all_campaigns":false,"_monsterinsights_skip_tracking":false,"_monsterinsights_sitenote_active":false,"_monsterinsights_sitenote_note":"","_monsterinsights_sitenote_category":0,"_uf_show_specific_survey":0,"_uf_disable_surveys":false,"site-sidebar-layout":"default","site-content-layout":"","ast-site-content-layout":"default","site-content-style":"default","site-sidebar-style":"default","ast-global-header-display":"","ast-banner-title-visibility":"","ast-main-header-display":"","ast-hfb-above-header-display":"","ast-hfb-below-header-display":"","ast-hfb-mobile-header-display":"","site-post-title":"","ast-breadcrumbs-content":"","ast-featured-img":"","footer-sml-layout":"","theme-transparent-header-meta":"default","adv-header-id-meta":"","stick-header-meta":"","header-above-stick-meta":"","header-main-stick-meta":"","header-below-stick-meta":"","astra-migrate-meta-layouts":"set","ast-page-background-enabled":"default","ast-page-background-meta":{"desktop":{"background-color":"var(--ast-global-color-4)","background-image":"","background-repeat":"repeat","background-position":"center center","background-size":"auto","background-attachment":"scroll","background-type":"","background-media":"","overlay-type":"","overlay-color":"","overlay-opacity":"","overlay-gradient":""},"tablet":{"background-color":"","background-image":"","background-repeat":"repeat","background-position":"center center","background-size":"auto","background-attachment":"scroll","background-type":"","background-media":"","overlay-type":"","overlay-color":"","overlay-opacity":"","overlay-gradient":""},"mobile":{"background-color":"","background-image":"","background-repeat":"repeat","background-position":"center center","background-size":"auto","background-attachment":"scroll","background-type":"","background-media":"","overlay-type":"","overlay-color":"","overlay-opacity":"","overlay-gradient":""}},"ast-content-background-meta":{"desktop":{"background-color":"var(--ast-global-color-5)","background-image":"","background-repeat":"repeat","background-position":"center center","background-size":"auto","background-attachment":"scroll","background-type":"","background-media":"","overlay-type":"","overlay-color":"","overlay-opacity":"","overlay-gradient":""},"tablet":{"background-color":"var(--ast-global-color-5)","background-image":"","background-repeat":"repeat","background-position":"center center","background-size":"auto","background-attachment":"scroll","background-type":"","background-media":"","overlay-type":"","overlay-color":"","overlay-opacity":"","overlay-gradient":""},"mobile":{"background-color":"var(--ast-global-color-5)","background-image":"","background-repeat":"repeat","background-position":"center center","background-size":"auto","background-attachment":"scroll","background-type":"","background-media":"","overlay-type":"","overlay-color":"","overlay-opacity":"","overlay-gradient":""}}},"product_brand":[],"product_cat":[526,322,382],"product_tag":[],"class_list":{"0":"post-53420","1":"product","2":"type-product","3":"status-publish","4":"has-post-thumbnail","6":"product_cat-abc-dizains","7":"product_cat-apgriesanas-piederumi","8":"product_cat-sedeklu-spilveni","9":"desktop-align-left","10":"tablet-align-left","11":"mobile-align-left","13":"first","14":"instock","15":"taxable","16":"shipping-taxable","17":"purchasable","18":"product-type-variable"},"acf":[],"aioseo_notices":[],"_links":{"self":[{"href":"https:\/\/hummy.ee\/lv\/wp-json\/wp\/v2\/product\/53420","targetHints":{"allow":["GET"]}}],"collection":[{"href":"https:\/\/hummy.ee\/lv\/wp-json\/wp\/v2\/product"}],"about":[{"href":"https:\/\/hummy.ee\/lv\/wp-json\/wp\/v2\/types\/product"}],"replies":[{"embeddable":true,"href":"https:\/\/hummy.ee\/lv\/wp-json\/wp\/v2\/comments?post=53420"}],"version-history":[{"count":7,"href":"https:\/\/hummy.ee\/lv\/wp-json\/wp\/v2\/product\/53420\/revisions"}],"predecessor-version":[{"id":85255,"href":"https:\/\/hummy.ee\/lv\/wp-json\/wp\/v2\/product\/53420\/revisions\/85255"}],"wp:featuredmedia":[{"embeddable":true,"href":"https:\/\/hummy.ee\/lv\/wp-json\/wp\/v2\/media\/39109"}],"wp:attachment":[{"href":"https:\/\/hummy.ee\/lv\/wp-json\/wp\/v2\/media?parent=53420"}],"wp:term":[{"taxonomy":"product_brand","embeddable":true,"href":"https:\/\/hummy.ee\/lv\/wp-json\/wp\/v2\/product_brand?post=53420"},{"taxonomy":"product_cat","embeddable":true,"href":"https:\/\/hummy.ee\/lv\/wp-json\/wp\/v2\/product_cat?post=53420"},{"taxonomy":"product_tag","embeddable":true,"href":"https:\/\/hummy.ee\/lv\/wp-json\/wp\/v2\/product_tag?post=53420"}],"curies":[{"name":"wp","href":"https:\/\/api.w.org\/{rel}","templated":true}]}}