{"id":53363,"date":"2024-11-01T20:51:31","date_gmt":"2024-11-01T20:51:31","guid":{"rendered":"https:\/\/hummy.ee\/product\/bernu-skrejcels-jautri-un-drosi\/"},"modified":"2026-03-01T11:38:04","modified_gmt":"2026-03-01T11:38:04","slug":"tutis-lidzsvara-velosipeds","status":"publish","type":"product","link":"https:\/\/hummy.ee\/lv\/product\/tutis-lidzsvara-velosipeds\/","title":{"rendered":"B\u0113rnu l\u012bdzsvara velosip\u0113ds \u2013 jautri un dro\u0161i"},"content":{"rendered":"<h6><strong><em>K\u0101p\u0113c izv\u0113l\u0113ties l\u012bdzsvara velosip\u0113du?<\/em><\/strong><\/h6>\n<p>&nbsp;<\/p>\n<ul>\n<li>\n<h6>Att\u012bsta l\u012bdzsvaru un motoriku - velosip\u0113ds bez ped\u0101\u013ciem \u013cauj b\u0113rnam koncentr\u0113ties uz l\u012bdzsvaru un k\u0101ju koordin\u0101ciju, kas ir b\u016btiska sagatavo\u0161an\u0101s brauk\u0161anai ar \u012bstu velosip\u0113du.<\/h6>\n<\/li>\n<li>\n<h6>Veicina neatkar\u012bbu un pa\u0161apzi\u0146u - b\u0113rns m\u0101c\u0101s kontrol\u0113t savas kust\u012bbas un \u0101trumu, t\u0101d\u0113j\u0101di ieg\u016bstot liel\u0101ku br\u012bv\u012bbu un pa\u0161apzi\u0146u.<\/h6>\n<\/li>\n<li>\n<h6>Dro\u0161s un \u0113rts - zem\u0101 r\u0101mja konstrukcija \u013cauj b\u0113rnam viegli iek\u0101pt un nok\u0101pt no velosip\u0113da, savuk\u0101rt pretsl\u012bdes rokturi nodro\u0161ina dro\u0161u satv\u0113rienu un augstas kvalit\u0101tes rite\u0146i - vienm\u0113r\u012bgu un stabilu brauk\u0161anu.<\/h6>\n<\/li>\n<li>\n<h6>Viegls un iztur\u012bgs - skrejceli\u0146a viegl\u0101 konstrukcija \u013cauj b\u0113rnam pa\u0161am ar to manevr\u0113t, turkl\u0101t vec\u0101ki vajadz\u012bbas gad\u012bjum\u0101 to var viegli p\u0101rn\u0113s\u0101t l\u012bdzi.<\/h6>\n<\/li>\n<\/ul>\n<h6><strong><em>Funkcijas un specifik\u0101cijas<\/em><\/strong><\/h6>\n<p>&nbsp;<\/p>\n<ul>\n<li>\n<h6>Piem\u0113rots 2-5 gadus veciem b\u0113rniem<\/h6>\n<\/li>\n<li>\n<h6>Rite\u0146u izm\u0113rs: 10-12 collas (atkar\u012bb\u0101 no mode\u013ca).<\/h6>\n<\/li>\n<li>\n<h6>Regul\u0113jams s\u0113deklis un st\u016bre - regul\u0113jams atbilsto\u0161i b\u0113rna augumam<\/h6>\n<\/li>\n<li>\n<h6>Ergonomisks dizains - \u0113rta un dro\u0161a lieto\u0161ana<\/h6>\n<\/li>\n<li>\n<h6>Sp\u0113c\u012bgs, bet viegls r\u0101mis - viegli lietojams un transport\u0113jams<\/h6>\n<\/li>\n<li>\n<h6>Jautrs veids, k\u0101 m\u0101c\u012bties un atkl\u0101t<\/h6>\n<\/li>\n<\/ul>\n<h6><\/h6>\n<h6>B\u0113rnu l\u012bdzsvara velosip\u0113ds nav tikai p\u0101rvieto\u0161an\u0101s l\u012bdzeklis \u2013 tie\u0161i otr\u0101di, tas ir b\u0113rna pirmais solis pret\u012b patst\u0101v\u012bgai brauk\u0161anas pieredzei un kust\u012bbu prasmju att\u012bst\u012bbai. Turkl\u0101t tas \u013cauj b\u0113rniem izp\u0113t\u012bt apk\u0101rtni, att\u012bst\u012bt prasmes un baud\u012bt akt\u012bvu sp\u0113li. Ja mekl\u0113jat savam b\u0113rnam dro\u0161u un kvalitat\u012bvu pirmo velosip\u0113du, l\u012bdzsvara velosip\u0113ds noteikti ir lab\u0101k\u0101 izv\u0113le!<\/h6>\n<h6><\/h6>\n<p>&nbsp;<\/p>\n<h6><em>Rokasgr\u0101mata<a href=\"https:\/\/hummy.ee\/wp-content\/uploads\/2024\/11\/balansinis_dviratis_instrukcija_210x148.pdf\"> PDF<\/a><\/em><\/h6>\n","protected":false},"excerpt":{"rendered":"<h6>Tutis jaunais l\u012bdzsvara velosip\u0113ds piepilda mazo b\u0113rnu sapni, pied\u0101v\u0101jot \u0113rtu, dro\u0161u un jautru veidu, k\u0101 baud\u012bt p\u0101rvieto\u0161anos. \u0160is \u012bpa\u0161i 90\u2013115 cm gar\u0101m b\u0113rniem paredz\u0113tais velosip\u0113ds pal\u012bdz att\u012bst\u012bt l\u012bdzsvaru, koordin\u0101ciju un pa\u0161p\u0101rliecin\u0101t\u012bbu, padarot katru braucienu par jautru piedz\u012bvojumu.<\/h6>\n","protected":false},"featured_media":46625,"comment_status":"open","ping_status":"closed","template":"","meta":{"_acf_changed":false,"om_disable_all_campaigns":false,"_monsterinsights_skip_tracking":false,"_monsterinsights_sitenote_active":false,"_monsterinsights_sitenote_note":"","_monsterinsights_sitenote_category":0,"_uf_show_specific_survey":0,"_uf_disable_surveys":false,"site-sidebar-layout":"default","site-content-layout":"","ast-site-content-layout":"default","site-content-style":"default","site-sidebar-style":"default","ast-global-header-display":"","ast-banner-title-visibility":"","ast-main-header-display":"","ast-hfb-above-header-display":"","ast-hfb-below-header-display":"","ast-hfb-mobile-header-display":"","site-post-title":"","ast-breadcrumbs-content":"","ast-featured-img":"","footer-sml-layout":"","theme-transparent-header-meta":"default","adv-header-id-meta":"","stick-header-meta":"","header-above-stick-meta":"","header-main-stick-meta":"","header-below-stick-meta":"","astra-migrate-meta-layouts":"set","ast-page-background-enabled":"default","ast-page-background-meta":{"desktop":{"background-color":"var(--ast-global-color-4)","background-image":"","background-repeat":"repeat","background-position":"center center","background-size":"auto","background-attachment":"scroll","background-type":"","background-media":"","overlay-type":"","overlay-color":"","overlay-opacity":"","overlay-gradient":""},"tablet":{"background-color":"","background-image":"","background-repeat":"repeat","background-position":"center center","background-size":"auto","background-attachment":"scroll","background-type":"","background-media":"","overlay-type":"","overlay-color":"","overlay-opacity":"","overlay-gradient":""},"mobile":{"background-color":"","background-image":"","background-repeat":"repeat","background-position":"center center","background-size":"auto","background-attachment":"scroll","background-type":"","background-media":"","overlay-type":"","overlay-color":"","overlay-opacity":"","overlay-gradient":""}},"ast-content-background-meta":{"desktop":{"background-color":"var(--ast-global-color-5)","background-image":"","background-repeat":"repeat","background-position":"center center","background-size":"auto","background-attachment":"scroll","background-type":"","background-media":"","overlay-type":"","overlay-color":"","overlay-opacity":"","overlay-gradient":""},"tablet":{"background-color":"var(--ast-global-color-5)","background-image":"","background-repeat":"repeat","background-position":"center center","background-size":"auto","background-attachment":"scroll","background-type":"","background-media":"","overlay-type":"","overlay-color":"","overlay-opacity":"","overlay-gradient":""},"mobile":{"background-color":"var(--ast-global-color-5)","background-image":"","background-repeat":"repeat","background-position":"center center","background-size":"auto","background-attachment":"scroll","background-type":"","background-media":"","overlay-type":"","overlay-color":"","overlay-opacity":"","overlay-gradient":""}}},"product_brand":[],"product_cat":[492,907,908],"product_tag":[330,328],"class_list":{"0":"post-53363","1":"product","2":"type-product","3":"status-publish","4":"has-post-thumbnail","6":"product_cat-idejas-davanam","7":"product_cat-skrejcelini","8":"product_cat-tutis-lv","9":"product_tag-atseviski-produkti","10":"product_tag-pielagota-timekla-vietne","11":"desktop-align-left","12":"tablet-align-left","13":"mobile-align-left","15":"first","16":"instock","17":"taxable","18":"shipping-taxable","19":"purchasable","20":"product-type-variable"},"acf":[],"aioseo_notices":[],"_links":{"self":[{"href":"https:\/\/hummy.ee\/lv\/wp-json\/wp\/v2\/product\/53363","targetHints":{"allow":["GET"]}}],"collection":[{"href":"https:\/\/hummy.ee\/lv\/wp-json\/wp\/v2\/product"}],"about":[{"href":"https:\/\/hummy.ee\/lv\/wp-json\/wp\/v2\/types\/product"}],"replies":[{"embeddable":true,"href":"https:\/\/hummy.ee\/lv\/wp-json\/wp\/v2\/comments?post=53363"}],"version-history":[{"count":3,"href":"https:\/\/hummy.ee\/lv\/wp-json\/wp\/v2\/product\/53363\/revisions"}],"predecessor-version":[{"id":85061,"href":"https:\/\/hummy.ee\/lv\/wp-json\/wp\/v2\/product\/53363\/revisions\/85061"}],"wp:featuredmedia":[{"embeddable":true,"href":"https:\/\/hummy.ee\/lv\/wp-json\/wp\/v2\/media\/46625"}],"wp:attachment":[{"href":"https:\/\/hummy.ee\/lv\/wp-json\/wp\/v2\/media?parent=53363"}],"wp:term":[{"taxonomy":"product_brand","embeddable":true,"href":"https:\/\/hummy.ee\/lv\/wp-json\/wp\/v2\/product_brand?post=53363"},{"taxonomy":"product_cat","embeddable":true,"href":"https:\/\/hummy.ee\/lv\/wp-json\/wp\/v2\/product_cat?post=53363"},{"taxonomy":"product_tag","embeddable":true,"href":"https:\/\/hummy.ee\/lv\/wp-json\/wp\/v2\/product_tag?post=53363"}],"curies":[{"name":"wp","href":"https:\/\/api.w.org\/{rel}","templated":true}]}}