{"id":53266,"date":"2025-02-02T11:01:04","date_gmt":"2025-02-02T11:01:04","guid":{"rendered":"https:\/\/hummy.ee\/product\/abc-design-samba-2-ratinu-komplekts-maxi-cosi-pebble-360-pro%c2%b2\/"},"modified":"2026-02-27T06:49:17","modified_gmt":"2026-02-27T06:49:17","slug":"abc-design-samba-2-3in1-maxi-cosi-ratu-komplekts","status":"publish","type":"product","link":"https:\/\/hummy.ee\/lv\/product\/abc-design-samba-2-3in1-maxi-cosi-ratu-komplekts\/","title":{"rendered":"ABC Design Samba\u00b2 3in1 Maxi-Cosi ratu komplekts"},"content":{"rendered":"<h6><strong><em><span style=\"font-size: 16px;\">Komplekt\u0101 ietilpst:<\/span><\/em><\/strong><\/h6>\n<ul>\n<li>\n<h6>Ratu kulba<\/h6>\n<\/li>\n<li>\n<h6>Sporta da\u013ca (ieskaitot \u0113rto s\u0113dekli)<\/h6>\n<\/li>\n<li>\n<h6>Organizators<\/h6>\n<\/li>\n<li>\n<h6>CozyCloud\u00ae matra\u010di<\/h6>\n<\/li>\n<li>\n<h6>Maxi-Cosi Pebble 360 Pro\u00b2 autokr\u0113sli\u0146\u0161 (pieejama avokado, dabas, meln\u0101 un graf\u012bta kr\u0101s\u0101)<\/h6>\n<\/li>\n<li>\n<h6>Ma\u0161\u012bnas s\u0113dekl\u012b\u0161a adapteri<\/h6>\n<\/li>\n<\/ul>\n<h6><strong><em>Samba 2 ratu komplekts - \u0113rts un daudzpus\u012bgs sabiedrotais jebkuram apvidum<\/em><\/strong><\/h6>\n<h6>Ar univers\u0101lo un daudzfunkcion\u0101lo Samba 2 rati\u0146u varat \u0113rti doties jebkur. T\u0101 kompaktais un vieglais dizains padara to ide\u0101li piem\u0113rotu pils\u0113tvid\u0113, savuk\u0101rt lielie, pret smailespu\u0137\u0113m iztur\u012bgie gaisa spilvenu rite\u0146i, augstas kvalit\u0101tes lod\u012b\u0161u gult\u0146i un integr\u0113t\u0101 balstiek\u0101rta nodro\u0161ina maksim\u0101lu komfortu un vienm\u0113r\u012bgu braucienu j\u016bsu b\u0113rnam. <\/h6>\n<p>&nbsp;<\/p>\n<h6 data-start=\"1081\" data-end=\"1147\"><strong><em>Maxi-Cosi Pebble 360 Pro\u00b2 autokr\u0113sli\u0146\u0161 - dro\u0161a un \u0113rta ce\u013co\u0161anai ar automa\u0161\u012bnu<\/em><\/strong><\/h6>\n<h6>Ar komplekt\u0101 iek\u013cautajiem adapteriem Maxi-Cosi Pebble 360 Pro\u00b2 var pievienot ABC Design Samba 2 rati\u0146iem, p\u0101rv\u0113r\u0161ot j\u016bsu rati\u0146us par praktisku ce\u013cojumu sist\u0113mu.<\/h6>\n<p>&nbsp;<\/p>\n<ul>\n<li>\n<h6>Tr\u012bs regul\u0113jami le\u0146\u0137i, tostarp piln\u012bb\u0101 noliekta poz\u012bcija maksim\u0101lam miega komfortam automa\u0161\u012bn\u0101 vai rati\u0146os.<\/h6>\n<\/li>\n<li>\n<h6>Viegli piestiprin\u0101ms pie automa\u0161\u012bnas 3 punktu dro\u0161\u012bbas jostas.<\/h6>\n<\/li>\n<li>\n<h6>Atbilsto\u0161\u0101 <a href=\"https:\/\/hummy.ee\/lv\/product\/maxi-cosi-familyfix-360-pro-baze\/\" target=\"_blank\" rel=\"noopener\">FamilyFix 360 Pro <\/a>ISOFIX b\u0101ze, kas \u013cauj pagriezt un p\u0101rvietot autokr\u0113sli\u0146u b\u0113rna virzien\u0101 (ieg\u0101d\u0101jama atsevi\u0161\u0137i). <\/h6>\n<\/li>\n<li>\n<h6>Autokr\u0113sli\u0146\u0161 ir piem\u0113rots lieto\u0161anai no dzim\u0161anas l\u012bdz aptuveni 18 m\u0113ne\u0161u vecumam (40\u201387 cm). <\/h6>\n<\/li>\n<li>\n<h6>Stiftung Warentest nov\u0113rt\u0113jums: \u201cLabi\u201d (2,2)<\/h6>\n<\/li>\n<li>\n<h6>ClimaFlow ventil\u0101cijas sist\u0113ma, elpojo\u0161s putuplasts un \u0113rti t\u012bkli\u0146i optim\u0101lai gaisa cirkul\u0101cijai.<\/h6>\n<\/li>\n<li>\n<h6>Regul\u0113jams galvas balsts un no\u0146emams iek\u0161\u0113jais spilvens jaundzimu\u0161ajam nodro\u0161ina ergonomisku un optim\u0101lu elpce\u013cu st\u0101vokli.<\/h6>\n<\/li>\n<li>\n<h6>Ja b\u0113rns automa\u0161\u012bn\u0101 aizmigs, j\u016bs varat viegli p\u0101rvietot vi\u0146u no automa\u0161\u012bnas uz b\u0113rnu rati\u0146iem, vi\u0146u nepamodinot. T\u0101 k\u0101 rati\u0146us var izmantot ar\u012b piln\u012bb\u0101 noliekt\u0101 st\u0101vokl\u012b, visaugst\u0101kais komforta l\u012bmenis ir garant\u0113ts jebkur\u0101 situ\u0101cij\u0101. <\/h6>\n<\/li>\n<\/ul>\n<h6>Maxi-Cosi Pebble 360 Pro\u00b2 autokr\u0113sli\u0146\u0161 ir lieliski saska\u0146ots ar Samba 2 rati\u0146iem, nodro\u0161inot ne tikai maksim\u0101lu dro\u0161\u012bbu un komfortu, bet ar\u012b vizu\u0101lu harmoniju.<\/h6>\n<p>&nbsp;<\/p>\n<h6><em><strong>Jaunajam b\u0113rnam ratu kulba ir ide\u0101la vieta katram piedz\u012bvojumam.<br \/><\/strong><\/em><\/h6>\n<ul>\n<li>\n<h6>Ergonomisks un elpojo\u0161s CozyCloud\u00ae\ufe0f matracis ar \u0137\u012b\u013ca formas pagalvi un m\u012bkstu paaugstin\u0101tu malu.<\/h6>\n<\/li>\n<li>\n<h6>Divi atsevi\u0161\u0137i atverami ventil\u0101cijas logi nodro\u0161ina labu gaisa apmai\u0146u.<\/h6>\n<\/li>\n<li>\n<h6>Kompakta salok\u0101m\u012bba \u2014 ce\u013cojot ar automa\u0161\u012bnu, ratu kulbu var \u0113rti un vietu taupo\u0161i saloc\u012bt, lai t\u0101 ietilptu pat vismaz\u0101kajos bag\u0101\u017eas nodal\u012bjumos.<\/h6>\n<\/li>\n<\/ul>\n<h6><\/h6>\n<h6><em><strong>Kad j\u016bsu b\u0113rns paaugsies, ratu kulbu var nomain\u012bt pret s\u0113\u017eamo da\u013cu, kas komforta zi\u0146\u0101 neatpaliek no ratu kulbas:<\/strong><\/em><\/h6>\n<ul>\n<li>\n<h6>Polster\u0113tajam s\u0113deklim ir regul\u0113jams atzveltnes un k\u0101ju balsts, kas \u013cauj s\u0113d\u0113t, atp\u016bsties vai gul\u0113t.<\/h6>\n<\/li>\n<li>\n<h6>Elpojo\u0161s un m\u012bksts s\u0113dek\u013ca polster\u0113jums nodro\u0161ina papildu atbalstu.<\/h6>\n<\/li>\n<li>\n<h6>Ventil\u0101cijas logs atzveltn\u0113 nodro\u0161ina optim\u0101lu gaisa cirkul\u0101ciju un pat\u012bkamu s\u0113d\u0113\u0161anas klimatu.<\/h6>\n<\/li>\n<li>\n<h6>HappyBelt\u00ae\ufe0f Piecu punktu dro\u0161\u012bbas jostu sist\u0113ma ir viegli lietojama, pateicoties magn\u0113tiskajam stiprin\u0101jumam un priek\u0161\u0113jai regul\u0113jamai dro\u0161\u012bbas siksnai. Integr\u0113tais polster\u0113jums apak\u0161da\u013c\u0101 notur siksnas nedaudz pacelt\u0101 poz\u012bcij\u0101, lai j\u016bs var\u0113tu viegli aps\u0113din\u0101t b\u0113rnu. <\/h6>\n<\/li>\n<li>\n<h6>Viegls un kompakts salok\u0101ms dizains - rati\u0146us var saloc\u012bt da\u017eu sekun\u017eu laik\u0101, pat ar piestiprin\u0101tu s\u0113dekl\u012bti, gan uz priek\u0161u, gan uz aizmuguri.<\/h6>\n<\/li>\n<\/ul>\n<h6><\/h6>\n<h6><em>Uzziniet vair\u0101k par rati\u0146u komplektu iepaz\u012b\u0161an\u0101s <a href=\"https:\/\/www.youtube.com\/watch?v=ousHMtiI5G0\" target=\"_blank\" rel=\"noopener\">video<\/a>.<\/em><\/h6>\n<p>&nbsp;<\/p>\n<h6 class=\"wp-block-column\"><em>Pareizie rite\u0146i padara b\u0113rnu rati\u0146u lieto\u0161anu daudz \u0113rt\u0101ku! Uzziniet, k\u0101 izv\u0113l\u0113ties sev piem\u0113rot\u0101ko risin\u0101jumu, Hummy <a href=\"https:\/\/hummy.ee\/lv\/kuru-bernu-ratinus-ar-riteniem-izveleties\/\" target=\"_blank\" rel=\"nofollow noopener\">blog\u0101.<\/a> <\/em><\/h6>\n","protected":false},"excerpt":{"rendered":"<h6>Ar \u0161o praktisko ABC Design Samba 2 ratu komplektu j\u016bsu mazulis var baud\u012bt dro\u0161u, \u0113rtu un relaks\u0113jo\u0161u braucienu jau no pirm\u0101s dienas \u2014 gan rati\u0146os, gan automa\u0161\u012bn\u0101, gan k\u0101 ce\u013cojumu sist\u0113m\u0101 ar Maxi-Cosi Pebble 360 Pro\u00b2 autokr\u0113sli\u0146u. J\u016bsu b\u0113rns izbaud\u012bs maksim\u0101lu gul\u0113\u0161anas un atp\u016btas komfortu gan rati\u0146os, gan autokr\u0113sli\u0146\u0101, turkl\u0101t dro\u0161\u012bba vienm\u0113r b\u016bs garant\u0113ta. To nodro\u0161ina divi augstas kvalit\u0101tes un dro\u0161i produkti vien\u0101 komplekt\u0101: ABC Design Samba 2 ratu komplekts un Maxi-Cosi Pebble 360 Pro\u00b2 autokr\u0113sli\u0146\u0161.  <\/h6>\n<h6><\/h6>\n","protected":false},"featured_media":41709,"comment_status":"open","ping_status":"closed","template":"","meta":{"_acf_changed":false,"om_disable_all_campaigns":false,"_monsterinsights_skip_tracking":false,"_monsterinsights_sitenote_active":false,"_monsterinsights_sitenote_note":"","_monsterinsights_sitenote_category":0,"_uf_show_specific_survey":0,"_uf_disable_surveys":false,"site-sidebar-layout":"no-sidebar","site-content-layout":"","ast-site-content-layout":"full-width-container","site-content-style":"default","site-sidebar-style":"default","ast-global-header-display":"","ast-banner-title-visibility":"","ast-main-header-display":"","ast-hfb-above-header-display":"","ast-hfb-below-header-display":"","ast-hfb-mobile-header-display":"","site-post-title":"disabled","ast-breadcrumbs-content":"","ast-featured-img":"disabled","footer-sml-layout":"","theme-transparent-header-meta":"default","adv-header-id-meta":"","stick-header-meta":"","header-above-stick-meta":"","header-main-stick-meta":"","header-below-stick-meta":"","astra-migrate-meta-layouts":"set","ast-page-background-enabled":"default","ast-page-background-meta":{"desktop":{"background-color":"var(--ast-global-color-4)","background-image":"","background-repeat":"repeat","background-position":"center center","background-size":"auto","background-attachment":"scroll","background-type":"","background-media":"","overlay-type":"","overlay-color":"","overlay-opacity":"","overlay-gradient":""},"tablet":{"background-color":"","background-image":"","background-repeat":"repeat","background-position":"center center","background-size":"auto","background-attachment":"scroll","background-type":"","background-media":"","overlay-type":"","overlay-color":"","overlay-opacity":"","overlay-gradient":""},"mobile":{"background-color":"","background-image":"","background-repeat":"repeat","background-position":"center center","background-size":"auto","background-attachment":"scroll","background-type":"","background-media":"","overlay-type":"","overlay-color":"","overlay-opacity":"","overlay-gradient":""}},"ast-content-background-meta":{"desktop":{"background-color":"var(--ast-global-color-5)","background-image":"","background-repeat":"repeat","background-position":"center center","background-size":"auto","background-attachment":"scroll","background-type":"","background-media":"","overlay-type":"","overlay-color":"","overlay-opacity":"","overlay-gradient":""},"tablet":{"background-color":"var(--ast-global-color-5)","background-image":"","background-repeat":"repeat","background-position":"center center","background-size":"auto","background-attachment":"scroll","background-type":"","background-media":"","overlay-type":"","overlay-color":"","overlay-opacity":"","overlay-gradient":""},"mobile":{"background-color":"var(--ast-global-color-5)","background-image":"","background-repeat":"repeat","background-position":"center center","background-size":"auto","background-attachment":"scroll","background-type":"","background-media":"","overlay-type":"","overlay-color":"","overlay-opacity":"","overlay-gradient":""}}},"product_brand":[],"product_cat":[526,511,432,320],"product_tag":[],"class_list":{"0":"post-53266","1":"product","2":"type-product","3":"status-publish","4":"has-post-thumbnail","6":"product_cat-abc-dizains","7":"product_cat-jauni-produkti","8":"product_cat-cisternu","9":"product_cat-uncategorized-lv","10":"desktop-align-left","11":"tablet-align-left","12":"mobile-align-left","14":"first","15":"instock","16":"taxable","17":"shipping-taxable","18":"purchasable","19":"product-type-variable"},"acf":[],"aioseo_notices":[],"_links":{"self":[{"href":"https:\/\/hummy.ee\/lv\/wp-json\/wp\/v2\/product\/53266","targetHints":{"allow":["GET"]}}],"collection":[{"href":"https:\/\/hummy.ee\/lv\/wp-json\/wp\/v2\/product"}],"about":[{"href":"https:\/\/hummy.ee\/lv\/wp-json\/wp\/v2\/types\/product"}],"replies":[{"embeddable":true,"href":"https:\/\/hummy.ee\/lv\/wp-json\/wp\/v2\/comments?post=53266"}],"version-history":[{"count":22,"href":"https:\/\/hummy.ee\/lv\/wp-json\/wp\/v2\/product\/53266\/revisions"}],"predecessor-version":[{"id":84896,"href":"https:\/\/hummy.ee\/lv\/wp-json\/wp\/v2\/product\/53266\/revisions\/84896"}],"wp:featuredmedia":[{"embeddable":true,"href":"https:\/\/hummy.ee\/lv\/wp-json\/wp\/v2\/media\/41709"}],"wp:attachment":[{"href":"https:\/\/hummy.ee\/lv\/wp-json\/wp\/v2\/media?parent=53266"}],"wp:term":[{"taxonomy":"product_brand","embeddable":true,"href":"https:\/\/hummy.ee\/lv\/wp-json\/wp\/v2\/product_brand?post=53266"},{"taxonomy":"product_cat","embeddable":true,"href":"https:\/\/hummy.ee\/lv\/wp-json\/wp\/v2\/product_cat?post=53266"},{"taxonomy":"product_tag","embeddable":true,"href":"https:\/\/hummy.ee\/lv\/wp-json\/wp\/v2\/product_tag?post=53266"}],"curies":[{"name":"wp","href":"https:\/\/api.w.org\/{rel}","templated":true}]}}