{"id":53252,"date":"2025-03-14T10:22:34","date_gmt":"2025-03-14T10:22:34","guid":{"rendered":"https:\/\/hummy.ee\/product\/leclercbaby-luksusa-organizators\/"},"modified":"2026-05-01T11:02:58","modified_gmt":"2026-05-01T11:02:58","slug":"leclercbaby-luxury-organizators","status":"publish","type":"product","link":"https:\/\/hummy.ee\/lv\/product\/leclercbaby-luxury-organizators\/","title":{"rendered":"Leclercbaby Luxury organizators"},"content":{"rendered":"<h6>Leclercbaby Luxury organizators nov\u0113r\u0161 jucekli! Katrs vec\u0101ks zina, cik svar\u012bgi ir b\u016bt labi organiz\u0113tai somai, kur visi nepiecie\u0161amie priek\u0161meti ir pa rokai un \u0101tri atrodamie. Ja esat noguris past\u0101v\u012bgi rakt somas diben\u0101 p\u0113c knup\u012b\u0161a, auti\u0146biks\u012bt\u0113m vai salvet\u0113m, tad \u0161is organizators ir rad\u012bts tie\u0161i jums!<\/h6>\n<p>&nbsp;<\/p>\n<h6>Vai jums ir vair\u0101kas somas un jums past\u0101v\u012bgi j\u0101\u0161\u0137iro lietas no vienas uz otru? Tas var b\u016bt laikietilp\u012bgs un nogurdino\u0161s process, kura laik\u0101 k\u0101da svar\u012bga lieta var nejau\u0161i palikt nepareizaj\u0101 som\u0101. \u0160is organizators pal\u012bdz izvair\u012bties no \u0161\u012bs probl\u0113mas \u2013 pateicoties vair\u0101k\u0101m kabat\u0101m un gudrai izvietojuma sist\u0113mai j\u016bs varat \u0113rt\u0101 veid\u0101 organiz\u0113t visus nepiecie\u0161amos priek\u0161metus un p\u0113c vajadz\u012bbas \u0101tri p\u0101rvietot tos no vienas somas uz otru.<\/h6>\n<p>&nbsp;<\/p>\n<h6>Leclercbaby Luxury organizatoram ir vair\u0101kas nodal\u012bjumu vietas, kas \u013cauj katram priek\u0161metam atrast piem\u0113rotu vietu. Auti\u0146biks\u012btes, mitrie salvetes, knup\u012b\u0161i, uzkodas un pat person\u012bgie priek\u0161meti, piem\u0113ram, telefons un maks \u2013 viss paliek sav\u0101 viet\u0101 un viegli atrodams. Turkl\u0101t tam ir speci\u0101las siksnas, ar kur\u0101m to var \u0101tri un \u0113rti piestiprin\u0101t pie rati\u0146iem, padarot p\u0101rvieto\u0161anos ar b\u0113rnu v\u0113l vienk\u0101r\u0161\u0101ku. V\u0113laties \u0161o somu izmantot ar\u012b \u0101rpus rati\u0146iem? Pievienot\u0101 plecu siksna padara to viegli p\u0101rn\u0113s\u0101jamu, \u013caujot stil\u012bgi n\u0113s\u0101t savas mantas.<\/h6>\n<p>&nbsp;<\/p>\n<h6><strong><em>Komplekt\u0101 iek\u013cauts<\/em><\/strong><\/h6>\n<ul>\n<li data-start=\"1179\" data-end=\"1415\">\n<h6>Luxury organizators \u2013 ietilp\u012bga un praktiska soma, kuras kabatas un nodal\u012bjumi pal\u012bdz uztur\u0113t priek\u0161metus k\u0101rt\u012bb\u0101.<\/h6>\n<\/li>\n<li data-start=\"1179\" data-end=\"1415\">\n<h6>Knup\u012b\u0161u somi\u0146a \u2013 maza un \u0113rta somi\u0146a, kur\u0101 var higi\u0113niski glab\u0101t knup\u012bti, lai tas vienm\u0113r b\u016btu t\u012brs un pa rokai.<\/h6>\n<\/li>\n<li data-start=\"1179\" data-end=\"1415\">\n<h6>Plecu siksna<\/h6>\n<\/li>\n<\/ul>\n<h6>Leclercbaby Luxury organizators ir ide\u0101ls risin\u0101jums vec\u0101kiem, kuri v\u0113las atvieglot ikdienu, glab\u0101jot visus nepiecie\u0161amos priek\u0161metus vienuviet, kompakti un labi organiz\u0113ti. Padariet savu dz\u012bvi vienk\u0101r\u0161\u0101ku un izbaudiet organiz\u0113to somu sist\u0113mu, kas pal\u012bdz koncentr\u0113ties uz to, kas patiesi svar\u012bgi \u2013 mirk\u013ciem kop\u0101 ar savu b\u0113rnu!<\/h6>\n<p>&nbsp;<\/p>\n<h6><strong><em>Telpisk\u0101:<\/em><\/strong><\/h6>\n<ul>\n<li data-start=\"175\" data-end=\"377\">\n<h6>Vair\u0101kas da\u017e\u0101da izm\u0113ra kabatas, lai visi nepiecie\u0161amie priek\u0161meti b\u016btu organiz\u0113ti un pa rokai.<\/h6>\n<\/li>\n<li data-start=\"175\" data-end=\"377\">\n<h6>Atsevi\u0161\u0137a nodal\u012bjuma vieta auti\u0146biks\u012bt\u0113m, mitraj\u0101m salvet\u0113m un person\u012bgajiem priek\u0161metiem (piem., telefons, maks).<\/h6>\n<\/li>\n<\/ul>\n<h6><\/h6>\n<h6><strong><em>Univers\u0101la sader\u012bba<\/em><\/strong><\/h6>\n<ul>\n<li data-start=\"379\" data-end=\"572\">\n<h6>Piem\u0113rots liel\u0101kajai da\u013cai rati\u0146u, viegli piestiprin\u0101ms ar regul\u0113jam\u0101m siksn\u0101m.<\/h6>\n<\/li>\n<li data-start=\"379\" data-end=\"572\">\n<h6>Var izmantot ar\u012b k\u0101 patst\u0101v\u012bgu plecu somu, ja nepiecie\u0161ams praktisks risin\u0101jums p\u0101rvieto\u0161an\u0101s laik\u0101.<\/h6>\n<\/li>\n<\/ul>\n<h6><\/h6>\n<h6><strong><em>Kvalit\u0101te un iztur\u012bba:<\/em><\/strong><\/h6>\n<ul>\n<li data-start=\"574\" data-end=\"747\">\n<h6>Izgatavots no \u016bdensnecaurlaid\u012bga un viegli t\u012br\u0101ma materi\u0101la.<\/h6>\n<\/li>\n<li data-start=\"574\" data-end=\"747\">\n<h6>Stingras \u0161uves un augstas kvalit\u0101tes aizdares nodro\u0161ina ilgu kalpo\u0161anas laiku.<\/h6>\n<\/li>\n<\/ul>\n<h6><\/h6>\n<h6><strong><em>\u0112rt\u012bba un praktiskums:<\/em><\/strong><\/h6>\n<ul>\n<li data-start=\"749\" data-end=\"929\">\n<h6>\u0100tra piek\u013cuve svar\u012bg\u0101kaj\u0101m liet\u0101m - ide\u0101li piem\u0113rots \u0101trai r\u012bc\u012bbai.<\/h6>\n<\/li>\n<li data-start=\"749\" data-end=\"929\">\n<h6>Komplekt\u0101 ir dub\u013cu v\u0101ci\u0146\u0161, kas nodro\u0161ina flautas higi\u0113nu un \u013cauj to viegli atrast.<\/h6>\n<\/li>\n<li data-start=\"749\" data-end=\"929\">\n<h6>Magn\u0113tiskais atloks - inovat\u012bvs aizdares meh\u0101nisms padara somas atv\u0113r\u0161anu un aizv\u0113r\u0161anu \u012bpa\u0161i vieglu un \u0113rtu.<\/h6>\n<\/li>\n<\/ul>\n<h6><\/h6>\n<h6><strong><em>Kompakts un viegls:<\/em><\/strong><\/h6>\n<ul>\n<li data-start=\"931\" data-end=\"1086\">\n<h6>Viegli salok\u0101ms un uzglab\u0101jams, kad netiek lietots.<\/h6>\n<\/li>\n<li data-start=\"931\" data-end=\"1086\">\n<h6>Ide\u0101li piem\u0113rots ce\u013co\u0161anai un ikdienas pastaig\u0101m.<\/h6>\n<\/li>\n<\/ul>\n<h6><\/h6>\n<h6><strong><em>Stil\u012bgs dizains:<\/em><\/strong><\/h6>\n<ul>\n<li data-start=\"1088\" data-end=\"1268\">\n<h6>Elegantais un neitr\u0101lais izskats ir piem\u0113rots da\u017e\u0101diem b\u0113rnu rati\u0146iem.<\/h6>\n<\/li>\n<li data-start=\"1088\" data-end=\"1268\">\n<h6>Pieejamas da\u017e\u0101das kr\u0101sas, kas atbilst j\u016bsu v\u0113lm\u0113m.<\/h6>\n<\/li>\n<\/ul>\n<h6><\/h6>\n<h6><em>Atkl\u0101j Leclercbaby produktu kl\u0101stu <a href=\"https:\/\/hummy.ee\/lv\/leclerbaby-ievads\/\" target=\"_blank\" rel=\"noopener\">\u0161eit<\/a>.<\/em><\/h6>\n","protected":false},"excerpt":{"rendered":"<h6>Pateicoties organiz\u0113t\u0101jam, j\u016bsu som\u0101 vairs nekad neb\u016bs nek\u0101rt\u012bbas! Nevarat atrast lietas som\u0101? Vai ar\u012b j\u016bs izmantojat vair\u0101kus maisi\u0146us un jums ir past\u0101v\u012bgi j\u0101p\u0101rvieto lietas no viena maisi\u0146a cit\u0101? Ja t\u0101, tad \u0161is organizators ir pareiz\u0101 izv\u0113le. \u0160is ekskluz\u012bvais rati\u0146u organizators ir rad\u012bts, lai visi j\u016bsu b\u0113rnu piederumi vienm\u0113r b\u016btu pa rokai \u2013 vai t\u0101 b\u016btu knup\u012b\u0161a pudele, auti\u0146biks\u012btes vai salvetes. Leclercbaby organizatoram ir vair\u0101kas nodal\u012bjumu vietas, lai katram priek\u0161metam atrastu piem\u0113rotu vietu. Tam ir ar\u012b siksnas, lai j\u016bs var\u0113tu \u0101tri un \u0113rti piestiprin\u0101t somu pie rati\u0146iem.<\/h6>\n","protected":false},"featured_media":47293,"comment_status":"closed","ping_status":"closed","template":"","meta":{"_acf_changed":false,"om_disable_all_campaigns":false,"_monsterinsights_skip_tracking":false,"_monsterinsights_sitenote_active":false,"_monsterinsights_sitenote_note":"","_monsterinsights_sitenote_category":0,"_uf_show_specific_survey":0,"_uf_disable_surveys":false,"site-sidebar-layout":"default","site-content-layout":"","ast-site-content-layout":"default","site-content-style":"default","site-sidebar-style":"default","ast-global-header-display":"","ast-banner-title-visibility":"","ast-main-header-display":"","ast-hfb-above-header-display":"","ast-hfb-below-header-display":"","ast-hfb-mobile-header-display":"","site-post-title":"","ast-breadcrumbs-content":"","ast-featured-img":"","footer-sml-layout":"","theme-transparent-header-meta":"default","adv-header-id-meta":"","stick-header-meta":"","header-above-stick-meta":"","header-main-stick-meta":"","header-below-stick-meta":"","astra-migrate-meta-layouts":"set","ast-page-background-enabled":"default","ast-page-background-meta":{"desktop":{"background-color":"var(--ast-global-color-4)","background-image":"","background-repeat":"repeat","background-position":"center center","background-size":"auto","background-attachment":"scroll","background-type":"","background-media":"","overlay-type":"","overlay-color":"","overlay-opacity":"","overlay-gradient":""},"tablet":{"background-color":"","background-image":"","background-repeat":"repeat","background-position":"center center","background-size":"auto","background-attachment":"scroll","background-type":"","background-media":"","overlay-type":"","overlay-color":"","overlay-opacity":"","overlay-gradient":""},"mobile":{"background-color":"","background-image":"","background-repeat":"repeat","background-position":"center center","background-size":"auto","background-attachment":"scroll","background-type":"","background-media":"","overlay-type":"","overlay-color":"","overlay-opacity":"","overlay-gradient":""}},"ast-content-background-meta":{"desktop":{"background-color":"var(--ast-global-color-5)","background-image":"","background-repeat":"repeat","background-position":"center center","background-size":"auto","background-attachment":"scroll","background-type":"","background-media":"","overlay-type":"","overlay-color":"","overlay-opacity":"","overlay-gradient":""},"tablet":{"background-color":"var(--ast-global-color-5)","background-image":"","background-repeat":"repeat","background-position":"center center","background-size":"auto","background-attachment":"scroll","background-type":"","background-media":"","overlay-type":"","overlay-color":"","overlay-opacity":"","overlay-gradient":""},"mobile":{"background-color":"var(--ast-global-color-5)","background-image":"","background-repeat":"repeat","background-position":"center center","background-size":"auto","background-attachment":"scroll","background-type":"","background-media":"","overlay-type":"","overlay-color":"","overlay-opacity":"","overlay-gradient":""}}},"product_brand":[],"product_cat":[322,351,350],"product_tag":[330,328],"class_list":{"0":"post-53252","1":"product","2":"type-product","3":"status-publish","4":"has-post-thumbnail","6":"product_cat-apgriesanas-piederumi","7":"product_cat-leclercbaby-lv","8":"product_cat-somas-un-mugursomas","9":"product_tag-atseviski-produkti","10":"product_tag-pielagota-timekla-vietne","11":"desktop-align-left","12":"tablet-align-left","13":"mobile-align-left","15":"first","16":"instock","17":"taxable","18":"shipping-taxable","19":"purchasable","20":"product-type-variable"},"acf":[],"aioseo_notices":[],"_links":{"self":[{"href":"https:\/\/hummy.ee\/lv\/wp-json\/wp\/v2\/product\/53252","targetHints":{"allow":["GET"]}}],"collection":[{"href":"https:\/\/hummy.ee\/lv\/wp-json\/wp\/v2\/product"}],"about":[{"href":"https:\/\/hummy.ee\/lv\/wp-json\/wp\/v2\/types\/product"}],"replies":[{"embeddable":true,"href":"https:\/\/hummy.ee\/lv\/wp-json\/wp\/v2\/comments?post=53252"}],"version-history":[{"count":8,"href":"https:\/\/hummy.ee\/lv\/wp-json\/wp\/v2\/product\/53252\/revisions"}],"predecessor-version":[{"id":88652,"href":"https:\/\/hummy.ee\/lv\/wp-json\/wp\/v2\/product\/53252\/revisions\/88652"}],"wp:featuredmedia":[{"embeddable":true,"href":"https:\/\/hummy.ee\/lv\/wp-json\/wp\/v2\/media\/47293"}],"wp:attachment":[{"href":"https:\/\/hummy.ee\/lv\/wp-json\/wp\/v2\/media?parent=53252"}],"wp:term":[{"taxonomy":"product_brand","embeddable":true,"href":"https:\/\/hummy.ee\/lv\/wp-json\/wp\/v2\/product_brand?post=53252"},{"taxonomy":"product_cat","embeddable":true,"href":"https:\/\/hummy.ee\/lv\/wp-json\/wp\/v2\/product_cat?post=53252"},{"taxonomy":"product_tag","embeddable":true,"href":"https:\/\/hummy.ee\/lv\/wp-json\/wp\/v2\/product_tag?post=53252"}],"curies":[{"name":"wp","href":"https:\/\/api.w.org\/{rel}","templated":true}]}}