{"id":53189,"date":"2024-10-07T08:58:57","date_gmt":"2024-10-07T08:58:57","guid":{"rendered":"https:\/\/hummy.ee\/product\/iglu-spelu-komplekts-adventurer\/"},"modified":"2026-03-02T08:31:34","modified_gmt":"2026-03-02T08:31:34","slug":"iglu-soft-play-komplekts-adventurer","status":"publish","type":"product","link":"https:\/\/hummy.ee\/lv\/product\/iglu-soft-play-komplekts-adventurer\/","title":{"rendered":"IGLU Soft Play komplekts - Adventurer"},"content":{"rendered":"<ul>\n<li>\n<h6>IGLU maig\u0101s, apskaujam\u0101s formas ir k\u0101 draugi, kas pal\u012bdz b\u0113rniem att\u012bst\u012bt da\u017e\u0101das kust\u012bbu un motorisk\u0101s prasmes. Da\u017e\u0101d\u0101s formas pal\u012bdz b\u0113rniem uzlabot koordin\u0101ciju un motoriku \u2013 s\u0101kot no pirkstu kust\u012bb\u0101m l\u012bdz r\u0101po\u0161anai, k\u0101p\u0161anai un augstumu izp\u0113tei.<\/h6>\n<\/li>\n<li>\n<h6>\u0136i\u0137in\u0101\u0161ana kop\u0101 ar br\u0101\u013ciem, m\u0101s\u0101m un draugiem att\u012bsta soci\u0101l\u0101s prasmes, veicina sarunas un stiprina saiknes. Sadarb\u012bba ar vec\u0101kiem vai draugiem pal\u012bdz \u0101tr\u0101k m\u0101c\u012bties un paman\u012bt interesantas \u0123eometrisk\u0101s formas un ko\u0161as kr\u0101sas. Bezgal\u012bg\u0101 formu kombin\u0101cija ir k\u0101 d\u0101rgumu l\u0101de, no kuras var rad\u012bt izt\u0113les bag\u0101tas pasaules \u2013 pilis, cietok\u0161\u0146us un daudz ko citu.<\/h6>\n<\/li>\n<li>\n<h6>B\u0113rniem augot, \u0161\u012bs formas k\u013c\u016bst par lieliskiem instrumentiem. Veido \u0161\u0137\u0113r\u0161\u013cu trases, iekaro pak\u0101pienus l\u012bdz gult\u0101m un kr\u0113sliem \u2013 iesp\u0113jas ir neierobe\u017eotas. Pat m\u0101jdz\u012bvnieki pievienojas jautr\u012bbai, izmantojot formas k\u0101 rota\u013clietas, un pieaugu\u0161ie var t\u0101s rado\u0161i izmantot \u2013 iedom\u0101jies formas k\u0101 uzticamu datora stat\u012bvu!<\/h6>\n<\/li>\n<\/ul>\n<h6><\/h6>\n<h6><\/h6>\n<h6><em><strong data-start=\"504\" data-end=\"532\">K\u0101p\u0113c izv\u0113l\u0113ties IGLU rota\u013cu komplektu?<\/strong><\/em><\/h6>\n<ul>\n<li>\n<h6>Palielina fizisko aktivit\u0101ti<\/h6>\n<\/li>\n<li>\n<h6>Stimul\u0113 rado\u0161umu un izt\u0113li<\/h6>\n<\/li>\n<li>\n<h6>Pal\u012bdz atbr\u012bvot lieko ener\u0123iju<\/h6>\n<\/li>\n<li>\n<h6>Nodro\u0161ina sensoro stimul\u0101ciju<\/h6>\n<\/li>\n<li>\n<h6>Attur b\u0113rnus no ekr\u0101na skat\u012b\u0161an\u0101s<\/h6>\n<\/li>\n<li>\n<h6>Veicina soci\u0101l\u0101s prasmes<\/h6>\n<\/li>\n<\/ul>\n<h6><\/h6>\n<h6><\/h6>\n<h6>IGLU Soft klu\u010du formas ir izgatavotas no augstas kvalit\u0101tes put\u0101m ar sl\u0113gtu \u0161\u016bnu strukt\u016bru \u2013 m\u012bkstas un \u013coti vieglas. P\u0101rkl\u0101tas ar iztur\u012bgu m\u0101ksl\u012bg\u0101s eko-\u0101das materi\u0101lu. Formas ir iztur\u012bgas, viegli kopjamas un p\u0101rbaud\u012btas attiec\u012bb\u0101 uz kait\u012bg\u0101m viel\u0101m. IGLU produktiem ir CE mar\u0137\u0113jums atbilsto\u0161i ES Direkt\u012bvai 88\/378\/EEK: par rota\u013clietu dro\u0161umu.<\/h6>\n<h6><\/h6>\n<p>&nbsp;<\/p>\n<h6><\/h6>\n<h6><img decoding=\"async\" class=\"\" src=\"https:\/\/iglusoftplay.eu\/cdn\/shop\/files\/ikonas_enviroment-01_061d9a06-5ad9-4fb7-a868-c7b23eff39bb_1.png?v=1700659334\" width=\"50\" height=\"50\" \/>Bez BPA+Ftal\u0101tiem<\/h6>\n<h6><img decoding=\"async\" class=\"\" src=\"https:\/\/iglusoftplay.eu\/cdn\/shop\/files\/ikonas_enviroment-04_5c6aa86a-aa33-4666-949c-b2f12b5af4ef_1.png?v=1700659334\" width=\"50\" height=\"50\" \/>Viegli t\u012br\u0101mi<\/h6>\n<h6><img decoding=\"async\" class=\"\" src=\"https:\/\/iglusoftplay.eu\/cdn\/shop\/files\/ikonas_enviroment-03_543f8be0-895f-4ba5-9b54-80ea85594c82_1.png?v=1700659334\" width=\"50\" height=\"50\" \/>Izgatavoti atbild\u012bgi<\/h6>\n<h6><\/h6>\n<h6><\/h6>\n<p>&nbsp;<\/p>\n<h6><em>Apskatiet rota\u013cu komplektu kl\u0101stu vietn\u0113 <a href=\"https:\/\/hummy.ee\/lv\/rotalu-laukumi\/\" target=\"_blank\" rel=\"noopener\">IGLU<\/a>.<\/em><\/h6>\n","protected":false},"excerpt":{"rendered":"<h6>\u0160is daudzpus\u012bgais sp\u0113\u013cu komplekts ir izstr\u0101d\u0101ts, lai rosin\u0101tu zin\u0101tk\u0101ri, veicin\u0101tu fizisk\u0101s aktivit\u0101tes un att\u012bst\u012btu izt\u0113li. \u0160is rota\u013cu komplekts ir ide\u0101ls fons J\u016bsu b\u0113rna p\u0113t\u012bjumiem \u2013 no r\u0101p\u0161an\u0101s un r\u0101po\u0161anas l\u012bdz izt\u0113les pilniem st\u0101stiem. \u0160aj\u0101 komplekt\u0101 ir da\u017e\u0101das m\u012bkst\u0101s rota\u013cu formas un elementi, katram no tiem ir savs m\u0113r\u0137is.<\/h6>\n","protected":false},"featured_media":55274,"comment_status":"closed","ping_status":"closed","template":"","meta":{"_acf_changed":false,"om_disable_all_campaigns":false,"_monsterinsights_skip_tracking":false,"_monsterinsights_sitenote_active":false,"_monsterinsights_sitenote_note":"","_monsterinsights_sitenote_category":0,"_uf_show_specific_survey":0,"_uf_disable_surveys":false,"site-sidebar-layout":"default","site-content-layout":"","ast-site-content-layout":"default","site-content-style":"default","site-sidebar-style":"default","ast-global-header-display":"","ast-banner-title-visibility":"","ast-main-header-display":"","ast-hfb-above-header-display":"","ast-hfb-below-header-display":"","ast-hfb-mobile-header-display":"","site-post-title":"","ast-breadcrumbs-content":"","ast-featured-img":"","footer-sml-layout":"","theme-transparent-header-meta":"default","adv-header-id-meta":"","stick-header-meta":"","header-above-stick-meta":"","header-main-stick-meta":"","header-below-stick-meta":"","astra-migrate-meta-layouts":"set","ast-page-background-enabled":"default","ast-page-background-meta":{"desktop":{"background-color":"var(--ast-global-color-4)","background-image":"","background-repeat":"repeat","background-position":"center center","background-size":"auto","background-attachment":"scroll","background-type":"","background-media":"","overlay-type":"","overlay-color":"","overlay-opacity":"","overlay-gradient":""},"tablet":{"background-color":"","background-image":"","background-repeat":"repeat","background-position":"center center","background-size":"auto","background-attachment":"scroll","background-type":"","background-media":"","overlay-type":"","overlay-color":"","overlay-opacity":"","overlay-gradient":""},"mobile":{"background-color":"","background-image":"","background-repeat":"repeat","background-position":"center center","background-size":"auto","background-attachment":"scroll","background-type":"","background-media":"","overlay-type":"","overlay-color":"","overlay-opacity":"","overlay-gradient":""}},"ast-content-background-meta":{"desktop":{"background-color":"var(--ast-global-color-5)","background-image":"","background-repeat":"repeat","background-position":"center center","background-size":"auto","background-attachment":"scroll","background-type":"","background-media":"","overlay-type":"","overlay-color":"","overlay-opacity":"","overlay-gradient":""},"tablet":{"background-color":"var(--ast-global-color-5)","background-image":"","background-repeat":"repeat","background-position":"center center","background-size":"auto","background-attachment":"scroll","background-type":"","background-media":"","overlay-type":"","overlay-color":"","overlay-opacity":"","overlay-gradient":""},"mobile":{"background-color":"var(--ast-global-color-5)","background-image":"","background-repeat":"repeat","background-position":"center center","background-size":"auto","background-attachment":"scroll","background-type":"","background-media":"","overlay-type":"","overlay-color":"","overlay-opacity":"","overlay-gradient":""}}},"product_brand":[],"product_cat":[492,478,491,479],"product_tag":[],"class_list":{"0":"post-53189","1":"product","2":"type-product","3":"status-publish","4":"has-post-thumbnail","6":"product_cat-idejas-davanam","7":"product_cat-iglu-lv","8":"product_cat-iglu-lv-2","9":"product_cat-rotalu-laukumi","10":"desktop-align-left","11":"tablet-align-left","12":"mobile-align-left","14":"first","15":"instock","16":"sale","17":"taxable","18":"shipping-taxable","19":"purchasable","20":"product-type-variable"},"acf":[],"aioseo_notices":[],"_links":{"self":[{"href":"https:\/\/hummy.ee\/lv\/wp-json\/wp\/v2\/product\/53189","targetHints":{"allow":["GET"]}}],"collection":[{"href":"https:\/\/hummy.ee\/lv\/wp-json\/wp\/v2\/product"}],"about":[{"href":"https:\/\/hummy.ee\/lv\/wp-json\/wp\/v2\/types\/product"}],"replies":[{"embeddable":true,"href":"https:\/\/hummy.ee\/lv\/wp-json\/wp\/v2\/comments?post=53189"}],"version-history":[{"count":6,"href":"https:\/\/hummy.ee\/lv\/wp-json\/wp\/v2\/product\/53189\/revisions"}],"predecessor-version":[{"id":85133,"href":"https:\/\/hummy.ee\/lv\/wp-json\/wp\/v2\/product\/53189\/revisions\/85133"}],"wp:featuredmedia":[{"embeddable":true,"href":"https:\/\/hummy.ee\/lv\/wp-json\/wp\/v2\/media\/55274"}],"wp:attachment":[{"href":"https:\/\/hummy.ee\/lv\/wp-json\/wp\/v2\/media?parent=53189"}],"wp:term":[{"taxonomy":"product_brand","embeddable":true,"href":"https:\/\/hummy.ee\/lv\/wp-json\/wp\/v2\/product_brand?post=53189"},{"taxonomy":"product_cat","embeddable":true,"href":"https:\/\/hummy.ee\/lv\/wp-json\/wp\/v2\/product_cat?post=53189"},{"taxonomy":"product_tag","embeddable":true,"href":"https:\/\/hummy.ee\/lv\/wp-json\/wp\/v2\/product_tag?post=53189"}],"curies":[{"name":"wp","href":"https:\/\/api.w.org\/{rel}","templated":true}]}}