{"id":52860,"date":"2024-04-07T18:40:09","date_gmt":"2024-04-07T18:40:09","guid":{"rendered":"https:\/\/hummy.ee\/product\/abc-design-universals-autinbiksisu-somas-stiprinajums\/"},"modified":"2026-03-03T07:52:26","modified_gmt":"2026-03-03T07:52:26","slug":"abc-design-universals-ratu-aki","status":"publish","type":"product","link":"https:\/\/hummy.ee\/lv\/product\/abc-design-universals-ratu-aki\/","title":{"rendered":"ABC Design Univers\u0101ls ratu \u0101\u0137i"},"content":{"rendered":"<h6>ABC Design univers\u0101lais ratu \u0101\u0137is ir gudrs risin\u0101jums, kas \u013cauj auti\u0146somu somu dro\u0161i un \u0113rti piestiprin\u0101t pie b\u0113rnu ratu vai rati\u0146a roktura. Ja j\u016bsu ratiem nav ieb\u016bv\u0113tas piederumu stiprin\u0101\u0161anas sist\u0113mas, praktisk\u0101s siksnas, Velcro lentas un stiprie stiprin\u0101juma \u0101\u0137i nodro\u0161ina elast\u012bgu risin\u0101jumu, kas der gandr\u012bz visiem popul\u0101rajiem ratiem un auti\u0146somu som\u0101m.<\/h6>\n<p>&nbsp;<\/p>\n<h6><\/h6>\n<h6><strong><em>K\u0101p\u0113c izv\u0113l\u0113ties ABC Design univers\u0101lo ratu \u0101\u0137i?<\/em><\/strong><\/h6>\n<ul>\n<li data-start=\"860\" data-end=\"1385\">\n<h6>Dro\u0161a un dro\u0161a piestiprin\u0101\u0161ana - dro\u0161\u012bbas siksnas un iztur\u012bgi stiprin\u0101juma \u0101\u0137i \u013cauj dro\u0161i piestiprin\u0101t auti\u0146biks\u012b\u0161u maisu pie rati\u0146iem.<\/h6>\n<\/li>\n<li data-start=\"860\" data-end=\"1385\">\n<h6>Univers\u0101ls izm\u0113rs - piem\u0113rots liel\u0101kajai da\u013cai b\u0113rnu rati\u0146u, b\u0113rnu rati\u0146u un p\u0101rt\u012b\u0161anas somu, nodro\u0161inot pla\u0161u izmanto\u0161anas spektru.<\/h6>\n<\/li>\n<li data-start=\"860\" data-end=\"1385\">\n<h6>Viegla uzst\u0101d\u012b\u0161ana un no\u0146em\u0161ana - siksni\u0146as \u013cauj \u0101tri un bez piep\u016bles uzst\u0101d\u012bt vai no\u0146emt kron\u0161teinu.<\/h6>\n<\/li>\n<li data-start=\"860\" data-end=\"1385\">\n<h6>Viegls un praktisks - tas aiz\u0146em maz vietas un ir viegli p\u0101rn\u0113s\u0101jams, ide\u0101li piem\u0113rots ce\u013co\u0161anai un ikdienas lieto\u0161anai.<\/h6>\n<\/li>\n<\/ul>\n<p>&nbsp;<\/p>\n<h6><strong>\u0112rts un praktisks vis\u0101s situ\u0101cij\u0101s<\/strong><\/h6>\n<h6>ABC Design univers\u0101lais ratu \u0101\u0137is ir rad\u012bts, lai atvieglotu vec\u0101ku ikdienu. Vai tas b\u016btu ikdienas pastaiga, iepirk\u0161an\u0101s vai ce\u013cojums, \u0161is praktiskais aksesu\u0101rs atbr\u012bvo j\u016bsu rokas un padara ratu lieto\u0161anu \u0113rt\u0101ku.<\/h6>\n<p>&nbsp;<\/p>\n<h6><em>Noskatieties iepaz\u012b\u0161an\u0101s <a href=\"https:\/\/www.youtube.com\/watch?v=SlZVrYlk50g\">videoklipu<\/a>, lai uzzin\u0101tu vair\u0101k.<\/em><\/h6>\n","protected":false},"excerpt":{"rendered":"<h6 data-start=\"0\" data-end=\"109\">ABC Design univers\u0101lais ratu \u0101\u0137is \u2013 \u0113rts un dro\u0161s risin\u0101jums ikdienas lieto\u0161anai. Kad p\u0101rvietojaties ar b\u0113rnu, auti\u0146somu soma ir neaizvietojams aksesu\u0101rs, kur\u0101 var ievietot visu nepiecie\u0161amo \u2013 auti\u0146biks\u012btes, pudel\u012bti, salvetes un citus ikdienas piederumus. Lai soma netrauc\u0113tu pastaig\u0101 un neb\u016btu j\u0101nes rok\u0101s, nepiecie\u0161ama dro\u0161a un \u0113rta stiprin\u0101\u0161anas sist\u0113ma.<\/h6>\n","protected":false},"featured_media":36293,"comment_status":"closed","ping_status":"closed","template":"","meta":{"_acf_changed":false,"om_disable_all_campaigns":false,"_monsterinsights_skip_tracking":false,"_monsterinsights_sitenote_active":false,"_monsterinsights_sitenote_note":"","_monsterinsights_sitenote_category":0,"_uf_show_specific_survey":0,"_uf_disable_surveys":false,"site-sidebar-layout":"default","site-content-layout":"","ast-site-content-layout":"default","site-content-style":"default","site-sidebar-style":"default","ast-global-header-display":"","ast-banner-title-visibility":"","ast-main-header-display":"","ast-hfb-above-header-display":"","ast-hfb-below-header-display":"","ast-hfb-mobile-header-display":"","site-post-title":"","ast-breadcrumbs-content":"","ast-featured-img":"","footer-sml-layout":"","theme-transparent-header-meta":"default","adv-header-id-meta":"","stick-header-meta":"","header-above-stick-meta":"","header-main-stick-meta":"","header-below-stick-meta":"","astra-migrate-meta-layouts":"set","ast-page-background-enabled":"default","ast-page-background-meta":{"desktop":{"background-color":"var(--ast-global-color-4)","background-image":"","background-repeat":"repeat","background-position":"center center","background-size":"auto","background-attachment":"scroll","background-type":"","background-media":"","overlay-type":"","overlay-color":"","overlay-opacity":"","overlay-gradient":""},"tablet":{"background-color":"","background-image":"","background-repeat":"repeat","background-position":"center center","background-size":"auto","background-attachment":"scroll","background-type":"","background-media":"","overlay-type":"","overlay-color":"","overlay-opacity":"","overlay-gradient":""},"mobile":{"background-color":"","background-image":"","background-repeat":"repeat","background-position":"center center","background-size":"auto","background-attachment":"scroll","background-type":"","background-media":"","overlay-type":"","overlay-color":"","overlay-opacity":"","overlay-gradient":""}},"ast-content-background-meta":{"desktop":{"background-color":"var(--ast-global-color-5)","background-image":"","background-repeat":"repeat","background-position":"center center","background-size":"auto","background-attachment":"scroll","background-type":"","background-media":"","overlay-type":"","overlay-color":"","overlay-opacity":"","overlay-gradient":""},"tablet":{"background-color":"var(--ast-global-color-5)","background-image":"","background-repeat":"repeat","background-position":"center center","background-size":"auto","background-attachment":"scroll","background-type":"","background-media":"","overlay-type":"","overlay-color":"","overlay-opacity":"","overlay-gradient":""},"mobile":{"background-color":"var(--ast-global-color-5)","background-image":"","background-repeat":"repeat","background-position":"center center","background-size":"auto","background-attachment":"scroll","background-type":"","background-media":"","overlay-type":"","overlay-color":"","overlay-opacity":"","overlay-gradient":""}}},"product_brand":[273],"product_cat":[526,322,698],"product_tag":[330,328],"class_list":{"0":"post-52860","1":"product","2":"type-product","3":"status-publish","4":"has-post-thumbnail","6":"product_brand-abc-design","7":"product_cat-abc-dizains","8":"product_cat-apgriesanas-piederumi","9":"product_cat-vairak","10":"product_tag-atseviski-produkti","11":"product_tag-pielagota-timekla-vietne","12":"desktop-align-left","13":"tablet-align-left","14":"mobile-align-left","16":"first","17":"instock","18":"taxable","19":"shipping-taxable","20":"purchasable","21":"product-type-simple"},"acf":[],"aioseo_notices":[],"_links":{"self":[{"href":"https:\/\/hummy.ee\/lv\/wp-json\/wp\/v2\/product\/52860","targetHints":{"allow":["GET"]}}],"collection":[{"href":"https:\/\/hummy.ee\/lv\/wp-json\/wp\/v2\/product"}],"about":[{"href":"https:\/\/hummy.ee\/lv\/wp-json\/wp\/v2\/types\/product"}],"replies":[{"embeddable":true,"href":"https:\/\/hummy.ee\/lv\/wp-json\/wp\/v2\/comments?post=52860"}],"version-history":[{"count":3,"href":"https:\/\/hummy.ee\/lv\/wp-json\/wp\/v2\/product\/52860\/revisions"}],"predecessor-version":[{"id":85296,"href":"https:\/\/hummy.ee\/lv\/wp-json\/wp\/v2\/product\/52860\/revisions\/85296"}],"wp:featuredmedia":[{"embeddable":true,"href":"https:\/\/hummy.ee\/lv\/wp-json\/wp\/v2\/media\/36293"}],"wp:attachment":[{"href":"https:\/\/hummy.ee\/lv\/wp-json\/wp\/v2\/media?parent=52860"}],"wp:term":[{"taxonomy":"product_brand","embeddable":true,"href":"https:\/\/hummy.ee\/lv\/wp-json\/wp\/v2\/product_brand?post=52860"},{"taxonomy":"product_cat","embeddable":true,"href":"https:\/\/hummy.ee\/lv\/wp-json\/wp\/v2\/product_cat?post=52860"},{"taxonomy":"product_tag","embeddable":true,"href":"https:\/\/hummy.ee\/lv\/wp-json\/wp\/v2\/product_tag?post=52860"}],"curies":[{"name":"wp","href":"https:\/\/api.w.org\/{rel}","templated":true}]}}