{"id":52739,"date":"2024-04-07T18:22:25","date_gmt":"2024-04-07T18:22:25","guid":{"rendered":"https:\/\/hummy.ee\/product\/leclercbaby-polara-termovela\/"},"modified":"2026-05-01T11:03:17","modified_gmt":"2026-05-01T11:03:17","slug":"leclercbaby-polar-ratu-maiss","status":"publish","type":"product","link":"https:\/\/hummy.ee\/lv\/product\/leclercbaby-polar-ratu-maiss\/","title":{"rendered":"Leclercbaby Polar ratu maiss"},"content":{"rendered":"<h6 data-start=\"381\" data-end=\"418\"><strong><em>K\u0101p\u0113c izv\u0113l\u0113ties Polar silto ratu maisu?<\/em><\/strong><\/h6>\n<ul>\n<li data-start=\"420\" data-end=\"1071\">\n<h6>Maksim\u0101ls siltums un aizsardz\u012bba \u2013 \u012bpa\u0161i izstr\u0101d\u0101ti materi\u0101li, kas pasarg\u0101 no aukstuma, v\u0113ja un mitruma, nodro\u0161ina, lai tavs b\u0113rns vienm\u0113r b\u016btu pat\u012bkami silts.<\/h6>\n<\/li>\n<li data-start=\"420\" data-end=\"1071\">\n<h6>Regul\u0113jama kapuce \u2013 vari to prec\u012bzi piel\u0101got ap b\u0113rna galvu, lai aukstais gaiss netiktu iek\u0161\u0101 un siltums paliktu iek\u0161pus\u0113.<\/h6>\n<\/li>\n<li data-start=\"420\" data-end=\"1071\">\n<h6>M\u012bksts un \u0113rts iek\u0161\u0113jais oder\u0113jums \u2013 b\u0113rnam patiks \u0113rti atp\u016bsties siltaj\u0101 ratu mais\u0101 ar\u012b gar\u0101ku pastaigu laik\u0101.<\/h6>\n<\/li>\n<li data-start=\"420\" data-end=\"1071\">\n<h6>Viegli uzst\u0101d\u0101ms \u2013 izstr\u0101d\u0101ts t\u0101, lai der\u0113tu liel\u0101kajai da\u013cai pastaigu ratu, \u012bpa\u0161i ide\u0101li piem\u0113rots Leclercbaby mode\u013ciem.<\/h6>\n<\/li>\n<li data-start=\"420\" data-end=\"1071\">\n<h6>Piem\u0113rots ilgsto\u0161ai lieto\u0161anai \u2013 paredz\u0113ts b\u0113rniem no 6 m\u0113ne\u0161iem l\u012bdz 5 gadiem, lai maksim\u0101li izmantotu ratu maisa priek\u0161roc\u012bbas.<\/h6>\n<\/li>\n<\/ul>\n<h6 data-start=\"1073\" data-end=\"1107\"><strong><em>\u012apa\u0161s komforts jebkuros laikapst\u0101k\u013cos<\/em><\/strong><\/h6>\n<h6 data-start=\"1109\" data-end=\"1397\">Polar siltais ratu maiss nav vienk\u0101r\u0161i parasts siltais maiss \u2013 tas ir rad\u012bts maksim\u0101lai komforta un aizsardz\u012bbas nodro\u0161in\u0101\u0161anai, pied\u0101v\u0101jot b\u0113rnam m\u0101j\u012bgu un dro\u0161u vidi pat vissald\u0101kaj\u0101s dien\u0101s. Pateicoties v\u0113ju necaurlaid\u012bgajam materi\u0101lam, tev nav j\u0101uztraucas, ka auksts v\u0113j\u0161 vai lietus trauc\u0113s pastaigas.<\/h6>\n<h6 data-start=\"1399\" data-end=\"1540\">Turkl\u0101t audums ir elpojo\u0161s, kas pal\u012bdz regul\u0113t temperat\u016bru un nov\u0113rst p\u0101rkar\u0161anu, lai b\u0113rns vienm\u0113r justos \u0113rti un labi.<\/h6>\n<p>&nbsp;<\/p>\n<h6 data-start=\"1542\" data-end=\"1577\"><strong><em>Liels stilu kr\u0101su kl\u0101sts<\/em><\/strong><\/h6>\n<h6 data-start=\"1579\" data-end=\"1821\">Pieejams da\u017e\u0101d\u0101s kr\u0101s\u0101s, kas sader ar Leclercbaby ratiem, lai vari atrast perfektu kombin\u0101ciju. Vai v\u0113lies klasisku melnu, neitr\u0101li pel\u0113ku vai pievilc\u012bgi kr\u0101sainu? Izv\u0113le ir tava!<\/h6>\n<p>&nbsp;<\/p>\n<h6 data-start=\"1823\" data-end=\"1850\"><strong><em>Materi\u0101ls un izm\u0113ri<\/em><\/strong><\/h6>\n<ul>\n<li data-start=\"1852\" data-end=\"2106\">\n<h6>Auduma materi\u0101ls: iztur\u012bgs un laikapst\u0101k\u013cu iztur\u012bgs kanvas audums, kas iztur gan lietu, gan sniegu, gan v\u0113ju.<\/h6>\n<\/li>\n<li data-start=\"1852\" data-end=\"2106\">\n<h6>Izm\u0113ri: 85 cm (garums) x 42 cm (platums) \u2013 pietiekami pla\u0161s, lai b\u0113rnam b\u016btu komfortabli, bet vienlaikus pietiekami cie\u0161s, lai saglab\u0101tu siltumu.<\/h6>\n<\/li>\n<\/ul>\n<p>&nbsp;<\/p>\n<h6 data-start=\"2108\" data-end=\"2142\"><strong><em>Stils un praktiskums vien\u0101<\/em><\/strong><\/h6>\n<h6 data-start=\"2144\" data-end=\"2446\">T\u0101 k\u0101 Leclercbaby dizain\u0101 vienm\u0113r apvienota funkcionalit\u0101te un skaistums, Polar ir pievilc\u012bgs un elegants aksesu\u0101rs jebkuram ratiem. Pateicoties kvalitat\u012bviem materi\u0101liem un gudram dizainam, tas kalpos gadiem, nodro\u0161inot b\u0113rnam maksim\u0101lu komfortu un aizsardz\u012bbu jebkuros laikapst\u0101k\u013cos.<\/h6>\n<p>&nbsp;<\/p>\n<h6 data-start=\"2975\" data-end=\"3018\">Ne\u013cauj aukstumam sevi ierobe\u017eot \u2013 izv\u0113lies Leclercbaby Polar silto ratu maisu un izbaudi pastaigas visu gadu!<\/h6>\n<p>&nbsp;<\/p>\n<h6><em>Atkl\u0101j Leclercbaby produktu kl\u0101stu <a href=\"https:\/\/hummy.ee\/lv\/leclerbaby-ievads\/\" target=\"_blank\" rel=\"noopener\">\u0161eit.<\/a><\/em><\/h6>\n","protected":false},"excerpt":{"rendered":"<h6 data-start=\"0\" data-end=\"73\">Leclercbaby Polar siltais ratu maiss \u2013 maksim\u0101la aizsardz\u012bba pret aukstumu un v\u0113ju! Kad laiks k\u013c\u016bst auksts un v\u0113jains, Leclercbaby Polar siltais ratu maiss ir ide\u0101ls risin\u0101jums, lai tavs mazais pasaules p\u0113tnieks b\u016btu \u0113rti un silti pasarg\u0101ts. \u012apa\u0161i aukst\u0101kam laikam rad\u012btais ratu maiss nodro\u0161ina, ka b\u0113rns j\u016btas dro\u0161i un komfortabli katras pastaigas laik\u0101, neskatoties uz laikapst\u0101k\u013ciem.<\/h6>\n","protected":false},"featured_media":45777,"comment_status":"closed","ping_status":"closed","template":"","meta":{"_acf_changed":false,"om_disable_all_campaigns":false,"_monsterinsights_skip_tracking":false,"_monsterinsights_sitenote_active":false,"_monsterinsights_sitenote_note":"","_monsterinsights_sitenote_category":0,"_uf_show_specific_survey":0,"_uf_disable_surveys":false,"site-sidebar-layout":"default","site-content-layout":"","ast-site-content-layout":"default","site-content-style":"default","site-sidebar-style":"default","ast-global-header-display":"","ast-banner-title-visibility":"","ast-main-header-display":"","ast-hfb-above-header-display":"","ast-hfb-below-header-display":"","ast-hfb-mobile-header-display":"","site-post-title":"","ast-breadcrumbs-content":"","ast-featured-img":"","footer-sml-layout":"","theme-transparent-header-meta":"default","adv-header-id-meta":"","stick-header-meta":"","header-above-stick-meta":"","header-main-stick-meta":"","header-below-stick-meta":"","astra-migrate-meta-layouts":"set","ast-page-background-enabled":"default","ast-page-background-meta":{"desktop":{"background-color":"var(--ast-global-color-4)","background-image":"","background-repeat":"repeat","background-position":"center center","background-size":"auto","background-attachment":"scroll","background-type":"","background-media":"","overlay-type":"","overlay-color":"","overlay-opacity":"","overlay-gradient":""},"tablet":{"background-color":"","background-image":"","background-repeat":"repeat","background-position":"center center","background-size":"auto","background-attachment":"scroll","background-type":"","background-media":"","overlay-type":"","overlay-color":"","overlay-opacity":"","overlay-gradient":""},"mobile":{"background-color":"","background-image":"","background-repeat":"repeat","background-position":"center center","background-size":"auto","background-attachment":"scroll","background-type":"","background-media":"","overlay-type":"","overlay-color":"","overlay-opacity":"","overlay-gradient":""}},"ast-content-background-meta":{"desktop":{"background-color":"var(--ast-global-color-5)","background-image":"","background-repeat":"repeat","background-position":"center center","background-size":"auto","background-attachment":"scroll","background-type":"","background-media":"","overlay-type":"","overlay-color":"","overlay-opacity":"","overlay-gradient":""},"tablet":{"background-color":"var(--ast-global-color-5)","background-image":"","background-repeat":"repeat","background-position":"center center","background-size":"auto","background-attachment":"scroll","background-type":"","background-media":"","overlay-type":"","overlay-color":"","overlay-opacity":"","overlay-gradient":""},"mobile":{"background-color":"var(--ast-global-color-5)","background-image":"","background-repeat":"repeat","background-position":"center center","background-size":"auto","background-attachment":"scroll","background-type":"","background-media":"","overlay-type":"","overlay-color":"","overlay-opacity":"","overlay-gradient":""}}},"product_brand":[],"product_cat":[322,397,351],"product_tag":[330,328],"class_list":{"0":"post-52739","1":"product","2":"type-product","3":"status-publish","4":"has-post-thumbnail","6":"product_cat-apgriesanas-piederumi","7":"product_cat-karstie-maisini","8":"product_cat-leclercbaby-lv","9":"product_tag-atseviski-produkti","10":"product_tag-pielagota-timekla-vietne","11":"desktop-align-left","12":"tablet-align-left","13":"mobile-align-left","15":"first","16":"instock","17":"taxable","18":"shipping-taxable","19":"purchasable","20":"product-type-variable"},"acf":[],"aioseo_notices":[],"_links":{"self":[{"href":"https:\/\/hummy.ee\/lv\/wp-json\/wp\/v2\/product\/52739","targetHints":{"allow":["GET"]}}],"collection":[{"href":"https:\/\/hummy.ee\/lv\/wp-json\/wp\/v2\/product"}],"about":[{"href":"https:\/\/hummy.ee\/lv\/wp-json\/wp\/v2\/types\/product"}],"replies":[{"embeddable":true,"href":"https:\/\/hummy.ee\/lv\/wp-json\/wp\/v2\/comments?post=52739"}],"version-history":[{"count":11,"href":"https:\/\/hummy.ee\/lv\/wp-json\/wp\/v2\/product\/52739\/revisions"}],"predecessor-version":[{"id":88654,"href":"https:\/\/hummy.ee\/lv\/wp-json\/wp\/v2\/product\/52739\/revisions\/88654"}],"wp:featuredmedia":[{"embeddable":true,"href":"https:\/\/hummy.ee\/lv\/wp-json\/wp\/v2\/media\/45777"}],"wp:attachment":[{"href":"https:\/\/hummy.ee\/lv\/wp-json\/wp\/v2\/media?parent=52739"}],"wp:term":[{"taxonomy":"product_brand","embeddable":true,"href":"https:\/\/hummy.ee\/lv\/wp-json\/wp\/v2\/product_brand?post=52739"},{"taxonomy":"product_cat","embeddable":true,"href":"https:\/\/hummy.ee\/lv\/wp-json\/wp\/v2\/product_cat?post=52739"},{"taxonomy":"product_tag","embeddable":true,"href":"https:\/\/hummy.ee\/lv\/wp-json\/wp\/v2\/product_tag?post=52739"}],"curies":[{"name":"wp","href":"https:\/\/api.w.org\/{rel}","templated":true}]}}