{"id":52714,"date":"2024-04-07T18:23:54","date_gmt":"2024-04-07T18:23:54","guid":{"rendered":"https:\/\/hummy.ee\/product\/leclercbaby-sums-autinbiksisu-maisins\/"},"modified":"2026-03-18T20:08:24","modified_gmt":"2026-03-18T20:08:24","slug":"leclercbaby-monnalisa-autinbiksisu-soma","status":"publish","type":"product","link":"https:\/\/hummy.ee\/lv\/product\/leclercbaby-monnalisa-autinbiksisu-soma\/","title":{"rendered":"Leclercbaby Monnalisa auti\u0146biks\u012b\u0161u soma"},"content":{"rendered":"<h6><strong><em>K\u0101p\u0113c izv\u0113l\u0113ties Leclercbaby Monnalisa auti\u0146biks\u012b\u0161u somu?<\/em><\/strong><\/h6>\n<ul>\n<li>\n<h6>Skaists Monnalisa ziedu raksta dizains \u2013 elegance un funkcionalit\u0101te vien\u0101!<\/h6>\n<\/li>\n<li>\n<h6>Daudz vietas un gudri risin\u0101jumi \u2013 liela kabata, divas maz\u0101kas kabatas, pude\u013cu tur\u0113t\u0101js un r\u0101v\u0113jsl\u0113dz\u0113ja kabati\u0146a pal\u012bdz uztur\u0113t visu nepiecie\u0161amo k\u0101rt\u012bb\u0101.<\/h6>\n<\/li>\n<li>\n<h6>Komplekt\u0101 iek\u013cauta saska\u0146ota p\u0101rtinam\u0101 matrac\u012bte \u2013 \u0101tra un \u0113rta p\u0101rt\u012b\u0161ana jebkur.<\/h6>\n<\/li>\n<li>\n<h6>Regul\u0113jamas siksnas un stiprin\u0101juma skavas \u2013 n\u0113s\u0101jiet to k\u0101 plecu somu vai piestipriniet pie rati\u0146iem \u2013 izv\u0113lieties, kas jums ir \u0113rt\u0101k!<\/h6>\n<\/li>\n<li>\n<h6>Viegls kop\u0161anas poliestera audums \u2013 iztur\u012bgs un nepras\u012bgs materi\u0101ls, kas kalpo ilgi.<\/h6>\n<\/li>\n<\/ul>\n<h6><\/h6>\n<h6><strong><em>Praktiskums satiek modi<\/em><\/strong><\/h6>\n<h6>Leclercbaby Monnalisa auti\u0146biks\u012b\u0161u soma nav tikai soma \u2013 t\u0101 ir modes elements, kas papildina j\u016bsu stilu un padara b\u0113rnu apr\u016bpi v\u0113l \u0113rt\u0101ku. Monnalisa rakstur\u012bgais ziedu raksts pie\u0161\u0137ir eleganci, savuk\u0101rt ergonomiskais dizains nodro\u0161ina, ka viss nepiecie\u0161amais vienm\u0113r ir pa rokai.<\/h6>\n<h6>Auti\u0146biks\u012b\u0161u soma lieliski der Leclercbaby Monnalisa rati\u0146iem, ta\u010du pateicoties univers\u0101lajiem stiprin\u0101jumiem, to var izmantot ar\u012b ar jebkuriem citiem rati\u0146iem. Pa\u0146emiet l\u012bdzi visu, kas nepiecie\u0161ams \u2013 stil\u012bgi un \u0113rti!<\/h6>\n<p>&nbsp;<\/p>\n<h6><strong><em>Leclercbaby Monnalisa kolekcija \u2013 laikmet\u012bga skaistums un augst\u0101k\u0101s klases komforts<\/em><\/strong><\/h6>\n<h6>Leclercbaby Monnalisa kolekcija ir rad\u012bta vec\u0101kiem, kuri nov\u0113rt\u0113 luksusa dizainu, maksim\u0101lu komfortu un praktiskumu. T\u0101 ir modes izpausme, kas apvieno drosm\u012bgus ziedu rakstus, kvalitat\u012bvus materi\u0101lus un \u013coti \u0113rtu salok\u0101mo meh\u0101nismu.<\/h6>\n<h6><\/h6>\n<ul>\n<li>\n<h6>Br\u012bni\u0161\u0137\u012bgi audumi un luksusa deta\u013cas<\/h6>\n<\/li>\n<li>\n<h6>R\u0101mji \u0161ampanie\u0161a, br\u016bn\u0101 un zelta roz\u0101 ton\u012b<\/h6>\n<\/li>\n<li>\n<h6>\u013boti vienk\u0101r\u0161s un vienm\u0113r\u012bgs salok\u0101mais meh\u0101nisms<\/h6>\n<\/li>\n<\/ul>\n<h6>No Monnalisa kolekcijas atrad\u012bsiet skaistus papildpiederumus, kas padara b\u0113rnu apr\u016bpi viegl\u0101ku un stil\u012bg\u0101ku.<\/h6>\n<p>&nbsp;<\/p>\n<h6><strong><em>Izm\u0113ri un ietilp\u012bba<\/em><\/strong><\/h6>\n<ul>\n<li>\n<h6>Augstums: 33 cm<\/h6>\n<\/li>\n<li>\n<h6>Dzi\u013cums: 15 cm<\/h6>\n<\/li>\n<li>\n<h6>Platums: 41 cm<\/h6>\n<\/li>\n<\/ul>\n<h6><\/h6>\n<h6><em>Lasiet vair\u0101k par to, k\u0101 izv\u0113l\u0113ties rati\u0146us Hummy <a href=\"https:\/\/hummy.ee\/lv\/ka-izveleties-vieglus-ratinus\/\" target=\"_blank\" rel=\"noopener\">blog\u0101<\/a>.<\/em><\/h6>\n<h6><em>Apl\u016bkojiet tuv\u0101k <a href=\"https:\/\/www.youtube.com\/watch?v=PR4culPs7BE\" target=\"_blank\" rel=\"noopener\">Monnalisa <\/a>rati\u0146us, kas ir tikpat unik\u0101li k\u0101 j\u016bsu b\u0113rns! <\/em><\/h6>\n","protected":false},"excerpt":{"rendered":"<h6>Leclercbaby Monnalisa auti\u0146biks\u012b\u0161u soma \u2013 stil\u012bga, praktiska un ietilp\u012bga katram piedz\u012bvojumam! Ja mekl\u0113jat skaistu un praktisku auti\u0146biks\u012b\u0161u somu, kas satur visu nepiecie\u0161amo un lieliski der Leclercbaby Monnalisa rati\u0146iem, tad t\u0101 ir rad\u012bta tie\u0161i jums!<\/h6>\n","protected":false},"featured_media":31769,"comment_status":"closed","ping_status":"closed","template":"","meta":{"_acf_changed":false,"om_disable_all_campaigns":false,"_monsterinsights_skip_tracking":false,"_monsterinsights_sitenote_active":false,"_monsterinsights_sitenote_note":"","_monsterinsights_sitenote_category":0,"_uf_show_specific_survey":0,"_uf_disable_surveys":false,"site-sidebar-layout":"default","site-content-layout":"","ast-site-content-layout":"default","site-content-style":"default","site-sidebar-style":"default","ast-global-header-display":"","ast-banner-title-visibility":"","ast-main-header-display":"","ast-hfb-above-header-display":"","ast-hfb-below-header-display":"","ast-hfb-mobile-header-display":"","site-post-title":"","ast-breadcrumbs-content":"","ast-featured-img":"","footer-sml-layout":"","theme-transparent-header-meta":"default","adv-header-id-meta":"","stick-header-meta":"","header-above-stick-meta":"","header-main-stick-meta":"","header-below-stick-meta":"","astra-migrate-meta-layouts":"set","ast-page-background-enabled":"default","ast-page-background-meta":{"desktop":{"background-color":"var(--ast-global-color-4)","background-image":"","background-repeat":"repeat","background-position":"center center","background-size":"auto","background-attachment":"scroll","background-type":"","background-media":"","overlay-type":"","overlay-color":"","overlay-opacity":"","overlay-gradient":""},"tablet":{"background-color":"","background-image":"","background-repeat":"repeat","background-position":"center center","background-size":"auto","background-attachment":"scroll","background-type":"","background-media":"","overlay-type":"","overlay-color":"","overlay-opacity":"","overlay-gradient":""},"mobile":{"background-color":"","background-image":"","background-repeat":"repeat","background-position":"center center","background-size":"auto","background-attachment":"scroll","background-type":"","background-media":"","overlay-type":"","overlay-color":"","overlay-opacity":"","overlay-gradient":""}},"ast-content-background-meta":{"desktop":{"background-color":"var(--ast-global-color-5)","background-image":"","background-repeat":"repeat","background-position":"center center","background-size":"auto","background-attachment":"scroll","background-type":"","background-media":"","overlay-type":"","overlay-color":"","overlay-opacity":"","overlay-gradient":""},"tablet":{"background-color":"var(--ast-global-color-5)","background-image":"","background-repeat":"repeat","background-position":"center center","background-size":"auto","background-attachment":"scroll","background-type":"","background-media":"","overlay-type":"","overlay-color":"","overlay-opacity":"","overlay-gradient":""},"mobile":{"background-color":"var(--ast-global-color-5)","background-image":"","background-repeat":"repeat","background-position":"center center","background-size":"auto","background-attachment":"scroll","background-type":"","background-media":"","overlay-type":"","overlay-color":"","overlay-opacity":"","overlay-gradient":""}}},"product_brand":[],"product_cat":[322,351,350],"product_tag":[330,328],"class_list":{"0":"post-52714","1":"product","2":"type-product","3":"status-publish","4":"has-post-thumbnail","6":"product_cat-apgriesanas-piederumi","7":"product_cat-leclercbaby-lv","8":"product_cat-somas-un-mugursomas","9":"product_tag-atseviski-produkti","10":"product_tag-pielagota-timekla-vietne","11":"desktop-align-left","12":"tablet-align-left","13":"mobile-align-left","15":"first","16":"instock","17":"sale","18":"taxable","19":"shipping-taxable","20":"purchasable","21":"product-type-variable"},"acf":[],"aioseo_notices":[],"_links":{"self":[{"href":"https:\/\/hummy.ee\/lv\/wp-json\/wp\/v2\/product\/52714","targetHints":{"allow":["GET"]}}],"collection":[{"href":"https:\/\/hummy.ee\/lv\/wp-json\/wp\/v2\/product"}],"about":[{"href":"https:\/\/hummy.ee\/lv\/wp-json\/wp\/v2\/types\/product"}],"replies":[{"embeddable":true,"href":"https:\/\/hummy.ee\/lv\/wp-json\/wp\/v2\/comments?post=52714"}],"version-history":[{"count":8,"href":"https:\/\/hummy.ee\/lv\/wp-json\/wp\/v2\/product\/52714\/revisions"}],"predecessor-version":[{"id":86151,"href":"https:\/\/hummy.ee\/lv\/wp-json\/wp\/v2\/product\/52714\/revisions\/86151"}],"wp:featuredmedia":[{"embeddable":true,"href":"https:\/\/hummy.ee\/lv\/wp-json\/wp\/v2\/media\/31769"}],"wp:attachment":[{"href":"https:\/\/hummy.ee\/lv\/wp-json\/wp\/v2\/media?parent=52714"}],"wp:term":[{"taxonomy":"product_brand","embeddable":true,"href":"https:\/\/hummy.ee\/lv\/wp-json\/wp\/v2\/product_brand?post=52714"},{"taxonomy":"product_cat","embeddable":true,"href":"https:\/\/hummy.ee\/lv\/wp-json\/wp\/v2\/product_cat?post=52714"},{"taxonomy":"product_tag","embeddable":true,"href":"https:\/\/hummy.ee\/lv\/wp-json\/wp\/v2\/product_tag?post=52714"}],"curies":[{"name":"wp","href":"https:\/\/api.w.org\/{rel}","templated":true}]}}