{"id":52707,"date":"2024-04-07T18:27:05","date_gmt":"2024-04-07T18:27:05","guid":{"rendered":"https:\/\/hummy.ee\/product\/leclercbaby-sums-silts-maisins\/"},"modified":"2026-03-18T20:08:15","modified_gmt":"2026-03-18T20:08:15","slug":"leclercbaby-monnalisa-ratu-maiss","status":"publish","type":"product","link":"https:\/\/hummy.ee\/lv\/product\/leclercbaby-monnalisa-ratu-maiss\/","title":{"rendered":"Leclercbaby Monnalisa ratu maiss"},"content":{"rendered":"<h6><strong><em>Leclercbaby Monnalisa ratu maiss lieliski piem\u0113rots v\u0113s\u0101k\u0101m dien\u0101m.<\/em><\/strong><\/h6>\n<h6>Br\u012bni\u0161\u0137\u012bgi silt\u0101 un m\u012bkst\u0101 oder\u0113jum\u0101 ratu mais\u0101 b\u0113rns j\u016btas \u013coti \u0113rti un paliek silts visu laiku, kam\u0113r esat \u0101r\u0101. \u0160o ratu maisu vislab\u0101k lietot aukst\u0101 laik\u0101, ta\u010du to var izmantot ar\u012b silt\u0101k\u0101 laik\u0101, vienk\u0101r\u0161i atverot r\u0101v\u0113jsl\u0113dz\u0113ju un izmantojot k\u0101 segu. Ratu maisam ir Monnalisa rakstur\u012bgais viegli atpaz\u012bstamais ziedu raksts, un tas der b\u0113rniem vecum\u0101 no 6 m\u0113ne\u0161iem l\u012bdz 5 gadiem. Leclercbaby Monnalisa ratu mais lieliski der Leclercbaby Monnalisa rati\u0146iem, k\u0101 ar\u012b jebkuriem citiem rati\u0146iem.<\/h6>\n<p>&nbsp;<\/p>\n<h6><strong><em>Dati:<\/em><\/strong><\/h6>\n<ul>\n<li>\n<h6>Polar ratu maisu vislab\u0101k lietot aukst\u0101 laik\u0101, ta\u010du to var izmantot ar\u012b silt\u0101k\u0101 laik\u0101, vienk\u0101r\u0161i atverot r\u0101v\u0113jsl\u0113dz\u0113ju un izmantojot ratu maisu k\u0101 segu.<\/h6>\n<\/li>\n<li>\n<h6>Ratu maisam ir Monnalisa rakstur\u012bgais viegli atpaz\u012bstamais ziedu raksts.<\/h6>\n<\/li>\n<li>\n<h6>Der b\u0113rniem vecum\u0101 no 6 m\u0113ne\u0161iem l\u012bdz 5 gadiem.<\/h6>\n<\/li>\n<li>\n<h6>Vienk\u0101r\u0161i uzst\u0101d\u0101ms.<\/h6>\n<\/li>\n<li>\n<h6>\u0112rts un m\u012bksts.<\/h6>\n<\/li>\n<li>\n<h6>Pieejamas da\u017e\u0101das kr\u0101sas, kas der Leclercbaby Monnalisa rati\u0146iem.<\/h6>\n<\/li>\n<li>\n<h6>Ratu maisa izm\u0113ri: 90 cm (garums) x 42 cm (platums).<\/h6>\n<\/li>\n<\/ul>\n<h6><\/h6>\n<h6><strong><em>K\u013c\u016bsti par da\u013cu no ziedu m\u012blas st\u0101sta!<\/em><\/strong><\/h6>\n<h6>Leclercbaby Monnalisa kolekcija ir modes pazi\u0146ojums, kas apvieno komfortu, funkcionalit\u0101ti un pievilc\u012bgu dizainu. Br\u012bni\u0161\u0137\u012bgi audumi, sp\u012bd\u012bgi r\u0101mji \u0161ampanie\u0161a, br\u016bn\u0101 un zelta roz\u0101 ton\u012b, drosm\u012bgs dizains, \u0113rt\u012bba jebkuram dz\u012bvesstilam. Leclercbaby Monnalisa kolekciju raksturo ziedu raksti, kvalitat\u012bvi materi\u0101li un \u012bpa\u0161i \u0113rt\u0101 salok\u0101\u0161anas meh\u0101nisma sist\u0113ma.<\/h6>\n<h6>Leclercbaby Monnalisa rati\u0146i ir pieejami tr\u012bs kr\u0101su to\u0146os: Antique pink, Birch un Black, un z\u012bmola rakstur\u012bgo ziedu rakstu papildina zelta roz\u0101 r\u0101mis. Leclercbaby Monnalisa kolekcij\u0101 ietilpst ar\u012b skaisti un \u0113rti papildpiederumi, kas padara b\u0113rnu apr\u016bpi viegl\u0101ku.<\/h6>\n<p>&nbsp;<\/p>\n<h6><em>Lasi vair\u0101k par to, k\u0101 izv\u0113l\u0113ties vieglos rati\u0146us Hummy <a href=\"https:\/\/hummy.ee\/lv\/ka-izveleties-vieglus-ratinus\/\" target=\"_blank\" rel=\"noopener\">blog\u0101<\/a><\/em><\/h6>\n<h6><em>Apl\u016bkojiet tuv\u0101k <a href=\"https:\/\/www.youtube.com\/watch?v=PR4culPs7BE\" target=\"_blank\" rel=\"noopener\">Monnalisa <\/a>rati\u0146us, kas ir tikpat unik\u0101li k\u0101 j\u016bsu b\u0113rns! <\/em><\/h6>\n","protected":false},"excerpt":{"rendered":"<h6>Leclercbaby Monnalisa siltais ratu maiss ir lieliski piem\u0113rots v\u0113s\u0101k\u0101m dien\u0101m. Br\u012bni\u0161\u0137\u012bgi siltais un m\u012bkstais oder\u0113jums nodro\u0161ina b\u0113rnam \u012bpa\u0161u komfortu un pat\u012bkamu siltumu visas pastaigas laik\u0101. Siltais ratu maiss lieliski sader ar Leclercbaby Monnalisa pastaigu rati\u0146iem, k\u0101 ar\u012b, protams, ar jebkuriem citiem rati\u0146iem<\/h6>\n","protected":false},"featured_media":39793,"comment_status":"closed","ping_status":"closed","template":"","meta":{"_acf_changed":false,"om_disable_all_campaigns":false,"_monsterinsights_skip_tracking":false,"_monsterinsights_sitenote_active":false,"_monsterinsights_sitenote_note":"","_monsterinsights_sitenote_category":0,"_uf_show_specific_survey":0,"_uf_disable_surveys":false,"site-sidebar-layout":"default","site-content-layout":"","ast-site-content-layout":"default","site-content-style":"default","site-sidebar-style":"default","ast-global-header-display":"","ast-banner-title-visibility":"","ast-main-header-display":"","ast-hfb-above-header-display":"","ast-hfb-below-header-display":"","ast-hfb-mobile-header-display":"","site-post-title":"","ast-breadcrumbs-content":"","ast-featured-img":"","footer-sml-layout":"","theme-transparent-header-meta":"default","adv-header-id-meta":"","stick-header-meta":"","header-above-stick-meta":"","header-main-stick-meta":"","header-below-stick-meta":"","astra-migrate-meta-layouts":"set","ast-page-background-enabled":"default","ast-page-background-meta":{"desktop":{"background-color":"var(--ast-global-color-4)","background-image":"","background-repeat":"repeat","background-position":"center center","background-size":"auto","background-attachment":"scroll","background-type":"","background-media":"","overlay-type":"","overlay-color":"","overlay-opacity":"","overlay-gradient":""},"tablet":{"background-color":"","background-image":"","background-repeat":"repeat","background-position":"center center","background-size":"auto","background-attachment":"scroll","background-type":"","background-media":"","overlay-type":"","overlay-color":"","overlay-opacity":"","overlay-gradient":""},"mobile":{"background-color":"","background-image":"","background-repeat":"repeat","background-position":"center center","background-size":"auto","background-attachment":"scroll","background-type":"","background-media":"","overlay-type":"","overlay-color":"","overlay-opacity":"","overlay-gradient":""}},"ast-content-background-meta":{"desktop":{"background-color":"var(--ast-global-color-5)","background-image":"","background-repeat":"repeat","background-position":"center center","background-size":"auto","background-attachment":"scroll","background-type":"","background-media":"","overlay-type":"","overlay-color":"","overlay-opacity":"","overlay-gradient":""},"tablet":{"background-color":"var(--ast-global-color-5)","background-image":"","background-repeat":"repeat","background-position":"center center","background-size":"auto","background-attachment":"scroll","background-type":"","background-media":"","overlay-type":"","overlay-color":"","overlay-opacity":"","overlay-gradient":""},"mobile":{"background-color":"var(--ast-global-color-5)","background-image":"","background-repeat":"repeat","background-position":"center center","background-size":"auto","background-attachment":"scroll","background-type":"","background-media":"","overlay-type":"","overlay-color":"","overlay-opacity":"","overlay-gradient":""}}},"product_brand":[],"product_cat":[322,397,351],"product_tag":[330],"class_list":{"0":"post-52707","1":"product","2":"type-product","3":"status-publish","4":"has-post-thumbnail","6":"product_cat-apgriesanas-piederumi","7":"product_cat-karstie-maisini","8":"product_cat-leclercbaby-lv","9":"product_tag-atseviski-produkti","10":"desktop-align-left","11":"tablet-align-left","12":"mobile-align-left","14":"first","15":"instock","16":"sale","17":"taxable","18":"shipping-taxable","19":"purchasable","20":"product-type-variable"},"acf":[],"aioseo_notices":[],"_links":{"self":[{"href":"https:\/\/hummy.ee\/lv\/wp-json\/wp\/v2\/product\/52707","targetHints":{"allow":["GET"]}}],"collection":[{"href":"https:\/\/hummy.ee\/lv\/wp-json\/wp\/v2\/product"}],"about":[{"href":"https:\/\/hummy.ee\/lv\/wp-json\/wp\/v2\/types\/product"}],"replies":[{"embeddable":true,"href":"https:\/\/hummy.ee\/lv\/wp-json\/wp\/v2\/comments?post=52707"}],"version-history":[{"count":8,"href":"https:\/\/hummy.ee\/lv\/wp-json\/wp\/v2\/product\/52707\/revisions"}],"predecessor-version":[{"id":86150,"href":"https:\/\/hummy.ee\/lv\/wp-json\/wp\/v2\/product\/52707\/revisions\/86150"}],"wp:featuredmedia":[{"embeddable":true,"href":"https:\/\/hummy.ee\/lv\/wp-json\/wp\/v2\/media\/39793"}],"wp:attachment":[{"href":"https:\/\/hummy.ee\/lv\/wp-json\/wp\/v2\/media?parent=52707"}],"wp:term":[{"taxonomy":"product_brand","embeddable":true,"href":"https:\/\/hummy.ee\/lv\/wp-json\/wp\/v2\/product_brand?post=52707"},{"taxonomy":"product_cat","embeddable":true,"href":"https:\/\/hummy.ee\/lv\/wp-json\/wp\/v2\/product_cat?post=52707"},{"taxonomy":"product_tag","embeddable":true,"href":"https:\/\/hummy.ee\/lv\/wp-json\/wp\/v2\/product_tag?post=52707"}],"curies":[{"name":"wp","href":"https:\/\/api.w.org\/{rel}","templated":true}]}}