{"id":52661,"date":"2024-04-07T18:54:27","date_gmt":"2024-04-07T18:54:27","guid":{"rendered":"https:\/\/hummy.ee\/product\/the-jiffle-vagonu-moskitu-tikls\/"},"modified":"2026-02-25T17:07:58","modified_gmt":"2026-02-25T17:07:58","slug":"the-jiffle-kukainu-tikls","status":"publish","type":"product","link":"https:\/\/hummy.ee\/lv\/product\/the-jiffle-kukainu-tikls\/","title":{"rendered":"The Jiffle kukai\u0146u t\u012bkls"},"content":{"rendered":"<h6 data-start=\"429\" data-end=\"468\"><strong><em>Univers\u0101la un \u0113rta lieto\u0161ana<\/em><\/strong><\/h6>\n<h6 data-start=\"469\" data-end=\"801\">The Jiffle wagon mosk\u012btu t\u012bkls ir \u012bpa\u0161i izstr\u0101d\u0101ts, lai tas b\u016btu piem\u0113rots gan s\u0113deklim, gan \u0161\u016bpulim, nodro\u0161inot elast\u012bgu un daudzveid\u012bgu lieto\u0161anu. Tas noz\u012bm\u0113, ka neatkar\u012bgi no t\u0101, vai j\u016bsu b\u0113rns s\u0113\u017e vai gu\u013c, j\u016bs varat b\u016bt dro\u0161i, ka vi\u0146\u0161 ir aizsarg\u0101ts no odiem, mu\u0161\u0101m un cit\u0101m kaitino\u0161\u0101m kukai\u0146iem.<\/h6>\n<p>&nbsp;<\/p>\n<h6 data-start=\"803\" data-end=\"868\"><strong><em>Praktisks r\u0101v\u0113jsl\u0113dz\u0113ja atv\u0113rums \u2013 viegla piek\u013cuve b\u0113rnam<\/em><\/strong><\/h6>\n<h6 data-start=\"869\" data-end=\"1167\">Mosk\u012btu t\u012bkla s\u0101nos ir gudrs un \u0113rts r\u0101v\u0113jsl\u0113dz\u0113js, kas \u013cauj \u0101tri un bez piep\u016bles piek\u013c\u016bt b\u0113rnam, nep\u0101rvelkot visu t\u012bklu. Tas ir \u012bpa\u0161i noder\u012bgi br\u012b\u017eos, kad v\u0113laties \u0101tri nomierin\u0101t b\u0113rnu, iedot rota\u013clietu vai vienk\u0101r\u0161i p\u0101rliecin\u0101ties, ka vi\u0146am viss ir k\u0101rt\u012bb\u0101.<\/h6>\n<p>&nbsp;<\/p>\n<h6 data-start=\"1169\" data-end=\"1231\"><strong><em>Kvalitat\u012bvs un elpojo\u0161s materi\u0101ls \u2013 lab\u0101k\u0101 izv\u0113le b\u0113rnam<\/em><\/strong><\/h6>\n<h6 data-start=\"1232\" data-end=\"1557\">Mosk\u012btu t\u012bkls ir izgatavots no elpojo\u0161a un iztur\u012bga materi\u0101la, kas nodro\u0161ina labu gaisa cirkul\u0101ciju, vienlaikus noturot visus nev\u0113lamos kukai\u0146us dro\u0161\u0101 att\u0101lum\u0101. T\u0101 vieglais, bet iztur\u012bgais dizains padara t\u012bklu ide\u0101li piem\u0113rotu lieto\u0161anai gan karst\u0101 vasaras dien\u0101, gan v\u0113s\u0101k\u0101 vakar\u0101, vienm\u0113r nodro\u0161inot b\u0113rnam \u0113rtu un dro\u0161u vidi.<\/h6>\n<p>&nbsp;<\/p>\n<h6 data-start=\"1559\" data-end=\"1609\"><strong><em>K\u0101p\u0113c izv\u0113l\u0113ties The Jiffle wagon mosk\u012btu t\u012bklu?<\/em><\/strong><\/h6>\n<ul>\n<li data-start=\"1610\" data-end=\"1966\">\n<h6><em>Efekt\u012bva aizsardz\u012bba \u2013 pasarg\u0101 no odiem, mu\u0161\u0101m un citiem kukai\u0146iem<\/em><\/h6>\n<\/li>\n<li data-start=\"1610\" data-end=\"1966\">\n<h6><em>Daudzpus\u012bga lieto\u0161ana \u2013 piem\u0113rots gan s\u0113deklim, gan \u0161\u016bpulim<\/em><\/h6>\n<\/li>\n<li data-start=\"1610\" data-end=\"1966\">\n<h6><em>\u0112rts r\u0101v\u0113jsl\u0113dz\u0113ja atv\u0113rums \u2013 viegla piek\u013cuve b\u0113rnam<\/em><\/h6>\n<\/li>\n<li data-start=\"1610\" data-end=\"1966\">\n<h6><em>Elpojo\u0161s un kvalitat\u012bvs materi\u0101ls \u2013 nodro\u0161ina gaisa cirkul\u0101ciju un komfortu<\/em><\/h6>\n<\/li>\n<li data-start=\"1610\" data-end=\"1966\">\n<h6><em>Viegli uzst\u0101d\u012bt un no\u0146emt \u2013 \u0101trs un praktisks risin\u0101jums katrai pastaigai<\/em><\/h6>\n<\/li>\n<\/ul>\n<h6 data-start=\"1968\" data-end=\"2030\"><strong><em>Dro\u0161as un mier\u012bgas pastaigas jebkur\u0101 situ\u0101cij\u0101<\/em><\/strong><\/h6>\n<h6 data-start=\"2031\" data-end=\"2353\">The Jiffle wagon mosk\u012btu t\u012bkls ir ide\u0101ls risin\u0101jums vec\u0101kiem, kuri v\u0113las nodro\u0161in\u0101t savam b\u0113rnam mier\u012bgu un dro\u0161u atra\u0161anos svaig\u0101 gais\u0101. Neatkar\u012bgi no t\u0101, vai t\u0101s ir vasaras pastaigas me\u017e\u0101, pils\u0113tas park\u0101 vai laukos pie vecm\u0101mi\u0146as, \u0161is mosk\u012btu t\u012bkls nodro\u0161ina, ka j\u016bsu b\u0113rns var baud\u012bt svaigu gaisu bez nepat\u012bkamiem kukai\u0146iem<\/h6>\n<p>&nbsp;<\/p>\n<h6>The Jiffle wagon mosk\u012btu t\u012bkls ir ide\u0101li piem\u0113rots <a href=\"https:\/\/hummy.ee\/lv\/product\/the-jiffle-wagon2-ratu-komplekts\/\">The Jiffle wagon<\/a>, nodro\u0161inot b\u0113rnam uzticamu risin\u0101jumu jebkur\u0101 sezon\u0101!<\/h6>\n<p>&nbsp;<\/p>\n<h6><em>Vair\u0101k lasiet Hummy <a href=\"https:\/\/hummy.ee\/lv\/the-jiffle-vagons-vairak-neka-jus-varetu-sagaidit-no-ratiniem\/\">emu\u0101r\u0101<\/a> un skatieties <a href=\"https:\/\/youtu.be\/E0A7CEXsU74?si=Y1NSEBD7V8koOfMq\">ievadierakstu<\/a>.<\/em><\/h6>\n","protected":false},"excerpt":{"rendered":"<h6 data-start=\"0\" data-end=\"82\">Pasarg\u0101jiet savu mazo no kait\u012bgiem kukai\u0146iem ar The Jiffle wagon kukai\u0146u t\u012bklu. \u0160is \u0113rtais kukai\u0146u t\u012bkls ir piem\u0113rots gan The Jiffle Wagon s\u0113deklim, gan kulbi\u0146ai. S\u0101nos ir praktisks r\u0101v\u0113jsl\u0113dz\u0113js, lai vajadz\u012bbas gad\u012bjum\u0101 \u0113rti piek\u013c\u016btu b\u0113rnam.<\/h6>\n","protected":false},"featured_media":60687,"comment_status":"closed","ping_status":"closed","template":"","meta":{"_acf_changed":false,"om_disable_all_campaigns":false,"_monsterinsights_skip_tracking":false,"_monsterinsights_sitenote_active":false,"_monsterinsights_sitenote_note":"","_monsterinsights_sitenote_category":0,"_uf_show_specific_survey":0,"_uf_disable_surveys":false,"site-sidebar-layout":"default","site-content-layout":"","ast-site-content-layout":"default","site-content-style":"default","site-sidebar-style":"default","ast-global-header-display":"","ast-banner-title-visibility":"","ast-main-header-display":"","ast-hfb-above-header-display":"","ast-hfb-below-header-display":"","ast-hfb-mobile-header-display":"","site-post-title":"","ast-breadcrumbs-content":"","ast-featured-img":"","footer-sml-layout":"","theme-transparent-header-meta":"default","adv-header-id-meta":"","stick-header-meta":"","header-above-stick-meta":"","header-main-stick-meta":"","header-below-stick-meta":"","astra-migrate-meta-layouts":"set","ast-page-background-enabled":"default","ast-page-background-meta":{"desktop":{"background-color":"var(--ast-global-color-4)","background-image":"","background-repeat":"repeat","background-position":"center center","background-size":"auto","background-attachment":"scroll","background-type":"","background-media":"","overlay-type":"","overlay-color":"","overlay-opacity":"","overlay-gradient":""},"tablet":{"background-color":"","background-image":"","background-repeat":"repeat","background-position":"center center","background-size":"auto","background-attachment":"scroll","background-type":"","background-media":"","overlay-type":"","overlay-color":"","overlay-opacity":"","overlay-gradient":""},"mobile":{"background-color":"","background-image":"","background-repeat":"repeat","background-position":"center center","background-size":"auto","background-attachment":"scroll","background-type":"","background-media":"","overlay-type":"","overlay-color":"","overlay-opacity":"","overlay-gradient":""}},"ast-content-background-meta":{"desktop":{"background-color":"var(--ast-global-color-5)","background-image":"","background-repeat":"repeat","background-position":"center center","background-size":"auto","background-attachment":"scroll","background-type":"","background-media":"","overlay-type":"","overlay-color":"","overlay-opacity":"","overlay-gradient":""},"tablet":{"background-color":"var(--ast-global-color-5)","background-image":"","background-repeat":"repeat","background-position":"center center","background-size":"auto","background-attachment":"scroll","background-type":"","background-media":"","overlay-type":"","overlay-color":"","overlay-opacity":"","overlay-gradient":""},"mobile":{"background-color":"var(--ast-global-color-5)","background-image":"","background-repeat":"repeat","background-position":"center center","background-size":"auto","background-attachment":"scroll","background-type":"","background-media":"","overlay-type":"","overlay-color":"","overlay-opacity":"","overlay-gradient":""}}},"product_brand":[],"product_cat":[322,783,325],"product_tag":[330,328],"class_list":{"0":"post-52661","1":"product","2":"type-product","3":"status-publish","4":"has-post-thumbnail","6":"product_cat-apgriesanas-piederumi","7":"product_cat-jiffle-lv","8":"product_cat-cietuma-parsegi","9":"product_tag-atseviski-produkti","10":"product_tag-pielagota-timekla-vietne","11":"desktop-align-left","12":"tablet-align-left","13":"mobile-align-left","15":"first","16":"instock","17":"taxable","18":"shipping-taxable","19":"purchasable","20":"product-type-simple"},"acf":[],"aioseo_notices":[],"_links":{"self":[{"href":"https:\/\/hummy.ee\/lv\/wp-json\/wp\/v2\/product\/52661","targetHints":{"allow":["GET"]}}],"collection":[{"href":"https:\/\/hummy.ee\/lv\/wp-json\/wp\/v2\/product"}],"about":[{"href":"https:\/\/hummy.ee\/lv\/wp-json\/wp\/v2\/types\/product"}],"replies":[{"embeddable":true,"href":"https:\/\/hummy.ee\/lv\/wp-json\/wp\/v2\/comments?post=52661"}],"version-history":[{"count":4,"href":"https:\/\/hummy.ee\/lv\/wp-json\/wp\/v2\/product\/52661\/revisions"}],"predecessor-version":[{"id":84739,"href":"https:\/\/hummy.ee\/lv\/wp-json\/wp\/v2\/product\/52661\/revisions\/84739"}],"wp:featuredmedia":[{"embeddable":true,"href":"https:\/\/hummy.ee\/lv\/wp-json\/wp\/v2\/media\/60687"}],"wp:attachment":[{"href":"https:\/\/hummy.ee\/lv\/wp-json\/wp\/v2\/media?parent=52661"}],"wp:term":[{"taxonomy":"product_brand","embeddable":true,"href":"https:\/\/hummy.ee\/lv\/wp-json\/wp\/v2\/product_brand?post=52661"},{"taxonomy":"product_cat","embeddable":true,"href":"https:\/\/hummy.ee\/lv\/wp-json\/wp\/v2\/product_cat?post=52661"},{"taxonomy":"product_tag","embeddable":true,"href":"https:\/\/hummy.ee\/lv\/wp-json\/wp\/v2\/product_tag?post=52661"}],"curies":[{"name":"wp","href":"https:\/\/api.w.org\/{rel}","templated":true}]}}