{"id":52655,"date":"2024-04-07T18:54:34","date_gmt":"2024-04-07T18:54:34","guid":{"rendered":"https:\/\/hummy.ee\/product\/the-jiffle-lietusmeteli\/"},"modified":"2026-02-25T14:10:30","modified_gmt":"2026-02-25T14:10:30","slug":"the-jiffle-lietusmeteli","status":"publish","type":"product","link":"https:\/\/hummy.ee\/lv\/product\/the-jiffle-lietusmeteli\/","title":{"rendered":"The Jiffle lietus pl\u0113ve"},"content":{"rendered":"<h6 data-start=\"401\" data-end=\"439\"><strong><em>Efekt\u012bva aizsardz\u012bba pret sliktu laiku<\/em><\/strong><\/h6>\n<h6 data-start=\"440\" data-end=\"689\">Laiks ir neparedzams \u2013 saulains r\u012bts var \u0101tri p\u0101rv\u0113rsties par lietainu p\u0113cpusdienu. Tie\u0161i \u0161\u0101diem br\u012b\u017eiem ir rad\u012bts The Jiffle Wagon lietus p\u0101rkl\u0101js. Tas uztur j\u016bsu b\u0113rnu sausu un pasarg\u0101tu no v\u0113ja, neatkar\u012bgi no laika apst\u0101k\u013ciem.  <\/h6>\n<ul data-start=\"691\" data-end=\"928\">\n<li data-start=\"691\" data-end=\"780\">\n<h6>\u016adensiztur\u012bgs un iztur\u012bgs materi\u0101ls nodro\u0161ina, ka lietus un mitrums nevar sasniegt b\u0113rnu.<\/h6>\n<\/li>\n<li data-start=\"781\" data-end=\"928\">\n<h6>Univers\u0101la piem\u0113rot\u012bba \u2013 \u012bpa\u0161i izstr\u0101d\u0101ts gan s\u0113deklim, gan \u0161\u016bpulim, lai nodro\u0161in\u0101tu elast\u012bgu un praktisku lieto\u0161anu.<\/h6>\n<\/li>\n<\/ul>\n<h6 data-start=\"930\" data-end=\"984\"><strong><em>Atv\u0113rums ar r\u0101v\u0113jsl\u0113dz\u0113ju \u2013 viegla piek\u013cuve b\u0113rnam<\/em><\/strong><\/h6>\n<h6 data-start=\"985\" data-end=\"1266\">Praktisks r\u0101v\u0113jsl\u0113dz\u0113js lietus p\u0101rsega s\u0101nos \u013cauj vec\u0101kiem \u0101tri un \u0113rti piek\u013c\u016bt b\u0113rnam. T\u0101 nav nepiecie\u0161ams no\u0146emt visu lietus p\u0101rsegu. Tas atvieglo ikdienu situ\u0101cij\u0101s, kad v\u0113laties b\u0113rnam kaut ko iedot vai vienk\u0101r\u0161i p\u0101rliecin\u0101ties, ka vi\u0146am viss ir k\u0101rt\u012bb\u0101.<\/p>\n<\/h6>\n<p>&nbsp;<\/p>\n<h6 data-start=\"1268\" data-end=\"1315\"><strong><em>Lieliska ventil\u0101cija un p\u0101rredzam\u012bba<\/em><\/strong><\/h6>\n<h6 data-start=\"1316\" data-end=\"1465\">At\u0161\u0137ir\u012bb\u0101 no parastaj\u0101m lietus pl\u0113v\u0113m, \u0161ai lietus pl\u0113vei ir apr\u012bkotas gudras s\u0101nu ailes, kas nodro\u0161ina optim\u0101lu gaisa cirkul\u0101ciju.<\/h6>\n<ul>\n<li data-start=\"1467\" data-end=\"1658\">\n<h6>Efekt\u012bva ventil\u0101cija \u2013 nov\u0113r\u0161 lieko mitrumu un nodro\u0161ina b\u0113rnam svaigu gaisu.<\/h6>\n<\/li>\n<li data-start=\"1467\" data-end=\"1658\">\n<h6>Caursp\u012bd\u012bgs un skaidrs materi\u0101ls \u2013 nov\u0113r\u0161 lietus pl\u0113ves aizsv\u012b\u0161anu, nodro\u0161inot b\u0113rnam labu redzam\u012bbu.<\/h6>\n<\/li>\n<\/ul>\n<h6 data-start=\"1660\" data-end=\"1710\"><strong><em>K\u0101p\u0113c izv\u0113l\u0113ties The Jiffle wagon lietus pl\u0113vi?<\/em><\/strong><\/h6>\n<ul data-start=\"1711\" data-end=\"2089\">\n<li data-start=\"1711\" data-end=\"1797\">\n<h6>Uzticama aizsardz\u012bba pret lietu un v\u0113ju \u2013 ide\u0101li ikdienas lieto\u0161anai.<\/h6>\n<\/li>\n<li data-start=\"1798\" data-end=\"1867\">\n<h6>Univers\u0101ls dizains \u2013 piem\u0113rots gan \u0161\u016bpulim, gan s\u0113deklim.<\/h6>\n<\/li>\n<li data-start=\"1868\" data-end=\"1934\">\n<h6>Atv\u0113rums ar r\u0101v\u0113jsl\u0113dz\u0113ju \u2013 viegla piek\u013cuve b\u0113rnam bez liek\u0101m p\u016bl\u0113m.<\/h6>\n<\/li>\n<li data-start=\"1935\" data-end=\"2004\">\n<h6>Elpojo\u0161s un pret miglo\u0161anos \u2013 nodro\u0161ina labu ventil\u0101ciju un redzam\u012bbu.<\/h6>\n<\/li>\n<li data-start=\"2005\" data-end=\"2089\">\n<h6>Viegls un kompakt\u0101 salok\u0101ms \u2013 \u0113rti \u0146emt l\u012bdzi katram pastaigam.<br \/><\/h6>\n<\/li>\n<\/ul>\n<h6 data-start=\"2091\" data-end=\"2132\"><strong><em>Baudiet pastaigas jebkuros laikapst\u0101k\u013cos<\/em><\/strong><\/h6>\n<h6 data-start=\"2133\" data-end=\"2459\">Ne\u013caujiet lietainajam laikam saboj\u0101t savus pl\u0101nus! \u0160\u012b lietus pl\u0113ve nodro\u0161ina, ka j\u016bsu b\u0113rns ir sauss, silts un \u0113rts, kam\u0113r j\u016bs varat baud\u012bt pastaigas bez raiz\u0113m. Lietojiet to jebkuros laikapst\u0101k\u013cos \u2013 gan viegl\u0101 migl\u0101, gan stipr\u0101k\u0101 liet\u016b \u2013 j\u016bsu b\u0113rns vienm\u0113r b\u016bs aizsarg\u0101ts un dro\u0161i p\u0101rkl\u0101ts. <a href=\"https:\/\/hummy.ee\/lv\/product\/the-jiffle-vagons-2-vagonu-komplekts-kopeeri\/\">The Jiffle wagon<\/a> lietus pl\u0113ve ir ide\u0101li piem\u0113rota The Jiffle Wagon, padarot katru pastaigu bezr\u016bp\u012bgu un pat\u012bkamu!   <\/h6>\n<p>&nbsp;<\/p>\n<h6><em>Lasiet vair\u0101k Hummy <a href=\"https:\/\/hummy.ee\/lv\/the-jiffle-vagons-vairak-neka-jus-varetu-sagaidit-no-ratiniem\/\">emu\u0101r\u0101 <\/a>un skatieties iepaz\u012bstino\u0161o <a href=\"https:\/\/youtu.be\/E0A7CEXsU74?si=Y1NSEBD7V8koOfMq\">video<\/a>.<\/em><\/h6>\n","protected":false},"excerpt":{"rendered":"<h6 data-start=\"0\" data-end=\"76\">Saglab\u0101jiet savu mazuli sausu un \u0113rti, izmantojot lietus pl\u0113vi The Jiffle wagon. \u0160is lietus p\u0101rvalks ir piem\u0113rots gan s\u0113deklim, gan kulbi\u0146ai no The Jiffle wagon. Lietus p\u0101rsega s\u0101nos ir r\u0101v\u0113jsl\u0113dz\u0113js, lai vajadz\u012bbas gad\u012bjum\u0101 \u0113rti piek\u013c\u016btu b\u0113rnam. Turkl\u0101t lietus p\u0101rsegs ir nodro\u0161in\u0101ts ar lielisku ventil\u0101ciju, pateicoties mazajiem caurumiem s\u0101nos. Tas ar\u012b nov\u0113r\u0161 lietus p\u0101rsega aizsv\u012b\u0161anu. Iepirkumu grozs jau ir nodro\u0161in\u0101ts ar \u016bdeni atgr\u016bdo\u0161iem audumiem.  <\/h6>\n","protected":false},"featured_media":60602,"comment_status":"closed","ping_status":"closed","template":"","meta":{"_acf_changed":false,"om_disable_all_campaigns":false,"_monsterinsights_skip_tracking":false,"_monsterinsights_sitenote_active":false,"_monsterinsights_sitenote_note":"","_monsterinsights_sitenote_category":0,"_uf_show_specific_survey":0,"_uf_disable_surveys":false,"site-sidebar-layout":"default","site-content-layout":"","ast-site-content-layout":"default","site-content-style":"default","site-sidebar-style":"default","ast-global-header-display":"","ast-banner-title-visibility":"","ast-main-header-display":"","ast-hfb-above-header-display":"","ast-hfb-below-header-display":"","ast-hfb-mobile-header-display":"","site-post-title":"","ast-breadcrumbs-content":"","ast-featured-img":"","footer-sml-layout":"","theme-transparent-header-meta":"default","adv-header-id-meta":"","stick-header-meta":"","header-above-stick-meta":"","header-main-stick-meta":"","header-below-stick-meta":"","astra-migrate-meta-layouts":"set","ast-page-background-enabled":"default","ast-page-background-meta":{"desktop":{"background-color":"var(--ast-global-color-4)","background-image":"","background-repeat":"repeat","background-position":"center center","background-size":"auto","background-attachment":"scroll","background-type":"","background-media":"","overlay-type":"","overlay-color":"","overlay-opacity":"","overlay-gradient":""},"tablet":{"background-color":"","background-image":"","background-repeat":"repeat","background-position":"center center","background-size":"auto","background-attachment":"scroll","background-type":"","background-media":"","overlay-type":"","overlay-color":"","overlay-opacity":"","overlay-gradient":""},"mobile":{"background-color":"","background-image":"","background-repeat":"repeat","background-position":"center center","background-size":"auto","background-attachment":"scroll","background-type":"","background-media":"","overlay-type":"","overlay-color":"","overlay-opacity":"","overlay-gradient":""}},"ast-content-background-meta":{"desktop":{"background-color":"var(--ast-global-color-5)","background-image":"","background-repeat":"repeat","background-position":"center center","background-size":"auto","background-attachment":"scroll","background-type":"","background-media":"","overlay-type":"","overlay-color":"","overlay-opacity":"","overlay-gradient":""},"tablet":{"background-color":"var(--ast-global-color-5)","background-image":"","background-repeat":"repeat","background-position":"center center","background-size":"auto","background-attachment":"scroll","background-type":"","background-media":"","overlay-type":"","overlay-color":"","overlay-opacity":"","overlay-gradient":""},"mobile":{"background-color":"var(--ast-global-color-5)","background-image":"","background-repeat":"repeat","background-position":"center center","background-size":"auto","background-attachment":"scroll","background-type":"","background-media":"","overlay-type":"","overlay-color":"","overlay-opacity":"","overlay-gradient":""}}},"product_brand":[],"product_cat":[322,783,325],"product_tag":[330,328],"class_list":{"0":"post-52655","1":"product","2":"type-product","3":"status-publish","4":"has-post-thumbnail","6":"product_cat-apgriesanas-piederumi","7":"product_cat-jiffle-lv","8":"product_cat-cietuma-parsegi","9":"product_tag-atseviski-produkti","10":"product_tag-pielagota-timekla-vietne","11":"desktop-align-left","12":"tablet-align-left","13":"mobile-align-left","15":"first","16":"instock","17":"taxable","18":"shipping-taxable","19":"purchasable","20":"product-type-simple"},"acf":[],"aioseo_notices":[],"_links":{"self":[{"href":"https:\/\/hummy.ee\/lv\/wp-json\/wp\/v2\/product\/52655","targetHints":{"allow":["GET"]}}],"collection":[{"href":"https:\/\/hummy.ee\/lv\/wp-json\/wp\/v2\/product"}],"about":[{"href":"https:\/\/hummy.ee\/lv\/wp-json\/wp\/v2\/types\/product"}],"replies":[{"embeddable":true,"href":"https:\/\/hummy.ee\/lv\/wp-json\/wp\/v2\/comments?post=52655"}],"version-history":[{"count":3,"href":"https:\/\/hummy.ee\/lv\/wp-json\/wp\/v2\/product\/52655\/revisions"}],"predecessor-version":[{"id":84732,"href":"https:\/\/hummy.ee\/lv\/wp-json\/wp\/v2\/product\/52655\/revisions\/84732"}],"wp:featuredmedia":[{"embeddable":true,"href":"https:\/\/hummy.ee\/lv\/wp-json\/wp\/v2\/media\/60602"}],"wp:attachment":[{"href":"https:\/\/hummy.ee\/lv\/wp-json\/wp\/v2\/media?parent=52655"}],"wp:term":[{"taxonomy":"product_brand","embeddable":true,"href":"https:\/\/hummy.ee\/lv\/wp-json\/wp\/v2\/product_brand?post=52655"},{"taxonomy":"product_cat","embeddable":true,"href":"https:\/\/hummy.ee\/lv\/wp-json\/wp\/v2\/product_cat?post=52655"},{"taxonomy":"product_tag","embeddable":true,"href":"https:\/\/hummy.ee\/lv\/wp-json\/wp\/v2\/product_tag?post=52655"}],"curies":[{"name":"wp","href":"https:\/\/api.w.org\/{rel}","templated":true}]}}