{"id":52624,"date":"2024-04-07T18:35:44","date_gmt":"2024-04-07T18:35:44","guid":{"rendered":"https:\/\/hummy.ee\/product\/the-jiffle-siltuma-maisins\/"},"modified":"2026-02-25T17:29:07","modified_gmt":"2026-02-25T17:29:07","slug":"the-jiffle-ratu-maiss","status":"publish","type":"product","link":"https:\/\/hummy.ee\/lv\/product\/the-jiffle-ratu-maiss\/","title":{"rendered":"The Jiffle ratu maiss"},"content":{"rendered":"<h6 data-start=\"374\" data-end=\"426\"><strong><em>Sast\u0101v no 2 da\u013c\u0101m<\/em><\/strong><\/h6>\n<h6 data-start=\"427\" data-end=\"548\">\u0160\u012b m\u012bkst\u0101 k\u0101ju aizsargpl\u0113ve sast\u0101v no div\u0101m da\u013c\u0101m, kas kop\u0101 sniedz jums br\u012bv\u012bbu izv\u0113l\u0113ties, kura kombin\u0101cija vislab\u0101k atbilst konkr\u0113tajam br\u012bdim.<\/h6>\n<ul data-start=\"550\" data-end=\"1026\">\n<li data-start=\"550\" data-end=\"867\">\n<h6>Ar k\u0101ju aizsargpl\u0113ves aug\u0161\u0113jo da\u013cu j\u016bs varat \u0113rti iet\u012bt b\u0113rnu.<\/h6>\n<\/li>\n<li data-start=\"868\" data-end=\"1026\">\n<h6>Apak\u0161\u0113j\u0101 da\u013ca nodro\u0161ina siltas k\u0101jas.<\/h6>\n<\/li>\n<\/ul>\n<h6 data-start=\"1028\" data-end=\"1187\">Abas da\u013cas ir izkl\u0101ta ar m\u012bkstu fl\u012bsu. Protams, ir iesp\u0113jams ar\u012b izmantot da\u013cas atsevi\u0161\u0137i vienu no otras.<\/h6>\n<p>&nbsp;<\/p>\n<h6 data-start=\"1189\" data-end=\"1251\"><strong><em>Elast\u012bga lieto\u0161ana atbilsto\u0161i sezonai un vajadz\u012bb\u0101m<\/em><\/strong><\/h6>\n<ul data-start=\"1252\" data-end=\"1766\">\n<li data-start=\"1252\" data-end=\"1367\">\n<h6>Kad b\u0113rns v\u0113l ir mazs, var izmantot abas da\u013cas vienlaikus, lai nodro\u0161in\u0101tu maksim\u0101lu siltumu un aizsardz\u012bbu.<\/h6>\n<\/li>\n<li data-start=\"1368\" data-end=\"1507\">\n<h6>Kad b\u0113rns aug un s\u0101k valk\u0101t biez\u0101ku jaku, \u0113rt\u0101k var b\u016bt izmantot tikai apak\u0161\u0113jo da\u013cu, lai k\u0101jas b\u016btu pat\u012bkami siltas.<\/h6>\n<\/li>\n<li data-start=\"1508\" data-end=\"1766\">\n<h6>Pavasar\u012b un v\u0113s\u0101k\u0101s vasaras vakaros, kad jaka nav nepiecie\u0161ama, var izmantot tikai aug\u0161\u0113jo da\u013cu, lai b\u0113rna aug\u0161\u0113j\u0101 \u0137erme\u0146a da\u013ca b\u016btu aizsarg\u0101ta un silta, kam\u0113r k\u0101jas var br\u012bvi net\u012br\u012bties smil\u0161u kast\u0113 \u2013 t\u0101 saglab\u0101 siltumsegu t\u012bru un uztur\u0113\u0161anu vienk\u0101r\u0161u.<\/h6>\n<\/li>\n<\/ul>\n<p>&nbsp;<\/p>\n<h6 data-start=\"1768\" data-end=\"1829\"><strong><em>Ide\u0101la kombin\u0101cija \u0113rt\u012bbas un praktiskuma<\/em><\/strong><\/h6>\n<h6 data-start=\"1830\" data-end=\"2098\">The Jiffle wagon ratu maiss ir izstr\u0101d\u0101ts akt\u012bv\u0101m \u0123imen\u0113m, kuras nov\u0113rt\u0113 elast\u012bbu un praktiskumu. T\u0101s gudrais dizains \u013cauj piel\u0101got lieto\u0161anu atbilsto\u0161i vajadz\u012bb\u0101m, vienlaikus nodro\u0161inot maksim\u0101lu komfortu un siltumu jebkur\u0101 situ\u0101cij\u0101.<\/h6>\n<p>&nbsp;<\/p>\n<h6><em>The Jiffle wagon ratu maiss ir ide\u0101li piem\u0113rots <a href=\"https:\/\/hummy.ee\/lv\/product\/the-jiffle-wagon2-ratu-komplekts\/\">The Jiffle wagon<\/a>, nodro\u0161inot b\u0113rnam dro\u0161u un siltu vidi jebkur\u0101 gada laik\u0101!<\/em><\/h6>\n<p>&nbsp;<\/p>\n<h6><em>Vair\u0101k lasiet Hummy <a href=\"https:\/\/hummy.ee\/lv\/the-jiffle-vagons-vairak-neka-jus-varetu-sagaidit-no-ratiniem\/\">emu\u0101r\u0101<\/a> un skatieties <a href=\"https:\/\/youtu.be\/E0A7CEXsU74?si=Y1NSEBD7V8koOfMq\">ievadierakstu<\/a>.<\/em><\/h6>\n","protected":false},"excerpt":{"rendered":"<h6 data-start=\"0\" data-end=\"73\">Pateicoties The Jiffle ratu maisam, j\u016bsu mazajam ir silti un \u0113rti The Jiffle wagon ratos. \u0160is m\u012bkstais k\u0101ju aizsargs sast\u0101v no div\u0101m da\u013c\u0101m, kas \u013cauj br\u012bvi izv\u0113l\u0113ties kombin\u0101ciju, kas vislab\u0101k atbilst konkr\u0113tajam br\u012bdim. Ar k\u0101ju aizsarga aug\u0161\u0113jo da\u013cu j\u016bs varat \u0113rt\u0101k iet\u012bt b\u0113rnu, bet apak\u0161\u0113j\u0101 da\u013ca nodro\u0161ina siltas k\u0101jas. Abas da\u013cas ir vooderdotas ar m\u012bkstu fl\u012bsu, un t\u0101s ir iesp\u0113jams izmantot ar\u012b atsevi\u0161\u0137i.<\/h6>\n","protected":false},"featured_media":60577,"comment_status":"closed","ping_status":"closed","template":"","meta":{"_acf_changed":false,"om_disable_all_campaigns":false,"_monsterinsights_skip_tracking":false,"_monsterinsights_sitenote_active":false,"_monsterinsights_sitenote_note":"","_monsterinsights_sitenote_category":0,"_uf_show_specific_survey":0,"_uf_disable_surveys":false,"site-sidebar-layout":"default","site-content-layout":"","ast-site-content-layout":"default","site-content-style":"default","site-sidebar-style":"default","ast-global-header-display":"","ast-banner-title-visibility":"","ast-main-header-display":"","ast-hfb-above-header-display":"","ast-hfb-below-header-display":"","ast-hfb-mobile-header-display":"","site-post-title":"","ast-breadcrumbs-content":"","ast-featured-img":"","footer-sml-layout":"","theme-transparent-header-meta":"default","adv-header-id-meta":"","stick-header-meta":"","header-above-stick-meta":"","header-main-stick-meta":"","header-below-stick-meta":"","astra-migrate-meta-layouts":"set","ast-page-background-enabled":"default","ast-page-background-meta":{"desktop":{"background-color":"var(--ast-global-color-4)","background-image":"","background-repeat":"repeat","background-position":"center center","background-size":"auto","background-attachment":"scroll","background-type":"","background-media":"","overlay-type":"","overlay-color":"","overlay-opacity":"","overlay-gradient":""},"tablet":{"background-color":"","background-image":"","background-repeat":"repeat","background-position":"center center","background-size":"auto","background-attachment":"scroll","background-type":"","background-media":"","overlay-type":"","overlay-color":"","overlay-opacity":"","overlay-gradient":""},"mobile":{"background-color":"","background-image":"","background-repeat":"repeat","background-position":"center center","background-size":"auto","background-attachment":"scroll","background-type":"","background-media":"","overlay-type":"","overlay-color":"","overlay-opacity":"","overlay-gradient":""}},"ast-content-background-meta":{"desktop":{"background-color":"var(--ast-global-color-5)","background-image":"","background-repeat":"repeat","background-position":"center center","background-size":"auto","background-attachment":"scroll","background-type":"","background-media":"","overlay-type":"","overlay-color":"","overlay-opacity":"","overlay-gradient":""},"tablet":{"background-color":"var(--ast-global-color-5)","background-image":"","background-repeat":"repeat","background-position":"center center","background-size":"auto","background-attachment":"scroll","background-type":"","background-media":"","overlay-type":"","overlay-color":"","overlay-opacity":"","overlay-gradient":""},"mobile":{"background-color":"var(--ast-global-color-5)","background-image":"","background-repeat":"repeat","background-position":"center center","background-size":"auto","background-attachment":"scroll","background-type":"","background-media":"","overlay-type":"","overlay-color":"","overlay-opacity":"","overlay-gradient":""}}},"product_brand":[],"product_cat":[322,783,397],"product_tag":[330,328],"class_list":{"0":"post-52624","1":"product","2":"type-product","3":"status-publish","4":"has-post-thumbnail","6":"product_cat-apgriesanas-piederumi","7":"product_cat-jiffle-lv","8":"product_cat-karstie-maisini","9":"product_tag-atseviski-produkti","10":"product_tag-pielagota-timekla-vietne","11":"desktop-align-left","12":"tablet-align-left","13":"mobile-align-left","15":"first","16":"instock","17":"taxable","18":"shipping-taxable","19":"purchasable","20":"product-type-variable"},"acf":[],"aioseo_notices":[],"_links":{"self":[{"href":"https:\/\/hummy.ee\/lv\/wp-json\/wp\/v2\/product\/52624","targetHints":{"allow":["GET"]}}],"collection":[{"href":"https:\/\/hummy.ee\/lv\/wp-json\/wp\/v2\/product"}],"about":[{"href":"https:\/\/hummy.ee\/lv\/wp-json\/wp\/v2\/types\/product"}],"replies":[{"embeddable":true,"href":"https:\/\/hummy.ee\/lv\/wp-json\/wp\/v2\/comments?post=52624"}],"version-history":[{"count":3,"href":"https:\/\/hummy.ee\/lv\/wp-json\/wp\/v2\/product\/52624\/revisions"}],"predecessor-version":[{"id":84741,"href":"https:\/\/hummy.ee\/lv\/wp-json\/wp\/v2\/product\/52624\/revisions\/84741"}],"wp:featuredmedia":[{"embeddable":true,"href":"https:\/\/hummy.ee\/lv\/wp-json\/wp\/v2\/media\/60577"}],"wp:attachment":[{"href":"https:\/\/hummy.ee\/lv\/wp-json\/wp\/v2\/media?parent=52624"}],"wp:term":[{"taxonomy":"product_brand","embeddable":true,"href":"https:\/\/hummy.ee\/lv\/wp-json\/wp\/v2\/product_brand?post=52624"},{"taxonomy":"product_cat","embeddable":true,"href":"https:\/\/hummy.ee\/lv\/wp-json\/wp\/v2\/product_cat?post=52624"},{"taxonomy":"product_tag","embeddable":true,"href":"https:\/\/hummy.ee\/lv\/wp-json\/wp\/v2\/product_tag?post=52624"}],"curies":[{"name":"wp","href":"https:\/\/api.w.org\/{rel}","templated":true}]}}