{"id":52610,"date":"2024-04-07T18:35:59","date_gmt":"2024-04-07T18:35:59","guid":{"rendered":"https:\/\/hummy.ee\/product\/abc-design-ping-2-gaismas-ratini\/"},"modified":"2026-02-27T08:40:05","modified_gmt":"2026-02-27T08:40:05","slug":"abc-design-ratini-ping-2","status":"publish","type":"product","link":"https:\/\/hummy.ee\/lv\/product\/abc-design-ratini-ping-2\/","title":{"rendered":"ABC Design ratini Ping 2"},"content":{"rendered":"<h6><strong><em>Komplekt\u0101 ietilpst:<\/em><\/strong><\/h6>\n<ul>\n<li data-start=\"613\" data-end=\"681\">\n<h6>S\u0113dek\u013ca da\u013ca<\/h6>\n<\/li>\n<li data-start=\"613\" data-end=\"681\">\n<h6>Dro\u0161\u012bbas stienis<\/h6>\n<\/li>\n<li data-start=\"613\" data-end=\"681\">\n<h6>UPF 50+ saules aizsargkr\u0113ms<\/h6>\n<\/li>\n<li data-start=\"613\" data-end=\"681\">\n<h6>P\u0101rvad\u0101\u0161anas soma<\/h6>\n<\/li>\n<\/ul>\n<h6>Ping 2 vieglie rati\u0146i ir \u013coti viegli manevr\u0113jami, jo rati\u0146us var vad\u012bt, saloc\u012bt un izloc\u012bt tikai ar vienu roku. Tas ir lielisks sabiedrotais ikdienas pastaig\u0101m, k\u0101 ar\u012b gar\u0101kiem braucieniem.<\/h6>\n<p>&nbsp;<\/p>\n<h6>J\u016bsu b\u0113rna komforts ir pirmaj\u0101 viet\u0101 - polster\u0113tais s\u0113deklis piel\u0101gojas l\u012bdz piln\u012bgam noliekumam, nodro\u0161inot \u0113rtu miegu pat ce\u013cojuma laik\u0101. Liels UPF 50+ saulessargs aizsarg\u0101 b\u0113rna \u0101du no kait\u012bgajiem stariem, nodro\u0161inot dro\u0161u un m\u0101j\u012bgu vidi. Moderns dizains un stil\u012bgie rite\u0146i padara to ne tikai praktisku, bet ar\u012b par uzman\u012bbu piesaisto\u0161u aksesu\u0101ru.<\/h6>\n<p>&nbsp;<\/p>\n<h6><strong><em>Galven\u0101s iez\u012bmes:<\/em><\/strong><\/h6>\n<ul>\n<li data-start=\"1295\" data-end=\"1861\">\n<h6>Var atv\u0113rt un saloc\u012bt ar vienu roku<\/h6>\n<\/li>\n<li data-start=\"1295\" data-end=\"1861\">\n<h6>Rokas bag\u0101\u017eas izm\u0113ra \u2013 iederas lidma\u0161\u012bnas salon\u0101 bag\u0101\u017eas plaukt\u0101<\/h6>\n<\/li>\n<li data-start=\"1295\" data-end=\"1861\">\n<h6>No\u0146emami rite\u0146i un dro\u0161\u012bbas stienis<\/h6>\n<\/li>\n<li data-start=\"1295\" data-end=\"1861\">\n<h6>Ilgs UPF 50+ saulessargs<\/h6>\n<\/li>\n<li data-start=\"1295\" data-end=\"1861\">\n<h6>\u016adensnecaurlaid\u012bgs materi\u0101ls un st\u0101vbremze<\/h6>\n<\/li>\n<li data-start=\"1295\" data-end=\"1861\">\n<h6>Visu \u010detru rite\u0146u balstiek\u0101rta<\/h6>\n<\/li>\n<li data-start=\"1295\" data-end=\"1861\">\n<h6>Groz\u0101mie priek\u0161\u0113jie rite\u0146i lab\u0101kai manevr\u0113tsp\u0113jai<\/h6>\n<\/li>\n<li data-start=\"1295\" data-end=\"1861\">\n<h6>Transport\u0113\u0161anas sl\u0113dzene un EVA putuplasta rite\u0146i<\/h6>\n<\/li>\n<li data-start=\"1295\" data-end=\"1861\">\n<h6>Regul\u0113jams atzveltnes atzveltnes un k\u0101ju balsts - piln\u012bb\u0101 atg\u0101\u017eam\u0101 st\u0101vokl\u012b<\/h6>\n<\/li>\n<li data-start=\"1295\" data-end=\"1861\">\n<h6>5 punktu dro\u0161\u012bbas jostas b\u0113rnu dro\u0161\u012bbai<\/h6>\n<\/li>\n<li data-start=\"1295\" data-end=\"1861\">\n<h6>Saloc\u012bts st\u0101v vertik\u0101li - viegli uzglab\u0101jams<\/h6>\n<\/li>\n<li data-start=\"1295\" data-end=\"1861\">\n<h6>Sader\u012bgs ar vair\u0101kiem autokr\u0113sli\u0146iem<\/h6>\n<\/li>\n<\/ul>\n<h6><strong><em>Vied\u0101 ce\u013co\u0161anas sist\u0113ma<\/em><\/strong><\/h6>\n<h6>Ja v\u0113laties izmantot b\u0113rnu rati\u0146us jau no dzim\u0161anas, varat ieg\u0101d\u0101ties <a href=\"https:\/\/hummy.ee\/lv\/product\/abc-design-autokresla-adapteri\/\" target=\"_blank\" rel=\"noopener\">adapterus <\/a>un <a href=\"https:\/\/hummy.ee\/lv\/product\/abc-design-ping-drosibas-supula-saite\/\" target=\"_blank\" rel=\"noopener\">savienojuma posmu<\/a>, lai piestiprin\u0101tu autokr\u0113sli\u0146u. Turkl\u0101t ABC Design univers\u0101lais stiprin\u0101jums \u013cauj \u0113rti piestiprin\u0101t da\u017e\u0101dus piederumus, piem\u0113ram, auti\u0146biks\u012b\u0161u somu, kr\u016bz\u012b\u0161u tur\u0113t\u0101ju vai ABC Design lampu.<\/h6>\n<p>&nbsp;<\/p>\n<h6><\/h6>\n<h6><strong><em>Sader\u012bba ar autokr\u0113sli\u0146iem:<\/em><\/strong><\/h6>\n<ul>\n<li>\n<h6><b>ABC Design:<\/b> Tulip<\/h6>\n<\/li>\n<li>\n<h6><b>Maxi-Cosi:<\/b> City, Convertible-Fix, Coral, Pebble, Pebble Plus, Pebble Pro, Pebble 360, Pebble 360 Pro, Pebble 360 Pro 2.<\/h6>\n<\/li>\n<li>\n<h6><b>Cybex:<\/b> Aton, Aton 5, Aton M, Aton M i-size, Aton Q, Aton Q Plus, Aton Q i-size, Cloud T, Cloud Q, Cloud Q Plus, Cloud Z i-size, Cloud Z2 i-size.<\/h6>\n<\/li>\n<li>\n<h6><b>Joie:<\/b> i-Gemm<\/h6>\n<\/li>\n<li>\n<h6><b>BeSafe: <\/b>iZi Go Modular X1 i-Size<\/h6>\n<\/li>\n<li>\n<h6><b>Avionaut:<\/b> Cosmo, Pixel, Pro<\/h6>\n<\/li>\n<\/ul>\n<h6><\/h6>\n<h6><strong><em>Tehniskie dati:<\/em><\/strong><\/h6>\n<ul>\n<li data-start=\"1892\" data-end=\"2369\">\n<h6>Vecums: no dzim\u0161anas<\/h6>\n<\/li>\n<li data-start=\"1892\" data-end=\"2369\">\n<h6>Maksim\u0101l\u0101 kravnes\u012bba: l\u012bdz 22 kg<\/h6>\n<\/li>\n<li data-start=\"1892\" data-end=\"2369\">\n<h6>Izm\u0113ri atv\u0113rt\u0101 st\u0101vokl\u012b (garums x platums): 81,5 x 48,5 cm<\/h6>\n<\/li>\n<li data-start=\"1892\" data-end=\"2369\">\n<h6>St\u016bres roktura augstums: 106 cm<\/h6>\n<\/li>\n<li data-start=\"1892\" data-end=\"2369\">\n<h6>Izm\u0113ri saloc\u012bt\u0101 veid\u0101 (garums x platums x augstums): 57 x 48,5 x 26 cm<\/h6>\n<\/li>\n<li data-start=\"1892\" data-end=\"2369\">\n<h6>S\u0113dek\u013ca izm\u0113ri: 21 x 34 cm<\/h6>\n<\/li>\n<li data-start=\"1892\" data-end=\"2369\">\n<h6>Atzveltnes izm\u0113ri: 34 x 44 cm<\/h6>\n<\/li>\n<li data-start=\"1892\" data-end=\"2369\">\n<h6>Priek\u0161\u0113j\u0101 rite\u0146a izm\u0113rs: 15,5 cm<\/h6>\n<\/li>\n<li data-start=\"1892\" data-end=\"2369\">\n<h6>Aizmugur\u0113j\u0101 rite\u0146a izm\u0113rs: 15,5 cm<\/h6>\n<\/li>\n<li data-start=\"1892\" data-end=\"2369\">\n<h6>Izstr\u0101d\u0101juma svars: 7,1 kg<\/h6>\n<\/li>\n<li data-start=\"1892\" data-end=\"2369\">\n<h6>Rokas bag\u0101\u017eas izm\u0113ri (bez rite\u0146iem): 56 x 43,5 x 22 cm<\/h6>\n<\/li>\n<\/ul>\n<h6>Ping 2 ir ide\u0101ls ce\u013cojumu rati\u0146i, kas apvieno kompaktumu, komfortu un stilu.<\/h6>\n<p>&nbsp;<\/p>\n<h6><em>Noskatieties iepaz\u012b\u0161an\u0101s <a href=\"https:\/\/www.youtube.com\/watch?v=1FPg68C1YUI\">videoklipu<\/a>, lai uzzin\u0101tu vair\u0101k.<\/em><\/h6>\n<h6><em>Uzziniet, k\u0101 izv\u0113l\u0113ties sev piem\u0113rot\u0101ko rati\u0146u, m\u016bsu <a href=\"https:\/\/hummy.ee\/lv\/ka-izveleties-vieglus-ratinus\/\" target=\"_blank\" rel=\"noopener\">emu\u0101r\u0101<\/a>.<\/em><\/h6>\n","protected":false},"excerpt":{"rendered":"<h6 data-start=\"121\" data-end=\"185\">ABC Design Ping 2 rati\u0146i ir ide\u0101ls ce\u013cojumu biedrs vec\u0101kiem. Ce\u013cojot ar mazuli, ir nepiecie\u0161ams atbilsto\u0161s apr\u012bkojums. \u013boti svar\u012bgs ir viegls un kompakts klaidonis, kas ir praktisks un viegli lietojams. Ping 2 ir izstr\u0101d\u0101ts akt\u012bviem vec\u0101kiem, kuri nov\u0113rt\u0113 komfortu un elast\u012bbu. Pateicoties kompaktajam salok\u0101majam dizainam, tas ietilpst rokas bag\u0101\u017e\u0101 un ir ide\u0101li piem\u0113rots, lai to \u0146emtu l\u012bdzi automa\u0161\u012bn\u0101, lidma\u0161\u012bn\u0101, autobus\u0101 vai vilcien\u0101.<\/h6>\n<h6><\/h6>\n","protected":false},"featured_media":27725,"comment_status":"closed","ping_status":"closed","template":"","meta":{"_acf_changed":false,"om_disable_all_campaigns":false,"_monsterinsights_skip_tracking":false,"_monsterinsights_sitenote_active":false,"_monsterinsights_sitenote_note":"","_monsterinsights_sitenote_category":0,"_uf_show_specific_survey":0,"_uf_disable_surveys":false,"site-sidebar-layout":"default","site-content-layout":"","ast-site-content-layout":"default","site-content-style":"default","site-sidebar-style":"default","ast-global-header-display":"","ast-banner-title-visibility":"","ast-main-header-display":"","ast-hfb-above-header-display":"","ast-hfb-below-header-display":"","ast-hfb-mobile-header-display":"","site-post-title":"","ast-breadcrumbs-content":"","ast-featured-img":"","footer-sml-layout":"","theme-transparent-header-meta":"default","adv-header-id-meta":"","stick-header-meta":"","header-above-stick-meta":"","header-main-stick-meta":"","header-below-stick-meta":"","astra-migrate-meta-layouts":"set","ast-page-background-enabled":"default","ast-page-background-meta":{"desktop":{"background-color":"var(--ast-global-color-4)","background-image":"","background-repeat":"repeat","background-position":"center center","background-size":"auto","background-attachment":"scroll","background-type":"","background-media":"","overlay-type":"","overlay-color":"","overlay-opacity":"","overlay-gradient":""},"tablet":{"background-color":"","background-image":"","background-repeat":"repeat","background-position":"center center","background-size":"auto","background-attachment":"scroll","background-type":"","background-media":"","overlay-type":"","overlay-color":"","overlay-opacity":"","overlay-gradient":""},"mobile":{"background-color":"","background-image":"","background-repeat":"repeat","background-position":"center center","background-size":"auto","background-attachment":"scroll","background-type":"","background-media":"","overlay-type":"","overlay-color":"","overlay-opacity":"","overlay-gradient":""}},"ast-content-background-meta":{"desktop":{"background-color":"var(--ast-global-color-5)","background-image":"","background-repeat":"repeat","background-position":"center center","background-size":"auto","background-attachment":"scroll","background-type":"","background-media":"","overlay-type":"","overlay-color":"","overlay-opacity":"","overlay-gradient":""},"tablet":{"background-color":"var(--ast-global-color-5)","background-image":"","background-repeat":"repeat","background-position":"center center","background-size":"auto","background-attachment":"scroll","background-type":"","background-media":"","overlay-type":"","overlay-color":"","overlay-opacity":"","overlay-gradient":""},"mobile":{"background-color":"var(--ast-global-color-5)","background-image":"","background-repeat":"repeat","background-position":"center center","background-size":"auto","background-attachment":"scroll","background-type":"","background-media":"","overlay-type":"","overlay-color":"","overlay-opacity":"","overlay-gradient":""}}},"product_brand":[],"product_cat":[526,431,505,432],"product_tag":[],"class_list":{"0":"post-52610","1":"product","2":"type-product","3":"status-publish","4":"has-post-thumbnail","6":"product_cat-abc-dizains","7":"product_cat-ratini","8":"product_cat-kampana","9":"product_cat-cisternu","10":"desktop-align-left","11":"tablet-align-left","12":"mobile-align-left","14":"first","15":"instock","16":"sale","17":"taxable","18":"shipping-taxable","19":"purchasable","20":"product-type-variable"},"acf":[],"aioseo_notices":[],"_links":{"self":[{"href":"https:\/\/hummy.ee\/lv\/wp-json\/wp\/v2\/product\/52610","targetHints":{"allow":["GET"]}}],"collection":[{"href":"https:\/\/hummy.ee\/lv\/wp-json\/wp\/v2\/product"}],"about":[{"href":"https:\/\/hummy.ee\/lv\/wp-json\/wp\/v2\/types\/product"}],"replies":[{"embeddable":true,"href":"https:\/\/hummy.ee\/lv\/wp-json\/wp\/v2\/comments?post=52610"}],"version-history":[{"count":10,"href":"https:\/\/hummy.ee\/lv\/wp-json\/wp\/v2\/product\/52610\/revisions"}],"predecessor-version":[{"id":84928,"href":"https:\/\/hummy.ee\/lv\/wp-json\/wp\/v2\/product\/52610\/revisions\/84928"}],"wp:featuredmedia":[{"embeddable":true,"href":"https:\/\/hummy.ee\/lv\/wp-json\/wp\/v2\/media\/27725"}],"wp:attachment":[{"href":"https:\/\/hummy.ee\/lv\/wp-json\/wp\/v2\/media?parent=52610"}],"wp:term":[{"taxonomy":"product_brand","embeddable":true,"href":"https:\/\/hummy.ee\/lv\/wp-json\/wp\/v2\/product_brand?post=52610"},{"taxonomy":"product_cat","embeddable":true,"href":"https:\/\/hummy.ee\/lv\/wp-json\/wp\/v2\/product_cat?post=52610"},{"taxonomy":"product_tag","embeddable":true,"href":"https:\/\/hummy.ee\/lv\/wp-json\/wp\/v2\/product_tag?post=52610"}],"curies":[{"name":"wp","href":"https:\/\/api.w.org\/{rel}","templated":true}]}}