{"id":52575,"date":"2024-04-07T18:29:48","date_gmt":"2024-04-07T18:29:48","guid":{"rendered":"https:\/\/hummy.ee\/product\/abc-design-avus-ratini\/"},"modified":"2026-02-26T13:59:38","modified_gmt":"2026-02-26T13:59:38","slug":"abc-design-avus-ratini","status":"publish","type":"product","link":"https:\/\/hummy.ee\/lv\/product\/abc-design-avus-ratini\/","title":{"rendered":"ABC Design ratini Avus"},"content":{"rendered":"<h6 data-pm-slice=\"1 1 []\"><strong><em>B\u0113rnu rati\u0146i ir komplekt\u0101 ar:<\/em><\/strong><\/h6>\n<ul data-spread=\"false\">\n<li>\n<h6>S\u0113dvietas - \u0113rtas un dro\u0161as j\u016bsu b\u0113rnam<\/h6>\n<\/li>\n<li>\n<h6>Dro\u0161\u012bbas stienis - nodro\u0161ina papildu aizsardz\u012bbu un dro\u0161\u012bbu j\u016bsu b\u0113rnam<\/h6>\n<\/li>\n<li>\n<h6>P\u0101rkl\u0101js (UPF 50+) - aizsarg\u0101 b\u0113rnu no saules un sliktiem laikapst\u0101k\u013ciem.<\/h6>\n<\/li>\n<\/ul>\n<h6><strong><em>\u0112rt\u012bba un elast\u012bgums vis\u0101s situ\u0101cij\u0101s<\/em><\/strong><\/h6>\n<h6>Avus b\u0113rnu rati\u0146i ir izstr\u0101d\u0101ti t\u0101, lai nodro\u0161in\u0101tu maksim\u0101lu komfortu gan b\u0113rnam, gan vec\u0101kiem. Regul\u0113jam\u0101 atzveltne un k\u0101ju balsts \u013cauj b\u0113rnam izp\u0113t\u012bt pasauli s\u0113dus vai, ja nepiecie\u0161ams, atp\u016bsties piln\u012bgi horizont\u0101l\u0101 st\u0101vokl\u012b. Lielie priek\u0161\u0113jie un aizmugur\u0113jie rite\u0146i ar integr\u0113tu balstiek\u0101rtas sist\u0113mu nodro\u0161ina vienm\u0113r\u012bgu brauk\u0161anu pa jebkuru virsmu.  <\/h6>\n<p>&nbsp;<\/p>\n<h6><strong><em>Inovat\u012bva brem\u017eu sist\u0113ma un kompakts dizains<\/em><\/strong><\/h6>\n<h6>Avus ir \u012bpa\u0161s ar to, ka st\u0101vbremze atrodas tie\u0161i uz aizmugur\u0113j\u0101 rite\u0146a. T\u0101d\u0113j\u0101di nav nepiecie\u0161ama brem\u017eu ass, rati\u0146i ir viegl\u0101ki un nodro\u0161ina vair\u0101k vietas k\u0101j\u0101m, kas ir \u012bpa\u0161i noder\u012bgi gar\u0101kiem vec\u0101kiem. Pateicoties praktiskajai autonomai funkcijai un transport\u0113\u0161anas fiksatoram, rati\u0146i Avus ir lielisks ce\u013cojumu biedrs.  <\/h6>\n<p>&nbsp;<\/p>\n<h6><strong><em>Galven\u0101s iez\u012bmes:<\/em><\/strong><\/h6>\n<ul data-spread=\"false\">\n<li>\n<h6>\u0160\u016bpu\u013ca piestiprin\u0101\u0161anas iesp\u0113ja - sader\u012bga ar da\u017e\u0101diem paz\u012bstamu z\u012bmolu \u0161\u016bpu\u013ciem<\/h6>\n<\/li>\n<li>\n<h6>Autost\u0101vbremze - vienk\u0101r\u0161a un efekt\u012bva dro\u0161\u012bbas nodro\u0161in\u0101\u0161anai<\/h6>\n<\/li>\n<li>\n<h6>\u010cetru rite\u0146u balstiek\u0101rta - vienm\u0113r\u012bga brauk\u0161ana pa jebkuru virsmu<\/h6>\n<\/li>\n<li>\n<h6>Groz\u0101mie priek\u0161\u0113jie rite\u0146i - lieliska manevr\u0113tsp\u0113ja<\/h6>\n<\/li>\n<li>\n<h6>Transport\u0113\u0161anas sl\u0113dzene - \u0113rta uzglab\u0101\u0161ana un transport\u0113\u0161ana<\/h6>\n<\/li>\n<li>\n<h6>Salok\u0101ms tikai ar vienu roku - \u0101tri un \u0113rti lietojams<\/h6>\n<\/li>\n<li>\n<h6>Regul\u0113jams atzveltnes un k\u0101ju balsts - optim\u0101ls komforts b\u0113rnam<\/h6>\n<\/li>\n<li>\n<h6>5 punktu dro\u0161\u012bbas siksnas - dro\u0161a un dro\u0161a stiprin\u0101juma sist\u0113ma<\/h6>\n<\/li>\n<li>\n<h6>Univers\u0101li stiprin\u0101juma punkti - papla\u0161in\u0101ta funkcionalit\u0101te<\/h6>\n<\/li>\n<li>\n<h6>EVA putu rite\u0146i - iztur\u012bba un stabilit\u0101te<\/h6>\n<\/li>\n<li>\n<h6>No\u0146emams dro\u0161\u012bbas stienis un rite\u0146i - viegli t\u012br\u0101ms un kopjams<\/h6>\n<\/li>\n<li>\n<h6>Izvelkama roka - papildu aizsardz\u012bba pret sauli<\/h6>\n<\/li>\n<li>\n<h6>\u016adensnecaurlaid\u012bgs materi\u0101ls - iztur\u012bgs un iztur\u012bgs pret laikapst\u0101k\u013ciem<\/h6>\n<\/li>\n<\/ul>\n<h6><strong><em>Tehniskie dati:<\/em><\/strong><\/h6>\n<ul data-spread=\"false\">\n<li>\n<h6>Piem\u0113rots vecumam: no dzim\u0161anas<\/h6>\n<\/li>\n<li>\n<h6>Kop\u0113j\u0101 kravnes\u012bba: 27 kg<\/h6>\n<\/li>\n<li>\n<h6>Maksim\u0101lais b\u0113rna svars: l\u012bdz 22 kg<\/h6>\n<\/li>\n<li>\n<h6>Liels grozs: ietilp\u012bba l\u012bdz 5 kg<\/h6>\n<\/li>\n<li>\n<h6>Izm\u0113ri atv\u0113rt\u0101 st\u0101vokl\u012b (p x d): 80 x 54 cm<\/h6>\n<\/li>\n<li>\n<h6>St\u016bres stie\u0146a augstums: 72 - 106 cm<\/h6>\n<\/li>\n<li>\n<h6>Izm\u0113ri saloc\u012bt\u0101 veid\u0101 (p x l x h): 75 x 54 x 31 cm<\/h6>\n<\/li>\n<li>\n<h6>S\u0113dek\u013ca izm\u0113ri (p x d): 23 x 35 cm<\/h6>\n<\/li>\n<li>\n<h6>Atzveltnes izm\u0113ri (garums x augstums): 35 x 49,5 cm<\/h6>\n<\/li>\n<li>\n<h6>Priek\u0161\u0113j\u0101 rite\u0146a izm\u0113rs: 18,5 cm<\/h6>\n<\/li>\n<li>\n<h6>Aizmugur\u0113j\u0101 rite\u0146a izm\u0113rs: 26,5 cm<\/h6>\n<\/li>\n<li>\n<h6>Izstr\u0101d\u0101juma svars: 9,3 kg<\/h6>\n<\/li>\n<\/ul>\n<h6><strong><em>Savietojam\u012bba ar dro\u0161\u012bbas palikt\u0146iem:<\/em><\/strong><\/h6>\n<ul>\n<li>\n<h6><b>ABC Design:<\/b> Tulip<\/h6>\n<\/li>\n<li>\n<h6><b>Maxi-Cosi:<\/b> City, Convertible-Fix, Coral, Pebble, Pebble Plus, Pebble Pro, Pebble 360, Pebble 360 Pro, Pebble 360 Pro 2.<\/h6>\n<\/li>\n<li>\n<h6><b>Cybex:<\/b> Aton, Aton 5, Aton M, Aton M i-size, Aton Q, Aton Q Plus, Aton Q i-size, Cloud T, Cloud Q, Cloud Q Plus, Cloud Z i-size, Cloud Z2 i-size.<\/h6>\n<\/li>\n<li>\n<h6><b>Joie:<\/b> i-Gemm<\/h6>\n<\/li>\n<li>\n<h6><b>BeSafe: <\/b>iZi Go Modular X1 i-Size<\/h6>\n<\/li>\n<li>\n<h6><b>Avionaut:<\/b> Cosmo, Pixel, Pro<\/h6>\n<\/li>\n<\/ul>\n<h6>ABC Design Avus ir ide\u0101la izv\u0113le \u0123imen\u0113m, kas mekl\u0113 uzticamu, \u0113rtu un daudzpus\u012bgu rati\u0146u ikdienas lieto\u0161anai.<\/h6>\n<p>&nbsp;<\/p>\n<h6><em>Noskatieties iepaz\u012b\u0161an\u0101s <a href=\"https:\/\/www.youtube.com\/watch?v=Y_X0zy6TBDg&amp;t=2s\" target=\"_blank\" rel=\"noopener\">videoklipu<\/a>, lai uzzin\u0101tu vair\u0101k.<\/em><\/h6>\n<h6><em>Pareizie rite\u0146i padara b\u0113rnu rati\u0146u lieto\u0161anu daudz \u0113rt\u0101ku! Uzziniet, k\u0101 izv\u0113l\u0113ties sev piem\u0113rot\u0101ko risin\u0101jumu, Hummy <a href=\"https:\/\/hummy.ee\/lv\/kuru-bernu-ratinus-ar-riteniem-izveleties\/\" target=\"_blank\" rel=\"nofollow noopener\">blog\u0101.<\/a> <\/em><\/h6>\n","protected":false},"excerpt":{"rendered":"<h6 data-pm-slice=\"1 1 []\">ABC Design Avus klaidonis - viegls, \u0113rts un praktisks klaidonis visiem apvidiem. ABC Design Avus ir ide\u0101li piem\u0113rots gan pils\u0113tas iel\u0101m, gan laukiem. T\u0101 viegl\u0101 un kompakt\u0101 konstrukcija nodro\u0161ina iev\u0113rojamu manevr\u0113tsp\u0113ju, savuk\u0101rt groz\u0101mie priek\u0161\u0113jie rite\u0146i padara p\u0101rvieto\u0161anos vienm\u0113r\u012bgu un vieglu. Pateicoties viegli lietojamam meh\u0101nismam, rati\u0146us var \u0101tri un \u0113rti saloc\u012bt un pa\u0146emt l\u012bdzi.   <\/h6>\n","protected":false},"featured_media":40245,"comment_status":"closed","ping_status":"closed","template":"","meta":{"_acf_changed":false,"om_disable_all_campaigns":false,"_monsterinsights_skip_tracking":false,"_monsterinsights_sitenote_active":false,"_monsterinsights_sitenote_note":"","_monsterinsights_sitenote_category":0,"_uf_show_specific_survey":0,"_uf_disable_surveys":false,"site-sidebar-layout":"default","site-content-layout":"","ast-site-content-layout":"default","site-content-style":"default","site-sidebar-style":"default","ast-global-header-display":"","ast-banner-title-visibility":"","ast-main-header-display":"","ast-hfb-above-header-display":"","ast-hfb-below-header-display":"","ast-hfb-mobile-header-display":"","site-post-title":"","ast-breadcrumbs-content":"","ast-featured-img":"","footer-sml-layout":"","theme-transparent-header-meta":"default","adv-header-id-meta":"","stick-header-meta":"","header-above-stick-meta":"","header-main-stick-meta":"","header-below-stick-meta":"","astra-migrate-meta-layouts":"set","ast-page-background-enabled":"default","ast-page-background-meta":{"desktop":{"background-color":"var(--ast-global-color-4)","background-image":"","background-repeat":"repeat","background-position":"center center","background-size":"auto","background-attachment":"scroll","background-type":"","background-media":"","overlay-type":"","overlay-color":"","overlay-opacity":"","overlay-gradient":""},"tablet":{"background-color":"","background-image":"","background-repeat":"repeat","background-position":"center center","background-size":"auto","background-attachment":"scroll","background-type":"","background-media":"","overlay-type":"","overlay-color":"","overlay-opacity":"","overlay-gradient":""},"mobile":{"background-color":"","background-image":"","background-repeat":"repeat","background-position":"center center","background-size":"auto","background-attachment":"scroll","background-type":"","background-media":"","overlay-type":"","overlay-color":"","overlay-opacity":"","overlay-gradient":""}},"ast-content-background-meta":{"desktop":{"background-color":"var(--ast-global-color-5)","background-image":"","background-repeat":"repeat","background-position":"center center","background-size":"auto","background-attachment":"scroll","background-type":"","background-media":"","overlay-type":"","overlay-color":"","overlay-opacity":"","overlay-gradient":""},"tablet":{"background-color":"var(--ast-global-color-5)","background-image":"","background-repeat":"repeat","background-position":"center center","background-size":"auto","background-attachment":"scroll","background-type":"","background-media":"","overlay-type":"","overlay-color":"","overlay-opacity":"","overlay-gradient":""},"mobile":{"background-color":"var(--ast-global-color-5)","background-image":"","background-repeat":"repeat","background-position":"center center","background-size":"auto","background-attachment":"scroll","background-type":"","background-media":"","overlay-type":"","overlay-color":"","overlay-opacity":"","overlay-gradient":""}}},"product_brand":[],"product_cat":[526,548,505,432],"product_tag":[],"class_list":{"0":"post-52575","1":"product","2":"type-product","3":"status-publish","4":"has-post-thumbnail","6":"product_cat-abc-dizains","7":"product_cat-bernu-ratini","8":"product_cat-kampana","9":"product_cat-cisternu","10":"desktop-align-left","11":"tablet-align-left","12":"mobile-align-left","14":"first","15":"instock","16":"sale","17":"taxable","18":"shipping-taxable","19":"purchasable","20":"product-type-variable"},"acf":[],"aioseo_notices":[],"_links":{"self":[{"href":"https:\/\/hummy.ee\/lv\/wp-json\/wp\/v2\/product\/52575","targetHints":{"allow":["GET"]}}],"collection":[{"href":"https:\/\/hummy.ee\/lv\/wp-json\/wp\/v2\/product"}],"about":[{"href":"https:\/\/hummy.ee\/lv\/wp-json\/wp\/v2\/types\/product"}],"replies":[{"embeddable":true,"href":"https:\/\/hummy.ee\/lv\/wp-json\/wp\/v2\/comments?post=52575"}],"version-history":[{"count":7,"href":"https:\/\/hummy.ee\/lv\/wp-json\/wp\/v2\/product\/52575\/revisions"}],"predecessor-version":[{"id":84860,"href":"https:\/\/hummy.ee\/lv\/wp-json\/wp\/v2\/product\/52575\/revisions\/84860"}],"wp:featuredmedia":[{"embeddable":true,"href":"https:\/\/hummy.ee\/lv\/wp-json\/wp\/v2\/media\/40245"}],"wp:attachment":[{"href":"https:\/\/hummy.ee\/lv\/wp-json\/wp\/v2\/media?parent=52575"}],"wp:term":[{"taxonomy":"product_brand","embeddable":true,"href":"https:\/\/hummy.ee\/lv\/wp-json\/wp\/v2\/product_brand?post=52575"},{"taxonomy":"product_cat","embeddable":true,"href":"https:\/\/hummy.ee\/lv\/wp-json\/wp\/v2\/product_cat?post=52575"},{"taxonomy":"product_tag","embeddable":true,"href":"https:\/\/hummy.ee\/lv\/wp-json\/wp\/v2\/product_tag?post=52575"}],"curies":[{"name":"wp","href":"https:\/\/api.w.org\/{rel}","templated":true}]}}