{"id":52527,"date":"2024-04-07T18:28:35","date_gmt":"2024-04-07T18:28:35","guid":{"rendered":"https:\/\/hummy.ee\/product\/abc-design-avus-air-ratini\/"},"modified":"2026-02-26T11:48:32","modified_gmt":"2026-02-26T11:48:32","slug":"abc-design-avus-air-ratini","status":"publish","type":"product","link":"https:\/\/hummy.ee\/lv\/product\/abc-design-avus-air-ratini\/","title":{"rendered":"ABC Design ratini Avus Air"},"content":{"rendered":"<h6 data-pm-slice=\"1 1 []\"><strong><em>K\u0101p\u0113c izv\u0113l\u0113ties Avus Air rati\u0146us?<\/em><\/strong><\/h6>\n<ul data-spread=\"false\">\n<li>\n<h6>Vienm\u0113r\u012bga brauk\u0161ana pa jebkuru segumu - lieli ar gaisu pild\u012bti priek\u0161\u0113jie un aizmugur\u0113jie rite\u0146i nodro\u0161ina vienm\u0113r\u012bgu un stabilu brauk\u0161anu neatkar\u012bgi no ce\u013ca virsmas.<\/h6>\n<\/li>\n<li>\n<h6>Viegla manevr\u0113\u0161ana - groz\u0101mie priek\u0161\u0113jie rite\u0146i padara rati\u0146us \u013coti viegli manevr\u0113jamus, padarot manevr\u0113\u0161anu \u0161aur\u0101s viet\u0101s pavisam vieglu.<\/h6>\n<\/li>\n<li>\n<h6>Regul\u0113jams komforts - atzveltne un k\u0101ju balsts ir regul\u0113jami, lai b\u0113rns var\u0113tu s\u0113d\u0113t, atp\u016bsties vai gul\u0113t sev piem\u0113rot\u0101kaj\u0101 veid\u0101.<\/h6>\n<\/li>\n<li>\n<h6>\u0112rta lieto\u0161ana vec\u0101kiem - st\u0101vbremze ir novietota tie\u0161i uz aizmugur\u0113j\u0101 rite\u0146a, t\u0101d\u0113j\u0101di ietaupot vietu un nodro\u0161inot vair\u0101k vietas k\u0101j\u0101m.<\/h6>\n<\/li>\n<li>\n<h6>Kompakts un viegli salok\u0101ms - Avus Air rati\u0146i ir apr\u012bkoti ar \u0113rtu autonom\u0101s novieto\u0161anas funkciju \u0113rtai novieto\u0161anai un uzglab\u0101\u0161anai.<\/h6>\n<\/li>\n<li>\n<h6>P\u0101rveidojams par ce\u013cojumu sist\u0113mu - ar adapteriem var piestiprin\u0101t b\u0113rnu gulti\u0146u pie r\u0101mja, t\u0101d\u0113j\u0101di rati\u0146us var izmantot jau no dzim\u0161anas.<\/h6>\n<\/li>\n<\/ul>\n<h6><strong><em>B\u0113rnu rati\u0146i ir komplekt\u0101 ar:<\/em><\/strong><\/h6>\n<ul data-spread=\"false\">\n<li>\n<h6>S\u0113dvietas<\/h6>\n<\/li>\n<li>\n<h6>Dro\u0161\u012bbas stienis<\/h6>\n<\/li>\n<li>\n<h6>UPF 50+ saules aizsargkr\u0113ms<\/h6>\n<\/li>\n<\/ul>\n<h6><strong><em>Tehniskie dati:<\/em><\/strong><\/h6>\n<ul data-spread=\"false\">\n<li>\n<h6>Maksim\u0101lais b\u0113rna svars: 22 kg<\/h6>\n<\/li>\n<li>\n<h6>Kop\u0113j\u0101 kravnes\u012bba: 27 kg (ieskaitot grozu).<\/h6>\n<\/li>\n<li>\n<h6>Liels grozs: ietilp\u012bba l\u012bdz 5 kg<\/h6>\n<\/li>\n<li>\n<h6>Atv\u0113rtu rati\u0146u izm\u0113ri: 80 x 54 cm<\/h6>\n<\/li>\n<li>\n<h6>Saloc\u012bts: 69 x 55,5 x 28,5 cm<\/h6>\n<\/li>\n<li>\n<h6>S\u0113dvieta: 23 x 35 cm<\/h6>\n<\/li>\n<li>\n<h6>Atzveltnes izm\u0113rs: 35 x 49,5 cm<\/h6>\n<\/li>\n<li>\n<h6>Priek\u0161\u0113jie rite\u0146i: 19,5 cm, aizmugur\u0113jie rite\u0146i: 26,5 cm.<\/h6>\n<\/li>\n<li>\n<h6>Izstr\u0101d\u0101juma svars: 9,3 kg<\/h6>\n<\/li>\n<\/ul>\n<h6><strong><em>Papildu funkcijas:<\/em><\/strong><\/h6>\n<ul>\n<li>\n<h6>St\u0101vbremze un visu \u010detru rite\u0146u balstiek\u0101rta<\/h6>\n<\/li>\n<li>\n<h6>No\u0146emams dro\u0161\u012bbas stienis<\/h6>\n<\/li>\n<li>\n<h6>Izvelkama roka ar \u016bdeni atgr\u016bdo\u0161u materi\u0101lu<\/h6>\n<\/li>\n<li>\n<h6>Regul\u0113jamas 5 punktu dro\u0161\u012bbas siksnas<\/h6>\n<\/li>\n<li>\n<h6>Augstuma regul\u0113jams st\u016bres stienis<\/h6>\n<\/li>\n<li>\n<h6>Transport\u0113\u0161anas sl\u0113dzene nodro\u0161ina dro\u0161u glab\u0101\u0161anu<\/h6>\n<\/li>\n<\/ul>\n<h6><strong><em>B\u0113rnu rati\u0146u Avus Air sader\u012bba ar dro\u0161\u012bbas \u0161\u016bpu\u013ciem:<\/em><\/strong><\/h6>\n<ul>\n<li>\n<h6><b>ABC Design:<\/b> Tulip<\/h6>\n<\/li>\n<li>\n<h6><b>Maxi-Cosi:<\/b> City, Convertible-Fix, Coral, Pebble, Pebble Plus, Pebble Pro, Pebble 360, Pebble 360 Pro, Pebble 360 Pro 2.<\/h6>\n<\/li>\n<li>\n<h6><b>Cybex:<\/b> Aton, Aton 5, Aton M, Aton M i-size, Aton Q, Aton Q Plus, Aton Q i-size, Cloud T, Cloud Q, Cloud Q Plus, Cloud Z i-size, Cloud Z2 i-size.<\/h6>\n<\/li>\n<li>\n<h6><b>Joie:<\/b> i-Gemm<\/h6>\n<\/li>\n<li>\n<h6><b>BeSafe: <\/b>iZi Go Modular X1 i-Size<\/h6>\n<\/li>\n<li>\n<h6><b>Avionaut:<\/b> Cosmo, Pixel, Pro<\/h6>\n<\/li>\n<\/ul>\n<h6>ABC Design Avus Air rati\u0146i ir gudra izv\u0113le vec\u0101kiem, kuri nov\u0113rt\u0113 komfortu, iztur\u012bbu un elast\u012bgumu. Lai kur j\u016bs vestu dz\u012bve, \u0161is rati\u0146i nodro\u0161in\u0101s j\u016bsu b\u0113rnam jautru un dro\u0161u braucienu!<\/h6>\n<p>&nbsp;<\/p>\n<h6><em>Noskatieties iepaz\u012b\u0161an\u0101s <a href=\"https:\/\/www.youtube.com\/watch?v=XkQ3_6lrcLI\">videoklipu<\/a>, lai uzzin\u0101tu vair\u0101k.<\/em><\/h6>\n<h6><em>Pareizie rite\u0146i padara b\u0113rnu rati\u0146u lieto\u0161anu daudz \u0113rt\u0101ku! Uzziniet, k\u0101 izv\u0113l\u0113ties jums piem\u0113rot\u0101ko risin\u0101jumu, m\u016bsu <a href=\"https:\/\/hummy.ee\/lv\/kuru-bernu-ratinus-ar-riteniem-izveleties\/\" target=\"_blank\" rel=\"nofollow noopener\">blog\u0101<\/a>. <\/em><\/h6>\n","protected":false},"excerpt":{"rendered":"<h6 data-pm-slice=\"1 1 []\">ABC Design Avus Air rati\u0146i - komforts un daudzpus\u012bba jebkur\u0101 apvid\u016b! Mekl\u0113jat rati\u0146us, kas sp\u0113s sekot l\u012bdzi j\u016bsu akt\u012bvajam dz\u012bvesveidam? ABC Design Avus Air rati\u0146i ir rad\u012bti tie\u0161i jums! Neatkar\u012bgi no t\u0101, vai jums pat\u012bk pastaigas pa pils\u0113tas iel\u0101m vai me\u017ea taku izp\u0113te, \u0161is rati\u0146i nodro\u0161in\u0101s vienm\u0113r\u012bgu un \u0113rtu brauk\u0161anu jebkur\u0101 apvid\u016b. Avus Air ir apr\u012bkots ar efekt\u012bviem pneimatiskajiem rite\u0146iem un integr\u0113tu balstiek\u0101rtu, kas nodro\u0161ina \u012bpa\u0161i vienm\u0113r\u012bgu brauk\u0161anu pa gludu asfaltu vai nel\u012bdzeniem me\u017ea ce\u013ciem. T\u0101 ir ide\u0101la izv\u0113le vec\u0101kiem, kuri v\u0113las bezkompromisa kvalit\u0101ti, dro\u0161\u012bbu un \u0113rtu lieto\u0161anu.<\/h6>\n<h6><\/h6>\n","protected":false},"featured_media":40521,"comment_status":"closed","ping_status":"closed","template":"","meta":{"_acf_changed":false,"om_disable_all_campaigns":false,"_monsterinsights_skip_tracking":false,"_monsterinsights_sitenote_active":false,"_monsterinsights_sitenote_note":"","_monsterinsights_sitenote_category":0,"_uf_show_specific_survey":0,"_uf_disable_surveys":false,"site-sidebar-layout":"default","site-content-layout":"","ast-site-content-layout":"default","site-content-style":"default","site-sidebar-style":"default","ast-global-header-display":"","ast-banner-title-visibility":"","ast-main-header-display":"","ast-hfb-above-header-display":"","ast-hfb-below-header-display":"","ast-hfb-mobile-header-display":"","site-post-title":"","ast-breadcrumbs-content":"","ast-featured-img":"","footer-sml-layout":"","theme-transparent-header-meta":"default","adv-header-id-meta":"","stick-header-meta":"","header-above-stick-meta":"","header-main-stick-meta":"","header-below-stick-meta":"","astra-migrate-meta-layouts":"set","ast-page-background-enabled":"default","ast-page-background-meta":{"desktop":{"background-color":"var(--ast-global-color-4)","background-image":"","background-repeat":"repeat","background-position":"center center","background-size":"auto","background-attachment":"scroll","background-type":"","background-media":"","overlay-type":"","overlay-color":"","overlay-opacity":"","overlay-gradient":""},"tablet":{"background-color":"","background-image":"","background-repeat":"repeat","background-position":"center center","background-size":"auto","background-attachment":"scroll","background-type":"","background-media":"","overlay-type":"","overlay-color":"","overlay-opacity":"","overlay-gradient":""},"mobile":{"background-color":"","background-image":"","background-repeat":"repeat","background-position":"center center","background-size":"auto","background-attachment":"scroll","background-type":"","background-media":"","overlay-type":"","overlay-color":"","overlay-opacity":"","overlay-gradient":""}},"ast-content-background-meta":{"desktop":{"background-color":"var(--ast-global-color-5)","background-image":"","background-repeat":"repeat","background-position":"center center","background-size":"auto","background-attachment":"scroll","background-type":"","background-media":"","overlay-type":"","overlay-color":"","overlay-opacity":"","overlay-gradient":""},"tablet":{"background-color":"var(--ast-global-color-5)","background-image":"","background-repeat":"repeat","background-position":"center center","background-size":"auto","background-attachment":"scroll","background-type":"","background-media":"","overlay-type":"","overlay-color":"","overlay-opacity":"","overlay-gradient":""},"mobile":{"background-color":"var(--ast-global-color-5)","background-image":"","background-repeat":"repeat","background-position":"center center","background-size":"auto","background-attachment":"scroll","background-type":"","background-media":"","overlay-type":"","overlay-color":"","overlay-opacity":"","overlay-gradient":""}}},"product_brand":[273],"product_cat":[526,548,505,432],"product_tag":[],"class_list":{"0":"post-52527","1":"product","2":"type-product","3":"status-publish","4":"has-post-thumbnail","6":"product_brand-abc-design","7":"product_cat-abc-dizains","8":"product_cat-bernu-ratini","9":"product_cat-kampana","10":"product_cat-cisternu","11":"desktop-align-left","12":"tablet-align-left","13":"mobile-align-left","15":"first","16":"instock","17":"sale","18":"taxable","19":"shipping-taxable","20":"purchasable","21":"product-type-variable"},"acf":[],"aioseo_notices":[],"_links":{"self":[{"href":"https:\/\/hummy.ee\/lv\/wp-json\/wp\/v2\/product\/52527","targetHints":{"allow":["GET"]}}],"collection":[{"href":"https:\/\/hummy.ee\/lv\/wp-json\/wp\/v2\/product"}],"about":[{"href":"https:\/\/hummy.ee\/lv\/wp-json\/wp\/v2\/types\/product"}],"replies":[{"embeddable":true,"href":"https:\/\/hummy.ee\/lv\/wp-json\/wp\/v2\/comments?post=52527"}],"version-history":[{"count":10,"href":"https:\/\/hummy.ee\/lv\/wp-json\/wp\/v2\/product\/52527\/revisions"}],"predecessor-version":[{"id":84856,"href":"https:\/\/hummy.ee\/lv\/wp-json\/wp\/v2\/product\/52527\/revisions\/84856"}],"wp:featuredmedia":[{"embeddable":true,"href":"https:\/\/hummy.ee\/lv\/wp-json\/wp\/v2\/media\/40521"}],"wp:attachment":[{"href":"https:\/\/hummy.ee\/lv\/wp-json\/wp\/v2\/media?parent=52527"}],"wp:term":[{"taxonomy":"product_brand","embeddable":true,"href":"https:\/\/hummy.ee\/lv\/wp-json\/wp\/v2\/product_brand?post=52527"},{"taxonomy":"product_cat","embeddable":true,"href":"https:\/\/hummy.ee\/lv\/wp-json\/wp\/v2\/product_cat?post=52527"},{"taxonomy":"product_tag","embeddable":true,"href":"https:\/\/hummy.ee\/lv\/wp-json\/wp\/v2\/product_tag?post=52527"}],"curies":[{"name":"wp","href":"https:\/\/api.w.org\/{rel}","templated":true}]}}