{"id":52469,"date":"2024-04-07T18:36:15","date_gmt":"2024-04-07T18:36:15","guid":{"rendered":"https:\/\/hummy.ee\/product\/abc-design-vagona-rags\/"},"modified":"2026-03-01T11:18:42","modified_gmt":"2026-03-01T11:18:42","slug":"abc-design-ratu-kulba","status":"publish","type":"product","link":"https:\/\/hummy.ee\/lv\/product\/abc-design-ratu-kulba\/","title":{"rendered":"ABC Design ratu kulba"},"content":{"rendered":"<h6 data-start=\"685\" data-end=\"720\"><strong><em>Gudri risin\u0101jumi vec\u0101kiem<\/em><\/strong><\/h6>\n<h6 data-start=\"722\" data-end=\"1145\">Praktiska organizatora soma ar nodal\u012bjumu sist\u0113mu pal\u012bdz uztur\u0113t visas nepiecie\u0161am\u0101s b\u0113rnu lietas rokas stiepiena att\u0101lum\u0101. Pudel\u012btes, knup\u012b\u0161i, mitr\u0101s salvetes un citi piederumi atrod savu noteiktu vietu un vienm\u0113r ir \u0113rti pieejami.<br \/>\nSomu var piestiprin\u0101t pie ratu kulbas k\u0101jgala, lai dro\u0161i uzglab\u0101tu, piem\u0113ram, mobilo t\u0101lruni un atsl\u0113gas, vai ar\u012b pakarin\u0101t pie ratu roktura ar ABC Design stiprin\u0101jumiem, lai nepiecie\u0161amie piederumi b\u016btu \u0101tri sasniedzami.<\/h6>\n<h6 data-start=\"1147\" data-end=\"1480\">Papildus tam ratu kulbai ir divi atsevi\u0161\u0137i atverami un aizverami ventil\u0101cijas lodzi\u0146i, kas nodro\u0161ina optim\u0101lu gaisa cirkul\u0101ciju un \u013cauj jums vienm\u0113r sekot l\u012bdzi mazulim. Vienlaikus j\u016bsu zin\u0101tk\u0101rais mazais var dro\u0161i iepaz\u012bt apk\u0101rt\u0113jo pasauli. Smalks sieti\u0146\u0161 pasarg\u0101 mazuli no odiem un citiem kukai\u0146iem, nodro\u0161inot dro\u0161u un komfortablu vidi.<\/h6>\n<p>&nbsp;<\/p>\n<h6 data-start=\"1482\" data-end=\"1522\"><strong><em>Maksim\u0101ls komforts un praktiskums<\/em><\/strong><\/h6>\n<h6 data-start=\"1524\" data-end=\"1803\">Ratu kulbas stiprin\u0101jumu skavu atmi\u0146as funkcija padara t\u0101s lieto\u0161anu \u012bpa\u0161i vienk\u0101r\u0161u. Skavas iesp\u0113jams atv\u0113rt pa vienai ar vienu roku, kam\u0113r otra roka paliek br\u012bva, lai tur\u0113tu ratu rokturi. T\u0101d\u0113j\u0101di ratu kulbas no\u0146em\u0161ana no pastaigu ratu r\u0101mja k\u013c\u016bst v\u0113l \u0113rt\u0101ka un dro\u0161\u0101ka.<\/h6>\n<h6 data-start=\"1805\" data-end=\"1951\">Ce\u013co\u0161anai ratu kulba ir praktiski salok\u0101ma, t\u0101p\u0113c automa\u0161\u012bn\u0101 t\u0101 aiz\u0146em maz vietas. Tas \u013cauj \u0113rti doties ar\u012b gar\u0101kos izbraucienos kop\u0101 ar mazuli.<\/h6>\n<p>&nbsp;<\/p>\n<h6 data-start=\"1953\" data-end=\"1976\"><strong><em>Galven\u0101s iez\u012bmes<\/em><\/strong><\/h6>\n<ul data-start=\"1978\" data-end=\"2377\">\n<li data-start=\"1978\" data-end=\"2066\">\n<h6>Maksim\u0101ls komforts - CozyCloud\u00ae matracis ar ergonomisku galvas balstu un elpojo\u0161u materi\u0101lu<\/h6>\n<\/li>\n<li data-start=\"2067\" data-end=\"2134\">\n<h6>Komplekt\u0101 iek\u013cauta praktiska organizatora soma \u2013 viss nepiecie\u0161amais vienm\u0113r rokas stiepiena att\u0101lum\u0101<\/h6>\n<\/li>\n<li data-start=\"2135\" data-end=\"2197\">\n<h6>Optim\u0101la gaisa cirkul\u0101cija - atverami ventil\u0101cijas logi un insektu t\u012bkls<\/h6>\n<\/li>\n<li data-start=\"2198\" data-end=\"2270\">\n<h6>Aizdares skavas ar atmi\u0146as funkciju - viegla un dro\u0161a no\u0146em\u0161ana<\/h6>\n<\/li>\n<li data-start=\"2271\" data-end=\"2327\">\n<h6>Kompakts un salok\u0101ms - ide\u0101li piem\u0113rots transport\u0113\u0161anai<\/h6>\n<\/li>\n<li data-start=\"2328\" data-end=\"2377\">\n<h6>Izvelkama roka - papildu aizsardz\u012bba pret sauli<\/h6>\n<\/li>\n<\/ul>\n<h6 data-start=\"2379\" data-end=\"2402\"><strong><em>Tehniskie dati<\/em><\/strong><\/h6>\n<ul data-start=\"2404\" data-end=\"2583\">\n<li data-start=\"2404\" data-end=\"2450\">\n<h6>Izstr\u0101d\u0101juma izm\u0113ri (garums x platums x augstums): 84 x 44 x 65 cm<\/h6>\n<\/li>\n<li data-start=\"2451\" data-end=\"2497\">\n<h6>Groza iek\u0161\u0113jie izm\u0113ri (garums x platums): 77 x 35 cm.<\/h6>\n<\/li>\n<li data-start=\"2498\" data-end=\"2518\">\n<h6>Izstr\u0101d\u0101juma svars: 4 kg<\/h6>\n<\/li>\n<li data-start=\"2519\" data-end=\"2583\">\n<h6>Savietojam\u012bba: ABC Design rati\u0146u mode\u013ci - Samba, Salsa Run, Zoom.<\/h6>\n<\/li>\n<\/ul>\n<p>&nbsp;<\/p>\n<h6><em>Noskatieties iepaz\u012b\u0161an\u0101s <a href=\"https:\/\/www.youtube.com\/watch?v=tz6RBT1_i9w\">videoklipu<\/a>, lai uzzin\u0101tu vair\u0101k.<\/em><\/h6>\n<h6><em>Pareizie rite\u0146i padara b\u0113rnu rati\u0146u lieto\u0161anu daudz \u0113rt\u0101ku! Uzziniet, k\u0101 izv\u0113l\u0113ties jums piem\u0113rot\u0101ko risin\u0101jumu, m\u016bsu <a href=\"https:\/\/hummy.ee\/lv\/kuru-bernu-ratinus-ar-riteniem-izveleties\/\" target=\"_blank\" rel=\"nofollow noopener\">blog\u0101<\/a>. <\/em><\/h6>\n","protected":false},"excerpt":{"rendered":"<h6 data-start=\"88\" data-end=\"141\">CozyCloud\u00ae matracis - m\u0101ko\u0146aini m\u012bksts komforts mazulim. J\u016bsu mazulim gul\u0113\u0161ana uz CozyCloud\u00ae matra\u010da b\u016bs k\u0101 gul\u0113\u0161ana uz m\u0101ko\u0146iem. \u012apa\u0161i m\u012bkstais un \u0113rtais matracis ir izgatavots no elpojo\u0161\u0101m, v\u0113sumu saglab\u0101jo\u0161\u0101m put\u0101m ar integr\u0113tiem gaisa kan\u0101liem, kas nodro\u0161ina perfektu miega vidi. Pateicoties \u0137\u012b\u013ca formas pagalvim un regul\u0113jamai aug\u0161da\u013cai, matracis ergonomiski atbalsta mazu\u013ca \u0137ermeni, pal\u012bdzot vi\u0146am atrast pareizo un dro\u0161o gul\u0113\u0161anas poz\u012bciju. Turkl\u0101t matracis ir apr\u012bkots ar paaugstin\u0101t\u0101m m\u012bkst\u0101m aizsargmal\u0101m, kas ne\u013cauj mazu\u013ca galvai piek\u013c\u016bt ventil\u0101cijas lodzi\u0146am. T\u0101d\u0113j\u0101di j\u016bsu mazulis var mier\u012bgi un netrauc\u0113ti gul\u0113t.<\/h6>\n","protected":false},"featured_media":34077,"comment_status":"closed","ping_status":"closed","template":"","meta":{"_acf_changed":false,"om_disable_all_campaigns":false,"_monsterinsights_skip_tracking":false,"_monsterinsights_sitenote_active":false,"_monsterinsights_sitenote_note":"","_monsterinsights_sitenote_category":0,"_uf_show_specific_survey":0,"_uf_disable_surveys":false,"site-sidebar-layout":"default","site-content-layout":"","ast-site-content-layout":"default","site-content-style":"default","site-sidebar-style":"default","ast-global-header-display":"","ast-banner-title-visibility":"","ast-main-header-display":"","ast-hfb-above-header-display":"","ast-hfb-below-header-display":"","ast-hfb-mobile-header-display":"","site-post-title":"","ast-breadcrumbs-content":"","ast-featured-img":"","footer-sml-layout":"","theme-transparent-header-meta":"default","adv-header-id-meta":"","stick-header-meta":"","header-above-stick-meta":"","header-main-stick-meta":"","header-below-stick-meta":"","astra-migrate-meta-layouts":"set","ast-page-background-enabled":"default","ast-page-background-meta":{"desktop":{"background-color":"var(--ast-global-color-4)","background-image":"","background-repeat":"repeat","background-position":"center center","background-size":"auto","background-attachment":"scroll","background-type":"","background-media":"","overlay-type":"","overlay-color":"","overlay-opacity":"","overlay-gradient":""},"tablet":{"background-color":"","background-image":"","background-repeat":"repeat","background-position":"center center","background-size":"auto","background-attachment":"scroll","background-type":"","background-media":"","overlay-type":"","overlay-color":"","overlay-opacity":"","overlay-gradient":""},"mobile":{"background-color":"","background-image":"","background-repeat":"repeat","background-position":"center center","background-size":"auto","background-attachment":"scroll","background-type":"","background-media":"","overlay-type":"","overlay-color":"","overlay-opacity":"","overlay-gradient":""}},"ast-content-background-meta":{"desktop":{"background-color":"var(--ast-global-color-5)","background-image":"","background-repeat":"repeat","background-position":"center center","background-size":"auto","background-attachment":"scroll","background-type":"","background-media":"","overlay-type":"","overlay-color":"","overlay-opacity":"","overlay-gradient":""},"tablet":{"background-color":"var(--ast-global-color-5)","background-image":"","background-repeat":"repeat","background-position":"center center","background-size":"auto","background-attachment":"scroll","background-type":"","background-media":"","overlay-type":"","overlay-color":"","overlay-opacity":"","overlay-gradient":""},"mobile":{"background-color":"var(--ast-global-color-5)","background-image":"","background-repeat":"repeat","background-position":"center center","background-size":"auto","background-attachment":"scroll","background-type":"","background-media":"","overlay-type":"","overlay-color":"","overlay-opacity":"","overlay-gradient":""}}},"product_brand":[],"product_cat":[526,573],"product_tag":[],"class_list":{"0":"post-52469","1":"product","2":"type-product","3":"status-publish","4":"has-post-thumbnail","6":"product_cat-abc-dizains","7":"product_cat-pitie-grozi","8":"desktop-align-left","9":"tablet-align-left","10":"mobile-align-left","12":"first","13":"instock","14":"taxable","15":"shipping-taxable","16":"purchasable","17":"product-type-variable"},"acf":[],"aioseo_notices":[],"_links":{"self":[{"href":"https:\/\/hummy.ee\/lv\/wp-json\/wp\/v2\/product\/52469","targetHints":{"allow":["GET"]}}],"collection":[{"href":"https:\/\/hummy.ee\/lv\/wp-json\/wp\/v2\/product"}],"about":[{"href":"https:\/\/hummy.ee\/lv\/wp-json\/wp\/v2\/types\/product"}],"replies":[{"embeddable":true,"href":"https:\/\/hummy.ee\/lv\/wp-json\/wp\/v2\/comments?post=52469"}],"version-history":[{"count":3,"href":"https:\/\/hummy.ee\/lv\/wp-json\/wp\/v2\/product\/52469\/revisions"}],"predecessor-version":[{"id":85051,"href":"https:\/\/hummy.ee\/lv\/wp-json\/wp\/v2\/product\/52469\/revisions\/85051"}],"wp:featuredmedia":[{"embeddable":true,"href":"https:\/\/hummy.ee\/lv\/wp-json\/wp\/v2\/media\/34077"}],"wp:attachment":[{"href":"https:\/\/hummy.ee\/lv\/wp-json\/wp\/v2\/media?parent=52469"}],"wp:term":[{"taxonomy":"product_brand","embeddable":true,"href":"https:\/\/hummy.ee\/lv\/wp-json\/wp\/v2\/product_brand?post=52469"},{"taxonomy":"product_cat","embeddable":true,"href":"https:\/\/hummy.ee\/lv\/wp-json\/wp\/v2\/product_cat?post=52469"},{"taxonomy":"product_tag","embeddable":true,"href":"https:\/\/hummy.ee\/lv\/wp-json\/wp\/v2\/product_tag?post=52469"}],"curies":[{"name":"wp","href":"https:\/\/api.w.org\/{rel}","templated":true}]}}