{"id":52428,"date":"2024-04-07T18:37:36","date_gmt":"2024-04-07T18:37:36","guid":{"rendered":"https:\/\/hummy.ee\/product\/abc-design-aspen-2-fix-i-size-bernu-sedeklitis\/"},"modified":"2026-02-28T11:21:58","modified_gmt":"2026-02-28T11:21:58","slug":"abc-design-aspen-2-fix-i-size-autosedeklis","status":"publish","type":"product","link":"https:\/\/hummy.ee\/lv\/product\/abc-design-aspen-2-fix-i-size-autosedeklis\/","title":{"rendered":"ABC Design Aspen 2 Fix i-Size autos\u0113deklis"},"content":{"rendered":"<h6><strong><em>Aspen 2 Fix i-Size autos\u0113deklis \u2013 dro\u0161\u012bba un komforts katram braucienam<\/em><\/strong><\/h6>\n<h6>Aspen 2 Fix i-Size ir ide\u0101ls autokr\u0113sli\u0146\u0161, kas aug kop\u0101 ar j\u016bsu b\u0113rnu un nodro\u0161ina maksim\u0101lu dro\u0161\u012bbu katr\u0101 ce\u013cojum\u0101. Pateicoties gudrajam dizainam, daudzpus\u012bgaj\u0101m regul\u0113\u0161anas iesp\u0113j\u0101m un augstajiem dro\u0161\u012bbas standartiem, \u0161is kr\u0113sls nodro\u0161ina j\u016bsu b\u0113rnam gan dro\u0161\u012bbu, gan komfortu.<\/h6>\n<p>&nbsp;<\/p>\n<h6>Kad b\u0113rns ir maz\u0101ks, vi\u0146u var dro\u0161i piespr\u0101dz\u0113t ar 5punktu dro\u0161\u012bbas jostu, lai nodro\u0161in\u0101tu lab\u0101ku stabilit\u0101ti un aizsardz\u012bbu. B\u0113rnam augot, s\u0113dek\u013ca polster\u0113jumu var no\u0146emt un izmantot 3 punktu dro\u0161\u012bbas jostas, kas nodro\u0161ina liel\u0101ku br\u012bv\u012bbu, bet saglab\u0101 dro\u0161\u012bbu.<\/h6>\n<p>&nbsp;<\/p>\n<h6><strong><em>Maksim\u0101la dro\u0161\u012bba - i-Size standarts un ISOFIX sist\u0113ma<\/em><\/strong><\/h6>\n<ul>\n<li data-start=\"736\" data-end=\"1235\">\n<h6>Viegla un dro\u0161a uzst\u0101d\u012b\u0161ana - Aspen 2 Fix i-Size piestiprina pie automa\u0161\u012bnas, izmantojot ISOFIX sist\u0113mu un piespr\u0101dz\u0113\u0161anas siksnu, kas nodro\u0161ina papildu stabilit\u0101ti.<\/h6>\n<\/li>\n<li data-start=\"736\" data-end=\"1235\">\n<h6>Dro\u0161a stiprin\u0101juma sist\u0113ma - kr\u0101su sist\u0113ma nor\u0101da, vai kr\u0113sls ir pareizi uzst\u0101d\u012bts: sarkana kr\u0101sa noz\u012bm\u0113, ka kaut kas ir j\u0101noregul\u0113, za\u013ca - ka viss ir gatavs darbam.<\/h6>\n<\/li>\n<li data-start=\"736\" data-end=\"1235\">\n<h6>S\u0101nu trieciena aizsardz\u012bba - ener\u0123iju absorb\u0113jo\u0161a virsb\u016bve un trieciena sp\u0113ka sadales sist\u0113ma aizsarg\u0101 b\u0113rna galvu, kaklu, \u0137erme\u0146a aug\u0161da\u013cu un cirk\u0161\u0146a zonu.<\/h6>\n<\/li>\n<\/ul>\n<h6><\/h6>\n<h6><strong><em>Maksim\u0101ls komforts visiem vecumiem<\/em><\/strong><\/h6>\n<ul>\n<li data-start=\"1286\" data-end=\"1668\">\n<h6>12 regul\u0113jamas galvas balsta poz\u012bcijas - aug kop\u0101 ar b\u0113rnu un nodro\u0161ina ergonomisku poz\u012bciju visu vecumu b\u0113rniem.<\/h6>\n<\/li>\n<li data-start=\"1286\" data-end=\"1668\">\n<h6>Elpojo\u0161i s\u0113dek\u013ca spilveni un ieb\u016bv\u0113ta ventil\u0101cijas sist\u0113ma - uztur\u0113siet b\u0113rnam komfortablu temperat\u016bru pat karst\u0101s dien\u0101s.<\/h6>\n<\/li>\n<li data-start=\"1286\" data-end=\"1668\">\n<h6>Dro\u0161\u012bbas jostas vadotne vienm\u0113r uztur jostu pareiz\u0101 poz\u012bcij\u0101, ne\u013caujot tai izsl\u012bd\u0113t vai sav\u0113rpties, lai nodro\u0161in\u0101tu optim\u0101lu dro\u0161\u012bbu.<\/h6>\n<\/li>\n<\/ul>\n<h6><\/h6>\n<h6><strong><em>K\u0101p\u0113c izv\u0113l\u0113ties ABC Design Aspen 2 Fix i-Size autokr\u0113sli\u0146u?<\/em><\/strong><\/h6>\n<ul>\n<li data-start=\"1739\" data-end=\"2060\">\n<h6>Aug kop\u0101 ar b\u0113rnu - piem\u0113rots gan maziem, gan liel\u0101kiem b\u0113rniem.<\/h6>\n<\/li>\n<li data-start=\"1739\" data-end=\"2060\">\n<h6>Elast\u012bga uzst\u0101d\u012b\u0161ana - var izmantot gan ar 5, gan 3punktu dro\u0161\u012bbas jost\u0101m.<\/h6>\n<\/li>\n<li data-start=\"1739\" data-end=\"2060\">\n<h6>Augst\u0101kais dro\u0161\u012bbas l\u012bmenis - i-Size standarts, ISOFIX sist\u0113ma un s\u0101nu trieciena aizsardz\u012bba<\/h6>\n<\/li>\n<li data-start=\"1739\" data-end=\"2060\">\n<h6>Komforts visos gadalaikos - elpojo\u0161s audums un ventil\u0101cijas sist\u0113ma<\/h6>\n<\/li>\n<\/ul>\n<h6><em>Noskatieties iepaz\u012b\u0161an\u0101s <a href=\"https:\/\/www.youtube.com\/watch?v=8PZojsDTQw0\">videoklipu<\/a>, lai uzzin\u0101tu vair\u0101k.<\/em><\/h6>\n","protected":false},"excerpt":{"rendered":"<h6>ABC Design Aspen 2 Fix i-Size autos\u0113deklis ir ide\u0101li piel\u0101gojams j\u016bsu b\u0113rna vajadz\u012bb\u0101m. Ja b\u0113rns ir v\u0113l \u013coti mazs, j\u016bs varat to dro\u0161i nostiprin\u0101t s\u0113dekl\u012b, izmantojot ieb\u016bv\u0113to 5 punktu dro\u0161\u012bbas jostu. Kad j\u016bsu b\u0113rns k\u013c\u016bst liel\u0101ks, iz\u0146emiet s\u0113dek\u013ca spilvenu. T\u0101 j\u016bs ieg\u016bstat liel\u0101ku s\u0113dekli un varat izmantot 3 punktu dro\u0161\u012bbas jostu, lai nodro\u0161in\u0101tu b\u0113rna dro\u0161\u012bbu.<\/h6>\n<ul>\n<li>\n<h6>Atbilst vecumam: b\u0113rniem no 15 m\u0113ne\u0161iem l\u012bdz 12 gadiem.<\/h6>\n<\/li>\n<li>\n<h6>Garums: 76\u2013150 cm.<\/h6>\n<\/li>\n<li>\n<h6>Apstiprin\u0101ts atbilsto\u0161i jaun\u0101kajam dro\u0161\u012bbas standartam R129\/03 \/ i-Size<\/h6>\n<\/li>\n<\/ul>\n<p><!-- \/wp:heading --><\/p>\n<p><!-- wp:paragraph --><\/p>\n","protected":false},"featured_media":34721,"comment_status":"closed","ping_status":"closed","template":"","meta":{"_acf_changed":false,"om_disable_all_campaigns":false,"_monsterinsights_skip_tracking":false,"_monsterinsights_sitenote_active":false,"_monsterinsights_sitenote_note":"","_monsterinsights_sitenote_category":0,"_uf_show_specific_survey":0,"_uf_disable_surveys":false,"site-sidebar-layout":"default","site-content-layout":"","ast-site-content-layout":"default","site-content-style":"default","site-sidebar-style":"default","ast-global-header-display":"","ast-banner-title-visibility":"","ast-main-header-display":"","ast-hfb-above-header-display":"","ast-hfb-below-header-display":"","ast-hfb-mobile-header-display":"","site-post-title":"","ast-breadcrumbs-content":"","ast-featured-img":"","footer-sml-layout":"","theme-transparent-header-meta":"default","adv-header-id-meta":"","stick-header-meta":"","header-above-stick-meta":"","header-main-stick-meta":"","header-below-stick-meta":"","astra-migrate-meta-layouts":"set","ast-page-background-enabled":"default","ast-page-background-meta":{"desktop":{"background-color":"var(--ast-global-color-4)","background-image":"","background-repeat":"repeat","background-position":"center center","background-size":"auto","background-attachment":"scroll","background-type":"","background-media":"","overlay-type":"","overlay-color":"","overlay-opacity":"","overlay-gradient":""},"tablet":{"background-color":"","background-image":"","background-repeat":"repeat","background-position":"center center","background-size":"auto","background-attachment":"scroll","background-type":"","background-media":"","overlay-type":"","overlay-color":"","overlay-opacity":"","overlay-gradient":""},"mobile":{"background-color":"","background-image":"","background-repeat":"repeat","background-position":"center center","background-size":"auto","background-attachment":"scroll","background-type":"","background-media":"","overlay-type":"","overlay-color":"","overlay-opacity":"","overlay-gradient":""}},"ast-content-background-meta":{"desktop":{"background-color":"var(--ast-global-color-5)","background-image":"","background-repeat":"repeat","background-position":"center center","background-size":"auto","background-attachment":"scroll","background-type":"","background-media":"","overlay-type":"","overlay-color":"","overlay-opacity":"","overlay-gradient":""},"tablet":{"background-color":"var(--ast-global-color-5)","background-image":"","background-repeat":"repeat","background-position":"center center","background-size":"auto","background-attachment":"scroll","background-type":"","background-media":"","overlay-type":"","overlay-color":"","overlay-opacity":"","overlay-gradient":""},"mobile":{"background-color":"var(--ast-global-color-5)","background-image":"","background-repeat":"repeat","background-position":"center center","background-size":"auto","background-attachment":"scroll","background-type":"","background-media":"","overlay-type":"","overlay-color":"","overlay-opacity":"","overlay-gradient":""}}},"product_brand":[],"product_cat":[526,651],"product_tag":[],"class_list":{"0":"post-52428","1":"product","2":"type-product","3":"status-publish","4":"has-post-thumbnail","6":"product_cat-abc-dizains","7":"product_cat-drosibas-sedekli","8":"desktop-align-left","9":"tablet-align-left","10":"mobile-align-left","12":"first","13":"instock","14":"taxable","15":"shipping-taxable","16":"purchasable","17":"product-type-variable"},"acf":[],"aioseo_notices":[],"_links":{"self":[{"href":"https:\/\/hummy.ee\/lv\/wp-json\/wp\/v2\/product\/52428","targetHints":{"allow":["GET"]}}],"collection":[{"href":"https:\/\/hummy.ee\/lv\/wp-json\/wp\/v2\/product"}],"about":[{"href":"https:\/\/hummy.ee\/lv\/wp-json\/wp\/v2\/types\/product"}],"replies":[{"embeddable":true,"href":"https:\/\/hummy.ee\/lv\/wp-json\/wp\/v2\/comments?post=52428"}],"version-history":[{"count":3,"href":"https:\/\/hummy.ee\/lv\/wp-json\/wp\/v2\/product\/52428\/revisions"}],"predecessor-version":[{"id":85002,"href":"https:\/\/hummy.ee\/lv\/wp-json\/wp\/v2\/product\/52428\/revisions\/85002"}],"wp:featuredmedia":[{"embeddable":true,"href":"https:\/\/hummy.ee\/lv\/wp-json\/wp\/v2\/media\/34721"}],"wp:attachment":[{"href":"https:\/\/hummy.ee\/lv\/wp-json\/wp\/v2\/media?parent=52428"}],"wp:term":[{"taxonomy":"product_brand","embeddable":true,"href":"https:\/\/hummy.ee\/lv\/wp-json\/wp\/v2\/product_brand?post=52428"},{"taxonomy":"product_cat","embeddable":true,"href":"https:\/\/hummy.ee\/lv\/wp-json\/wp\/v2\/product_cat?post=52428"},{"taxonomy":"product_tag","embeddable":true,"href":"https:\/\/hummy.ee\/lv\/wp-json\/wp\/v2\/product_tag?post=52428"}],"curies":[{"name":"wp","href":"https:\/\/api.w.org\/{rel}","templated":true}]}}