{"id":52378,"date":"2024-04-07T18:39:00","date_gmt":"2024-04-07T18:39:00","guid":{"rendered":"https:\/\/hummy.ee\/product\/abc-design-lily-i-size-bernu-sedeklitis\/"},"modified":"2026-02-28T11:13:14","modified_gmt":"2026-02-28T11:13:14","slug":"abc-design-lily-i-size-autokresls","status":"publish","type":"product","link":"https:\/\/hummy.ee\/lv\/product\/abc-design-lily-i-size-autokresls\/","title":{"rendered":"ABC Design Lily i-Size autokr\u0113sls"},"content":{"rendered":"<h6><strong><em>K\u0101p\u0113c izv\u0113l\u0113ties ABC Design Lily i\u2011Size?<\/em><\/strong><\/h6>\n<h6>360\u00b0 rot\u0113jo\u0161a ISOFIX sist\u0113ma - \u0113rt\u012bbas jebkur\u0101 laik\u0101<\/h6>\n<h6>Savienojot Lily i-Size autos\u0113dekli ar Isofix Base Root b\u0101zi, j\u016bs var\u0113siet izmantot 360\u00b0 rot\u0101cijas funkciju, kas padara b\u0113rna ielik\u0161anu automa\u0161\u012bn\u0101 viegl\u0101ku nek\u0101 jebkad agr\u0101k. Nek\u0101du stiep\u0161an\u0101s vai muguras s\u0101pju \u2013 pagrieziet s\u0113dekli pret sevi, dro\u0161i piespr\u0101dz\u0113jiet b\u0113rnu un pagrieziet s\u0113dekli v\u0113lamaj\u0101 brauk\u0161anas virzien\u0101!<\/h6>\n<p>&nbsp;<\/p>\n<h6><strong><em>Aug kop\u0101 ar b\u0113rnu<\/em><\/strong><\/h6>\n<ul>\n<li data-start=\"998\" data-end=\"1247\">\n<h6>Piem\u0113rots no dzim\u0161anas l\u012bdz 4 gadu vecumam (45-105 cm)<\/h6>\n<\/li>\n<li data-start=\"998\" data-end=\"1247\">\n<h6>10 pak\u0101p\u0113s regul\u0113jams galvas balsts - vienm\u0113r ide\u0101li piem\u0113rots<\/h6>\n<\/li>\n<li data-start=\"998\" data-end=\"1247\">\n<h6>No\u0146emams b\u0113rnu ieliktnis \u2013 ide\u0101li piem\u0113rots jaundzimu\u0161ajiem<\/h6>\n<\/li>\n<li data-start=\"998\" data-end=\"1247\">\n<h6>3 da\u017e\u0101das s\u0113d\u0113\u0161anas un gul\u0113\u0161anas poz\u012bcijas - \u0113rti pat garos ce\u013cojumos<\/h6>\n<\/li>\n<\/ul>\n<h6><\/h6>\n<h6><strong><em>Maksim\u0101la dro\u0161\u012bba katr\u0101 braucien\u0101<\/em><\/strong><\/h6>\n<h6>Lily i-Size ir izstr\u0101d\u0101ta atbilsto\u0161i jaun\u0101kajiem i-Size dro\u0161\u012bbas standartiem, nodro\u0161inot j\u016bsu b\u0113rnam uzlabotu aizsardz\u012bbu jebkur\u0101 vecum\u0101.<\/h6>\n<ul>\n<li>\n<h6>Maksim\u0101lai dro\u0161\u012bbai ieteicams uz aizmuguri v\u0113rstu autokr\u0113sli\u0146u uzst\u0101d\u012bt l\u012bdz 15 m\u0113ne\u0161u vecumam (45-76 cm).<\/h6>\n<\/li>\n<li>\n<h6>5 punktu dro\u0161\u012bbas siksnas ar m\u012bkstiem plecu spilventi\u0146iem - dro\u0161as un \u0113rtas<\/h6>\n<\/li>\n<li>\n<h6>S\u0101nu trieciena aizsardz\u012bba - trieciena sp\u0113ks tiek vienm\u0113r\u012bgi sadal\u012bts, aizsarg\u0101jot galvu, kaklu un \u0137ermeni.<\/h6>\n<\/li>\n<li>\n<h6>Ener\u0123iju absorb\u0113jo\u0161s korpuss - samazina trieciena boj\u0101jumu risku<\/h6>\n<\/li>\n<\/ul>\n<h6><strong><em>Tehniskie dati:<\/em><\/strong><\/h6>\n<ul>\n<li data-start=\"1784\" data-end=\"2027\">\n<h6>Izm\u0113ri: 59 x 41 x 57 cm<\/h6>\n<\/li>\n<li data-start=\"1784\" data-end=\"2027\">\n<h6>Svars: 7,05 kg<\/h6>\n<\/li>\n<li data-start=\"1784\" data-end=\"2027\">\n<h6>B\u0113rna augstums: 45-105 cm<\/h6>\n<\/li>\n<li data-start=\"1784\" data-end=\"2027\">\n<h6>Vecuma diapazons: no dzim\u0161anas l\u012bdz 4 gadu vecumam<\/h6>\n<\/li>\n<li data-start=\"1784\" data-end=\"2027\">\n<h6>Uzst\u0101d\u012b\u0161ana:<a href=\"https:\/\/hummy.ee\/lv\/product\/abc-design-isofix-base-root\/\"> Isofix Base Root<\/a> b\u0101ze (p\u0101rdod atsevi\u0161\u0137i)<\/h6>\n<\/li>\n<li data-start=\"1784\" data-end=\"2027\">\n<h6>Brauk\u0161anas virzieni: atpaka\u013cgait\u0101 (ieteicams) un ar seju uz priek\u0161u.<\/h6>\n<\/li>\n<\/ul>\n<h6>ABC Design Lily i-Size autos\u0113deklis apvieno inovat\u012bvu dizainu, \u0113rtu lieto\u0161anu un augst\u0101ko dro\u0161\u012bbas l\u012bmeni. Padariet katru braucienu automa\u0161\u012bn\u0101 mier\u012bgu un bezr\u016bp\u012bgu, zinot, ka j\u016bsu mazulis ir lab\u0101kaj\u0101 iesp\u0113jamaj\u0101 autos\u0113dekl\u012b!<\/h6>\n<p>&nbsp;<\/p>\n<h6><em>Noskatieties iepaz\u012b\u0161an\u0101s <a href=\"https:\/\/www.youtube.com\/watch?v=_6WP65u7uG8\">videoklipu<\/a>, lai uzzin\u0101tu vair\u0101k.<\/em><\/h6>\n","protected":false},"excerpt":{"rendered":"<h6 data-start=\"59\" data-end=\"150\">ABC Design Lily i-Size autos\u0113deklis \u2013 dro\u0161\u012bba un komforts pirmajiem \u010detriem dz\u012bves gadiem. J\u016bsu b\u0113rna dro\u0161\u012bba un \u0113rt\u012bbas automa\u0161\u012bn\u0101 ir prim\u0101ras! ABC Design Lily i-Size autos\u0113deklis nodro\u0161ina augst\u0101k\u0101s klases aizsardz\u012bbu un optim\u0101lu ergonomiku no dzim\u0161anas l\u012bdz ceturtajam dz\u012bves gadam (45\u2013105 cm). Pateicoties Isofix Base Root b\u0101zei, to var izmantot gan ar muguru pret brauk\u0161anas virzienu, gan seju brauk\u0161anas virzien\u0101, nodro\u0161inot \u0113rtu un dro\u0161u ce\u013co\u0161anu atbilsto\u0161i b\u0113rna vecumam un vajadz\u012bb\u0101m.<\/h6>\n","protected":false},"featured_media":23089,"comment_status":"closed","ping_status":"closed","template":"","meta":{"_acf_changed":false,"om_disable_all_campaigns":false,"_monsterinsights_skip_tracking":false,"_monsterinsights_sitenote_active":false,"_monsterinsights_sitenote_note":"","_monsterinsights_sitenote_category":0,"_uf_show_specific_survey":0,"_uf_disable_surveys":false,"site-sidebar-layout":"default","site-content-layout":"","ast-site-content-layout":"default","site-content-style":"default","site-sidebar-style":"default","ast-global-header-display":"","ast-banner-title-visibility":"","ast-main-header-display":"","ast-hfb-above-header-display":"","ast-hfb-below-header-display":"","ast-hfb-mobile-header-display":"","site-post-title":"","ast-breadcrumbs-content":"","ast-featured-img":"","footer-sml-layout":"","theme-transparent-header-meta":"default","adv-header-id-meta":"","stick-header-meta":"","header-above-stick-meta":"","header-main-stick-meta":"","header-below-stick-meta":"","astra-migrate-meta-layouts":"set","ast-page-background-enabled":"default","ast-page-background-meta":{"desktop":{"background-color":"var(--ast-global-color-4)","background-image":"","background-repeat":"repeat","background-position":"center center","background-size":"auto","background-attachment":"scroll","background-type":"","background-media":"","overlay-type":"","overlay-color":"","overlay-opacity":"","overlay-gradient":""},"tablet":{"background-color":"","background-image":"","background-repeat":"repeat","background-position":"center center","background-size":"auto","background-attachment":"scroll","background-type":"","background-media":"","overlay-type":"","overlay-color":"","overlay-opacity":"","overlay-gradient":""},"mobile":{"background-color":"","background-image":"","background-repeat":"repeat","background-position":"center center","background-size":"auto","background-attachment":"scroll","background-type":"","background-media":"","overlay-type":"","overlay-color":"","overlay-opacity":"","overlay-gradient":""}},"ast-content-background-meta":{"desktop":{"background-color":"var(--ast-global-color-5)","background-image":"","background-repeat":"repeat","background-position":"center center","background-size":"auto","background-attachment":"scroll","background-type":"","background-media":"","overlay-type":"","overlay-color":"","overlay-opacity":"","overlay-gradient":""},"tablet":{"background-color":"var(--ast-global-color-5)","background-image":"","background-repeat":"repeat","background-position":"center center","background-size":"auto","background-attachment":"scroll","background-type":"","background-media":"","overlay-type":"","overlay-color":"","overlay-opacity":"","overlay-gradient":""},"mobile":{"background-color":"var(--ast-global-color-5)","background-image":"","background-repeat":"repeat","background-position":"center center","background-size":"auto","background-attachment":"scroll","background-type":"","background-media":"","overlay-type":"","overlay-color":"","overlay-opacity":"","overlay-gradient":""}}},"product_brand":[],"product_cat":[526,651],"product_tag":[],"class_list":{"0":"post-52378","1":"product","2":"type-product","3":"status-publish","4":"has-post-thumbnail","6":"product_cat-abc-dizains","7":"product_cat-drosibas-sedekli","8":"desktop-align-left","9":"tablet-align-left","10":"mobile-align-left","12":"first","13":"instock","14":"taxable","15":"shipping-taxable","16":"purchasable","17":"product-type-variable"},"acf":[],"aioseo_notices":[],"_links":{"self":[{"href":"https:\/\/hummy.ee\/lv\/wp-json\/wp\/v2\/product\/52378","targetHints":{"allow":["GET"]}}],"collection":[{"href":"https:\/\/hummy.ee\/lv\/wp-json\/wp\/v2\/product"}],"about":[{"href":"https:\/\/hummy.ee\/lv\/wp-json\/wp\/v2\/types\/product"}],"replies":[{"embeddable":true,"href":"https:\/\/hummy.ee\/lv\/wp-json\/wp\/v2\/comments?post=52378"}],"version-history":[{"count":4,"href":"https:\/\/hummy.ee\/lv\/wp-json\/wp\/v2\/product\/52378\/revisions"}],"predecessor-version":[{"id":84999,"href":"https:\/\/hummy.ee\/lv\/wp-json\/wp\/v2\/product\/52378\/revisions\/84999"}],"wp:featuredmedia":[{"embeddable":true,"href":"https:\/\/hummy.ee\/lv\/wp-json\/wp\/v2\/media\/23089"}],"wp:attachment":[{"href":"https:\/\/hummy.ee\/lv\/wp-json\/wp\/v2\/media?parent=52378"}],"wp:term":[{"taxonomy":"product_brand","embeddable":true,"href":"https:\/\/hummy.ee\/lv\/wp-json\/wp\/v2\/product_brand?post=52378"},{"taxonomy":"product_cat","embeddable":true,"href":"https:\/\/hummy.ee\/lv\/wp-json\/wp\/v2\/product_cat?post=52378"},{"taxonomy":"product_tag","embeddable":true,"href":"https:\/\/hummy.ee\/lv\/wp-json\/wp\/v2\/product_tag?post=52378"}],"curies":[{"name":"wp","href":"https:\/\/api.w.org\/{rel}","templated":true}]}}