{"id":52339,"date":"2023-11-24T10:20:08","date_gmt":"2023-11-24T10:20:08","guid":{"rendered":"https:\/\/hummy.ee\/product\/abc-design-kiddie-ride-on-2-stenda-sedeklis\/"},"modified":"2026-03-02T15:26:51","modified_gmt":"2026-03-02T15:26:51","slug":"abc-design-kiddie-ride-on-2-sedeklis-kapslim","status":"publish","type":"product","link":"https:\/\/hummy.ee\/lv\/product\/abc-design-kiddie-ride-on-2-sedeklis-kapslim\/","title":{"rendered":"ABC Design Kiddie Ride on 2 s\u0113deklis k\u0101pslim"},"content":{"rendered":"<h6><strong><em>Dro\u0161s un \u0113rts dizains<\/em><\/strong><\/h6>\n<h6>S\u0113deklis ir apr\u012bkots ar dro\u0161u margu, pie kuras b\u0113rns var tur\u0113ties, nodro\u0161inot stabilu un \u0113rtu brauk\u0161anu. Uzst\u0101d\u012b\u0161ana ir \u0101tra un vienk\u0101r\u0161a - vajadz\u012bbas gad\u012bjum\u0101 s\u0113dekli var viegli no\u0146emt, lai to var\u0113tu lietot parast\u0101 veid\u0101.<\/h6>\n<p>&nbsp;<\/p>\n<h6><strong><em>Galven\u0101s iez\u012bmes:<\/em><\/strong><\/h6>\n<ul>\n<li data-start=\"744\" data-end=\"1159\">\n<h6>Maksim\u0101ls komforts - ide\u0101ls risin\u0101jums noguru\u0161\u0101m k\u0101j\u0101m.<\/h6>\n<\/li>\n<li data-start=\"744\" data-end=\"1159\">\n<h6>Dro\u0161s un stabils - brauk\u0161anas laik\u0101 varat tur\u0113ties uz slied\u0113m.<\/h6>\n<\/li>\n<li data-start=\"744\" data-end=\"1159\">\n<h6>Viegla uzst\u0101d\u012b\u0161ana un no\u0146em\u0161ana - \u0101tri piestiprina un vajadz\u012bbas gad\u012bjum\u0101 var viegli no\u0146emt.<\/h6>\n<\/li>\n<li data-start=\"744\" data-end=\"1159\">\n<h6>Augstas kvalit\u0101tes un iztur\u012bgi materi\u0101li - ilgs kalpo\u0161anas laiks un stabils atbalsts.<\/h6>\n<\/li>\n<li data-start=\"744\" data-end=\"1159\">\n<h6>Sader\u012bgs ar ABC Design Kiddie Ride On 2 k\u0101psli \u2013 papildapr\u012bkojums \u0113rt\u0101kai p\u0101rvieto\u0161anai.<\/h6>\n<\/li>\n<\/ul>\n<p>&nbsp;<\/p>\n<h6><strong><em>Tehniskie dati:<\/em><\/strong><\/h6>\n<ul>\n<li>\n<h6>Maksim\u0101lais b\u0113rna svars: 20 kg<\/h6>\n<\/li>\n<li>\n<h6>Sader\u012bgs ar ABC Design <a href=\"https:\/\/hummy.ee\/lv\/product\/abc-design-kiddie-ride-on-2-kapslis\/\" target=\"_blank\" rel=\"noopener\">Kiddie Ride On 2 <\/a>k\u0101psli<\/h6>\n<\/li>\n<\/ul>\n<h6><\/h6>\n<h6>Padari katru pastaigu bezr\u016bp\u012bg\u0101ku un pat\u012bkam\u0101ku \u2013 ABC Design Kiddie Ride On 2 k\u0101ps\u013ca s\u0113deklis nodro\u0161ina b\u0113rnam \u0113rtu un dro\u0161u atp\u016btas vietu jebkur\u0101 situ\u0101cij\u0101!<\/h6>\n<p>&nbsp;<\/p>\n<h6>Noskatieties iepaz\u012b\u0161an\u0101s <a href=\"https:\/\/www.youtube.com\/watch?v=zUsaogF83JI\">videoklipu<\/a>, lai uzzin\u0101tu vair\u0101k.<\/h6>\n","protected":false},"excerpt":{"rendered":"<h6 data-start=\"61\" data-end=\"139\">ABC Design Kiddie Ride On 2 k\u0101ps\u013ca s\u0113deklis \u2013 \u0113rtas atp\u016btas pauzes b\u0113rnam. Garas pastaigas var nogurdin\u0101t mazos, ta\u010du ABC Design Kiddie Ride On 2 k\u0101ps\u013ca s\u0113deklis pied\u0101v\u0101 ide\u0101lu risin\u0101jumu! \u0160is praktiskais un dro\u0161ais s\u0113deklis piestiprin\u0101s pie Kiddie Ride On 2 k\u0101ps\u013ca, \u013caujot b\u0113rnam \u0113rti aps\u0113sties un atp\u016bsties, kad k\u0101jas vairs nevelk.<\/h6>\n","protected":false},"featured_media":29677,"comment_status":"closed","ping_status":"closed","template":"","meta":{"_acf_changed":false,"om_disable_all_campaigns":false,"_monsterinsights_skip_tracking":false,"_monsterinsights_sitenote_active":false,"_monsterinsights_sitenote_note":"","_monsterinsights_sitenote_category":0,"_uf_show_specific_survey":0,"_uf_disable_surveys":false,"site-sidebar-layout":"default","site-content-layout":"","ast-site-content-layout":"default","site-content-style":"default","site-sidebar-style":"default","ast-global-header-display":"","ast-banner-title-visibility":"","ast-main-header-display":"","ast-hfb-above-header-display":"","ast-hfb-below-header-display":"","ast-hfb-mobile-header-display":"","site-post-title":"","ast-breadcrumbs-content":"","ast-featured-img":"","footer-sml-layout":"","theme-transparent-header-meta":"default","adv-header-id-meta":"","stick-header-meta":"","header-above-stick-meta":"","header-main-stick-meta":"","header-below-stick-meta":"","astra-migrate-meta-layouts":"set","ast-page-background-enabled":"default","ast-page-background-meta":{"desktop":{"background-color":"var(--ast-global-color-4)","background-image":"","background-repeat":"repeat","background-position":"center center","background-size":"auto","background-attachment":"scroll","background-type":"","background-media":"","overlay-type":"","overlay-color":"","overlay-opacity":"","overlay-gradient":""},"tablet":{"background-color":"","background-image":"","background-repeat":"repeat","background-position":"center center","background-size":"auto","background-attachment":"scroll","background-type":"","background-media":"","overlay-type":"","overlay-color":"","overlay-opacity":"","overlay-gradient":""},"mobile":{"background-color":"","background-image":"","background-repeat":"repeat","background-position":"center center","background-size":"auto","background-attachment":"scroll","background-type":"","background-media":"","overlay-type":"","overlay-color":"","overlay-opacity":"","overlay-gradient":""}},"ast-content-background-meta":{"desktop":{"background-color":"var(--ast-global-color-5)","background-image":"","background-repeat":"repeat","background-position":"center center","background-size":"auto","background-attachment":"scroll","background-type":"","background-media":"","overlay-type":"","overlay-color":"","overlay-opacity":"","overlay-gradient":""},"tablet":{"background-color":"var(--ast-global-color-5)","background-image":"","background-repeat":"repeat","background-position":"center center","background-size":"auto","background-attachment":"scroll","background-type":"","background-media":"","overlay-type":"","overlay-color":"","overlay-opacity":"","overlay-gradient":""},"mobile":{"background-color":"var(--ast-global-color-5)","background-image":"","background-repeat":"repeat","background-position":"center center","background-size":"auto","background-attachment":"scroll","background-type":"","background-media":"","overlay-type":"","overlay-color":"","overlay-opacity":"","overlay-gradient":""}}},"product_brand":[],"product_cat":[526,322,352],"product_tag":[330],"class_list":{"0":"post-52339","1":"product","2":"type-product","3":"status-publish","4":"has-post-thumbnail","6":"product_cat-abc-dizains","7":"product_cat-apgriesanas-piederumi","8":"product_cat-deli","9":"product_tag-atseviski-produkti","10":"desktop-align-left","11":"tablet-align-left","12":"mobile-align-left","14":"first","15":"instock","16":"taxable","17":"shipping-taxable","18":"purchasable","19":"product-type-simple"},"acf":[],"aioseo_notices":[],"_links":{"self":[{"href":"https:\/\/hummy.ee\/lv\/wp-json\/wp\/v2\/product\/52339","targetHints":{"allow":["GET"]}}],"collection":[{"href":"https:\/\/hummy.ee\/lv\/wp-json\/wp\/v2\/product"}],"about":[{"href":"https:\/\/hummy.ee\/lv\/wp-json\/wp\/v2\/types\/product"}],"replies":[{"embeddable":true,"href":"https:\/\/hummy.ee\/lv\/wp-json\/wp\/v2\/comments?post=52339"}],"version-history":[{"count":3,"href":"https:\/\/hummy.ee\/lv\/wp-json\/wp\/v2\/product\/52339\/revisions"}],"predecessor-version":[{"id":85222,"href":"https:\/\/hummy.ee\/lv\/wp-json\/wp\/v2\/product\/52339\/revisions\/85222"}],"wp:featuredmedia":[{"embeddable":true,"href":"https:\/\/hummy.ee\/lv\/wp-json\/wp\/v2\/media\/29677"}],"wp:attachment":[{"href":"https:\/\/hummy.ee\/lv\/wp-json\/wp\/v2\/media?parent=52339"}],"wp:term":[{"taxonomy":"product_brand","embeddable":true,"href":"https:\/\/hummy.ee\/lv\/wp-json\/wp\/v2\/product_brand?post=52339"},{"taxonomy":"product_cat","embeddable":true,"href":"https:\/\/hummy.ee\/lv\/wp-json\/wp\/v2\/product_cat?post=52339"},{"taxonomy":"product_tag","embeddable":true,"href":"https:\/\/hummy.ee\/lv\/wp-json\/wp\/v2\/product_tag?post=52339"}],"curies":[{"name":"wp","href":"https:\/\/api.w.org\/{rel}","templated":true}]}}