{"id":52284,"date":"2024-04-07T18:36:52","date_gmt":"2024-04-07T18:36:52","guid":{"rendered":"https:\/\/hummy.ee\/product\/abc-design-aktiva-mugursoma\/"},"modified":"2026-03-03T08:35:11","modified_gmt":"2026-03-03T08:35:11","slug":"abc-design-aktiva-mugursoma","status":"publish","type":"product","link":"https:\/\/hummy.ee\/lv\/product\/abc-design-aktiva-mugursoma\/","title":{"rendered":"ABC Design Akt\u012bv\u0101 mugursoma"},"content":{"rendered":"<h6><strong><em>Daudz vietas un gudri risin\u0101jumi<\/em><\/strong><\/h6>\n<ul>\n<li data-start=\"574\" data-end=\"1057\">\n<h6>Liels galvenais nodal\u012bjums - ietilp\u012bgs un viegli atverams, ide\u0101li piem\u0113rots auti\u0146biks\u012b\u0161u, dr\u0113bju un citu nepiecie\u0161amo lietu glab\u0101\u0161anai.<\/h6>\n<\/li>\n<li data-start=\"574\" data-end=\"1057\">\n<h6>\u012apa\u0161as kabatas mitriem priek\u0161metiem - mitri vai net\u012bri priek\u0161meti paliek atsevi\u0161\u0137i.<\/h6>\n<\/li>\n<li data-start=\"574\" data-end=\"1057\">\n<h6>Organiz\u0113ts interjers - divas iek\u0161\u0113j\u0101s kabatas, paroc\u012bgas atvilktnes un nelielas kabatas ar r\u0101v\u0113jsl\u0113dz\u0113jiem, lai viss b\u016btu sav\u0101s viet\u0101s.<\/h6>\n<\/li>\n<li data-start=\"574\" data-end=\"1057\">\n<h6>Liela priek\u0161\u0113j\u0101 kabata un da\u017e\u0101da izm\u0113ra s\u0101nu kabatas - lieliski piem\u0113rotas maz\u0101kiem priek\u0161metiem, kas \u0101tri atrodami.<\/h6>\n<\/li>\n<li data-start=\"574\" data-end=\"1057\">\n<h6>Fiks\u0113ts ar klip\u0161iem<a href=\"https:\/\/hummy.ee\/lv\/veikals\/abc-design\/\"> ABC Design<\/a> pie rati\u0146iem<\/h6>\n<\/li>\n<\/ul>\n<h6><strong><em>\u0112rt\u012bbas jebkur\u0101 br\u012bd\u012b<\/em><\/strong><\/h6>\n<h6>ABC Design Active mugursoma ir izstr\u0101d\u0101ta, lai j\u016bs \u0113rti p\u0101rvietotu gar\u0101kos piedz\u012bvojumos. Ergonomiskas un polster\u0113tas plecu siksnas nodro\u0161ina n\u0113s\u0101\u0161anas komfortu, savuk\u0101rt iztur\u012bg\u0101 un viegl\u0101 konstrukcija padara \u0161o mugursomu par ide\u0101lu sabiedroto gan pils\u0113tai, gan dabai.<\/h6>\n<p>&nbsp;<\/p>\n<h6><strong><em>Komplekt\u0101 ir vair\u0101k:<\/em><\/strong><\/h6>\n<ul>\n<li data-start=\"1386\" data-end=\"1706\">\n<h6>Higi\u0113nisks p\u0101rtinamais pakl\u0101ji\u0146\u0161 - \u0113rts un praktisks risin\u0101jums, lai j\u016bs var\u0113tu r\u016bp\u0113ties par savu mazuli, lai kur j\u016bs atrastos.<\/h6>\n<\/li>\n<li data-start=\"1386\" data-end=\"1706\">\n<h6>No\u0146emams maza izm\u0113ra maisi\u0146\u0161 - ide\u0101li piem\u0113rots atsl\u0113g\u0101m, t\u0101lru\u0146iem vai citiem maziem priek\u0161metiem.<\/h6>\n<\/li>\n<li data-start=\"1386\" data-end=\"1706\">\n<h6>Izol\u0113ts pudeles tur\u0113t\u0101js - uztur b\u0113rna \u0113dienu vai dz\u0113rienu pareizaj\u0101 temperat\u016br\u0101.<\/h6>\n<\/li>\n<\/ul>\n<h6><strong><em>Stil\u012bgs un daudzpus\u012bgs - ide\u0101li piem\u0113rots ikdienas lieto\u0161anai<\/em><\/strong><\/h6>\n<h6>Neatkar\u012bgi no t\u0101, vai jums nepiecie\u0161ama apjom\u012bga auti\u0146biks\u012b\u0161u soma, praktiska ce\u013cojuma soma vai uzticama mugursoma ikdienas lieto\u0161anai, m\u0113s esam par\u016bp\u0113ju\u0161ies par jums. ABC Design Active mugursoma piel\u0101gojas j\u016bsu vajadz\u012bb\u0101m! T\u0101s p\u0101rlaic\u012bgais dizains ir piem\u0113rots gan mamm\u0101m, gan t\u0113tiem, un t\u0101s iztur\u012bgais, augstas kvalit\u0101tes materi\u0101ls kalpos ilgi.<\/h6>\n<p>&nbsp;<\/p>\n<h6><em>Noskatieties iepaz\u012b\u0161an\u0101s <a href=\"https:\/\/www.youtube.com\/watch?v=sco24NHKA98\">videoklipu<\/a>, lai uzzin\u0101tu vair\u0101k.<\/em><\/h6>\n","protected":false},"excerpt":{"rendered":"<h6 data-start=\"82\" data-end=\"173\">ABC Design Akt\u012bv\u0101 mugursoma - funkcion\u0101ls un stil\u012bgs sabiedrotais ikvienam piedz\u012bvojumam. Vai jums pat\u012bk akt\u012bvs dz\u012bvesveids un v\u0113laties vienm\u0113r b\u016bt gatavs visam? ABC Design Active mugursoma ir lieliska izv\u0113le ikdienas aktivit\u0101t\u0113m, ce\u013cojumiem un gar\u0101m pastaig\u0101m. Modernais un praktiskais dizains nodro\u0161ina, ka viss nepiecie\u0161amais vienm\u0113r b\u016bs pa rokai - vai t\u0101s b\u016btu b\u0113rna aksesu\u0101ri, person\u012bg\u0101s lietas vai nelieli pirkumi.<\/h6>\n","protected":false},"featured_media":41189,"comment_status":"closed","ping_status":"closed","template":"","meta":{"_acf_changed":false,"om_disable_all_campaigns":false,"_monsterinsights_skip_tracking":false,"_monsterinsights_sitenote_active":false,"_monsterinsights_sitenote_note":"","_monsterinsights_sitenote_category":0,"_uf_show_specific_survey":0,"_uf_disable_surveys":false,"site-sidebar-layout":"default","site-content-layout":"","ast-site-content-layout":"default","site-content-style":"default","site-sidebar-style":"default","ast-global-header-display":"","ast-banner-title-visibility":"","ast-main-header-display":"","ast-hfb-above-header-display":"","ast-hfb-below-header-display":"","ast-hfb-mobile-header-display":"","site-post-title":"","ast-breadcrumbs-content":"","ast-featured-img":"","footer-sml-layout":"","theme-transparent-header-meta":"default","adv-header-id-meta":"","stick-header-meta":"","header-above-stick-meta":"","header-main-stick-meta":"","header-below-stick-meta":"","astra-migrate-meta-layouts":"set","ast-page-background-enabled":"default","ast-page-background-meta":{"desktop":{"background-color":"var(--ast-global-color-4)","background-image":"","background-repeat":"repeat","background-position":"center center","background-size":"auto","background-attachment":"scroll","background-type":"","background-media":"","overlay-type":"","overlay-color":"","overlay-opacity":"","overlay-gradient":""},"tablet":{"background-color":"","background-image":"","background-repeat":"repeat","background-position":"center center","background-size":"auto","background-attachment":"scroll","background-type":"","background-media":"","overlay-type":"","overlay-color":"","overlay-opacity":"","overlay-gradient":""},"mobile":{"background-color":"","background-image":"","background-repeat":"repeat","background-position":"center center","background-size":"auto","background-attachment":"scroll","background-type":"","background-media":"","overlay-type":"","overlay-color":"","overlay-opacity":"","overlay-gradient":""}},"ast-content-background-meta":{"desktop":{"background-color":"var(--ast-global-color-5)","background-image":"","background-repeat":"repeat","background-position":"center center","background-size":"auto","background-attachment":"scroll","background-type":"","background-media":"","overlay-type":"","overlay-color":"","overlay-opacity":"","overlay-gradient":""},"tablet":{"background-color":"var(--ast-global-color-5)","background-image":"","background-repeat":"repeat","background-position":"center center","background-size":"auto","background-attachment":"scroll","background-type":"","background-media":"","overlay-type":"","overlay-color":"","overlay-opacity":"","overlay-gradient":""},"mobile":{"background-color":"var(--ast-global-color-5)","background-image":"","background-repeat":"repeat","background-position":"center center","background-size":"auto","background-attachment":"scroll","background-type":"","background-media":"","overlay-type":"","overlay-color":"","overlay-opacity":"","overlay-gradient":""}}},"product_brand":[],"product_cat":[526,350],"product_tag":[330,328],"class_list":{"0":"post-52284","1":"product","2":"type-product","3":"status-publish","4":"has-post-thumbnail","6":"product_cat-abc-dizains","7":"product_cat-somas-un-mugursomas","8":"product_tag-atseviski-produkti","9":"product_tag-pielagota-timekla-vietne","10":"desktop-align-left","11":"tablet-align-left","12":"mobile-align-left","14":"first","15":"instock","16":"taxable","17":"shipping-taxable","18":"purchasable","19":"product-type-variable"},"acf":[],"aioseo_notices":[],"_links":{"self":[{"href":"https:\/\/hummy.ee\/lv\/wp-json\/wp\/v2\/product\/52284","targetHints":{"allow":["GET"]}}],"collection":[{"href":"https:\/\/hummy.ee\/lv\/wp-json\/wp\/v2\/product"}],"about":[{"href":"https:\/\/hummy.ee\/lv\/wp-json\/wp\/v2\/types\/product"}],"replies":[{"embeddable":true,"href":"https:\/\/hummy.ee\/lv\/wp-json\/wp\/v2\/comments?post=52284"}],"version-history":[{"count":4,"href":"https:\/\/hummy.ee\/lv\/wp-json\/wp\/v2\/product\/52284\/revisions"}],"predecessor-version":[{"id":85305,"href":"https:\/\/hummy.ee\/lv\/wp-json\/wp\/v2\/product\/52284\/revisions\/85305"}],"wp:featuredmedia":[{"embeddable":true,"href":"https:\/\/hummy.ee\/lv\/wp-json\/wp\/v2\/media\/41189"}],"wp:attachment":[{"href":"https:\/\/hummy.ee\/lv\/wp-json\/wp\/v2\/media?parent=52284"}],"wp:term":[{"taxonomy":"product_brand","embeddable":true,"href":"https:\/\/hummy.ee\/lv\/wp-json\/wp\/v2\/product_brand?post=52284"},{"taxonomy":"product_cat","embeddable":true,"href":"https:\/\/hummy.ee\/lv\/wp-json\/wp\/v2\/product_cat?post=52284"},{"taxonomy":"product_tag","embeddable":true,"href":"https:\/\/hummy.ee\/lv\/wp-json\/wp\/v2\/product_tag?post=52284"}],"curies":[{"name":"wp","href":"https:\/\/api.w.org\/{rel}","templated":true}]}}