{"id":52280,"date":"2024-04-07T18:37:20","date_gmt":"2024-04-07T18:37:20","guid":{"rendered":"https:\/\/hummy.ee\/product\/abc-design-pilsetas-autinbiksisu-soma\/"},"modified":"2026-03-03T08:31:10","modified_gmt":"2026-03-03T08:31:10","slug":"abc-design-urban-ratu-soma","status":"publish","type":"product","link":"https:\/\/hummy.ee\/lv\/product\/abc-design-urban-ratu-soma\/","title":{"rendered":"ABC Design Urban ratu soma"},"content":{"rendered":"<h6><em><strong>Ekskluz\u012bvas deta\u013cas un lieliska ietilp\u012bba<\/strong> <\/em><\/h6>\n<h6>Soma ir izgatavota no augstas kvalit\u0101tes materi\u0101liem, un tai ir \u0101dai l\u012bdz\u012bgas deta\u013cas, kas pie\u0161\u0137ir tai greznu izskatu. Ietilp\u012bgaj\u0101 galvenaj\u0101 nodal\u012bjum\u0101 ir vieta auti\u0146biks\u012bt\u0113m, baro\u0161anas pudel\u012bt\u0113m un cit\u0101m nepiecie\u0161amaj\u0101m liet\u0101m, savuk\u0101rt da\u017e\u0101d\u0101s r\u0101v\u0113jsl\u0113dz\u0113ja aizdares un atv\u0113rtaj\u0101s kabat\u0101s s\u012bk\u0101kas lietas ir \u0113rti atrodamas un sak\u0101rtotas.<\/h6>\n<p>&nbsp;<\/p>\n<h6><strong><em>K\u0101p\u0113c izv\u0113l\u0113ties ABC Design Urban ratu soma?<\/em><\/strong><\/h6>\n<ul>\n<li data-start=\"840\" data-end=\"1454\">\n<h6>Moderns un p\u0101rlaic\u012bgs dizains - ide\u0101li piem\u0113rots ikvienam vec\u0101kam, kur\u0161 nov\u0113rt\u0113 stilu un funkcionalit\u0101ti.<\/h6>\n<\/li>\n<li data-start=\"840\" data-end=\"1454\">\n<h6>Pla\u0161s un organiz\u0113ts - taj\u0101 ir visas nepiecie\u0161am\u0101s mazu\u013ca lietas, tostarp auti\u0146biks\u012btes, baro\u0161anas pudel\u012btes un p\u0101rtinam\u0101s dr\u0113bes.<\/h6>\n<\/li>\n<li data-start=\"840\" data-end=\"1454\">\n<h6>M\u016bsdien\u012bga \u0113rt\u012bba - komplekt\u0101 ir higi\u0113nisks un praktisks p\u0101rtinamais pakl\u0101ji\u0146\u0161, lai j\u016bs var\u0113tu \u0113rti p\u0101rvilkt mazuli jebkur\u0101 viet\u0101 un jebkur\u0101 laik\u0101.<\/h6>\n<\/li>\n<li data-start=\"840\" data-end=\"1454\">\n<h6>Ide\u0101li piem\u0113rots j\u016bsu b\u0113rnu ratiem \u2013 pieejams tajos pa\u0161os to\u0146os k\u0101 <a href=\"https:\/\/hummy.ee\/lv\/veikals\/abc-design\/\" target=\"_blank\" rel=\"noopener\">ABC Design<\/a> rati, lai izveidotu elegantu un harmonisku komplektu.<\/h6>\n<\/li>\n<li data-start=\"840\" data-end=\"1454\">\n<h6>\u0112rti n\u0113s\u0101t - plat\u0101 \u0101das siksna padara to viegli un \u0113rti n\u0113s\u0101jamu uz pleca.<\/h6>\n<\/li>\n<\/ul>\n<h6><\/h6>\n<h6><strong><em>Praktisks un daudzpus\u012bgs - ide\u0101li piem\u0113rots jebkurai situ\u0101cijai<\/em><\/strong><\/h6>\n<h6>ABC Design Urban auti\u0146biks\u012b\u0161u soma ir kas vair\u0101k nek\u0101 tikai b\u0113rnu soma - tas ir daudzpus\u012bgs aksesu\u0101rs, kas lieliski piem\u0113rots ikdienas lieto\u0161anai. Pateicoties t\u0101s modernajam dizainam un neitr\u0101laj\u0101m kr\u0101s\u0101m, to var\u0113siet n\u0113s\u0101t ar\u012b p\u0113c tam, kad b\u0113rns b\u016bs paaudzies. Iztur\u012bgas \u0161uves, kvalitat\u012bvi materi\u0101li un p\u0101rdom\u0101ts iek\u0161\u0113jais dizains padara to par ide\u0101lu izv\u0113li pils\u0113tas piedz\u012bvojumiem un gar\u0101kiem ce\u013cojumiem.<\/h6>\n<p>&nbsp;<\/p>\n<h6><em>Noskatieties iepaz\u012b\u0161an\u0101s <a href=\"https:\/\/www.youtube.com\/watch?v=Nh1nLd-qIh4\">videoklipu<\/a>, lai uzzin\u0101tu vair\u0101k.<\/em><\/h6>\n","protected":false},"excerpt":{"rendered":"<h6 data-start=\"0\" data-end=\"84\">ABC Design Urban ratu soma \u2013 stil\u012bgs un praktisks sabiedrotais ikdienai. Ja mekl\u0113jat modernu un \u0113rtu ratu somu, kas sp\u0113j uzglab\u0101t visus b\u0113rna piederumus un ide\u0101li der j\u016bsu b\u0113rnu ratiem, tad ABC Design Urban ratu soma ir tie\u0161i tas, kas jums nepiecie\u0161ams! Moderns un funkcion\u0101ls, \u0161is soma padara katru pastaigu, ce\u013cojumu vai ikdienas darbus \u0113rt\u0101kus.<\/h6>\n","protected":false},"featured_media":41145,"comment_status":"closed","ping_status":"closed","template":"","meta":{"_acf_changed":false,"om_disable_all_campaigns":false,"_monsterinsights_skip_tracking":false,"_monsterinsights_sitenote_active":false,"_monsterinsights_sitenote_note":"","_monsterinsights_sitenote_category":0,"_uf_show_specific_survey":0,"_uf_disable_surveys":false,"site-sidebar-layout":"default","site-content-layout":"","ast-site-content-layout":"default","site-content-style":"default","site-sidebar-style":"default","ast-global-header-display":"","ast-banner-title-visibility":"","ast-main-header-display":"","ast-hfb-above-header-display":"","ast-hfb-below-header-display":"","ast-hfb-mobile-header-display":"","site-post-title":"","ast-breadcrumbs-content":"","ast-featured-img":"","footer-sml-layout":"","theme-transparent-header-meta":"default","adv-header-id-meta":"","stick-header-meta":"","header-above-stick-meta":"","header-main-stick-meta":"","header-below-stick-meta":"","astra-migrate-meta-layouts":"set","ast-page-background-enabled":"default","ast-page-background-meta":{"desktop":{"background-color":"var(--ast-global-color-4)","background-image":"","background-repeat":"repeat","background-position":"center center","background-size":"auto","background-attachment":"scroll","background-type":"","background-media":"","overlay-type":"","overlay-color":"","overlay-opacity":"","overlay-gradient":""},"tablet":{"background-color":"","background-image":"","background-repeat":"repeat","background-position":"center center","background-size":"auto","background-attachment":"scroll","background-type":"","background-media":"","overlay-type":"","overlay-color":"","overlay-opacity":"","overlay-gradient":""},"mobile":{"background-color":"","background-image":"","background-repeat":"repeat","background-position":"center center","background-size":"auto","background-attachment":"scroll","background-type":"","background-media":"","overlay-type":"","overlay-color":"","overlay-opacity":"","overlay-gradient":""}},"ast-content-background-meta":{"desktop":{"background-color":"var(--ast-global-color-5)","background-image":"","background-repeat":"repeat","background-position":"center center","background-size":"auto","background-attachment":"scroll","background-type":"","background-media":"","overlay-type":"","overlay-color":"","overlay-opacity":"","overlay-gradient":""},"tablet":{"background-color":"var(--ast-global-color-5)","background-image":"","background-repeat":"repeat","background-position":"center center","background-size":"auto","background-attachment":"scroll","background-type":"","background-media":"","overlay-type":"","overlay-color":"","overlay-opacity":"","overlay-gradient":""},"mobile":{"background-color":"var(--ast-global-color-5)","background-image":"","background-repeat":"repeat","background-position":"center center","background-size":"auto","background-attachment":"scroll","background-type":"","background-media":"","overlay-type":"","overlay-color":"","overlay-opacity":"","overlay-gradient":""}}},"product_brand":[],"product_cat":[526,350],"product_tag":[330,328],"class_list":{"0":"post-52280","1":"product","2":"type-product","3":"status-publish","4":"has-post-thumbnail","6":"product_cat-abc-dizains","7":"product_cat-somas-un-mugursomas","8":"product_tag-atseviski-produkti","9":"product_tag-pielagota-timekla-vietne","10":"desktop-align-left","11":"tablet-align-left","12":"mobile-align-left","14":"first","15":"instock","16":"taxable","17":"shipping-taxable","18":"purchasable","19":"product-type-variable"},"acf":[],"aioseo_notices":[],"_links":{"self":[{"href":"https:\/\/hummy.ee\/lv\/wp-json\/wp\/v2\/product\/52280","targetHints":{"allow":["GET"]}}],"collection":[{"href":"https:\/\/hummy.ee\/lv\/wp-json\/wp\/v2\/product"}],"about":[{"href":"https:\/\/hummy.ee\/lv\/wp-json\/wp\/v2\/types\/product"}],"replies":[{"embeddable":true,"href":"https:\/\/hummy.ee\/lv\/wp-json\/wp\/v2\/comments?post=52280"}],"version-history":[{"count":4,"href":"https:\/\/hummy.ee\/lv\/wp-json\/wp\/v2\/product\/52280\/revisions"}],"predecessor-version":[{"id":85303,"href":"https:\/\/hummy.ee\/lv\/wp-json\/wp\/v2\/product\/52280\/revisions\/85303"}],"wp:featuredmedia":[{"embeddable":true,"href":"https:\/\/hummy.ee\/lv\/wp-json\/wp\/v2\/media\/41145"}],"wp:attachment":[{"href":"https:\/\/hummy.ee\/lv\/wp-json\/wp\/v2\/media?parent=52280"}],"wp:term":[{"taxonomy":"product_brand","embeddable":true,"href":"https:\/\/hummy.ee\/lv\/wp-json\/wp\/v2\/product_brand?post=52280"},{"taxonomy":"product_cat","embeddable":true,"href":"https:\/\/hummy.ee\/lv\/wp-json\/wp\/v2\/product_cat?post=52280"},{"taxonomy":"product_tag","embeddable":true,"href":"https:\/\/hummy.ee\/lv\/wp-json\/wp\/v2\/product_tag?post=52280"}],"curies":[{"name":"wp","href":"https:\/\/api.w.org\/{rel}","templated":true}]}}