{"id":52255,"date":"2024-04-07T18:37:01","date_gmt":"2024-04-07T18:37:01","guid":{"rendered":"https:\/\/hummy.ee\/product\/abc-design-saulains-lietussargs\/"},"modified":"2026-03-01T12:29:29","modified_gmt":"2026-03-01T12:29:29","slug":"abc-design-saules-aizsargs","status":"publish","type":"product","link":"https:\/\/hummy.ee\/lv\/product\/abc-design-saules-aizsargs\/","title":{"rendered":"ABC Design Sunny saules aizsargs"},"content":{"rendered":"<h6><strong><em>Stil\u012bgs, praktisks un viegli uzst\u0101d\u0101ms<\/em><\/strong><\/h6>\n<h6>Sunny saules aizsargs ir \u012bpa\u0161i izstr\u0101d\u0101ts ABC Design b\u0113rnu ratiem un ratiem, pieejams taj\u0101s pa\u0161\u0101s kr\u0101s\u0101s k\u0101 rati. Tas noz\u012bm\u0113, ka varat izv\u0113l\u0113ties toni, kas ide\u0101li sader ar j\u016bsu b\u0113rnu ratiem, saglab\u0101jot elegantu un vienotu izskatu.<\/h6>\n<p>&nbsp;<\/p>\n<h6>Saules aizsarga piestiprin\u0101\u0161ana ir \u0101tra un vienk\u0101r\u0161a \u2013 tas stingri piestiprin\u0101s pie ratu r\u0101mja, nodro\u0161inot nepiecie\u0161amo aizsardz\u012bbu tie\u0161i tur, kur t\u0101 visvair\u0101k nepiecie\u0161ama. Pateicoties elast\u012bgajam stat\u012bvam, saules aizsargu viegli regul\u0113t, lai aizsarg\u0101tu j\u016bsu b\u0113rnu jebkur\u0101 laik\u0101, neatkar\u012bgi no saules st\u0101vok\u013ca.<\/h6>\n<p>&nbsp;<\/p>\n<h6><strong><em>K\u0101p\u0113c izv\u0113l\u0113ties ABC Design Sunny saules aizsargu?<\/em><\/strong><\/h6>\n<ul>\n<li data-start=\"1101\" data-end=\"1412\">\n<h6>Dro\u0161a aizsardz\u012bba pret saules un UV stariem<\/h6>\n<\/li>\n<li data-start=\"1101\" data-end=\"1412\">\n<h6>Ide\u0101li piem\u0113rots <a href=\"https:\/\/hummy.ee\/lv\/abc-design-ievads\/\" target=\"_blank\" rel=\"noopener\">ABC Design <\/a>b\u0113rnu ratiem<\/h6>\n<\/li>\n<li data-start=\"1101\" data-end=\"1412\">\n<h6>Viegli uzst\u0101d\u0101ms - \u0101tri un dro\u0161i piestiprin\u0101ms<\/h6>\n<\/li>\n<li data-start=\"1101\" data-end=\"1412\">\n<h6>Elast\u012bgs regul\u0113jams rokturis optim\u0101lam \u0113nas p\u0101rkl\u0101jumam<\/h6>\n<\/li>\n<li data-start=\"1101\" data-end=\"1412\">\n<h6>Liels diametrs - aptuveni 60 cm - nodro\u0161ina pla\u0161u patv\u0113rumu<\/h6>\n<\/li>\n<\/ul>\n<h6><\/h6>\n<h6><strong><em>Padariet pastaigas \u0113rt\u0101kas un dro\u0161\u0101kas<\/em><\/strong><\/h6>\n<h6>Vasaras saules stari var b\u016bt intens\u012bvi, ta\u010du pateicoties ABC Design Sunny saules aizsargam, j\u016bsu b\u0113rnam vienm\u0113r ir dro\u0161a un \u0113naina vieta atp\u016btai. Baudiet saules starus bez raiz\u0113m, zinot, ka j\u016bsu mazulis ir labi aizsarg\u0101ts!<\/h6>\n<p>&nbsp;<\/p>\n<h6><em>Noskatieties iepaz\u012b\u0161an\u0101s <a href=\"https:\/\/www.youtube.com\/watch?v=-Ck7873jx0g&amp;t=44s\">videoklipu<\/a>, lai uzzin\u0101tu vair\u0101k.<\/em><\/h6>\n","protected":false},"excerpt":{"rendered":"<h6 data-start=\"0\" data-end=\"69\">ABC Design Sunny saules aizsargs \u2013 perfekta aizsardz\u012bba pret sauli. Baudiet vasaras pastaigas bez raiz\u0113m! ABC Design Sunny saules aizsargs nodro\u0161ina j\u016bsu b\u0113rnam uzticamu aizsardz\u012bbu pret UV starojumu un p\u0101rm\u0113r\u012bgu karstumu. No kvalitat\u012bva auduma izgatavots aizsargs ar aptuvenu diametru 60 cm pied\u0101v\u0101 pla\u0161u \u0113nu un saglab\u0101 j\u016bsu mazo ce\u013cot\u0101ju v\u0113su un \u0113rtu pat vissaulain\u0101kaj\u0101s dien\u0101s.<\/h6>\n","protected":false},"featured_media":35449,"comment_status":"closed","ping_status":"closed","template":"","meta":{"_acf_changed":false,"om_disable_all_campaigns":false,"_monsterinsights_skip_tracking":false,"_monsterinsights_sitenote_active":false,"_monsterinsights_sitenote_note":"","_monsterinsights_sitenote_category":0,"_uf_show_specific_survey":0,"_uf_disable_surveys":false,"site-sidebar-layout":"default","site-content-layout":"","ast-site-content-layout":"default","site-content-style":"default","site-sidebar-style":"default","ast-global-header-display":"","ast-banner-title-visibility":"","ast-main-header-display":"","ast-hfb-above-header-display":"","ast-hfb-below-header-display":"","ast-hfb-mobile-header-display":"","site-post-title":"","ast-breadcrumbs-content":"","ast-featured-img":"","footer-sml-layout":"","theme-transparent-header-meta":"default","adv-header-id-meta":"","stick-header-meta":"","header-above-stick-meta":"","header-main-stick-meta":"","header-below-stick-meta":"","astra-migrate-meta-layouts":"set","ast-page-background-enabled":"default","ast-page-background-meta":{"desktop":{"background-color":"var(--ast-global-color-4)","background-image":"","background-repeat":"repeat","background-position":"center center","background-size":"auto","background-attachment":"scroll","background-type":"","background-media":"","overlay-type":"","overlay-color":"","overlay-opacity":"","overlay-gradient":""},"tablet":{"background-color":"","background-image":"","background-repeat":"repeat","background-position":"center center","background-size":"auto","background-attachment":"scroll","background-type":"","background-media":"","overlay-type":"","overlay-color":"","overlay-opacity":"","overlay-gradient":""},"mobile":{"background-color":"","background-image":"","background-repeat":"repeat","background-position":"center center","background-size":"auto","background-attachment":"scroll","background-type":"","background-media":"","overlay-type":"","overlay-color":"","overlay-opacity":"","overlay-gradient":""}},"ast-content-background-meta":{"desktop":{"background-color":"var(--ast-global-color-5)","background-image":"","background-repeat":"repeat","background-position":"center center","background-size":"auto","background-attachment":"scroll","background-type":"","background-media":"","overlay-type":"","overlay-color":"","overlay-opacity":"","overlay-gradient":""},"tablet":{"background-color":"var(--ast-global-color-5)","background-image":"","background-repeat":"repeat","background-position":"center center","background-size":"auto","background-attachment":"scroll","background-type":"","background-media":"","overlay-type":"","overlay-color":"","overlay-opacity":"","overlay-gradient":""},"mobile":{"background-color":"var(--ast-global-color-5)","background-image":"","background-repeat":"repeat","background-position":"center center","background-size":"auto","background-attachment":"scroll","background-type":"","background-media":"","overlay-type":"","overlay-color":"","overlay-opacity":"","overlay-gradient":""}}},"product_brand":[],"product_cat":[526,322,325],"product_tag":[330,328],"class_list":{"0":"post-52255","1":"product","2":"type-product","3":"status-publish","4":"has-post-thumbnail","6":"product_cat-abc-dizains","7":"product_cat-apgriesanas-piederumi","8":"product_cat-cietuma-parsegi","9":"product_tag-atseviski-produkti","10":"product_tag-pielagota-timekla-vietne","11":"desktop-align-left","12":"tablet-align-left","13":"mobile-align-left","15":"first","16":"instock","17":"taxable","18":"shipping-taxable","19":"purchasable","20":"product-type-variable"},"acf":[],"aioseo_notices":[],"_links":{"self":[{"href":"https:\/\/hummy.ee\/lv\/wp-json\/wp\/v2\/product\/52255","targetHints":{"allow":["GET"]}}],"collection":[{"href":"https:\/\/hummy.ee\/lv\/wp-json\/wp\/v2\/product"}],"about":[{"href":"https:\/\/hummy.ee\/lv\/wp-json\/wp\/v2\/types\/product"}],"replies":[{"embeddable":true,"href":"https:\/\/hummy.ee\/lv\/wp-json\/wp\/v2\/comments?post=52255"}],"version-history":[{"count":4,"href":"https:\/\/hummy.ee\/lv\/wp-json\/wp\/v2\/product\/52255\/revisions"}],"predecessor-version":[{"id":85089,"href":"https:\/\/hummy.ee\/lv\/wp-json\/wp\/v2\/product\/52255\/revisions\/85089"}],"wp:featuredmedia":[{"embeddable":true,"href":"https:\/\/hummy.ee\/lv\/wp-json\/wp\/v2\/media\/35449"}],"wp:attachment":[{"href":"https:\/\/hummy.ee\/lv\/wp-json\/wp\/v2\/media?parent=52255"}],"wp:term":[{"taxonomy":"product_brand","embeddable":true,"href":"https:\/\/hummy.ee\/lv\/wp-json\/wp\/v2\/product_brand?post=52255"},{"taxonomy":"product_cat","embeddable":true,"href":"https:\/\/hummy.ee\/lv\/wp-json\/wp\/v2\/product_cat?post=52255"},{"taxonomy":"product_tag","embeddable":true,"href":"https:\/\/hummy.ee\/lv\/wp-json\/wp\/v2\/product_tag?post=52255"}],"curies":[{"name":"wp","href":"https:\/\/api.w.org\/{rel}","templated":true}]}}