{"id":52251,"date":"2024-04-07T18:36:43","date_gmt":"2024-04-07T18:36:43","guid":{"rendered":"https:\/\/hummy.ee\/product\/abc-design-ziemas-termovelas-soma\/"},"modified":"2026-03-02T14:49:41","modified_gmt":"2026-03-02T14:49:41","slug":"abc-design-winter-ratu-maiss","status":"publish","type":"product","link":"https:\/\/hummy.ee\/lv\/product\/abc-design-winter-ratu-maiss\/","title":{"rendered":"ABC Design Winter ratu maiss"},"content":{"rendered":"<h6 data-start=\"450\" data-end=\"512\"><strong><em>\u0112rts un praktisks dizains ikdienas lieto\u0161anai<\/em><\/strong><\/h6>\n<h6 data-start=\"514\" data-end=\"962\">ABC Design Winter ratu maiss ir viegli piestiprin\u0101ms visiem <a href=\"https:\/\/hummy.ee\/lv\/veikals\/abc-design\/\" target=\"_blank\" rel=\"noopener\">ABC Design<\/a> b\u0113rnu ratiem, k\u0101 ar\u012b piem\u0113rots lieto\u0161anai ar citu ra\u017eot\u0101ju pastaigu ratiem. Da\u017e\u0101dos augstumos izvietot\u0101s jostu atveres \u013cauj ratu maisu piel\u0101got atbilsto\u0161i b\u0113rna augumam un rati\u0146os izmantotajai 5 punktu dro\u0161\u012bbas jostu sist\u0113mai. Pretsl\u012bdes ielaidumi muguras da\u013c\u0101 nodro\u0161ina, ka ratu maiss vienm\u0113r paliek dro\u0161i sav\u0101 viet\u0101 ar\u012b tad, ja b\u0113rns akt\u012bvi kustas.<\/h6>\n<p>&nbsp;<\/p>\n<h6 data-start=\"964\" data-end=\"1283\">Pateicoties plecu siksnas klip\u0161a sist\u0113mai, ratu maisu var \u0101tri uzst\u0101d\u012bt un no\u0146emt. Ja rati ir apr\u012bkoti ar ABC Design klip\u0161a sist\u0113mu, stiprin\u0101\u0161ana ir v\u0113l vienk\u0101r\u0161\u0101ka, jo nav j\u0101liek siksnas apk\u0101rt. Ja ratu maisu \u0161obr\u012bd nav nepiecie\u0161ams, to var \u0113rti saloc\u012bt un kompakti uzglab\u0101t.<\/h6>\n<p>&nbsp;<\/p>\n<p>&nbsp;<\/p>\n<h6 data-start=\"964\" data-end=\"1283\"><strong><em>Daudzpus\u012bga izmanto\u0161ana<\/em><\/strong><\/h6>\n<h6 data-start=\"1327\" data-end=\"1654\">ABC Design Winter ratu maisu nav paredz\u0113ts tikai pastaig\u0101m. To var piln\u012bb\u0101 atv\u0113rt un izloc\u012bt, t\u0101d\u0113\u013c to var izmantot ar\u012b k\u0101 sildo\u0161u segu, sp\u0113\u013cu segu vai praktisku p\u0101rt\u012b\u0161anas pakl\u0101ji\u0146u. Ja mazu\u013cam pastaigas laik\u0101 nepiecie\u0161ama vair\u0101k ventil\u0101cijas, var atv\u0113rt k\u0101jas da\u013cu, lai nodro\u0161in\u0101tu lab\u0101ku gaisa cirkul\u0101ciju.<\/h6>\n<p>&nbsp;<\/p>\n<h6 data-start=\"1656\" data-end=\"1872\">Ratu maisa iek\u0161\u0113j\u0101 k\u0101ju da\u013ca ir viegli t\u012br\u0101ma, kas padara kop\u0161anu \u0101tru un vienk\u0101r\u0161u. Maisa kapuce nodro\u0161ina papildus aizsardz\u012bbu \u012bpa\u0161i aukst\u0101s dien\u0101s, saglab\u0101jot mazu\u013ca galvu siltu un aizsarg\u0101tu pret v\u0113ju.<\/h6>\n<p>&nbsp;<\/p>\n<h6 data-start=\"1874\" data-end=\"1915\"><strong><em>Dro\u0161\u012bba un redzam\u012bba tums\u0101<\/em><\/strong><\/h6>\n<h6 data-start=\"1917\" data-end=\"2139\">Tum\u0161ajos rudens un ziemas vakaros ratu apak\u0161da\u013ca ar atstarojo\u0161u lentu nodro\u0161ina lab\u0101ku redzam\u012bbu un palielina dro\u0161\u012bbu satiksm\u0113. Papildus tam \u016bdensiztur\u012bg\u0101 r\u0101v\u0113jsl\u0113dz\u0113ja da\u013ca ir p\u0101rkl\u0101ta, lai nov\u0113rstu mitruma iek\u013c\u016b\u0161anu ratu mais\u0101.<\/h6>\n<p>&nbsp;<\/p>\n<h6 data-start=\"2141\" data-end=\"2184\"><strong><em>J\u016bsu b\u0113rna ide\u0101ls ziemas sabiedrotais<\/em><\/strong><\/h6>\n<h6 data-start=\"2186\" data-end=\"2527\">Ziemas ratu maisa \u0113rtais garums nodro\u0161ina siltumu no galvas l\u012bdz p\u0113d\u0101m. Pateicoties integr\u0113tajai elast\u012bgajai joslai, to var dro\u0161i piestiprin\u0101t ratu atzveltnei, nov\u0113r\u0161ot sl\u012bd\u0113\u0161anu un p\u0101rvieto\u0161anos. ABC Design Winter ratu maisa dizains ir rad\u012bts t\u0101, lai tavs b\u0113rns justos \u0113rt\u0101, dro\u0161\u0101 un aizsarg\u0101t\u0101 vid\u0113 katras aukst\u0101s pastaigas laik\u0101.<\/h6>\n<p>&nbsp;<\/p>\n<h6><em>Noskatieties iepaz\u012b\u0161an\u0101s <a href=\"https:\/\/www.youtube.com\/watch?v=9Epwbf8NpTs\">videoklipu<\/a>, lai uzzin\u0101tu vair\u0101k.<\/em><\/h6>\n","protected":false},"excerpt":{"rendered":"<h6 data-start=\"0\" data-end=\"76\">ABC Design Winter ratu maisa \u2013 aizsardz\u012bba pret aukstumu katr\u0101 pastaig\u0101. Kad rudens un ziemas temperat\u016bras kr\u012btas, ir laiks silti un \u0113rti ietin mazu\u013ca ABC Design Winter ratos. Maisa iek\u0161puses oder\u0113jums ir no m\u012bksta un silta termofl\u012bsa, nodro\u0161inot uzticamu aizsardz\u012bbu pret aukstumu, v\u0113ju, mitrumu un sniegu. Pateicoties \u016bdens atgr\u016bdo\u0161ajam un v\u0113ju necaurlaid\u012bgajam \u0101r\u0113j\u0101 materi\u0101la sl\u0101nim, j\u016bsu b\u0113rns vienm\u0113r paliks silts un saus\u0101, neatkar\u012bgi no laikapst\u0101k\u013ciem.<\/h6>\n","protected":false},"featured_media":41153,"comment_status":"closed","ping_status":"closed","template":"","meta":{"_acf_changed":false,"om_disable_all_campaigns":false,"_monsterinsights_skip_tracking":false,"_monsterinsights_sitenote_active":false,"_monsterinsights_sitenote_note":"","_monsterinsights_sitenote_category":0,"_uf_show_specific_survey":0,"_uf_disable_surveys":false,"site-sidebar-layout":"default","site-content-layout":"","ast-site-content-layout":"default","site-content-style":"default","site-sidebar-style":"default","ast-global-header-display":"","ast-banner-title-visibility":"","ast-main-header-display":"","ast-hfb-above-header-display":"","ast-hfb-below-header-display":"","ast-hfb-mobile-header-display":"","site-post-title":"","ast-breadcrumbs-content":"","ast-featured-img":"","footer-sml-layout":"","theme-transparent-header-meta":"default","adv-header-id-meta":"","stick-header-meta":"","header-above-stick-meta":"","header-main-stick-meta":"","header-below-stick-meta":"","astra-migrate-meta-layouts":"set","ast-page-background-enabled":"default","ast-page-background-meta":{"desktop":{"background-color":"var(--ast-global-color-4)","background-image":"","background-repeat":"repeat","background-position":"center center","background-size":"auto","background-attachment":"scroll","background-type":"","background-media":"","overlay-type":"","overlay-color":"","overlay-opacity":"","overlay-gradient":""},"tablet":{"background-color":"","background-image":"","background-repeat":"repeat","background-position":"center center","background-size":"auto","background-attachment":"scroll","background-type":"","background-media":"","overlay-type":"","overlay-color":"","overlay-opacity":"","overlay-gradient":""},"mobile":{"background-color":"","background-image":"","background-repeat":"repeat","background-position":"center center","background-size":"auto","background-attachment":"scroll","background-type":"","background-media":"","overlay-type":"","overlay-color":"","overlay-opacity":"","overlay-gradient":""}},"ast-content-background-meta":{"desktop":{"background-color":"var(--ast-global-color-5)","background-image":"","background-repeat":"repeat","background-position":"center center","background-size":"auto","background-attachment":"scroll","background-type":"","background-media":"","overlay-type":"","overlay-color":"","overlay-opacity":"","overlay-gradient":""},"tablet":{"background-color":"var(--ast-global-color-5)","background-image":"","background-repeat":"repeat","background-position":"center center","background-size":"auto","background-attachment":"scroll","background-type":"","background-media":"","overlay-type":"","overlay-color":"","overlay-opacity":"","overlay-gradient":""},"mobile":{"background-color":"var(--ast-global-color-5)","background-image":"","background-repeat":"repeat","background-position":"center center","background-size":"auto","background-attachment":"scroll","background-type":"","background-media":"","overlay-type":"","overlay-color":"","overlay-opacity":"","overlay-gradient":""}}},"product_brand":[],"product_cat":[526,322,397],"product_tag":[330],"class_list":{"0":"post-52251","1":"product","2":"type-product","3":"status-publish","4":"has-post-thumbnail","6":"product_cat-abc-dizains","7":"product_cat-apgriesanas-piederumi","8":"product_cat-karstie-maisini","9":"product_tag-atseviski-produkti","10":"desktop-align-left","11":"tablet-align-left","12":"mobile-align-left","14":"first","15":"instock","16":"taxable","17":"shipping-taxable","18":"purchasable","19":"product-type-variable"},"acf":[],"aioseo_notices":[],"_links":{"self":[{"href":"https:\/\/hummy.ee\/lv\/wp-json\/wp\/v2\/product\/52251","targetHints":{"allow":["GET"]}}],"collection":[{"href":"https:\/\/hummy.ee\/lv\/wp-json\/wp\/v2\/product"}],"about":[{"href":"https:\/\/hummy.ee\/lv\/wp-json\/wp\/v2\/types\/product"}],"replies":[{"embeddable":true,"href":"https:\/\/hummy.ee\/lv\/wp-json\/wp\/v2\/comments?post=52251"}],"version-history":[{"count":7,"href":"https:\/\/hummy.ee\/lv\/wp-json\/wp\/v2\/product\/52251\/revisions"}],"predecessor-version":[{"id":85215,"href":"https:\/\/hummy.ee\/lv\/wp-json\/wp\/v2\/product\/52251\/revisions\/85215"}],"wp:featuredmedia":[{"embeddable":true,"href":"https:\/\/hummy.ee\/lv\/wp-json\/wp\/v2\/media\/41153"}],"wp:attachment":[{"href":"https:\/\/hummy.ee\/lv\/wp-json\/wp\/v2\/media?parent=52251"}],"wp:term":[{"taxonomy":"product_brand","embeddable":true,"href":"https:\/\/hummy.ee\/lv\/wp-json\/wp\/v2\/product_brand?post=52251"},{"taxonomy":"product_cat","embeddable":true,"href":"https:\/\/hummy.ee\/lv\/wp-json\/wp\/v2\/product_cat?post=52251"},{"taxonomy":"product_tag","embeddable":true,"href":"https:\/\/hummy.ee\/lv\/wp-json\/wp\/v2\/product_tag?post=52251"}],"curies":[{"name":"wp","href":"https:\/\/api.w.org\/{rel}","templated":true}]}}