{"id":52186,"date":"2024-04-07T18:54:03","date_gmt":"2024-04-07T18:54:03","guid":{"rendered":"https:\/\/hummy.ee\/product\/abc-design-topsihoidja\/"},"modified":"2026-03-03T07:36:25","modified_gmt":"2026-03-03T07:36:25","slug":"abc-design-kruzisu-turetajs","status":"publish","type":"product","link":"https:\/\/hummy.ee\/lv\/product\/abc-design-kruzisu-turetajs\/","title":{"rendered":"ABC Design ratu kr\u016bz\u012b\u0161u tur\u0113t\u0101js"},"content":{"rendered":"<h6 data-start=\"527\" data-end=\"578\"><strong><em>Viegla uzst\u0101d\u012b\u0161ana un univers\u0101la mont\u0101\u017ea<\/em><\/strong><\/h6>\n<h6 data-start=\"579\" data-end=\"888\">Pateicoties univers\u0101lajai stiprin\u0101\u0161anas sist\u0113mai, kr\u016bz\u012b\u0161u tur\u0113t\u0101ju var \u0101tri un vienk\u0101r\u0161i piestiprin\u0101t pie visiem <a href=\"https:\/\/hummy.ee\/lv\/veikals\/abc-design\/\" target=\"_blank\" rel=\"noopener\">ABC Design<\/a> b\u0113rnu ratiem. To var novietot gan tuvu b\u0113rna s\u0113deklim, lai mazais pats var\u0113tu sasniegt savu dz\u0113rienu, gan pie roktura, lai mammai un t\u0113tim vienm\u0113r b\u016btu \u0113rti tur\u0113t savu kafijas kr\u016bzi vai \u016bdens pudeli.<\/h6>\n<h6 data-start=\"890\" data-end=\"936\"><\/h6>\n<p>&nbsp;<\/p>\n<h6 data-start=\"890\" data-end=\"936\"><strong><em>K\u0101p\u0113c izv\u0113l\u0113ties ABC Design kr\u016bz\u012b\u0161u tur\u0113t\u0101ju?<\/em><\/strong><\/h6>\n<ul>\n<li data-start=\"937\" data-end=\"1133\">\n<h6>Ietilpst l\u012bdz 500 ml pudeles un kr\u016bz\u012btes<\/h6>\n<\/li>\n<li data-start=\"937\" data-end=\"1133\">\n<h6>Viegli uzst\u0101d\u0101ms - piem\u0113rots visiem ABC Design rati\u0146iem.<\/h6>\n<\/li>\n<li data-start=\"937\" data-end=\"1133\">\n<h6>Nodro\u0161ina, ka dz\u0113riens vienm\u0113r ir \u0113rti pa rokai.<\/h6>\n<\/li>\n<li data-start=\"937\" data-end=\"1133\">\n<h6>Praktisks gan b\u0113rnam, gan vec\u0101kam<\/h6>\n<\/li>\n<\/ul>\n<p>&nbsp;<\/p>\n<h6 data-start=\"1135\" data-end=\"1236\">Atkl\u0101jiet \u0113rt\u012bbas un praktiskumu - ABC Design kr\u016bz\u012b\u0161u tur\u0113t\u0101js ir ide\u0101ls sabiedrotais katrai pastaigai!<\/h6>\n<p>&nbsp;<\/p>\n<h6><em>Noskatieties iepaz\u012b\u0161an\u0101s <a href=\"https:\/\/www.youtube.com\/watch?v=E5vdDnQd-2s\">videoklipu<\/a>, lai uzzin\u0101tu vair\u0101k.<\/em><\/h6>\n","protected":false},"excerpt":{"rendered":"<h6 data-start=\"113\" data-end=\"196\">ABC Design kr\u016bzes tur\u0113t\u0101js - praktisks un paroc\u012bgs risin\u0101jums ikvienam b\u0113rnu rati\u0146iem. ABC Design kr\u016bzes tur\u0113t\u0101js ir ide\u0101ls risin\u0101jums, lai mazu\u013ca dz\u0113riens vienm\u0113r b\u016btu pa rokai - vai t\u0101 b\u016btu piena pudel\u012bte, \u016bdens pudele vai kr\u016bze. \u0160is gudrais un stil\u012bgais piederums ietilpina pudeles un kr\u016bzes l\u012bdz 500 ml, nodro\u0161inot maksim\u0101lu \u0113rt\u012bbu katr\u0101 pastaig\u0101.<\/h6>\n","protected":false},"featured_media":42373,"comment_status":"closed","ping_status":"closed","template":"","meta":{"_acf_changed":false,"om_disable_all_campaigns":false,"_monsterinsights_skip_tracking":false,"_monsterinsights_sitenote_active":false,"_monsterinsights_sitenote_note":"","_monsterinsights_sitenote_category":0,"_uf_show_specific_survey":0,"_uf_disable_surveys":false,"site-sidebar-layout":"default","site-content-layout":"","ast-site-content-layout":"default","site-content-style":"default","site-sidebar-style":"default","ast-global-header-display":"","ast-banner-title-visibility":"","ast-main-header-display":"","ast-hfb-above-header-display":"","ast-hfb-below-header-display":"","ast-hfb-mobile-header-display":"","site-post-title":"","ast-breadcrumbs-content":"","ast-featured-img":"","footer-sml-layout":"","theme-transparent-header-meta":"default","adv-header-id-meta":"","stick-header-meta":"","header-above-stick-meta":"","header-main-stick-meta":"","header-below-stick-meta":"","astra-migrate-meta-layouts":"set","ast-page-background-enabled":"default","ast-page-background-meta":{"desktop":{"background-color":"var(--ast-global-color-4)","background-image":"","background-repeat":"repeat","background-position":"center center","background-size":"auto","background-attachment":"scroll","background-type":"","background-media":"","overlay-type":"","overlay-color":"","overlay-opacity":"","overlay-gradient":""},"tablet":{"background-color":"","background-image":"","background-repeat":"repeat","background-position":"center center","background-size":"auto","background-attachment":"scroll","background-type":"","background-media":"","overlay-type":"","overlay-color":"","overlay-opacity":"","overlay-gradient":""},"mobile":{"background-color":"","background-image":"","background-repeat":"repeat","background-position":"center center","background-size":"auto","background-attachment":"scroll","background-type":"","background-media":"","overlay-type":"","overlay-color":"","overlay-opacity":"","overlay-gradient":""}},"ast-content-background-meta":{"desktop":{"background-color":"var(--ast-global-color-5)","background-image":"","background-repeat":"repeat","background-position":"center center","background-size":"auto","background-attachment":"scroll","background-type":"","background-media":"","overlay-type":"","overlay-color":"","overlay-opacity":"","overlay-gradient":""},"tablet":{"background-color":"var(--ast-global-color-5)","background-image":"","background-repeat":"repeat","background-position":"center center","background-size":"auto","background-attachment":"scroll","background-type":"","background-media":"","overlay-type":"","overlay-color":"","overlay-opacity":"","overlay-gradient":""},"mobile":{"background-color":"var(--ast-global-color-5)","background-image":"","background-repeat":"repeat","background-position":"center center","background-size":"auto","background-attachment":"scroll","background-type":"","background-media":"","overlay-type":"","overlay-color":"","overlay-opacity":"","overlay-gradient":""}}},"product_brand":[],"product_cat":[526,322,698],"product_tag":[330,328],"class_list":{"0":"post-52186","1":"product","2":"type-product","3":"status-publish","4":"has-post-thumbnail","6":"product_cat-abc-dizains","7":"product_cat-apgriesanas-piederumi","8":"product_cat-vairak","9":"product_tag-atseviski-produkti","10":"product_tag-pielagota-timekla-vietne","11":"desktop-align-left","12":"tablet-align-left","13":"mobile-align-left","15":"first","16":"instock","17":"taxable","18":"shipping-taxable","19":"purchasable","20":"product-type-simple"},"acf":[],"aioseo_notices":[],"_links":{"self":[{"href":"https:\/\/hummy.ee\/lv\/wp-json\/wp\/v2\/product\/52186","targetHints":{"allow":["GET"]}}],"collection":[{"href":"https:\/\/hummy.ee\/lv\/wp-json\/wp\/v2\/product"}],"about":[{"href":"https:\/\/hummy.ee\/lv\/wp-json\/wp\/v2\/types\/product"}],"replies":[{"embeddable":true,"href":"https:\/\/hummy.ee\/lv\/wp-json\/wp\/v2\/comments?post=52186"}],"version-history":[{"count":4,"href":"https:\/\/hummy.ee\/lv\/wp-json\/wp\/v2\/product\/52186\/revisions"}],"predecessor-version":[{"id":85292,"href":"https:\/\/hummy.ee\/lv\/wp-json\/wp\/v2\/product\/52186\/revisions\/85292"}],"wp:featuredmedia":[{"embeddable":true,"href":"https:\/\/hummy.ee\/lv\/wp-json\/wp\/v2\/media\/42373"}],"wp:attachment":[{"href":"https:\/\/hummy.ee\/lv\/wp-json\/wp\/v2\/media?parent=52186"}],"wp:term":[{"taxonomy":"product_brand","embeddable":true,"href":"https:\/\/hummy.ee\/lv\/wp-json\/wp\/v2\/product_brand?post=52186"},{"taxonomy":"product_cat","embeddable":true,"href":"https:\/\/hummy.ee\/lv\/wp-json\/wp\/v2\/product_cat?post=52186"},{"taxonomy":"product_tag","embeddable":true,"href":"https:\/\/hummy.ee\/lv\/wp-json\/wp\/v2\/product_tag?post=52186"}],"curies":[{"name":"wp","href":"https:\/\/api.w.org\/{rel}","templated":true}]}}