{"id":52174,"date":"2024-04-07T18:40:50","date_gmt":"2024-04-07T18:40:50","guid":{"rendered":"https:\/\/hummy.ee\/product\/abc-design-universala-lietus-pleve\/"},"modified":"2026-03-01T12:42:13","modified_gmt":"2026-03-01T12:42:13","slug":"abc-design-universala-lietus-pleve","status":"publish","type":"product","link":"https:\/\/hummy.ee\/lv\/product\/abc-design-universala-lietus-pleve\/","title":{"rendered":"ABC Design univers\u0101l\u0101 lietus pl\u0113ve"},"content":{"rendered":"<h6><strong><em>K\u0101p\u0113c izv\u0113l\u0113ties ABC Design lietus pl\u0113vei?<\/em><\/strong><\/h6>\n<ul>\n<li data-start=\"373\" data-end=\"620\">\n<h6>Dro\u0161s un videi draudz\u012bgs - bez kait\u012bg\u0101m viel\u0101m.<\/h6>\n<\/li>\n<li data-start=\"373\" data-end=\"620\">\n<h6>Ide\u0101li piem\u0113rots \u2013 da\u017e\u0101di izm\u0113ri visiem ABC Design b\u0113rnu ratiem.<\/h6>\n<\/li>\n<li data-start=\"373\" data-end=\"620\">\n<h6>Viegli uzst\u0101d\u0101ms - \u0101tri un \u0113rti lietojams.<\/h6>\n<\/li>\n<\/ul>\n<h6><strong><em>Savietojam\u012bba <a href=\"https:\/\/hummy.ee\/lv\/abc-design-ievads\/\" target=\"_blank\" rel=\"noopener\">ABC Design<\/a> ar mode\u013ciem:<\/em><\/strong><\/h6>\n<ul>\n<li data-start=\"665\" data-end=\"749\">\n<h6>Samba<\/h6>\n<\/li>\n<li data-start=\"665\" data-end=\"749\">\n<h6>Salsa<\/h6>\n<\/li>\n<li data-start=\"665\" data-end=\"749\">\n<h6>Swing<\/h6>\n<\/li>\n<li data-start=\"665\" data-end=\"749\">\n<h6>Condor<\/h6>\n<\/li>\n<li data-start=\"665\" data-end=\"749\">\n<h6>Turbo<\/h6>\n<\/li>\n<li data-start=\"665\" data-end=\"749\">\n<h6>Viper<\/h6>\n<\/li>\n<\/ul>\n<h6><em>Noskatieties iepaz\u012b\u0161an\u0101s <a href=\"https:\/\/www.youtube.com\/watch?v=MYFgpN0PKA8\">videoklipu<\/a>, lai uzzin\u0101tu vair\u0101k.<\/em><\/h6>\n","protected":false},"excerpt":{"rendered":"<h6 data-start=\"0\" data-end=\"65\">ABC Design lietuspl\u0113ve \u2013 lab\u0101k\u0101 aizsardz\u012bba mazulim jebkuros laikapst\u0101k\u013cos. Vai v\u0113laties doties pastaig\u0101 ar b\u0113rnu ar\u012b lietain\u0101 laik\u0101? ABC Design lietuspl\u0113ve nodro\u0161ina uzticamu aizsardz\u012bbu pret v\u0113ju un lietu, vienlaikus \u013caujot piek\u013c\u016bt svaigam gaisam. ABC Design lietuspl\u0113ves nesatur \u0137\u012bmiskus plastifikatorus, t\u0101d\u0113\u013c t\u0101s ir dro\u0161as gan j\u016bsu b\u0113rnam, gan videi.<\/h6>\n","protected":false},"featured_media":36225,"comment_status":"closed","ping_status":"closed","template":"","meta":{"_acf_changed":false,"om_disable_all_campaigns":false,"_monsterinsights_skip_tracking":false,"_monsterinsights_sitenote_active":false,"_monsterinsights_sitenote_note":"","_monsterinsights_sitenote_category":0,"_uf_show_specific_survey":0,"_uf_disable_surveys":false,"site-sidebar-layout":"default","site-content-layout":"","ast-site-content-layout":"default","site-content-style":"default","site-sidebar-style":"default","ast-global-header-display":"","ast-banner-title-visibility":"","ast-main-header-display":"","ast-hfb-above-header-display":"","ast-hfb-below-header-display":"","ast-hfb-mobile-header-display":"","site-post-title":"","ast-breadcrumbs-content":"","ast-featured-img":"","footer-sml-layout":"","theme-transparent-header-meta":"default","adv-header-id-meta":"","stick-header-meta":"","header-above-stick-meta":"","header-main-stick-meta":"","header-below-stick-meta":"","astra-migrate-meta-layouts":"set","ast-page-background-enabled":"default","ast-page-background-meta":{"desktop":{"background-color":"var(--ast-global-color-4)","background-image":"","background-repeat":"repeat","background-position":"center center","background-size":"auto","background-attachment":"scroll","background-type":"","background-media":"","overlay-type":"","overlay-color":"","overlay-opacity":"","overlay-gradient":""},"tablet":{"background-color":"","background-image":"","background-repeat":"repeat","background-position":"center center","background-size":"auto","background-attachment":"scroll","background-type":"","background-media":"","overlay-type":"","overlay-color":"","overlay-opacity":"","overlay-gradient":""},"mobile":{"background-color":"","background-image":"","background-repeat":"repeat","background-position":"center center","background-size":"auto","background-attachment":"scroll","background-type":"","background-media":"","overlay-type":"","overlay-color":"","overlay-opacity":"","overlay-gradient":""}},"ast-content-background-meta":{"desktop":{"background-color":"var(--ast-global-color-5)","background-image":"","background-repeat":"repeat","background-position":"center center","background-size":"auto","background-attachment":"scroll","background-type":"","background-media":"","overlay-type":"","overlay-color":"","overlay-opacity":"","overlay-gradient":""},"tablet":{"background-color":"var(--ast-global-color-5)","background-image":"","background-repeat":"repeat","background-position":"center center","background-size":"auto","background-attachment":"scroll","background-type":"","background-media":"","overlay-type":"","overlay-color":"","overlay-opacity":"","overlay-gradient":""},"mobile":{"background-color":"var(--ast-global-color-5)","background-image":"","background-repeat":"repeat","background-position":"center center","background-size":"auto","background-attachment":"scroll","background-type":"","background-media":"","overlay-type":"","overlay-color":"","overlay-opacity":"","overlay-gradient":""}}},"product_brand":[],"product_cat":[526,322,325],"product_tag":[330,328],"class_list":{"0":"post-52174","1":"product","2":"type-product","3":"status-publish","4":"has-post-thumbnail","6":"product_cat-abc-dizains","7":"product_cat-apgriesanas-piederumi","8":"product_cat-cietuma-parsegi","9":"product_tag-atseviski-produkti","10":"product_tag-pielagota-timekla-vietne","11":"desktop-align-left","12":"tablet-align-left","13":"mobile-align-left","15":"first","16":"instock","17":"taxable","18":"shipping-taxable","19":"purchasable","20":"product-type-simple"},"acf":[],"aioseo_notices":[],"_links":{"self":[{"href":"https:\/\/hummy.ee\/lv\/wp-json\/wp\/v2\/product\/52174","targetHints":{"allow":["GET"]}}],"collection":[{"href":"https:\/\/hummy.ee\/lv\/wp-json\/wp\/v2\/product"}],"about":[{"href":"https:\/\/hummy.ee\/lv\/wp-json\/wp\/v2\/types\/product"}],"replies":[{"embeddable":true,"href":"https:\/\/hummy.ee\/lv\/wp-json\/wp\/v2\/comments?post=52174"}],"version-history":[{"count":3,"href":"https:\/\/hummy.ee\/lv\/wp-json\/wp\/v2\/product\/52174\/revisions"}],"predecessor-version":[{"id":85093,"href":"https:\/\/hummy.ee\/lv\/wp-json\/wp\/v2\/product\/52174\/revisions\/85093"}],"wp:featuredmedia":[{"embeddable":true,"href":"https:\/\/hummy.ee\/lv\/wp-json\/wp\/v2\/media\/36225"}],"wp:attachment":[{"href":"https:\/\/hummy.ee\/lv\/wp-json\/wp\/v2\/media?parent=52174"}],"wp:term":[{"taxonomy":"product_brand","embeddable":true,"href":"https:\/\/hummy.ee\/lv\/wp-json\/wp\/v2\/product_brand?post=52174"},{"taxonomy":"product_cat","embeddable":true,"href":"https:\/\/hummy.ee\/lv\/wp-json\/wp\/v2\/product_cat?post=52174"},{"taxonomy":"product_tag","embeddable":true,"href":"https:\/\/hummy.ee\/lv\/wp-json\/wp\/v2\/product_tag?post=52174"}],"curies":[{"name":"wp","href":"https:\/\/api.w.org\/{rel}","templated":true}]}}