{"id":52160,"date":"2024-04-07T18:40:24","date_gmt":"2024-04-07T18:40:24","guid":{"rendered":"https:\/\/hummy.ee\/product\/abc-design-universals-tikls-pret-kukainiem\/"},"modified":"2026-03-01T13:06:33","modified_gmt":"2026-03-01T13:06:33","slug":"abc-design-universals-moskitu-tikls","status":"publish","type":"product","link":"https:\/\/hummy.ee\/lv\/product\/abc-design-universals-moskitu-tikls\/","title":{"rendered":"ABC Design univers\u0101ls mosk\u012btu t\u012bkls"},"content":{"rendered":"<h6 data-start=\"211\" data-end=\"266\"><em><strong>K\u0101p\u0113c izv\u0113l\u0113ties ABC Design t\u012bklu pret kukai\u0146iem?<\/strong><\/em><\/h6>\n<ul data-start=\"267\" data-end=\"738\">\n<li data-start=\"267\" data-end=\"376\">\n<h6 data-start=\"269\" data-end=\"376\">Efekt\u012bva aizsardz\u012bba \u2013 aiztur odus, mu\u0161as un citus kukai\u0146us, vienlaikus \u013caujot gaisam br\u012bvi cirkul\u0113t.<\/h6>\n<\/li>\n<li data-start=\"377\" data-end=\"504\">\n<h6 data-start=\"379\" data-end=\"504\">Dro\u0161s un videi draudz\u012bgs \u2013 izgatavots no elpojo\u0161a un b\u0113rniem draudz\u012bga materi\u0101la, nesatur \u0137\u012bmiskas vai kait\u012bgas vielas.<\/h6>\n<\/li>\n<li data-start=\"505\" data-end=\"629\">\n<h6 data-start=\"507\" data-end=\"629\">Ide\u0101li piem\u0113rots \u2013 \u012bpa\u0161i izstr\u0101d\u0101ts ABC Design b\u0113rnu ratiem, nodro\u0161inot dro\u0161u piestiprin\u0101\u0161anu un vieglu uzst\u0101d\u012b\u0161anu.<\/h6>\n<\/li>\n<li data-start=\"630\" data-end=\"738\">\n<h6 data-start=\"632\" data-end=\"738\">Kompakts un paroc\u012bgs \u2013 viegls un salok\u0101ms, \u0113rti p\u0101rn\u0113s\u0101jams un \u0101tri uzliekams, kad tas nepiecie\u0161ams.<\/h6>\n<\/li>\n<\/ul>\n<h6><strong><em>Piem\u0113rot\u012bba un uzst\u0101d\u012b\u0161ana<\/em><\/strong><\/h6>\n<h6>ABC Design mosk\u012btu t\u012bkls, kas \u012bpa\u0161i izstr\u0101d\u0101ts visiem <a href=\"https:\/\/hummy.ee\/lv\/abc-design-ievads\/\" target=\"_blank\" rel=\"noopener\">ABC Design<\/a> rati\u0146u komplektiem un b\u0113rnu rati\u0146iem. T\u0101 elast\u012bg\u0101 mala nodro\u0161ina perfektu piegu\u013c\u0161anu un \u0113rtu piestiprin\u0101\u0161anu, dro\u0161i noturot t\u012bklu sav\u0101 viet\u0101 pat v\u0113jain\u0101 laik\u0101.<\/h6>\n<h6><\/h6>\n<h6>Izbaudiet vasaras pastaigas, neuztraucoties par kukai\u0146iem - ABC Design t\u012bkli\u0146\u0161 pret kukai\u0146iem nodro\u0161ina j\u016bsu mazulim komfortu un sirdsmieru jebkur\u0101 situ\u0101cij\u0101!<\/h6>\n<p>&nbsp;<\/p>\n<h6><em>Noskatieties iepaz\u012b\u0161an\u0101s <a href=\"https:\/\/www.youtube.com\/watch?v=_9q8CLXVAJ8\">videoklipu<\/a>, lai uzzin\u0101tu vair\u0101k.<\/em><\/h6>\n","protected":false},"excerpt":{"rendered":"<h6 data-start=\"268\" data-end=\"676\">ABC Design univers\u0101lais t\u012bkls pret kukai\u0146iem \u2013 dro\u0161a mazu\u013ca aizsardz\u012bba katru vasaru. Vasar\u0101 nav nek\u0101 jautr\u0101ka par pastaig\u0101m ar mazuli svaig\u0101 gais\u0101. Ta\u010du m\u0113s neesam vieni \u0101r\u0101 \u2013 silt\u0101k\u0101 laik\u0101 k\u013c\u016bst akt\u012bv\u0101ki ar\u012b kait\u012bgi kukai\u0146i, piem\u0113ram, odi, mu\u0161as un lapsenes. ABC Design t\u012bkls pret kukai\u0146iem nodro\u0161ina uzticamu aizsardz\u012bbu, ne\u013caujot nev\u0113lamajiem viesiem piek\u013c\u016bt mazulim un garant\u0113jot mier\u012bgu pastaigu.<\/h6>\n","protected":false},"featured_media":36297,"comment_status":"closed","ping_status":"closed","template":"","meta":{"_acf_changed":false,"om_disable_all_campaigns":false,"_monsterinsights_skip_tracking":false,"_monsterinsights_sitenote_active":false,"_monsterinsights_sitenote_note":"","_monsterinsights_sitenote_category":0,"_uf_show_specific_survey":0,"_uf_disable_surveys":false,"site-sidebar-layout":"default","site-content-layout":"","ast-site-content-layout":"default","site-content-style":"default","site-sidebar-style":"default","ast-global-header-display":"","ast-banner-title-visibility":"","ast-main-header-display":"","ast-hfb-above-header-display":"","ast-hfb-below-header-display":"","ast-hfb-mobile-header-display":"","site-post-title":"","ast-breadcrumbs-content":"","ast-featured-img":"","footer-sml-layout":"","theme-transparent-header-meta":"default","adv-header-id-meta":"","stick-header-meta":"","header-above-stick-meta":"","header-main-stick-meta":"","header-below-stick-meta":"","astra-migrate-meta-layouts":"set","ast-page-background-enabled":"default","ast-page-background-meta":{"desktop":{"background-color":"var(--ast-global-color-4)","background-image":"","background-repeat":"repeat","background-position":"center center","background-size":"auto","background-attachment":"scroll","background-type":"","background-media":"","overlay-type":"","overlay-color":"","overlay-opacity":"","overlay-gradient":""},"tablet":{"background-color":"","background-image":"","background-repeat":"repeat","background-position":"center center","background-size":"auto","background-attachment":"scroll","background-type":"","background-media":"","overlay-type":"","overlay-color":"","overlay-opacity":"","overlay-gradient":""},"mobile":{"background-color":"","background-image":"","background-repeat":"repeat","background-position":"center center","background-size":"auto","background-attachment":"scroll","background-type":"","background-media":"","overlay-type":"","overlay-color":"","overlay-opacity":"","overlay-gradient":""}},"ast-content-background-meta":{"desktop":{"background-color":"var(--ast-global-color-5)","background-image":"","background-repeat":"repeat","background-position":"center center","background-size":"auto","background-attachment":"scroll","background-type":"","background-media":"","overlay-type":"","overlay-color":"","overlay-opacity":"","overlay-gradient":""},"tablet":{"background-color":"var(--ast-global-color-5)","background-image":"","background-repeat":"repeat","background-position":"center center","background-size":"auto","background-attachment":"scroll","background-type":"","background-media":"","overlay-type":"","overlay-color":"","overlay-opacity":"","overlay-gradient":""},"mobile":{"background-color":"var(--ast-global-color-5)","background-image":"","background-repeat":"repeat","background-position":"center center","background-size":"auto","background-attachment":"scroll","background-type":"","background-media":"","overlay-type":"","overlay-color":"","overlay-opacity":"","overlay-gradient":""}}},"product_brand":[],"product_cat":[526,322,325],"product_tag":[330,328],"class_list":{"0":"post-52160","1":"product","2":"type-product","3":"status-publish","4":"has-post-thumbnail","6":"product_cat-abc-dizains","7":"product_cat-apgriesanas-piederumi","8":"product_cat-cietuma-parsegi","9":"product_tag-atseviski-produkti","10":"product_tag-pielagota-timekla-vietne","11":"desktop-align-left","12":"tablet-align-left","13":"mobile-align-left","15":"first","16":"instock","17":"taxable","18":"shipping-taxable","19":"purchasable","20":"product-type-simple"},"acf":[],"aioseo_notices":[],"_links":{"self":[{"href":"https:\/\/hummy.ee\/lv\/wp-json\/wp\/v2\/product\/52160","targetHints":{"allow":["GET"]}}],"collection":[{"href":"https:\/\/hummy.ee\/lv\/wp-json\/wp\/v2\/product"}],"about":[{"href":"https:\/\/hummy.ee\/lv\/wp-json\/wp\/v2\/types\/product"}],"replies":[{"embeddable":true,"href":"https:\/\/hummy.ee\/lv\/wp-json\/wp\/v2\/comments?post=52160"}],"version-history":[{"count":4,"href":"https:\/\/hummy.ee\/lv\/wp-json\/wp\/v2\/product\/52160\/revisions"}],"predecessor-version":[{"id":85100,"href":"https:\/\/hummy.ee\/lv\/wp-json\/wp\/v2\/product\/52160\/revisions\/85100"}],"wp:featuredmedia":[{"embeddable":true,"href":"https:\/\/hummy.ee\/lv\/wp-json\/wp\/v2\/media\/36297"}],"wp:attachment":[{"href":"https:\/\/hummy.ee\/lv\/wp-json\/wp\/v2\/media?parent=52160"}],"wp:term":[{"taxonomy":"product_brand","embeddable":true,"href":"https:\/\/hummy.ee\/lv\/wp-json\/wp\/v2\/product_brand?post=52160"},{"taxonomy":"product_cat","embeddable":true,"href":"https:\/\/hummy.ee\/lv\/wp-json\/wp\/v2\/product_cat?post=52160"},{"taxonomy":"product_tag","embeddable":true,"href":"https:\/\/hummy.ee\/lv\/wp-json\/wp\/v2\/product_tag?post=52160"}],"curies":[{"name":"wp","href":"https:\/\/api.w.org\/{rel}","templated":true}]}}