{"id":52159,"date":"2024-04-07T18:40:33","date_gmt":"2024-04-07T18:40:33","guid":{"rendered":"https:\/\/hummy.ee\/product\/abc-design-palielinat-lietus-pleve\/"},"modified":"2026-03-01T12:37:56","modified_gmt":"2026-03-01T12:37:56","slug":"abc-design-zoom-lietus-pleve","status":"publish","type":"product","link":"https:\/\/hummy.ee\/lv\/product\/abc-design-zoom-lietus-pleve\/","title":{"rendered":"ABC Design Zoom lietus pl\u0113ve"},"content":{"rendered":"<h6><strong><em>K\u0101p\u0113c izv\u0113l\u0113ties ABC Design Zoom lietus pl\u0113vi?<\/em><\/strong><\/h6>\n<ul>\n<li data-start=\"425\" data-end=\"913\">\n<h6>Maksim\u0101la aizsardz\u012bba - saglab\u0101 j\u016bsu rati\u0146us sausus un pasarg\u0101 no lietus, v\u0113ja un \u0161\u013cakat\u0101m.<\/h6>\n<\/li>\n<li data-start=\"425\" data-end=\"913\">\n<h6>Dro\u0161s un videi draudz\u012bgs - nesatur kait\u012bgus plastifikatorus, kas nodro\u0161ina mazulim draudz\u012bgu lieto\u0161anu.<\/h6>\n<\/li>\n<li data-start=\"425\" data-end=\"913\">\n<h6>Ide\u0101la sader\u012bba \u2013 \u012bpa\u0161i izstr\u0101d\u0101ts ABC Design <a href=\"https:\/\/hummy.ee\/lv\/product\/abc-design-zoom-2-ratini\/\" target=\"_blank\" rel=\"noopener\">Zoom 2 <\/a>b\u0113rnu ratiem, nodro\u0161inot \u0113rtu uzst\u0101d\u012b\u0161anu un stingru piestiprin\u0101jumu.<\/h6>\n<\/li>\n<li data-start=\"425\" data-end=\"913\">\n<h6>Kompakts un paroc\u012bgs - viegls un salok\u0101ms, lai j\u016bs to var\u0113tu pa\u0146emt l\u012bdzi, lai kurp j\u016bs dotos, un \u0101tri uzvilkt, kad tas ir nepiecie\u0161ams.<\/h6>\n<\/li>\n<\/ul>\n<h6><strong><em>Piem\u0113rot\u012bba un uzst\u0101d\u012b\u0161ana<\/em><\/strong><\/h6>\n<h6>ABC Design Zoom lietuspl\u0113ve ir \u012bpa\u0161i piel\u0101gota Zoom un Zoom 2 b\u0113rnu ratiem, nodro\u0161inot ide\u0101lu piegu\u013cam\u012bbu un vienk\u0101r\u0161u uzst\u0101d\u012b\u0161anu. Turkl\u0101t m\u016bsu pied\u0101v\u0101jum\u0101 ir da\u017e\u0101du izm\u0113ru lietuspl\u0113ves, kas piem\u0113rotas visiem ABC Design b\u0113rnu ratiem, ratiem un autos\u0113dekl\u012b\u0161iem, tostarp Tulip autos\u0113deklim.<\/h6>\n<h6><\/h6>\n<h6>Ne\u013caujiet lietum ierobe\u017eot j\u016bsu pastaigas \u2013 izv\u0113lieties ABC Design Zoom lietuspl\u0113vi un izbaudiet laiku \u0101r\u0101 jebkuros laikapst\u0101k\u013cos!<\/h6>\n<p>&nbsp;<\/p>\n<h6><\/h6>\n<h6><em>Noskatieties iepaz\u012b\u0161an\u0101s <a href=\"https:\/\/www.youtube.com\/watch?v=iowK0yA04_E&amp;t=1s\">videoklipu<\/a>, lai uzzin\u0101tu vair\u0101k.<\/em><\/h6>\n","protected":false},"excerpt":{"rendered":"<h6 data-start=\"0\" data-end=\"69\">ABC Design Zoom lietuspl\u0113ve \u2013 uzticama aizsardz\u012bba jebkuros laikapst\u0101k\u013cos. Vai v\u0113laties ar savu b\u0113rnu doties pastaig\u0101 lietain\u0101 vai v\u0113jain\u0101 laik\u0101, neuztraucoties par b\u0113rna komfortu un dro\u0161\u012bbu? ABC Design Zoom lietuspl\u0113ve ir rad\u012bta, lai nodro\u0161in\u0101tu j\u016bsu b\u0113rnu ratiem uzticamu aizsardz\u012bbu pret lietu, v\u0113ju un mitrumu, saglab\u0101jot labu gaisa cirkul\u0101ciju.<\/h6>\n","protected":false},"featured_media":36213,"comment_status":"closed","ping_status":"closed","template":"","meta":{"_acf_changed":false,"om_disable_all_campaigns":false,"_monsterinsights_skip_tracking":false,"_monsterinsights_sitenote_active":false,"_monsterinsights_sitenote_note":"","_monsterinsights_sitenote_category":0,"_uf_show_specific_survey":0,"_uf_disable_surveys":false,"site-sidebar-layout":"default","site-content-layout":"","ast-site-content-layout":"default","site-content-style":"default","site-sidebar-style":"default","ast-global-header-display":"","ast-banner-title-visibility":"","ast-main-header-display":"","ast-hfb-above-header-display":"","ast-hfb-below-header-display":"","ast-hfb-mobile-header-display":"","site-post-title":"","ast-breadcrumbs-content":"","ast-featured-img":"","footer-sml-layout":"","theme-transparent-header-meta":"default","adv-header-id-meta":"","stick-header-meta":"","header-above-stick-meta":"","header-main-stick-meta":"","header-below-stick-meta":"","astra-migrate-meta-layouts":"set","ast-page-background-enabled":"default","ast-page-background-meta":{"desktop":{"background-color":"var(--ast-global-color-4)","background-image":"","background-repeat":"repeat","background-position":"center center","background-size":"auto","background-attachment":"scroll","background-type":"","background-media":"","overlay-type":"","overlay-color":"","overlay-opacity":"","overlay-gradient":""},"tablet":{"background-color":"","background-image":"","background-repeat":"repeat","background-position":"center center","background-size":"auto","background-attachment":"scroll","background-type":"","background-media":"","overlay-type":"","overlay-color":"","overlay-opacity":"","overlay-gradient":""},"mobile":{"background-color":"","background-image":"","background-repeat":"repeat","background-position":"center center","background-size":"auto","background-attachment":"scroll","background-type":"","background-media":"","overlay-type":"","overlay-color":"","overlay-opacity":"","overlay-gradient":""}},"ast-content-background-meta":{"desktop":{"background-color":"var(--ast-global-color-5)","background-image":"","background-repeat":"repeat","background-position":"center center","background-size":"auto","background-attachment":"scroll","background-type":"","background-media":"","overlay-type":"","overlay-color":"","overlay-opacity":"","overlay-gradient":""},"tablet":{"background-color":"var(--ast-global-color-5)","background-image":"","background-repeat":"repeat","background-position":"center center","background-size":"auto","background-attachment":"scroll","background-type":"","background-media":"","overlay-type":"","overlay-color":"","overlay-opacity":"","overlay-gradient":""},"mobile":{"background-color":"var(--ast-global-color-5)","background-image":"","background-repeat":"repeat","background-position":"center center","background-size":"auto","background-attachment":"scroll","background-type":"","background-media":"","overlay-type":"","overlay-color":"","overlay-opacity":"","overlay-gradient":""}}},"product_brand":[],"product_cat":[526,322,325],"product_tag":[330,328],"class_list":{"0":"post-52159","1":"product","2":"type-product","3":"status-publish","4":"has-post-thumbnail","6":"product_cat-abc-dizains","7":"product_cat-apgriesanas-piederumi","8":"product_cat-cietuma-parsegi","9":"product_tag-atseviski-produkti","10":"product_tag-pielagota-timekla-vietne","11":"desktop-align-left","12":"tablet-align-left","13":"mobile-align-left","15":"first","16":"instock","17":"taxable","18":"shipping-taxable","19":"purchasable","20":"product-type-simple"},"acf":[],"aioseo_notices":[],"_links":{"self":[{"href":"https:\/\/hummy.ee\/lv\/wp-json\/wp\/v2\/product\/52159","targetHints":{"allow":["GET"]}}],"collection":[{"href":"https:\/\/hummy.ee\/lv\/wp-json\/wp\/v2\/product"}],"about":[{"href":"https:\/\/hummy.ee\/lv\/wp-json\/wp\/v2\/types\/product"}],"replies":[{"embeddable":true,"href":"https:\/\/hummy.ee\/lv\/wp-json\/wp\/v2\/comments?post=52159"}],"version-history":[{"count":4,"href":"https:\/\/hummy.ee\/lv\/wp-json\/wp\/v2\/product\/52159\/revisions"}],"predecessor-version":[{"id":85091,"href":"https:\/\/hummy.ee\/lv\/wp-json\/wp\/v2\/product\/52159\/revisions\/85091"}],"wp:featuredmedia":[{"embeddable":true,"href":"https:\/\/hummy.ee\/lv\/wp-json\/wp\/v2\/media\/36213"}],"wp:attachment":[{"href":"https:\/\/hummy.ee\/lv\/wp-json\/wp\/v2\/media?parent=52159"}],"wp:term":[{"taxonomy":"product_brand","embeddable":true,"href":"https:\/\/hummy.ee\/lv\/wp-json\/wp\/v2\/product_brand?post=52159"},{"taxonomy":"product_cat","embeddable":true,"href":"https:\/\/hummy.ee\/lv\/wp-json\/wp\/v2\/product_cat?post=52159"},{"taxonomy":"product_tag","embeddable":true,"href":"https:\/\/hummy.ee\/lv\/wp-json\/wp\/v2\/product_tag?post=52159"}],"curies":[{"name":"wp","href":"https:\/\/api.w.org\/{rel}","templated":true}]}}