{"id":52146,"date":"2024-04-07T18:39:53","date_gmt":"2024-04-07T18:39:53","guid":{"rendered":"https:\/\/hummy.ee\/product\/abc-design-lampa\/"},"modified":"2026-03-03T07:09:06","modified_gmt":"2026-03-03T07:09:06","slug":"abc-design-lampa","status":"publish","type":"product","link":"https:\/\/hummy.ee\/lv\/product\/abc-design-lampa\/","title":{"rendered":"ABC Design lampa"},"content":{"rendered":"<h6><strong><em>K\u0101p\u0113c izv\u0113l\u0113ties ABC Design lampu?<\/em><\/strong><\/h6>\n<ul>\n<li data-start=\"535\" data-end=\"1165\">\n<h6>Uzlabota redzam\u012bba un dro\u0161\u012bba - b\u0113rnu rati\u0146i ir lab\u0101k redzami autovad\u012bt\u0101jiem un citiem g\u0101j\u0113jiem.<\/h6>\n<\/li>\n<li data-start=\"535\" data-end=\"1165\">\n<h6>Noska\u0146u apgaismojums - izv\u0113lieties k\u0101du no septi\u0146\u0101m da\u017e\u0101d\u0101m pamatkr\u0101s\u0101m un radiet m\u0101j\u012bgu atmosf\u0113ru pastaigas laik\u0101.<\/h6>\n<\/li>\n<li data-start=\"535\" data-end=\"1165\">\n<h6>Viegla vad\u012bba - lampas iestat\u012bjumus var \u0113rti regul\u0113t manu\u0101li vai izmantojot ABC Design viedo lietotni.<\/h6>\n<\/li>\n<li data-start=\"535\" data-end=\"1165\">\n<h6>Univers\u0101ls un elast\u012bgs - pateicoties praktiskajai mont\u0101\u017eas sist\u0113mai, lampu var \u0101tri un viegli piestiprin\u0101t pie jebkura luktura. <a href=\"https:\/\/hummy.ee\/lv\/abc-design-ievads\/\" target=\"_blank\" rel=\"noopener\">ABC Design<\/a> pie jebkura b\u0113rnu rati\u0146a.<\/h6>\n<\/li>\n<li data-start=\"535\" data-end=\"1165\">\n<h6>Efekt\u012bvs un iztur\u012bgs - ener\u0123iju taupo\u0161ais dizains nodro\u0161ina ilgu akumulatora darb\u012bbas laiku, bet uzl\u0101de ir \u0101tra un \u0113rta.<\/h6>\n<\/li>\n<\/ul>\n<h6><\/h6>\n<h6><strong><em>Ide\u0101ls sabiedrotais ikdienas pastaig\u0101m<\/em><\/strong><\/h6>\n<h6>ABC Design lampa ir ne tikai praktisks dro\u0161\u012bbas risin\u0101jums, bet ar\u012b stil\u012bgs aksesu\u0101rs, kas j\u016bsu pastaig\u0101m pie\u0161\u0137irs \u012bpa\u0161u atmosf\u0113ru. Pateicoties iztur\u012bgajam un \u016bdensnecaurlaid\u012bgajam dizainam, t\u0101 ir piem\u0113rota lieto\u0161anai jebkuros laikapst\u0101k\u013cos - gan liet\u016b, gan snieg\u0101, gan migl\u0101.<\/h6>\n<p>&nbsp;<\/p>\n<h6>Ja v\u0113laties baud\u012bt dro\u0161as un pat\u012bkamas pastaigas tums\u0101 vai tums\u0101, ABC Design lampa ir lieliska izv\u0113le!<\/h6>\n<p>&nbsp;<\/p>\n<h6><em>Noskatieties iepaz\u012b\u0161an\u0101s <a href=\"https:\/\/www.youtube.com\/watch?v=OO2iZQtr1es\">videoklipu<\/a>, lai uzzin\u0101tu vair\u0101k.<\/em><\/h6>\n","protected":false},"excerpt":{"rendered":"<h6 data-start=\"0\" data-end=\"82\">ABC Design lampa - dro\u0161\u012bbas un noska\u0146as apgaismojums vakara pastaig\u0101m. Vakara un kr\u0113slas pastaigas ar b\u0113rnu var b\u016bt patie\u0161\u0101m pat\u012bkamas, ta\u010du ir svar\u012bgi nodro\u0161in\u0101t labu redzam\u012bbu un dro\u0161\u012bbu, pastaig\u0101joties tums\u0101. ABC Design lampa ir gudrs un praktisks aksesu\u0101rs, kas uzlabo redzam\u012bbu un padara j\u016bsu rati\u0146us viegl\u0101k paman\u0101mus pat v\u0101j\u0101 apgaismojum\u0101. Tas sniedz jums un j\u016bsu b\u0113rnam papildu aizsardz\u012bbu satiksm\u0113, pal\u012bdzot izvair\u012bties no negaid\u012bt\u0101m situ\u0101cij\u0101m.<\/h6>\n","protected":false},"featured_media":22137,"comment_status":"closed","ping_status":"closed","template":"","meta":{"_acf_changed":false,"om_disable_all_campaigns":false,"_monsterinsights_skip_tracking":false,"_monsterinsights_sitenote_active":false,"_monsterinsights_sitenote_note":"","_monsterinsights_sitenote_category":0,"_uf_show_specific_survey":0,"_uf_disable_surveys":false,"site-sidebar-layout":"default","site-content-layout":"","ast-site-content-layout":"default","site-content-style":"default","site-sidebar-style":"default","ast-global-header-display":"","ast-banner-title-visibility":"","ast-main-header-display":"","ast-hfb-above-header-display":"","ast-hfb-below-header-display":"","ast-hfb-mobile-header-display":"","site-post-title":"","ast-breadcrumbs-content":"","ast-featured-img":"","footer-sml-layout":"","theme-transparent-header-meta":"default","adv-header-id-meta":"","stick-header-meta":"","header-above-stick-meta":"","header-main-stick-meta":"","header-below-stick-meta":"","astra-migrate-meta-layouts":"set","ast-page-background-enabled":"default","ast-page-background-meta":{"desktop":{"background-color":"var(--ast-global-color-4)","background-image":"","background-repeat":"repeat","background-position":"center center","background-size":"auto","background-attachment":"scroll","background-type":"","background-media":"","overlay-type":"","overlay-color":"","overlay-opacity":"","overlay-gradient":""},"tablet":{"background-color":"","background-image":"","background-repeat":"repeat","background-position":"center center","background-size":"auto","background-attachment":"scroll","background-type":"","background-media":"","overlay-type":"","overlay-color":"","overlay-opacity":"","overlay-gradient":""},"mobile":{"background-color":"","background-image":"","background-repeat":"repeat","background-position":"center center","background-size":"auto","background-attachment":"scroll","background-type":"","background-media":"","overlay-type":"","overlay-color":"","overlay-opacity":"","overlay-gradient":""}},"ast-content-background-meta":{"desktop":{"background-color":"var(--ast-global-color-5)","background-image":"","background-repeat":"repeat","background-position":"center center","background-size":"auto","background-attachment":"scroll","background-type":"","background-media":"","overlay-type":"","overlay-color":"","overlay-opacity":"","overlay-gradient":""},"tablet":{"background-color":"var(--ast-global-color-5)","background-image":"","background-repeat":"repeat","background-position":"center center","background-size":"auto","background-attachment":"scroll","background-type":"","background-media":"","overlay-type":"","overlay-color":"","overlay-opacity":"","overlay-gradient":""},"mobile":{"background-color":"var(--ast-global-color-5)","background-image":"","background-repeat":"repeat","background-position":"center center","background-size":"auto","background-attachment":"scroll","background-type":"","background-media":"","overlay-type":"","overlay-color":"","overlay-opacity":"","overlay-gradient":""}}},"product_brand":[273],"product_cat":[526,322,698],"product_tag":[330,328],"class_list":{"0":"post-52146","1":"product","2":"type-product","3":"status-publish","4":"has-post-thumbnail","6":"product_brand-abc-design","7":"product_cat-abc-dizains","8":"product_cat-apgriesanas-piederumi","9":"product_cat-vairak","10":"product_tag-atseviski-produkti","11":"product_tag-pielagota-timekla-vietne","12":"desktop-align-left","13":"tablet-align-left","14":"mobile-align-left","16":"first","17":"instock","18":"taxable","19":"shipping-taxable","20":"purchasable","21":"product-type-simple"},"acf":[],"aioseo_notices":[],"_links":{"self":[{"href":"https:\/\/hummy.ee\/lv\/wp-json\/wp\/v2\/product\/52146","targetHints":{"allow":["GET"]}}],"collection":[{"href":"https:\/\/hummy.ee\/lv\/wp-json\/wp\/v2\/product"}],"about":[{"href":"https:\/\/hummy.ee\/lv\/wp-json\/wp\/v2\/types\/product"}],"replies":[{"embeddable":true,"href":"https:\/\/hummy.ee\/lv\/wp-json\/wp\/v2\/comments?post=52146"}],"version-history":[{"count":2,"href":"https:\/\/hummy.ee\/lv\/wp-json\/wp\/v2\/product\/52146\/revisions"}],"predecessor-version":[{"id":85286,"href":"https:\/\/hummy.ee\/lv\/wp-json\/wp\/v2\/product\/52146\/revisions\/85286"}],"wp:featuredmedia":[{"embeddable":true,"href":"https:\/\/hummy.ee\/lv\/wp-json\/wp\/v2\/media\/22137"}],"wp:attachment":[{"href":"https:\/\/hummy.ee\/lv\/wp-json\/wp\/v2\/media?parent=52146"}],"wp:term":[{"taxonomy":"product_brand","embeddable":true,"href":"https:\/\/hummy.ee\/lv\/wp-json\/wp\/v2\/product_brand?post=52146"},{"taxonomy":"product_cat","embeddable":true,"href":"https:\/\/hummy.ee\/lv\/wp-json\/wp\/v2\/product_cat?post=52146"},{"taxonomy":"product_tag","embeddable":true,"href":"https:\/\/hummy.ee\/lv\/wp-json\/wp\/v2\/product_tag?post=52146"}],"curies":[{"name":"wp","href":"https:\/\/api.w.org\/{rel}","templated":true}]}}