{"id":52134,"date":"2024-04-07T18:39:18","date_gmt":"2024-04-07T18:39:18","guid":{"rendered":"https:\/\/hummy.ee\/product\/abc-design-avus-drosibas-supula-adapteris\/"},"modified":"2026-03-02T18:05:51","modified_gmt":"2026-03-02T18:05:51","slug":"abc-design-avus-autokresla-adapteri","status":"publish","type":"product","link":"https:\/\/hummy.ee\/lv\/product\/abc-design-avus-autokresla-adapteri\/","title":{"rendered":"ABC Design Avus autokr\u0113sla adapteri"},"content":{"rendered":"<h6><strong><em>\u0100tra uzst\u0101d\u012b\u0161ana un univers\u0101la sader\u012bba<\/em><\/strong><\/h6>\n<h6>ABC Design Avus adapteris ir izstr\u0101d\u0101ts, lai padar\u012btu p\u0101rvieto\u0161anos ar b\u0113rnu p\u0113c iesp\u0113jas vienk\u0101r\u0161\u0101ku. Uzst\u0101d\u012b\u0161ana ir \u0101tra un intuit\u012bva, nodro\u0161inot autokr\u0113sla stabilu stiprin\u0101jumu un vienm\u0113r\u012bgu lieto\u0161anas pieredzi. T\u0101 ir ide\u0101la izv\u0113le \u0123imen\u0113m, kas nov\u0113rt\u0113 \u0113rtumu, dro\u0161\u012bbu un elast\u012bbu.<\/h6>\n<p>&nbsp;<\/p>\n<h6><\/h6>\n<h6><strong><em>Sader\u012bgs ar \u0161\u0101diem rati\u0146u mode\u013ciem:<\/em><\/strong><\/h6>\n<ul>\n<li data-start=\"825\" data-end=\"915\">\n<h6>Avus \/ Avus 2<\/h6>\n<\/li>\n<li data-start=\"825\" data-end=\"915\">\n<h6><\/h6>\n<h6>Avus Air \/ Avus 2 Air<\/h6>\n<\/li>\n<\/ul>\n<h6><strong><em>Sader\u012bgs ar popul\u0101riem autokr\u0113sliem:<\/em><\/strong><\/h6>\n<h6>ABC Design Avus autokr\u0113sla adapteris ir sader\u012bgs ar pla\u0161u paz\u012bstamu un uzticamu autokr\u0113slu z\u012bmolu kl\u0101stu, tai skait\u0101:<\/h6>\n<ul>\n<li data-start=\"1085\" data-end=\"1424\">\n<h6>ABC Design: Tulip<\/h6>\n<\/li>\n<li data-start=\"1085\" data-end=\"1424\">\n<h6>Maxi-Cosi: City, Convertible-Fix, Coral, Pebble (ieskaitot Pebble Plus, Pro, 360, 360 Pro, 360 Pro, 360 Pro 2)<\/h6>\n<\/li>\n<li data-start=\"1085\" data-end=\"1424\">\n<h6>Cybex: Aton (ieskaitot Aton 5, M, M i-Size, Q, Q Plus, Q i-Size), Cloud (ieskaitot Cloud T, Q, Q Plus, Z i-Size, Z2 i-Size).<\/h6>\n<\/li>\n<li data-start=\"1085\" data-end=\"1424\">\n<h6>Joie: i-Gemm<\/h6>\n<\/li>\n<li data-start=\"1085\" data-end=\"1424\">\n<h6>BeSafe: iZi Go Modular X1 i-Size<\/h6>\n<\/li>\n<li data-start=\"1085\" data-end=\"1424\">\n<h6>Avionaut: Cosmo, Pixel, Pro<\/h6>\n<\/li>\n<\/ul>\n<p>&nbsp;<\/p>\n<h6><strong><em>K\u0101p\u0113c izv\u0113l\u0113ties ABC Design Avus autokr\u0113sla adapteri?<\/em><\/strong><\/h6>\n<ul>\n<li data-start=\"1484\" data-end=\"1818\">\n<h6>Maksim\u0101ls komforts \u2013 piestiprini autokr\u0113sli rati\u0146iem, nemostot b\u0113rnu.<\/h6>\n<\/li>\n<li data-start=\"1484\" data-end=\"1818\">\n<h6>Viegla un dro\u0161a stiprin\u0101\u0161ana - sp\u0113c\u012bgs un stingrs satv\u0113riens \u0101trai uzst\u0101d\u012b\u0161anai.<\/h6>\n<\/li>\n<li data-start=\"1484\" data-end=\"1818\">\n<h6>Pla\u0161a sader\u012bba \u2013 piem\u0113rots daudziem popul\u0101riem autokr\u0113s\u013ciem un Avus rati\u0146u mode\u013ciem.<\/h6>\n<\/li>\n<li data-start=\"1484\" data-end=\"1818\">\n<h6>Viegls un kompakts - \u0113rti p\u0101rn\u0113s\u0101jams un viegli uzglab\u0101jams.<\/h6>\n<\/li>\n<\/ul>\n<p>&nbsp;<\/p>\n<h6>Aizmirstiet ne\u0113rtu p\u0101rne\u0161anu \u2013 ABC Design Avus autokr\u0113sla adapteris nodro\u0161ina vienm\u0113r\u012bgu un bezstresa p\u0101rvieto\u0161anos jebkur\u0101 situ\u0101cij\u0101!<\/h6>\n<p>&nbsp;<\/p>\n<h6><em>Noskatieties iepaz\u012b\u0161an\u0101s <a href=\"https:\/\/www.youtube.com\/watch?v=8tDDGDEMNaM\">videoklipu<\/a>, lai uzzin\u0101tu vair\u0101k.<\/em><\/h6>\n<h6><\/h6>\n","protected":false},"excerpt":{"rendered":"<div class=\"woocommerce-product-details__short-description\">\n<h6 data-start=\"61\" data-end=\"139\">ABC Design Avus autokr\u0113sla adapteris \u2013 \u0113rts un \u0101trs p\u0101rvieto\u0161an\u0101s veids. K\u0101 vec\u0101ks j\u016bs v\u0113laties, lai p\u0101reja no automa\u0161\u012bnas uz rati\u0146iem b\u016btu p\u0113c iesp\u0113jas vienk\u0101r\u0161\u0101ka un glud\u0101ka. ABC Design Avus autokr\u0113sla adapteris \u013cauj piestiprin\u0101t autokr\u0113sli tie\u0161i Avus rati\u0146u r\u0101mim, nodro\u0161inot j\u016bsu b\u0113rna dro\u0161\u012bbu un komfortu, bez nepiecie\u0161am\u012bbas vi\u0146u modin\u0101t vai p\u0101rnest.<\/h6>\n<\/div>\n","protected":false},"featured_media":28113,"comment_status":"closed","ping_status":"closed","template":"","meta":{"_acf_changed":false,"om_disable_all_campaigns":false,"_monsterinsights_skip_tracking":false,"_monsterinsights_sitenote_active":false,"_monsterinsights_sitenote_note":"","_monsterinsights_sitenote_category":0,"_uf_show_specific_survey":0,"_uf_disable_surveys":false,"site-sidebar-layout":"default","site-content-layout":"","ast-site-content-layout":"default","site-content-style":"default","site-sidebar-style":"default","ast-global-header-display":"","ast-banner-title-visibility":"","ast-main-header-display":"","ast-hfb-above-header-display":"","ast-hfb-below-header-display":"","ast-hfb-mobile-header-display":"","site-post-title":"","ast-breadcrumbs-content":"","ast-featured-img":"","footer-sml-layout":"","theme-transparent-header-meta":"default","adv-header-id-meta":"","stick-header-meta":"","header-above-stick-meta":"","header-main-stick-meta":"","header-below-stick-meta":"","astra-migrate-meta-layouts":"set","ast-page-background-enabled":"default","ast-page-background-meta":{"desktop":{"background-color":"var(--ast-global-color-4)","background-image":"","background-repeat":"repeat","background-position":"center center","background-size":"auto","background-attachment":"scroll","background-type":"","background-media":"","overlay-type":"","overlay-color":"","overlay-opacity":"","overlay-gradient":""},"tablet":{"background-color":"","background-image":"","background-repeat":"repeat","background-position":"center center","background-size":"auto","background-attachment":"scroll","background-type":"","background-media":"","overlay-type":"","overlay-color":"","overlay-opacity":"","overlay-gradient":""},"mobile":{"background-color":"","background-image":"","background-repeat":"repeat","background-position":"center center","background-size":"auto","background-attachment":"scroll","background-type":"","background-media":"","overlay-type":"","overlay-color":"","overlay-opacity":"","overlay-gradient":""}},"ast-content-background-meta":{"desktop":{"background-color":"var(--ast-global-color-5)","background-image":"","background-repeat":"repeat","background-position":"center center","background-size":"auto","background-attachment":"scroll","background-type":"","background-media":"","overlay-type":"","overlay-color":"","overlay-opacity":"","overlay-gradient":""},"tablet":{"background-color":"var(--ast-global-color-5)","background-image":"","background-repeat":"repeat","background-position":"center center","background-size":"auto","background-attachment":"scroll","background-type":"","background-media":"","overlay-type":"","overlay-color":"","overlay-opacity":"","overlay-gradient":""},"mobile":{"background-color":"var(--ast-global-color-5)","background-image":"","background-repeat":"repeat","background-position":"center center","background-size":"auto","background-attachment":"scroll","background-type":"","background-media":"","overlay-type":"","overlay-color":"","overlay-opacity":"","overlay-gradient":""}}},"product_brand":[],"product_cat":[526,372,322],"product_tag":[330,328],"class_list":{"0":"post-52134","1":"product","2":"type-product","3":"status-publish","4":"has-post-thumbnail","6":"product_cat-abc-dizains","7":"product_cat-adapteri","8":"product_cat-apgriesanas-piederumi","9":"product_tag-atseviski-produkti","10":"product_tag-pielagota-timekla-vietne","11":"desktop-align-left","12":"tablet-align-left","13":"mobile-align-left","15":"first","16":"instock","17":"taxable","18":"shipping-taxable","19":"purchasable","20":"product-type-simple"},"acf":[],"aioseo_notices":[],"_links":{"self":[{"href":"https:\/\/hummy.ee\/lv\/wp-json\/wp\/v2\/product\/52134","targetHints":{"allow":["GET"]}}],"collection":[{"href":"https:\/\/hummy.ee\/lv\/wp-json\/wp\/v2\/product"}],"about":[{"href":"https:\/\/hummy.ee\/lv\/wp-json\/wp\/v2\/types\/product"}],"replies":[{"embeddable":true,"href":"https:\/\/hummy.ee\/lv\/wp-json\/wp\/v2\/comments?post=52134"}],"version-history":[{"count":3,"href":"https:\/\/hummy.ee\/lv\/wp-json\/wp\/v2\/product\/52134\/revisions"}],"predecessor-version":[{"id":85266,"href":"https:\/\/hummy.ee\/lv\/wp-json\/wp\/v2\/product\/52134\/revisions\/85266"}],"wp:featuredmedia":[{"embeddable":true,"href":"https:\/\/hummy.ee\/lv\/wp-json\/wp\/v2\/media\/28113"}],"wp:attachment":[{"href":"https:\/\/hummy.ee\/lv\/wp-json\/wp\/v2\/media?parent=52134"}],"wp:term":[{"taxonomy":"product_brand","embeddable":true,"href":"https:\/\/hummy.ee\/lv\/wp-json\/wp\/v2\/product_brand?post=52134"},{"taxonomy":"product_cat","embeddable":true,"href":"https:\/\/hummy.ee\/lv\/wp-json\/wp\/v2\/product_cat?post=52134"},{"taxonomy":"product_tag","embeddable":true,"href":"https:\/\/hummy.ee\/lv\/wp-json\/wp\/v2\/product_tag?post=52134"}],"curies":[{"name":"wp","href":"https:\/\/api.w.org\/{rel}","templated":true}]}}