{"id":52130,"date":"2024-04-07T18:39:42","date_gmt":"2024-04-07T18:39:42","guid":{"rendered":"https:\/\/hummy.ee\/product\/abc-design-magnetiska-skava\/"},"modified":"2026-03-03T07:24:06","modified_gmt":"2026-03-03T07:24:06","slug":"abc-design-magnetiska-skava","status":"publish","type":"product","link":"https:\/\/hummy.ee\/lv\/product\/abc-design-magnetiska-skava\/","title":{"rendered":"ABC Design magn\u0113tisk\u0101 skava"},"content":{"rendered":"<h6><strong><em>K\u0101p\u0113c izv\u0113l\u0113ties ABC Design magn\u0113tisko skavu?<\/em><\/strong><\/h6>\n<ul>\n<li data-start=\"427\" data-end=\"1053\">\n<h6>Sp\u0113c\u012bga magn\u0113tisk\u0101 piestiprin\u0101\u0161ana - siksna ir apr\u012bkota ar sp\u0113c\u012bgiem magn\u0113tiem, kas nodro\u0161ina stingru satv\u0113rienu pat stipr\u0101 v\u0113j\u0101.<\/h6>\n<\/li>\n<li data-start=\"427\" data-end=\"1053\">\n<h6>Univers\u0101ls - piem\u0113rots rota\u013clietu, b\u0113rnu gulti\u0146u \u0137\u0113d\u012b\u0161u un citu piederumu piestiprin\u0101\u0161anai pie rati\u0146iem.<\/h6>\n<\/li>\n<li data-start=\"427\" data-end=\"1053\">\n<h6>Stil\u012bgs un elegants dizains - izgatavots no \u0101dai l\u012bdz\u012bga materi\u0101la ar augstas kvalit\u0101tes izgrieztu rakstu.<\/h6>\n<\/li>\n<li data-start=\"427\" data-end=\"1053\">\n<h6>Piel\u0101gojiet b\u0113rnu rati\u0146us - pieejami da\u017e\u0101d\u0101s kr\u0101s\u0101s, lai papildin\u0101tu j\u016bsu rati\u0146u kop\u0113jo izskatu.<\/h6>\n<\/li>\n<li data-start=\"427\" data-end=\"1053\">\n<h6>Piem\u0113rots visiem rati\u0146iem - izstr\u0101d\u0101ts <a href=\"https:\/\/hummy.ee\/lv\/veikals\/abc-design\/\" target=\"_blank\" rel=\"noopener\">ABC Design<\/a> rati\u0146iem, sporta rati\u0146iem un b\u0113rnu rati\u0146iem, bet ir sader\u012bgi ar\u012b ar citu ra\u017eot\u0101ju mode\u013ciem.<\/h6>\n<\/li>\n<\/ul>\n<h6><strong><em>Ide\u0101ls risin\u0101jums komfortam un dro\u0161\u012bbai<\/em><\/strong><\/h6>\n<h6>ABC Design magn\u0113tiskais klips ir ne tikai praktisks piederums, bet ar\u012b stil\u012bgs papildin\u0101jums j\u016bsu b\u0113rnu rati\u0146iem. Tas dro\u0161i notur j\u016bsu b\u0113rna rota\u013clietas viet\u0101, ne\u013caujot t\u0101m nokrist vai pazust. Viegls un kompakts glab\u0101\u0161anai, tas ir lielisks pal\u012bgs ikdienas pastaig\u0101m un ce\u013cojumiem.<\/h6>\n<p>&nbsp;<\/p>\n<h6><\/h6>\n<h6>Uzlabojiet savu b\u0113rnu rati\u0146us ar gudru un funkcion\u0101lu magn\u0113tisko skavu, kas padar\u012bs j\u016bsu pastaigas \u0113rt\u0101kas un stil\u012bg\u0101kas!<\/h6>\n<h6><\/h6>\n<h6><\/h6>\n","protected":false},"excerpt":{"rendered":"<h6 data-start=\"0\" data-end=\"83\">ABC Design magn\u0113tisk\u0101 skava - stil\u012bgs un praktisks piederums b\u0113rnu rati\u0146iem. Ja mekl\u0113jat gudru veidu, k\u0101 piestiprin\u0101t rota\u013clietas, rota\u013clietu \u0137\u0113d\u012btes vai citus nelielus priek\u0161metus pie b\u0113rnu rati\u0146iem, ABC Design ir lieliska izv\u0113le! \u0160is praktiskais un stil\u012bgais piederums pal\u012bdz\u0113s jums saglab\u0101t visas nepiecie\u0161am\u0101s lietas pa rokai, vienlaikus uzlabojot rati\u0146u dizainu.<\/h6>\n","protected":false},"featured_media":22533,"comment_status":"closed","ping_status":"closed","template":"","meta":{"_acf_changed":false,"om_disable_all_campaigns":false,"_monsterinsights_skip_tracking":false,"_monsterinsights_sitenote_active":false,"_monsterinsights_sitenote_note":"","_monsterinsights_sitenote_category":0,"_uf_show_specific_survey":0,"_uf_disable_surveys":false,"site-sidebar-layout":"default","site-content-layout":"","ast-site-content-layout":"default","site-content-style":"default","site-sidebar-style":"default","ast-global-header-display":"","ast-banner-title-visibility":"","ast-main-header-display":"","ast-hfb-above-header-display":"","ast-hfb-below-header-display":"","ast-hfb-mobile-header-display":"","site-post-title":"","ast-breadcrumbs-content":"","ast-featured-img":"","footer-sml-layout":"","theme-transparent-header-meta":"default","adv-header-id-meta":"","stick-header-meta":"","header-above-stick-meta":"","header-main-stick-meta":"","header-below-stick-meta":"","astra-migrate-meta-layouts":"set","ast-page-background-enabled":"default","ast-page-background-meta":{"desktop":{"background-color":"var(--ast-global-color-4)","background-image":"","background-repeat":"repeat","background-position":"center center","background-size":"auto","background-attachment":"scroll","background-type":"","background-media":"","overlay-type":"","overlay-color":"","overlay-opacity":"","overlay-gradient":""},"tablet":{"background-color":"","background-image":"","background-repeat":"repeat","background-position":"center center","background-size":"auto","background-attachment":"scroll","background-type":"","background-media":"","overlay-type":"","overlay-color":"","overlay-opacity":"","overlay-gradient":""},"mobile":{"background-color":"","background-image":"","background-repeat":"repeat","background-position":"center center","background-size":"auto","background-attachment":"scroll","background-type":"","background-media":"","overlay-type":"","overlay-color":"","overlay-opacity":"","overlay-gradient":""}},"ast-content-background-meta":{"desktop":{"background-color":"var(--ast-global-color-5)","background-image":"","background-repeat":"repeat","background-position":"center center","background-size":"auto","background-attachment":"scroll","background-type":"","background-media":"","overlay-type":"","overlay-color":"","overlay-opacity":"","overlay-gradient":""},"tablet":{"background-color":"var(--ast-global-color-5)","background-image":"","background-repeat":"repeat","background-position":"center center","background-size":"auto","background-attachment":"scroll","background-type":"","background-media":"","overlay-type":"","overlay-color":"","overlay-opacity":"","overlay-gradient":""},"mobile":{"background-color":"var(--ast-global-color-5)","background-image":"","background-repeat":"repeat","background-position":"center center","background-size":"auto","background-attachment":"scroll","background-type":"","background-media":"","overlay-type":"","overlay-color":"","overlay-opacity":"","overlay-gradient":""}}},"product_brand":[],"product_cat":[526,322,698],"product_tag":[330,328],"class_list":{"0":"post-52130","1":"product","2":"type-product","3":"status-publish","4":"has-post-thumbnail","6":"product_cat-abc-dizains","7":"product_cat-apgriesanas-piederumi","8":"product_cat-vairak","9":"product_tag-atseviski-produkti","10":"product_tag-pielagota-timekla-vietne","11":"desktop-align-left","12":"tablet-align-left","13":"mobile-align-left","15":"first","16":"instock","17":"taxable","18":"shipping-taxable","19":"purchasable","20":"product-type-variable"},"acf":[],"aioseo_notices":[],"_links":{"self":[{"href":"https:\/\/hummy.ee\/lv\/wp-json\/wp\/v2\/product\/52130","targetHints":{"allow":["GET"]}}],"collection":[{"href":"https:\/\/hummy.ee\/lv\/wp-json\/wp\/v2\/product"}],"about":[{"href":"https:\/\/hummy.ee\/lv\/wp-json\/wp\/v2\/types\/product"}],"replies":[{"embeddable":true,"href":"https:\/\/hummy.ee\/lv\/wp-json\/wp\/v2\/comments?post=52130"}],"version-history":[{"count":3,"href":"https:\/\/hummy.ee\/lv\/wp-json\/wp\/v2\/product\/52130\/revisions"}],"predecessor-version":[{"id":85290,"href":"https:\/\/hummy.ee\/lv\/wp-json\/wp\/v2\/product\/52130\/revisions\/85290"}],"wp:featuredmedia":[{"embeddable":true,"href":"https:\/\/hummy.ee\/lv\/wp-json\/wp\/v2\/media\/22533"}],"wp:attachment":[{"href":"https:\/\/hummy.ee\/lv\/wp-json\/wp\/v2\/media?parent=52130"}],"wp:term":[{"taxonomy":"product_brand","embeddable":true,"href":"https:\/\/hummy.ee\/lv\/wp-json\/wp\/v2\/product_brand?post=52130"},{"taxonomy":"product_cat","embeddable":true,"href":"https:\/\/hummy.ee\/lv\/wp-json\/wp\/v2\/product_cat?post=52130"},{"taxonomy":"product_tag","embeddable":true,"href":"https:\/\/hummy.ee\/lv\/wp-json\/wp\/v2\/product_tag?post=52130"}],"curies":[{"name":"wp","href":"https:\/\/api.w.org\/{rel}","templated":true}]}}