{"id":52125,"date":"2024-04-07T18:39:35","date_gmt":"2024-04-07T18:39:35","guid":{"rendered":"https:\/\/hummy.ee\/product\/abc-design-talummainas-adapteris-otrajam-ratinu-ragu-signalam\/"},"modified":"2026-03-02T19:51:59","modified_gmt":"2026-03-02T19:51:59","slug":"abc-design-adapteris-zoom","status":"publish","type":"product","link":"https:\/\/hummy.ee\/lv\/product\/abc-design-adapteris-zoom\/","title":{"rendered":"ABC Design adapteris Zoom ratu otrai kulbi\u0146ai"},"content":{"rendered":"<h6><strong><em>K\u0101p\u0113c izv\u0113l\u0113ties ABC Design Zoom adapteri?<\/em><\/strong><\/h6>\n<ul>\n<li data-start=\"825\" data-end=\"1239\">\n<h6>Divu ratu kulbu vienlaic\u012bga izmanto\u0161ana \u2013 ide\u0101ls risin\u0101jums dv\u012b\u0146iem vai b\u0113rniem da\u017e\u0101dos vecumos.<\/h6>\n<\/li>\n<li data-start=\"825\" data-end=\"1239\">\n<h6>Dro\u0161a un stabila - nodro\u0161ina dro\u0161u stiprin\u0101jumu un \u0113rtu brauk\u0161anu.<\/h6>\n<\/li>\n<li data-start=\"825\" data-end=\"1239\">\n<h6>\u0100tra un vienk\u0101r\u0161a mont\u0101\u017ea - uzst\u0101d\u012b\u0161ana aiz\u0146em tikai mirkli.<\/h6>\n<\/li>\n<li data-start=\"825\" data-end=\"1239\">\n<h6>Ergonomisks dizains \u2013 pacelt\u0101 ratu kulba nodro\u0161ina pietiekami daudz vietas abiem b\u0113rniem.<\/h6>\n<\/li>\n<li data-start=\"825\" data-end=\"1239\">\n<h6>Sp\u0113c\u012bgs un iztur\u012bgs materi\u0101ls - ilgs kalpo\u0161anas laiks un uzticama kvalit\u0101te.<\/h6>\n<\/li>\n<\/ul>\n<h6><strong><em>Viegla un \u0101tra uzst\u0101d\u012b\u0161ana<\/em><\/strong><\/h6>\n<h6>Adaptera uzst\u0101d\u012b\u0161ana ir \u0101tra un vienk\u0101r\u0161a \u2013 vienk\u0101r\u0161i ievietojiet to <a href=\"https:\/\/hummy.ee\/lv\/product\/abc-design-zoom-2-ratini\/\" target=\"_blank\" rel=\"noopener\">Zoom <\/a>rati\u0146u s\u0101nu piesl\u0113gviet\u0101s, piestipriniet otru ratu kulbu, un esat gatavi bezr\u016bp\u012bgai pastaigai! Adapteris pacels aug\u0161\u0113jo ratu kulbu nedaudz augst\u0101k un p\u0101rb\u012bd\u012bs uz priek\u0161u, lai abi b\u0113rni var\u0113tu \u0113rti s\u0113d\u0113t.<\/h6>\n<p>&nbsp;<\/p>\n<h6>Ja jums nepiecie\u0161ams praktisks un elast\u012bgs risin\u0101jums, lai Zoom rati\u0146os nodro\u0161in\u0101tu optim\u0101lu \u0113rtumu abiem b\u0113rniem, ABC Design Zoom adapteris otrajai ratu kulbai ir ide\u0101la izv\u0113le!<\/h6>\n<p>&nbsp;<\/p>\n<h6><em>Noskatieties iepaz\u012b\u0161an\u0101s <a href=\"https:\/\/www.youtube.com\/watch?v=9YgCb8JKR2I\">videoklipu<\/a>, lai uzzin\u0101tu vair\u0101k.<\/em><\/h6>\n","protected":false},"excerpt":{"rendered":"<h6 data-start=\"61\" data-end=\"137\">ABC Design Zoom adapteris otrajai ratu kulbai \u2013 padariet vienu par diviem! ABC Design Zoom adapteris \u013cauj padar\u012bt Zoom divu b\u0113rnu rati\u0146us v\u0113l elast\u012bg\u0101kus un daudzpus\u012bg\u0101kus, pievienojot iesp\u0113ju vienlaic\u012bgi piestiprin\u0101t divas ratu kulbas. T\u0101 ir ide\u0101la izv\u0113le dv\u012b\u0146u vec\u0101kiem vai \u0123imen\u0113m, kur abiem b\u0113rniem nepiecie\u0161ama \u0113rta un dro\u0161a brauk\u0161anas pieredze.<\/h6>\n","protected":false},"featured_media":22773,"comment_status":"closed","ping_status":"closed","template":"","meta":{"_acf_changed":false,"om_disable_all_campaigns":false,"_monsterinsights_skip_tracking":false,"_monsterinsights_sitenote_active":false,"_monsterinsights_sitenote_note":"","_monsterinsights_sitenote_category":0,"_uf_show_specific_survey":0,"_uf_disable_surveys":false,"site-sidebar-layout":"default","site-content-layout":"","ast-site-content-layout":"default","site-content-style":"default","site-sidebar-style":"default","ast-global-header-display":"","ast-banner-title-visibility":"","ast-main-header-display":"","ast-hfb-above-header-display":"","ast-hfb-below-header-display":"","ast-hfb-mobile-header-display":"","site-post-title":"","ast-breadcrumbs-content":"","ast-featured-img":"","footer-sml-layout":"","theme-transparent-header-meta":"default","adv-header-id-meta":"","stick-header-meta":"","header-above-stick-meta":"","header-main-stick-meta":"","header-below-stick-meta":"","astra-migrate-meta-layouts":"set","ast-page-background-enabled":"default","ast-page-background-meta":{"desktop":{"background-color":"var(--ast-global-color-4)","background-image":"","background-repeat":"repeat","background-position":"center center","background-size":"auto","background-attachment":"scroll","background-type":"","background-media":"","overlay-type":"","overlay-color":"","overlay-opacity":"","overlay-gradient":""},"tablet":{"background-color":"","background-image":"","background-repeat":"repeat","background-position":"center center","background-size":"auto","background-attachment":"scroll","background-type":"","background-media":"","overlay-type":"","overlay-color":"","overlay-opacity":"","overlay-gradient":""},"mobile":{"background-color":"","background-image":"","background-repeat":"repeat","background-position":"center center","background-size":"auto","background-attachment":"scroll","background-type":"","background-media":"","overlay-type":"","overlay-color":"","overlay-opacity":"","overlay-gradient":""}},"ast-content-background-meta":{"desktop":{"background-color":"var(--ast-global-color-5)","background-image":"","background-repeat":"repeat","background-position":"center center","background-size":"auto","background-attachment":"scroll","background-type":"","background-media":"","overlay-type":"","overlay-color":"","overlay-opacity":"","overlay-gradient":""},"tablet":{"background-color":"var(--ast-global-color-5)","background-image":"","background-repeat":"repeat","background-position":"center center","background-size":"auto","background-attachment":"scroll","background-type":"","background-media":"","overlay-type":"","overlay-color":"","overlay-opacity":"","overlay-gradient":""},"mobile":{"background-color":"var(--ast-global-color-5)","background-image":"","background-repeat":"repeat","background-position":"center center","background-size":"auto","background-attachment":"scroll","background-type":"","background-media":"","overlay-type":"","overlay-color":"","overlay-opacity":"","overlay-gradient":""}}},"product_brand":[273],"product_cat":[526,372,322],"product_tag":[330,328],"class_list":{"0":"post-52125","1":"product","2":"type-product","3":"status-publish","4":"has-post-thumbnail","6":"product_brand-abc-design","7":"product_cat-abc-dizains","8":"product_cat-adapteri","9":"product_cat-apgriesanas-piederumi","10":"product_tag-atseviski-produkti","11":"product_tag-pielagota-timekla-vietne","12":"desktop-align-left","13":"tablet-align-left","14":"mobile-align-left","16":"first","17":"instock","18":"taxable","19":"shipping-taxable","20":"purchasable","21":"product-type-simple"},"acf":[],"aioseo_notices":[],"_links":{"self":[{"href":"https:\/\/hummy.ee\/lv\/wp-json\/wp\/v2\/product\/52125","targetHints":{"allow":["GET"]}}],"collection":[{"href":"https:\/\/hummy.ee\/lv\/wp-json\/wp\/v2\/product"}],"about":[{"href":"https:\/\/hummy.ee\/lv\/wp-json\/wp\/v2\/types\/product"}],"replies":[{"embeddable":true,"href":"https:\/\/hummy.ee\/lv\/wp-json\/wp\/v2\/comments?post=52125"}],"version-history":[{"count":4,"href":"https:\/\/hummy.ee\/lv\/wp-json\/wp\/v2\/product\/52125\/revisions"}],"predecessor-version":[{"id":85283,"href":"https:\/\/hummy.ee\/lv\/wp-json\/wp\/v2\/product\/52125\/revisions\/85283"}],"wp:featuredmedia":[{"embeddable":true,"href":"https:\/\/hummy.ee\/lv\/wp-json\/wp\/v2\/media\/22773"}],"wp:attachment":[{"href":"https:\/\/hummy.ee\/lv\/wp-json\/wp\/v2\/media?parent=52125"}],"wp:term":[{"taxonomy":"product_brand","embeddable":true,"href":"https:\/\/hummy.ee\/lv\/wp-json\/wp\/v2\/product_brand?post=52125"},{"taxonomy":"product_cat","embeddable":true,"href":"https:\/\/hummy.ee\/lv\/wp-json\/wp\/v2\/product_cat?post=52125"},{"taxonomy":"product_tag","embeddable":true,"href":"https:\/\/hummy.ee\/lv\/wp-json\/wp\/v2\/product_tag?post=52125"}],"curies":[{"name":"wp","href":"https:\/\/api.w.org\/{rel}","templated":true}]}}