{"id":51962,"date":"2024-04-07T18:21:33","date_gmt":"2024-04-07T18:21:33","guid":{"rendered":"https:\/\/hummy.ee\/product\/moji-yippy-edamgalds-lamami-kresls\/"},"modified":"2026-02-28T18:18:29","modified_gmt":"2026-02-28T18:18:29","slug":"moji-yippy-barosanas-kresla-mazula-sedeklis","status":"publish","type":"product","link":"https:\/\/hummy.ee\/lv\/product\/moji-yippy-barosanas-kresla-mazula-sedeklis\/","title":{"rendered":"Moji Yippy baro\u0161anas kr\u0113sla mazu\u013ca s\u0113deklis"},"content":{"rendered":"<h6 data-start=\"434\" data-end=\"477\"><strong><em>Maksim\u0101ls komforts un dro\u0161\u012bba<\/em><\/strong><\/h6>\n<h6 data-start=\"478\" data-end=\"756\">Pateicoties \u012bpa\u0161i m\u012bkstajam polster\u0113jumam, j\u016bsu mazulis gu\u013c \u0113rt\u0101 un atbalsto\u0161\u0101 ligzd\u0101. Liela un plata gu\u013cam\u0101 virsma nodro\u0161ina pietiekami daudz vietas kust\u012bb\u0101m, savuk\u0101rt 5 punktu dro\u0161\u012bbas jostas garant\u0113 maksim\u0101lu dro\u0161\u012bbu. M\u012bksti jostas spilventi\u0146i plecu un starpenes zon\u0101 nodro\u0161ina v\u0113l liel\u0101ku komfortu.<\/h6>\n<p>&nbsp;<\/p>\n<h6 data-start=\"758\" data-end=\"794\"><strong><em>Praktisks un regul\u0113jams<\/em><\/strong><\/h6>\n<h6>Moji Yippy mazu\u013ca s\u0113dekli var regul\u0113t uz div\u0101m poz\u012bcij\u0101m tikai ar vienu roku:<\/h6>\n<ul>\n<li data-start=\"795\" data-end=\"1027\">\n<h6>Atp\u016btas gu\u013cam\u0101 poz\u012bcija mazu\u013ca s\u0113dekl\u012b \u2013 ide\u0101la miegam un atp\u016btai.<\/h6>\n<\/li>\n<li data-start=\"795\" data-end=\"1027\">\n<h6>Viegls sl\u012bpais st\u0101voklis mazu\u013ca s\u0113dekl\u012b \u013cauj b\u0113rnam iepaz\u012bt apk\u0101rtni un rota\u013c\u0101ties.<\/h6>\n<\/li>\n<\/ul>\n<h6 data-start=\"1029\" data-end=\"1076\"><strong><em>Viegla apkope un iztur\u012bgs materi\u0101ls<\/em><\/strong><\/h6>\n<ul data-start=\"1077\" data-end=\"1241\">\n<li data-start=\"1077\" data-end=\"1148\">\n<h6>Uzst\u0101d\u012b\u0161ana: nav nepiecie\u0161ami instrumenti - vienk\u0101r\u0161i pievienojiet un izmantojiet!<\/h6>\n<\/li>\n<li data-start=\"1149\" data-end=\"1241\">\n<h6>Kop\u0161ana: r\u0101mi var t\u012br\u012bt ar mitru dr\u0101nu, audumus var mazg\u0101t aukst\u0101 vai ar rok\u0101m.<\/h6>\n<\/li>\n<\/ul>\n<h6 data-start=\"1243\" data-end=\"1270\"><strong><em>Tehniskie dati<\/em><\/strong><\/h6>\n<ul>\n<li data-start=\"1271\" data-end=\"1429\">\n<h6>Piem\u0113rots vecumam: no dzim\u0161anas l\u012bdz 6 m\u0113ne\u0161iem (l\u012bdz 9 kg)<\/h6>\n<\/li>\n<li data-start=\"1271\" data-end=\"1429\">\n<h6>Gu\u013cam\u0101s poz\u012bcijas izm\u0113ri: 67 x 43 cm<\/h6>\n<\/li>\n<li data-start=\"1271\" data-end=\"1429\">\n<h6>Kop\u0113jais garums: 82 cm<\/h6>\n<\/li>\n<li data-start=\"1271\" data-end=\"1429\">\n<h6>Izstr\u0101d\u0101juma svars: 2,3 kg<\/h6>\n<\/li>\n<\/ul>\n<h6 data-start=\"1431\" data-end=\"1603\">Moji Yippy mazu\u013ca s\u0113deklis ir ide\u0101ls risin\u0101jums \u0123imen\u0113m, kas nov\u0113rt\u0113 komfortu, dro\u0161\u012bbu un stilu. \u013baujiet savam mazulim piedal\u012bties \u0123imenes \u0113dienreiz\u0113s jau no pirmaj\u0101m dien\u0101m!<\/h6>\n<p>&nbsp;<\/p>\n<h6><em>Noskatieties iepaz\u012b\u0161an\u0101s <a href=\"https:\/\/www.youtube.com\/watch?v=ZLeYyL7M0og\" target=\"_blank\" rel=\"noopener\">videoklipu<\/a>, lai uzzin\u0101tu vair\u0101k.<\/em><\/h6>\n<h6><em>Apskatiet <a href=\"https:\/\/hummy.ee\/lv\/ievads-moji\/\" target=\"_blank\" rel=\"noopener\">Moji <\/a>produktu kl\u0101stu.<\/em><\/h6>\n","protected":false},"excerpt":{"rendered":"<h6 data-start=\"107\" data-end=\"179\">Moji Yippy mazu\u013ca s\u0113deklis \u2013 \u0113rts un dro\u0161s mazulim jau no dzim\u0161anas. Vai v\u0113laties, lai j\u016bsu mazulis var\u0113tu b\u016bt kop\u0101 ar \u0123imeni jau no pirmaj\u0101m dien\u0101m? Moji Yippy mazu\u013ca s\u0113deklis to \u013cauj! Piestipriniet to \u0101tri un vienk\u0101r\u0161i pie Yippy baro\u0161anas kr\u0113sla \u2013 bez instrumentiem \u2013 un nodro\u0161iniet savam b\u0113rnam m\u0101j\u012bgu un dro\u0161u vietu \u0113dienreiz\u0113s.<\/h6>\n","protected":false},"featured_media":57968,"comment_status":"closed","ping_status":"closed","template":"","meta":{"_acf_changed":false,"om_disable_all_campaigns":false,"_monsterinsights_skip_tracking":false,"_monsterinsights_sitenote_active":false,"_monsterinsights_sitenote_note":"","_monsterinsights_sitenote_category":0,"_uf_show_specific_survey":0,"_uf_disable_surveys":false,"site-sidebar-layout":"default","site-content-layout":"","ast-site-content-layout":"default","site-content-style":"default","site-sidebar-style":"default","ast-global-header-display":"","ast-banner-title-visibility":"","ast-main-header-display":"","ast-hfb-above-header-display":"","ast-hfb-below-header-display":"","ast-hfb-mobile-header-display":"","site-post-title":"","ast-breadcrumbs-content":"","ast-featured-img":"","footer-sml-layout":"","theme-transparent-header-meta":"default","adv-header-id-meta":"","stick-header-meta":"","header-above-stick-meta":"","header-main-stick-meta":"","header-below-stick-meta":"","astra-migrate-meta-layouts":"set","ast-page-background-enabled":"default","ast-page-background-meta":{"desktop":{"background-color":"var(--ast-global-color-4)","background-image":"","background-repeat":"repeat","background-position":"center center","background-size":"auto","background-attachment":"scroll","background-type":"","background-media":"","overlay-type":"","overlay-color":"","overlay-opacity":"","overlay-gradient":""},"tablet":{"background-color":"","background-image":"","background-repeat":"repeat","background-position":"center center","background-size":"auto","background-attachment":"scroll","background-type":"","background-media":"","overlay-type":"","overlay-color":"","overlay-opacity":"","overlay-gradient":""},"mobile":{"background-color":"","background-image":"","background-repeat":"repeat","background-position":"center center","background-size":"auto","background-attachment":"scroll","background-type":"","background-media":"","overlay-type":"","overlay-color":"","overlay-opacity":"","overlay-gradient":""}},"ast-content-background-meta":{"desktop":{"background-color":"var(--ast-global-color-5)","background-image":"","background-repeat":"repeat","background-position":"center center","background-size":"auto","background-attachment":"scroll","background-type":"","background-media":"","overlay-type":"","overlay-color":"","overlay-opacity":"","overlay-gradient":""},"tablet":{"background-color":"var(--ast-global-color-5)","background-image":"","background-repeat":"repeat","background-position":"center center","background-size":"auto","background-attachment":"scroll","background-type":"","background-media":"","overlay-type":"","overlay-color":"","overlay-opacity":"","overlay-gradient":""},"mobile":{"background-color":"var(--ast-global-color-5)","background-image":"","background-repeat":"repeat","background-position":"center center","background-size":"auto","background-attachment":"scroll","background-type":"","background-media":"","overlay-type":"","overlay-color":"","overlay-opacity":"","overlay-gradient":""}}},"product_brand":[],"product_cat":[588,589],"product_tag":[],"class_list":{"0":"post-51962","1":"product","2":"type-product","3":"status-publish","4":"has-post-thumbnail","6":"product_cat-edamistabas-kresli","7":"product_cat-moji-lv","8":"desktop-align-left","9":"tablet-align-left","10":"mobile-align-left","12":"first","13":"instock","14":"taxable","15":"shipping-taxable","16":"purchasable","17":"product-type-variable"},"acf":[],"aioseo_notices":[],"_links":{"self":[{"href":"https:\/\/hummy.ee\/lv\/wp-json\/wp\/v2\/product\/51962","targetHints":{"allow":["GET"]}}],"collection":[{"href":"https:\/\/hummy.ee\/lv\/wp-json\/wp\/v2\/product"}],"about":[{"href":"https:\/\/hummy.ee\/lv\/wp-json\/wp\/v2\/types\/product"}],"replies":[{"embeddable":true,"href":"https:\/\/hummy.ee\/lv\/wp-json\/wp\/v2\/comments?post=51962"}],"version-history":[{"count":3,"href":"https:\/\/hummy.ee\/lv\/wp-json\/wp\/v2\/product\/51962\/revisions"}],"predecessor-version":[{"id":85030,"href":"https:\/\/hummy.ee\/lv\/wp-json\/wp\/v2\/product\/51962\/revisions\/85030"}],"wp:featuredmedia":[{"embeddable":true,"href":"https:\/\/hummy.ee\/lv\/wp-json\/wp\/v2\/media\/57968"}],"wp:attachment":[{"href":"https:\/\/hummy.ee\/lv\/wp-json\/wp\/v2\/media?parent=51962"}],"wp:term":[{"taxonomy":"product_brand","embeddable":true,"href":"https:\/\/hummy.ee\/lv\/wp-json\/wp\/v2\/product_brand?post=51962"},{"taxonomy":"product_cat","embeddable":true,"href":"https:\/\/hummy.ee\/lv\/wp-json\/wp\/v2\/product_cat?post=51962"},{"taxonomy":"product_tag","embeddable":true,"href":"https:\/\/hummy.ee\/lv\/wp-json\/wp\/v2\/product_tag?post=51962"}],"curies":[{"name":"wp","href":"https:\/\/api.w.org\/{rel}","templated":true}]}}