{"id":51940,"date":"2024-04-07T18:21:16","date_gmt":"2024-04-07T18:21:16","guid":{"rendered":"https:\/\/hummy.ee\/product\/moji-yippy-edamistabas-kresla-paplate\/"},"modified":"2026-02-28T19:10:28","modified_gmt":"2026-02-28T19:10:28","slug":"moji-yippy-paplate","status":"publish","type":"product","link":"https:\/\/hummy.ee\/lv\/product\/moji-yippy-paplate\/","title":{"rendered":"Moji Yippy baro\u0161anas kr\u0113sla papl\u0101te"},"content":{"rendered":"<h6 data-start=\"561\" data-end=\"602\"><strong><em>K\u0101p\u0113c izv\u0113l\u0113ties Moji Yippy papl\u0101ti?<\/em><\/strong><\/h6>\n<ul>\n<li data-start=\"603\" data-end=\"1023\">\n<h6>Dro\u0161a un stabila virsma - notur \u0161\u0137\u012bvjus un tas\u012btes sav\u0101 viet\u0101, nov\u0113r\u0161ot sl\u012bd\u0113\u0161anu<\/h6>\n<\/li>\n<li data-start=\"603\" data-end=\"1023\">\n<h6>Vienk\u0101r\u0161a piestiprin\u0101\u0161ana \u2013 nav nepiecie\u0161ami instrumenti, sader\u012bgs ar Moji Yippy starta komplektu<\/h6>\n<\/li>\n<li data-start=\"603\" data-end=\"1023\">\n<h6>Higi\u0113niska un viegli t\u012br\u0101ma - gluda virsma \u0101trai t\u012br\u012b\u0161anai<\/h6>\n<\/li>\n<li data-start=\"603\" data-end=\"1023\">\n<h6>Daudzpus\u012bga izmanto\u0161ana - ide\u0101li piem\u0113rots \u0113\u0161anai, sp\u0113l\u0113\u0161anai un z\u012bm\u0113\u0161anai<\/h6>\n<\/li>\n<li data-start=\"603\" data-end=\"1023\">\n<h6>Augstas kvalit\u0101tes un iztur\u012bgs - paredz\u0113ts ikdienas lieto\u0161anai<\/h6>\n<\/li>\n<\/ul>\n<h6 data-start=\"1025\" data-end=\"1064\"><\/h6>\n<h6 data-start=\"1025\" data-end=\"1064\"><strong><em>Viegla un \u0113rta uzst\u0101d\u012b\u0161ana<\/em><\/strong><\/h6>\n<h6 data-start=\"1065\" data-end=\"1287\">Piestiprin\u0101\u0161ana ir pavisam vienk\u0101r\u0161a! Pateicoties gudrajam dizainam, Yippy papl\u0101ti var piestiprin\u0101t tie\u0161i pie baro\u0161anas kr\u0113sla mazu\u013ca s\u0113dek\u013ca, bez instrumentiem. Starta komplekts ir nepiecie\u0161ams, ta\u010du tas j\u0101ieg\u0101d\u0101jas atsevi\u0161\u0137i.  <\/h6>\n<p>&nbsp;<\/p>\n<h6 data-start=\"1289\" data-end=\"1348\"><strong><em>Viegli t\u012br\u0101ms - higi\u0113nisks un praktisks<\/em><\/strong><\/h6>\n<h6 data-start=\"1349\" data-end=\"1534\">\u0112diena kaudzes un p\u0101rpalikumi vairs nav probl\u0113ma! Glud\u0101 virsma \u013cauj paliktni \u0101tri not\u012br\u012bt ar mitru dr\u0101ni\u0146u, nodro\u0161inot higi\u0113nisku un t\u012bru vidi mazu\u013ca \u0113dienkartei. <\/h6>\n<p>&nbsp;<\/p>\n<h6 data-start=\"1536\" data-end=\"1564\"><strong><em>Tehniskie dati<\/em><\/strong><\/h6>\n<ul data-start=\"1565\" data-end=\"1930\">\n<li data-start=\"1565\" data-end=\"1670\">\n<h6>Sader\u012bba: piestiprin\u0101s pie Moji Yippy baro\u0161anas kr\u0113sla mazu\u013ca s\u0113dek\u013ca (starta komplekts nepiecie\u0161ams \u2013 p\u0101rdod atsevi\u0161\u0137i)<\/h6>\n<\/li>\n<li data-start=\"1671\" data-end=\"1722\">\n<h6>Materi\u0101ls: augstas kvalit\u0101tes un iztur\u012bga plastmasa<\/h6>\n<\/li>\n<li data-start=\"1723\" data-end=\"1764\">\n<h6>Uzst\u0101d\u012b\u0161ana: nav nepiecie\u0161ami instrumenti<\/h6>\n<\/li>\n<li data-start=\"1765\" data-end=\"1812\">\n<h6>Uztur\u0113\u0161ana: viegli t\u012br\u0101ms ar mitru dr\u0101nu<\/h6>\n<\/li>\n<li data-start=\"1813\" data-end=\"1858\">\n<h6>Izm\u0113ri (garums x platums x augstums): 44 x 38 x 5,5 cm<\/h6>\n<\/li>\n<li data-start=\"1859\" data-end=\"1902\">\n<h6>Papl\u0101tes izm\u0113ri (platums x garums): 42 x 16 cm<\/h6>\n<\/li>\n<li data-start=\"1903\" data-end=\"1930\">\n<h6>Izstr\u0101d\u0101juma svars: 1,28 kg<\/h6>\n<\/li>\n<\/ul>\n<h6 data-start=\"1932\" data-end=\"1984\"><strong><em>Padariet \u0113dienreizes viegl\u0101kas un \u0113rt\u0101kas!<\/em><\/strong><\/h6>\n<h6 data-start=\"1985\" data-end=\"2206\">Moji Yippy papl\u0101te nodro\u0161ina j\u016bsu b\u0113rnam stabilu un dro\u0161u virsmu \u0113\u0161anai, sp\u0113l\u0113\u0161anai un rado\u0161\u0101m aktivit\u0101t\u0113m. Vienk\u0101r\u0161a uzst\u0101d\u012b\u0161ana, \u0113rt\u0101 lieto\u0161ana un viegla kop\u0161ana \u2013 ide\u0101ls risin\u0101jums ikdienas lieto\u0161anai! <\/h6>\n<p>&nbsp;<\/p>\n<h6><em>Noskatieties iepaz\u012b\u0161an\u0101s <a href=\"https:\/\/www.youtube.com\/watch?v=GM2jMEW9_e0\" target=\"_blank\" rel=\"noopener\">videoklipu<\/a>, lai uzzin\u0101tu vair\u0101k.<\/em><\/h6>\n<h6><em>Apskatiet <a href=\"https:\/\/hummy.ee\/lv\/ievads-moji\/\" target=\"_blank\" rel=\"noopener\">Moji <\/a>produktu kl\u0101stu.<\/em><\/h6>\n<h6><\/h6>\n","protected":false},"excerpt":{"rendered":"<h6 data-start=\"237\" data-end=\"315\">Moji Yippy baro\u0161anas kr\u0113sla papl\u0101te \u2013 \u0113rts un praktisks papildin\u0101jums j\u016bsu b\u0113rnam. Moji Yippy papl\u0101te ir ide\u0101ls papildin\u0101jums b\u0113rna baro\u0161anas kr\u0113slam, padarot to v\u0113l praktisk\u0101ku un \u0113rt\u0101ku. Pateicoties tam, j\u016bsu mazais b\u0113rns var \u0113st, sp\u0113l\u0113ties un z\u012bm\u0113t \u0113rti, nepien\u0101koties s\u0113d\u0113t pie atsevi\u0161\u0137a galda.  <\/h6>\n","protected":false},"featured_media":23493,"comment_status":"closed","ping_status":"closed","template":"","meta":{"_acf_changed":false,"om_disable_all_campaigns":false,"_monsterinsights_skip_tracking":false,"_monsterinsights_sitenote_active":false,"_monsterinsights_sitenote_note":"","_monsterinsights_sitenote_category":0,"_uf_show_specific_survey":0,"_uf_disable_surveys":false,"site-sidebar-layout":"default","site-content-layout":"","ast-site-content-layout":"default","site-content-style":"default","site-sidebar-style":"default","ast-global-header-display":"","ast-banner-title-visibility":"","ast-main-header-display":"","ast-hfb-above-header-display":"","ast-hfb-below-header-display":"","ast-hfb-mobile-header-display":"","site-post-title":"","ast-breadcrumbs-content":"","ast-featured-img":"","footer-sml-layout":"","theme-transparent-header-meta":"default","adv-header-id-meta":"","stick-header-meta":"","header-above-stick-meta":"","header-main-stick-meta":"","header-below-stick-meta":"","astra-migrate-meta-layouts":"set","ast-page-background-enabled":"default","ast-page-background-meta":{"desktop":{"background-color":"var(--ast-global-color-4)","background-image":"","background-repeat":"repeat","background-position":"center center","background-size":"auto","background-attachment":"scroll","background-type":"","background-media":"","overlay-type":"","overlay-color":"","overlay-opacity":"","overlay-gradient":""},"tablet":{"background-color":"","background-image":"","background-repeat":"repeat","background-position":"center center","background-size":"auto","background-attachment":"scroll","background-type":"","background-media":"","overlay-type":"","overlay-color":"","overlay-opacity":"","overlay-gradient":""},"mobile":{"background-color":"","background-image":"","background-repeat":"repeat","background-position":"center center","background-size":"auto","background-attachment":"scroll","background-type":"","background-media":"","overlay-type":"","overlay-color":"","overlay-opacity":"","overlay-gradient":""}},"ast-content-background-meta":{"desktop":{"background-color":"var(--ast-global-color-5)","background-image":"","background-repeat":"repeat","background-position":"center center","background-size":"auto","background-attachment":"scroll","background-type":"","background-media":"","overlay-type":"","overlay-color":"","overlay-opacity":"","overlay-gradient":""},"tablet":{"background-color":"var(--ast-global-color-5)","background-image":"","background-repeat":"repeat","background-position":"center center","background-size":"auto","background-attachment":"scroll","background-type":"","background-media":"","overlay-type":"","overlay-color":"","overlay-opacity":"","overlay-gradient":""},"mobile":{"background-color":"var(--ast-global-color-5)","background-image":"","background-repeat":"repeat","background-position":"center center","background-size":"auto","background-attachment":"scroll","background-type":"","background-media":"","overlay-type":"","overlay-color":"","overlay-opacity":"","overlay-gradient":""}}},"product_brand":[],"product_cat":[588,589],"product_tag":[],"class_list":{"0":"post-51940","1":"product","2":"type-product","3":"status-publish","4":"has-post-thumbnail","6":"product_cat-edamistabas-kresli","7":"product_cat-moji-lv","8":"desktop-align-left","9":"tablet-align-left","10":"mobile-align-left","12":"first","13":"instock","14":"taxable","15":"shipping-taxable","16":"purchasable","17":"product-type-variable"},"acf":[],"aioseo_notices":[],"_links":{"self":[{"href":"https:\/\/hummy.ee\/lv\/wp-json\/wp\/v2\/product\/51940","targetHints":{"allow":["GET"]}}],"collection":[{"href":"https:\/\/hummy.ee\/lv\/wp-json\/wp\/v2\/product"}],"about":[{"href":"https:\/\/hummy.ee\/lv\/wp-json\/wp\/v2\/types\/product"}],"replies":[{"embeddable":true,"href":"https:\/\/hummy.ee\/lv\/wp-json\/wp\/v2\/comments?post=51940"}],"version-history":[{"count":4,"href":"https:\/\/hummy.ee\/lv\/wp-json\/wp\/v2\/product\/51940\/revisions"}],"predecessor-version":[{"id":85038,"href":"https:\/\/hummy.ee\/lv\/wp-json\/wp\/v2\/product\/51940\/revisions\/85038"}],"wp:featuredmedia":[{"embeddable":true,"href":"https:\/\/hummy.ee\/lv\/wp-json\/wp\/v2\/media\/23493"}],"wp:attachment":[{"href":"https:\/\/hummy.ee\/lv\/wp-json\/wp\/v2\/media?parent=51940"}],"wp:term":[{"taxonomy":"product_brand","embeddable":true,"href":"https:\/\/hummy.ee\/lv\/wp-json\/wp\/v2\/product_brand?post=51940"},{"taxonomy":"product_cat","embeddable":true,"href":"https:\/\/hummy.ee\/lv\/wp-json\/wp\/v2\/product_cat?post=51940"},{"taxonomy":"product_tag","embeddable":true,"href":"https:\/\/hummy.ee\/lv\/wp-json\/wp\/v2\/product_tag?post=51940"}],"curies":[{"name":"wp","href":"https:\/\/api.w.org\/{rel}","templated":true}]}}