{"id":51914,"date":"2024-04-07T18:20:25","date_gmt":"2024-04-07T18:20:25","guid":{"rendered":"https:\/\/hummy.ee\/product\/moji-yippi-edamistabas-kreslu-drosibas-siksnas\/"},"modified":"2026-02-28T19:24:23","modified_gmt":"2026-02-28T19:24:23","slug":"moji-yippi-drosibas-jostas","status":"publish","type":"product","link":"https:\/\/hummy.ee\/lv\/product\/moji-yippi-drosibas-jostas\/","title":{"rendered":"Moji Yippy baro\u0161anas kr\u0113sla dro\u0161\u012bbas jostas"},"content":{"rendered":"<h6 data-start=\"521\" data-end=\"567\"><strong><em>K\u0101p\u0113c izv\u0113l\u0113ties Moji Yippy baro\u0161anas kr\u0113sla dro\u0161\u012bbas jostas?<\/em><\/strong><\/h6>\n<ul>\n<li data-start=\"568\" data-end=\"942\">\n<h6>Nodro\u0161ina b\u0113rnam maksim\u0101lu dro\u0161\u012bbu \u2013 \u012bpa\u0161i izstr\u0101d\u0101ts Moji Yippy baro\u0161anas kr\u0113slam<\/h6>\n<\/li>\n<li data-start=\"568\" data-end=\"942\">\n<h6>5 punktu ierobe\u017eot\u0101jsist\u0113ma - papildu aizsardz\u012bba, lai notur\u0113tu b\u0113rnu kr\u0113sl\u0101<\/h6>\n<\/li>\n<li data-start=\"568\" data-end=\"942\">\n<h6>Regul\u0113jams dizains - piel\u0101gojams b\u0113rna augumam<\/h6>\n<\/li>\n<li data-start=\"568\" data-end=\"942\">\n<h6>Viegla uzst\u0101d\u012b\u0161ana un lieto\u0161ana - nav nepiecie\u0161ami instrumenti<\/h6>\n<\/li>\n<li data-start=\"568\" data-end=\"942\">\n<h6>Piem\u0113rots b\u0113rniem no 6 m\u0113ne\u0161u vecuma - ide\u0101li piem\u0113rots augo\u0161am b\u0113rnam<\/h6>\n<\/li>\n<li data-start=\"944\" data-end=\"992\">\n<h6>Maksim\u0101la dro\u0161\u012bba un stabils atbalsts<\/h6>\n<\/li>\n<\/ul>\n<h6><\/h6>\n<h6 data-start=\"993\" data-end=\"1217\">Moji Yippy baro\u0161anas kr\u0113sla dro\u0161\u012bbas jostas ir izstr\u0101d\u0101tas, lai nodro\u0161in\u0101tu papildu stabilit\u0101ti un dro\u0161\u012bbu. 5-punktu stiprin\u0101juma sist\u0113ma tur j\u016bsu b\u0113rnu stingri viet\u0101, pal\u012bdzot nov\u0113rst negaid\u012btas situ\u0101cijas, kad b\u0113rns var\u0113tu izsl\u012bd\u0113t no kr\u0113sla.<\/h6>\n<p>&nbsp;<\/p>\n<h6 data-start=\"1219\" data-end=\"1268\"><strong><em>Viegla uzst\u0101d\u012b\u0161ana - nav nepiecie\u0161ami instrumenti<\/em><\/strong><\/h6>\n<h6 data-start=\"1269\" data-end=\"1485\">Uzst\u0101d\u012b\u0161ana ir \u0101tra un vienk\u0101r\u0161a \u2013 visi nepiecie\u0161amie stiprin\u0101jumi jau ir integr\u0113ti, t\u0101p\u0113c instrumenti nav nepiecie\u0161ami! Da\u017eu sekun\u017eu laik\u0101 varat jostas dro\u0161i nostiprin\u0101t un piel\u0101got t\u0101s b\u0113rna \u0137ermenim.<\/h6>\n<p>&nbsp;<\/p>\n<h6 data-start=\"1487\" data-end=\"1522\"><strong><em>Aug kop\u0101 ar b\u0113rnu<\/em><\/strong><\/h6>\n<h6 data-start=\"1523\" data-end=\"1717\">Pateicoties regul\u0113jamajam dizainam, dro\u0161\u012bbas jostas var piel\u0101got b\u0113rna augumam, nodro\u0161inot \u0113rtu un dro\u0161u s\u0113d\u0113\u0161anas poz\u012bciju jebkur\u0101 vecum\u0101. Ide\u0101la izv\u0113le akt\u012bviem maziem b\u0113rniem!<\/h6>\n<p>&nbsp;<\/p>\n<h6 data-start=\"1719\" data-end=\"1746\"><strong><em>Tehniskie dati<\/em><\/strong><\/h6>\n<ul data-start=\"1747\" data-end=\"1962\">\n<li>\n<h6>Ide\u0101li piem\u0113rots Moji Yippy baro\u0161anas kr\u0113sla <a href=\"https:\/\/hummy.ee\/lv\/product\/moji-yippy-starta-komplekts\/\">starta komplektam<\/a><\/h6>\n<\/li>\n<li data-start=\"1812\" data-end=\"1862\">\n<h6>5 punktu dro\u0161\u012bbas siksnas papildu aizsardz\u012bbai<\/h6>\n<\/li>\n<li data-start=\"1863\" data-end=\"1903\">\n<h6>Piem\u0113rots b\u0113rniem no 6 m\u0113ne\u0161u vecuma<\/h6>\n<\/li>\n<li data-start=\"1904\" data-end=\"1962\">\n<h6>\u0100tra un vienk\u0101r\u0161a uzst\u0101d\u012b\u0161ana - nav nepiecie\u0161ami instrumenti<\/h6>\n<\/li>\n<\/ul>\n<h6><\/h6>\n<h6><em>Noskatieties iepaz\u012b\u0161an\u0101s <a href=\"https:\/\/www.youtube.com\/watch?v=ZLeYyL7M0og\" target=\"_blank\" rel=\"noopener\">videoklipu<\/a>, lai uzzin\u0101tu vair\u0101k.<\/em><\/h6>\n<h6><em>Apskatiet <a href=\"https:\/\/hummy.ee\/lv\/ievads-moji\/\" target=\"_blank\" rel=\"noopener\">Moji<\/a> produktu kl\u0101stu.<\/em><\/h6>\n","protected":false},"excerpt":{"rendered":"<h6 data-start=\"141\" data-end=\"229\">Moji Yippy baro\u0161anas kr\u0113sla dro\u0161\u012bbas jostas \u2013 maksim\u0101la dro\u0161\u012bba un komforts j\u016bsu b\u0113rnam. Ja mekl\u0113jat papildu dro\u0161\u012bbu un p\u0101rliec\u012bbu, ka j\u016bsu b\u0113rns ir dro\u0161i nostiprin\u0101ts baro\u0161anas kr\u0113sl\u0101, Moji Yippy dro\u0161\u012bbas jostas ir ide\u0101ls risin\u0101jums! \u0160\u012bs kvalitat\u012bv\u0101s un regul\u0113jam\u0101s jostas nodro\u0161ina, ka j\u016bsu mazulis s\u0113\u017e \u0113rti un dro\u0161i visas \u0113dienreizes laik\u0101.<\/h6>\n","protected":false},"featured_media":57915,"comment_status":"closed","ping_status":"closed","template":"","meta":{"_acf_changed":false,"om_disable_all_campaigns":false,"_monsterinsights_skip_tracking":false,"_monsterinsights_sitenote_active":false,"_monsterinsights_sitenote_note":"","_monsterinsights_sitenote_category":0,"_uf_show_specific_survey":0,"_uf_disable_surveys":false,"site-sidebar-layout":"default","site-content-layout":"","ast-site-content-layout":"default","site-content-style":"default","site-sidebar-style":"default","ast-global-header-display":"","ast-banner-title-visibility":"","ast-main-header-display":"","ast-hfb-above-header-display":"","ast-hfb-below-header-display":"","ast-hfb-mobile-header-display":"","site-post-title":"","ast-breadcrumbs-content":"","ast-featured-img":"","footer-sml-layout":"","theme-transparent-header-meta":"default","adv-header-id-meta":"","stick-header-meta":"","header-above-stick-meta":"","header-main-stick-meta":"","header-below-stick-meta":"","astra-migrate-meta-layouts":"set","ast-page-background-enabled":"default","ast-page-background-meta":{"desktop":{"background-color":"var(--ast-global-color-4)","background-image":"","background-repeat":"repeat","background-position":"center center","background-size":"auto","background-attachment":"scroll","background-type":"","background-media":"","overlay-type":"","overlay-color":"","overlay-opacity":"","overlay-gradient":""},"tablet":{"background-color":"","background-image":"","background-repeat":"repeat","background-position":"center center","background-size":"auto","background-attachment":"scroll","background-type":"","background-media":"","overlay-type":"","overlay-color":"","overlay-opacity":"","overlay-gradient":""},"mobile":{"background-color":"","background-image":"","background-repeat":"repeat","background-position":"center center","background-size":"auto","background-attachment":"scroll","background-type":"","background-media":"","overlay-type":"","overlay-color":"","overlay-opacity":"","overlay-gradient":""}},"ast-content-background-meta":{"desktop":{"background-color":"var(--ast-global-color-5)","background-image":"","background-repeat":"repeat","background-position":"center center","background-size":"auto","background-attachment":"scroll","background-type":"","background-media":"","overlay-type":"","overlay-color":"","overlay-opacity":"","overlay-gradient":""},"tablet":{"background-color":"var(--ast-global-color-5)","background-image":"","background-repeat":"repeat","background-position":"center center","background-size":"auto","background-attachment":"scroll","background-type":"","background-media":"","overlay-type":"","overlay-color":"","overlay-opacity":"","overlay-gradient":""},"mobile":{"background-color":"var(--ast-global-color-5)","background-image":"","background-repeat":"repeat","background-position":"center center","background-size":"auto","background-attachment":"scroll","background-type":"","background-media":"","overlay-type":"","overlay-color":"","overlay-opacity":"","overlay-gradient":""}}},"product_brand":[],"product_cat":[588,589],"product_tag":[330,328],"class_list":{"0":"post-51914","1":"product","2":"type-product","3":"status-publish","4":"has-post-thumbnail","6":"product_cat-edamistabas-kresli","7":"product_cat-moji-lv","8":"product_tag-atseviski-produkti","9":"product_tag-pielagota-timekla-vietne","10":"desktop-align-left","11":"tablet-align-left","12":"mobile-align-left","14":"first","15":"instock","16":"taxable","17":"shipping-taxable","18":"purchasable","19":"product-type-variable"},"acf":[],"aioseo_notices":[],"_links":{"self":[{"href":"https:\/\/hummy.ee\/lv\/wp-json\/wp\/v2\/product\/51914","targetHints":{"allow":["GET"]}}],"collection":[{"href":"https:\/\/hummy.ee\/lv\/wp-json\/wp\/v2\/product"}],"about":[{"href":"https:\/\/hummy.ee\/lv\/wp-json\/wp\/v2\/types\/product"}],"replies":[{"embeddable":true,"href":"https:\/\/hummy.ee\/lv\/wp-json\/wp\/v2\/comments?post=51914"}],"version-history":[{"count":3,"href":"https:\/\/hummy.ee\/lv\/wp-json\/wp\/v2\/product\/51914\/revisions"}],"predecessor-version":[{"id":85040,"href":"https:\/\/hummy.ee\/lv\/wp-json\/wp\/v2\/product\/51914\/revisions\/85040"}],"wp:featuredmedia":[{"embeddable":true,"href":"https:\/\/hummy.ee\/lv\/wp-json\/wp\/v2\/media\/57915"}],"wp:attachment":[{"href":"https:\/\/hummy.ee\/lv\/wp-json\/wp\/v2\/media?parent=51914"}],"wp:term":[{"taxonomy":"product_brand","embeddable":true,"href":"https:\/\/hummy.ee\/lv\/wp-json\/wp\/v2\/product_brand?post=51914"},{"taxonomy":"product_cat","embeddable":true,"href":"https:\/\/hummy.ee\/lv\/wp-json\/wp\/v2\/product_cat?post=51914"},{"taxonomy":"product_tag","embeddable":true,"href":"https:\/\/hummy.ee\/lv\/wp-json\/wp\/v2\/product_tag?post=51914"}],"curies":[{"name":"wp","href":"https:\/\/api.w.org\/{rel}","templated":true}]}}