{"id":51903,"date":"2024-07-05T20:04:34","date_gmt":"2024-07-05T20:04:34","guid":{"rendered":"https:\/\/hummy.ee\/product\/abc-design-tour-sporta-ratini-sporta-komplekts\/"},"modified":"2026-04-11T13:57:15","modified_gmt":"2026-04-11T13:57:15","slug":"abc-design-tour-sporta-komplekts","status":"publish","type":"product","link":"https:\/\/hummy.ee\/lv\/product\/abc-design-tour-sporta-komplekts\/","title":{"rendered":"ABC Design Tour sporta rati\u0146a sporta komplekts"},"content":{"rendered":"<h6><strong><em>P\u0101rv\u0113rtiet <a href=\"https:\/\/hummy.ee\/lv\/product\/abc-design-tour-sporta-ratini\/\" target=\"_blank\" rel=\"noopener\">Tour<\/a> sporta rati\u0146u par skrie\u0161anas rati\u0146iem tikai ar vienu pogas nospie\u0161anu<\/em><\/strong><\/h6>\n<h6>Vai jums pat\u012bk skriet un v\u0113laties, lai j\u016bsu b\u0113rns var\u0113tu dro\u0161i piedal\u012bties skrie\u0161an\u0101? Touri sporta komplekts \u013cauj p\u0101rv\u0113rst velosip\u0113da piekabi par funkcion\u0101lu skrie\u0161anas rati\u0146u da\u017eu sekun\u017eu laik\u0101!<\/h6>\n<p>&nbsp;<\/p>\n<h6><\/h6>\n<ul>\n<li data-start=\"741\" data-end=\"1256\">\n<h6>\u0100tra un vienk\u0101r\u0161a piestiprin\u0101\u0161anas sist\u0113ma - vienk\u0101r\u0161i pagrieziet priek\u0161\u0113jos rite\u0146us kop\u0101 un ar vienu klik\u0161\u0137i piestipriniet lielo pneimatisko skr\u0113j\u0113ju.<\/h6>\n<\/li>\n<li data-start=\"741\" data-end=\"1256\">\n<h6>Dro\u0161\u012bba pirmaj\u0101 viet\u0101 - integr\u0113t\u0101 rokas bremze un disku bremzes nodro\u0161ina vienm\u0113r\u012bgu brauk\u0161anu un kontrol\u0113tu bremz\u0113\u0161anu pat pie liel\u0101ka \u0101truma.<\/h6>\n<\/li>\n<li data-start=\"741\" data-end=\"1256\">\n<h6>Papildu aizsardz\u012bba ar plaukstas siksnu - dro\u0161i notur rati\u0146us neparedz\u0113t\u0101s situ\u0101cij\u0101s.<\/h6>\n<\/li>\n<li data-start=\"741\" data-end=\"1256\">\n<h6>Maksim\u0101ls komforts j\u016bsu b\u0113rnam - ergonomiskais s\u0113deklis un vienm\u0113r\u012bg\u0101 balstiek\u0101rta nodro\u0161ina, ka pat maz\u0101kais b\u0113rns var izbaud\u012bt m\u012bkstu un dro\u0161u braucienu.<\/h6>\n<\/li>\n<\/ul>\n<h6>Ce\u013cojumu piederumi ir daudzpus\u012bgi un atvieglo ikdienas dz\u012bvi. Izbaudiet p\u0101rvieto\u0161an\u0101s br\u012bv\u012bbu un dalieties sportiskajos mirk\u013cos ar visu \u0123imeni!<\/h6>\n<p>&nbsp;<\/p>\n<h6><em>Noskatieties iepaz\u012b\u0161an\u0101s <a href=\"https:\/\/www.youtube.com\/watch?v=u_rGhWD-H8s\" target=\"_blank\" rel=\"noopener\">videoklipu<\/a>, lai uzzin\u0101tu vair\u0101k.<\/em><\/h6>\n","protected":false},"excerpt":{"rendered":"<h6 data-start=\"115\" data-end=\"175\">ABC Design Tour sporta komplekts - uzlabojiet savu Tour rati\u0146u iesp\u0113jas. Uzlabojiet savu ABC Design Tour rati\u0146us ar ori\u0123in\u0101liem piederumiem un izbaudiet v\u0113l liel\u0101ku dro\u0161\u012bbu, elast\u012bbu un komfortu ikvien\u0101 \u0101ra piedz\u012bvojum\u0101! Neatkar\u012bgi no t\u0101, vai t\u0101 ir pastaiga dab\u0101, intens\u012bvs skrie\u0161anas treni\u0146\u0161 vai vienk\u0101r\u0161i akt\u012bva diena kop\u0101 ar \u0123imeni, \u0161ie gudrie aksesu\u0101ri pacels j\u016bsu Tour pieredzi jaun\u0101 l\u012bmen\u012b.<\/h6>\n","protected":false},"featured_media":22373,"comment_status":"closed","ping_status":"closed","template":"","meta":{"_acf_changed":false,"om_disable_all_campaigns":false,"_monsterinsights_skip_tracking":false,"_monsterinsights_sitenote_active":false,"_monsterinsights_sitenote_note":"","_monsterinsights_sitenote_category":0,"_uf_show_specific_survey":0,"_uf_disable_surveys":false,"site-sidebar-layout":"default","site-content-layout":"","ast-site-content-layout":"default","site-content-style":"default","site-sidebar-style":"default","ast-global-header-display":"","ast-banner-title-visibility":"","ast-main-header-display":"","ast-hfb-above-header-display":"","ast-hfb-below-header-display":"","ast-hfb-mobile-header-display":"","site-post-title":"","ast-breadcrumbs-content":"","ast-featured-img":"","footer-sml-layout":"","theme-transparent-header-meta":"default","adv-header-id-meta":"","stick-header-meta":"","header-above-stick-meta":"","header-main-stick-meta":"","header-below-stick-meta":"","astra-migrate-meta-layouts":"set","ast-page-background-enabled":"default","ast-page-background-meta":{"desktop":{"background-color":"var(--ast-global-color-4)","background-image":"","background-repeat":"repeat","background-position":"center center","background-size":"auto","background-attachment":"scroll","background-type":"","background-media":"","overlay-type":"","overlay-color":"","overlay-opacity":"","overlay-gradient":""},"tablet":{"background-color":"","background-image":"","background-repeat":"repeat","background-position":"center center","background-size":"auto","background-attachment":"scroll","background-type":"","background-media":"","overlay-type":"","overlay-color":"","overlay-opacity":"","overlay-gradient":""},"mobile":{"background-color":"","background-image":"","background-repeat":"repeat","background-position":"center center","background-size":"auto","background-attachment":"scroll","background-type":"","background-media":"","overlay-type":"","overlay-color":"","overlay-opacity":"","overlay-gradient":""}},"ast-content-background-meta":{"desktop":{"background-color":"var(--ast-global-color-5)","background-image":"","background-repeat":"repeat","background-position":"center center","background-size":"auto","background-attachment":"scroll","background-type":"","background-media":"","overlay-type":"","overlay-color":"","overlay-opacity":"","overlay-gradient":""},"tablet":{"background-color":"var(--ast-global-color-5)","background-image":"","background-repeat":"repeat","background-position":"center center","background-size":"auto","background-attachment":"scroll","background-type":"","background-media":"","overlay-type":"","overlay-color":"","overlay-opacity":"","overlay-gradient":""},"mobile":{"background-color":"var(--ast-global-color-5)","background-image":"","background-repeat":"repeat","background-position":"center center","background-size":"auto","background-attachment":"scroll","background-type":"","background-media":"","overlay-type":"","overlay-color":"","overlay-opacity":"","overlay-gradient":""}}},"product_brand":[],"product_cat":[526,322,579],"product_tag":[330,328],"class_list":{"0":"post-51903","1":"product","2":"type-product","3":"status-publish","4":"has-post-thumbnail","6":"product_cat-abc-dizains","7":"product_cat-apgriesanas-piederumi","8":"product_cat-sporta-ratini","9":"product_tag-atseviski-produkti","10":"product_tag-pielagota-timekla-vietne","11":"desktop-align-left","12":"tablet-align-left","13":"mobile-align-left","15":"first","16":"instock","17":"sale","18":"taxable","19":"shipping-taxable","20":"purchasable","21":"product-type-simple"},"acf":[],"aioseo_notices":[],"_links":{"self":[{"href":"https:\/\/hummy.ee\/lv\/wp-json\/wp\/v2\/product\/51903","targetHints":{"allow":["GET"]}}],"collection":[{"href":"https:\/\/hummy.ee\/lv\/wp-json\/wp\/v2\/product"}],"about":[{"href":"https:\/\/hummy.ee\/lv\/wp-json\/wp\/v2\/types\/product"}],"replies":[{"embeddable":true,"href":"https:\/\/hummy.ee\/lv\/wp-json\/wp\/v2\/comments?post=51903"}],"version-history":[{"count":5,"href":"https:\/\/hummy.ee\/lv\/wp-json\/wp\/v2\/product\/51903\/revisions"}],"predecessor-version":[{"id":86432,"href":"https:\/\/hummy.ee\/lv\/wp-json\/wp\/v2\/product\/51903\/revisions\/86432"}],"wp:featuredmedia":[{"embeddable":true,"href":"https:\/\/hummy.ee\/lv\/wp-json\/wp\/v2\/media\/22373"}],"wp:attachment":[{"href":"https:\/\/hummy.ee\/lv\/wp-json\/wp\/v2\/media?parent=51903"}],"wp:term":[{"taxonomy":"product_brand","embeddable":true,"href":"https:\/\/hummy.ee\/lv\/wp-json\/wp\/v2\/product_brand?post=51903"},{"taxonomy":"product_cat","embeddable":true,"href":"https:\/\/hummy.ee\/lv\/wp-json\/wp\/v2\/product_cat?post=51903"},{"taxonomy":"product_tag","embeddable":true,"href":"https:\/\/hummy.ee\/lv\/wp-json\/wp\/v2\/product_tag?post=51903"}],"curies":[{"name":"wp","href":"https:\/\/api.w.org\/{rel}","templated":true}]}}