{"id":51889,"date":"2024-07-01T11:38:24","date_gmt":"2024-07-01T11:38:24","guid":{"rendered":"https:\/\/hummy.ee\/product\/abc-design-tour-sporta-ratini\/"},"modified":"2026-04-11T13:57:06","modified_gmt":"2026-04-11T13:57:06","slug":"abc-design-tour-sporta-ratini","status":"publish","type":"product","link":"https:\/\/hummy.ee\/lv\/product\/abc-design-tour-sporta-ratini\/","title":{"rendered":"ABC Design Tour sporta rati\u0146i"},"content":{"rendered":"<h6><strong><em>Maksim\u0101ls komforts un dro\u0161\u012bba<\/em><\/strong><\/h6>\n<h6>ABC Design Ce\u013cojums ir ne tikai elast\u012bgs - tas ir ar\u012b \u013coti \u0113rts un dro\u0161s.<\/h6>\n<h6><\/h6>\n<ul>\n<li data-start=\"712\" data-end=\"1116\">\n<h6>CozyCloud\u00ae komforta s\u0113dek\u013ci - individu\u0101li regul\u0113jami, ar m\u012bkstu polster\u0113jumu un nolieces funkciju.<\/h6>\n<\/li>\n<li data-start=\"712\" data-end=\"1116\">\n<h6>5punktu dro\u0161\u012bbas jostu sist\u0113ma - nodro\u0161ina maksim\u0101lu b\u0113rna aizsardz\u012bbu katr\u0101 braucien\u0101.<\/h6>\n<\/li>\n<li data-start=\"712\" data-end=\"1116\">\n<h6>Efekt\u012bva bremz\u0113\u0161anas sist\u0113ma - rokas un disku bremzes un rokas siksna nodro\u0161ina piln\u012bgu kust\u012bbu un bremz\u0113\u0161anas kontroli.<\/h6>\n<\/li>\n<li data-start=\"712\" data-end=\"1116\">\n<h6>Ergonomiska balstiek\u0101rta - vienm\u0113r\u012bga un \u0113rta brauk\u0161ana uz jebkuras virsmas, pat uz bedraina ce\u013ca.<\/h6>\n<\/li>\n<li data-start=\"1123\" data-end=\"1169\">\n<h6>Uzlabotas funkcijas un funkcionalit\u0101te<\/h6>\n<\/li>\n<li data-start=\"1171\" data-end=\"1575\">\n<h6>Pla\u0161a bag\u0101\u017eas nodal\u012bjuma ietilp\u012bba - no\u0146emama kabata \u013cauj \u0113rti iepirkties un p\u0101rn\u0113s\u0101t p\u0101rg\u0101jiena laik\u0101.<\/h6>\n<\/li>\n<li data-start=\"1171\" data-end=\"1575\">\n<h6>Baldah\u012bns tr\u012bs vien\u0101 - mosk\u012btu t\u012bkls, lietus p\u0101rvalks un UPF 50+ aizsardz\u012bba pret sauli nodro\u0161ina optim\u0101lu aizsardz\u012bbu j\u016bsu b\u0113rnam jebkuros laikapst\u0101k\u013cos.<\/h6>\n<\/li>\n<li data-start=\"1171\" data-end=\"1575\">\n<h6>\u016adensnecaurlaid\u012bgi un iztur\u012bgi materi\u0101li - viegli kopjami un t\u012br\u0101mi.<\/h6>\n<\/li>\n<li data-start=\"1171\" data-end=\"1575\">\n<h6>Kompakts un vietu taupo\u0161s dizains - salok\u0101mi priek\u0161\u0113jie rite\u0146i un \u0113rta transport\u0113\u0161ana<\/h6>\n<\/li>\n<\/ul>\n<h6><strong><em>Tehniskie dati<\/em><\/strong><\/h6>\n<ul>\n<li data-start=\"1611\" data-end=\"2129\">\n<h6>Maksim\u0101l\u0101 kravnes\u012bba: 49 kg (l\u012bdz 2 b\u0113rniem, ne vair\u0101k k\u0101 22 kg katram b\u0113rnam).<\/h6>\n<\/li>\n<li data-start=\"1611\" data-end=\"2129\">\n<h6>Iepirkumu groza ietilp\u012bba: 5 kg<\/h6>\n<\/li>\n<li data-start=\"1611\" data-end=\"2129\">\n<h6>Izm\u0113ri atv\u0113rt\u0101 st\u0101vokl\u012b: 109 x 80,5 cm<\/h6>\n<\/li>\n<li data-start=\"1611\" data-end=\"2129\">\n<h6>Izm\u0113ri saloc\u012bt\u0101 veid\u0101: 62,5 x 80,5 x 71,5 cm<\/h6>\n<\/li>\n<li data-start=\"1611\" data-end=\"2129\">\n<h6>Kop\u0113jais att\u0101lums: 65 cm<\/h6>\n<\/li>\n<li data-start=\"1611\" data-end=\"2129\">\n<h6>Izstr\u0101d\u0101juma svars: 26,5 kg<\/h6>\n<\/li>\n<li data-start=\"1611\" data-end=\"2129\">\n<h6>Priek\u0161\u0113jie rite\u0146i: 24 cm \/ aizmugur\u0113jie rite\u0146i: 49,5 cm<\/h6>\n<\/li>\n<li data-start=\"1611\" data-end=\"2129\">\n<h6>St\u016bres stie\u0146a augstums: 75 - 111 cm<\/h6>\n<\/li>\n<\/ul>\n<h6><br data-start=\"1950\" data-end=\"1953\" \/><strong><em>Piem\u0113rots vecums<\/em><\/strong><\/h6>\n<ul>\n<li>\n<h6>K\u0101 rati\u0146\u0161: no 6 m\u0113ne\u0161u vecuma (jau no dzim\u0161anas ar <a href=\"https:\/\/hummy.ee\/lv\/product\/abc-design-tout-spora-ratina-zidaina-ieliktnis\/\" target=\"_blank\" rel=\"noopener\">z\u012bdai\u0146a ieliktn\u012bti<\/a>)<\/h6>\n<\/li>\n<li>\n<h6>K\u0101 velosip\u0113da piekabe: no 6 m\u0113ne\u0161u vecuma<\/h6>\n<\/li>\n<li>\n<h6>K\u0101 skrie\u0161anas rati\u0146\u0161: no 6 m\u0113ne\u0161u vecuma<\/h6>\n<\/li>\n<\/ul>\n<h6><\/h6>\n<h6>Vai esat gatavs jaunam piedz\u012bvojumam? ABC Design Tour ir ide\u0101ls sabiedrotais akt\u012bv\u0101m \u0123imen\u0113m, kas v\u0113las izbaud\u012bt dz\u012bvi \u0113rti un dro\u0161i.<\/h6>\n<p>&nbsp;<\/p>\n<h6><em>Noskatieties iepaz\u012b\u0161an\u0101s <a href=\"https:\/\/www.youtube.com\/watch?v=B0YODvWR8dg\">videoklipu<\/a>, lai uzzin\u0101tu vair\u0101k.<\/em><\/h6>\n","protected":false},"excerpt":{"rendered":"<h6 data-start=\"80\" data-end=\"156\">Atkl\u0101j pasauli jaun\u0101 veid\u0101 \u2013 ABC Design Tour 3\u2011vien\u0101 velosip\u0113da piekabe. ABC Design Tour padara katru dienu par piedz\u012bvojumu! \u0160\u012b daudzfunkcion\u0101l\u0101 velosip\u0113da piekabe ir ide\u0101li piem\u0113rota akt\u012bv\u0101m \u0123imen\u0113m, kas v\u0113las baud\u012bt dabu, sportu un kop\u012bgus mirk\u013cus. Pl\u0101nots pastaiga park\u0101, r\u012bta skr\u0113jiens, \u0123imenes p\u0101rg\u0101jiens dab\u0101 vai aizraujo\u0161s velobrauciens? Tour vienm\u0113r ir gatavs! Pateicoties gudrajai 3\u2011vien\u0101 sist\u0113mai, to var \u0101tri un vienk\u0101r\u0161i p\u0101rv\u0113rst no rati\u0146iem par skrie\u0161anas rati\u0146iem vai dro\u0161u velosip\u0113da piekabi.<\/h6>\n","protected":false},"featured_media":37477,"comment_status":"closed","ping_status":"closed","template":"","meta":{"_acf_changed":false,"om_disable_all_campaigns":false,"_monsterinsights_skip_tracking":false,"_monsterinsights_sitenote_active":false,"_monsterinsights_sitenote_note":"","_monsterinsights_sitenote_category":0,"_uf_show_specific_survey":0,"_uf_disable_surveys":false,"site-sidebar-layout":"default","site-content-layout":"","ast-site-content-layout":"default","site-content-style":"default","site-sidebar-style":"default","ast-global-header-display":"","ast-banner-title-visibility":"","ast-main-header-display":"","ast-hfb-above-header-display":"","ast-hfb-below-header-display":"","ast-hfb-mobile-header-display":"","site-post-title":"","ast-breadcrumbs-content":"","ast-featured-img":"","footer-sml-layout":"","theme-transparent-header-meta":"default","adv-header-id-meta":"","stick-header-meta":"","header-above-stick-meta":"","header-main-stick-meta":"","header-below-stick-meta":"","astra-migrate-meta-layouts":"set","ast-page-background-enabled":"default","ast-page-background-meta":{"desktop":{"background-color":"var(--ast-global-color-4)","background-image":"","background-repeat":"repeat","background-position":"center center","background-size":"auto","background-attachment":"scroll","background-type":"","background-media":"","overlay-type":"","overlay-color":"","overlay-opacity":"","overlay-gradient":""},"tablet":{"background-color":"","background-image":"","background-repeat":"repeat","background-position":"center center","background-size":"auto","background-attachment":"scroll","background-type":"","background-media":"","overlay-type":"","overlay-color":"","overlay-opacity":"","overlay-gradient":""},"mobile":{"background-color":"","background-image":"","background-repeat":"repeat","background-position":"center center","background-size":"auto","background-attachment":"scroll","background-type":"","background-media":"","overlay-type":"","overlay-color":"","overlay-opacity":"","overlay-gradient":""}},"ast-content-background-meta":{"desktop":{"background-color":"var(--ast-global-color-5)","background-image":"","background-repeat":"repeat","background-position":"center center","background-size":"auto","background-attachment":"scroll","background-type":"","background-media":"","overlay-type":"","overlay-color":"","overlay-opacity":"","overlay-gradient":""},"tablet":{"background-color":"var(--ast-global-color-5)","background-image":"","background-repeat":"repeat","background-position":"center center","background-size":"auto","background-attachment":"scroll","background-type":"","background-media":"","overlay-type":"","overlay-color":"","overlay-opacity":"","overlay-gradient":""},"mobile":{"background-color":"var(--ast-global-color-5)","background-image":"","background-repeat":"repeat","background-position":"center center","background-size":"auto","background-attachment":"scroll","background-type":"","background-media":"","overlay-type":"","overlay-color":"","overlay-opacity":"","overlay-gradient":""}}},"product_brand":[],"product_cat":[526,549,432,579],"product_tag":[],"class_list":{"0":"post-51889","1":"product","2":"type-product","3":"status-publish","4":"has-post-thumbnail","6":"product_cat-abc-dizains","7":"product_cat-divvietigi-ratini","8":"product_cat-cisternu","9":"product_cat-sporta-ratini","10":"desktop-align-left","11":"tablet-align-left","12":"mobile-align-left","14":"first","15":"instock","16":"sale","17":"taxable","18":"shipping-taxable","19":"purchasable","20":"product-type-variable"},"acf":[],"aioseo_notices":[],"_links":{"self":[{"href":"https:\/\/hummy.ee\/lv\/wp-json\/wp\/v2\/product\/51889","targetHints":{"allow":["GET"]}}],"collection":[{"href":"https:\/\/hummy.ee\/lv\/wp-json\/wp\/v2\/product"}],"about":[{"href":"https:\/\/hummy.ee\/lv\/wp-json\/wp\/v2\/types\/product"}],"replies":[{"embeddable":true,"href":"https:\/\/hummy.ee\/lv\/wp-json\/wp\/v2\/comments?post=51889"}],"version-history":[{"count":8,"href":"https:\/\/hummy.ee\/lv\/wp-json\/wp\/v2\/product\/51889\/revisions"}],"predecessor-version":[{"id":86431,"href":"https:\/\/hummy.ee\/lv\/wp-json\/wp\/v2\/product\/51889\/revisions\/86431"}],"wp:featuredmedia":[{"embeddable":true,"href":"https:\/\/hummy.ee\/lv\/wp-json\/wp\/v2\/media\/37477"}],"wp:attachment":[{"href":"https:\/\/hummy.ee\/lv\/wp-json\/wp\/v2\/media?parent=51889"}],"wp:term":[{"taxonomy":"product_brand","embeddable":true,"href":"https:\/\/hummy.ee\/lv\/wp-json\/wp\/v2\/product_brand?post=51889"},{"taxonomy":"product_cat","embeddable":true,"href":"https:\/\/hummy.ee\/lv\/wp-json\/wp\/v2\/product_cat?post=51889"},{"taxonomy":"product_tag","embeddable":true,"href":"https:\/\/hummy.ee\/lv\/wp-json\/wp\/v2\/product_tag?post=51889"}],"curies":[{"name":"wp","href":"https:\/\/api.w.org\/{rel}","templated":true}]}}