{"id":51845,"date":"2024-10-01T20:30:50","date_gmt":"2024-10-01T20:30:50","guid":{"rendered":"https:\/\/hummy.ee\/product\/abc-design-zoom-2-ratini\/"},"modified":"2026-04-11T14:10:27","modified_gmt":"2026-04-11T14:10:27","slug":"abc-design-zoom-2-ratini","status":"publish","type":"product","link":"https:\/\/hummy.ee\/lv\/product\/abc-design-zoom-2-ratini\/","title":{"rendered":"ABC Design Zoom 2 dv\u012b\u0146u rati\u0146i"},"content":{"rendered":"<h6 data-pm-slice=\"1 1 []\"><strong><em>Komplekt\u0101 ietilpst:<\/em><\/strong><\/h6>\n<ul data-spread=\"false\">\n<li>\n<h6>Zoom 2 rati\u0146i diviem b\u0113rniem<\/h6>\n<\/li>\n<li>\n<h6>2 x s\u0113\u017eam\u0101 da\u013ca<\/h6>\n<\/li>\n<li>\n<h6>2 x s\u0113dek\u013ca polster\u0113jums<\/h6>\n<\/li>\n<\/ul>\n<h6><\/h6>\n<h6><\/h6>\n<h6><strong><em>Gudrs un elast\u012bgs dizains<\/em><\/strong><\/h6>\n<h6>Zoom groz\u0101mie rite\u0146i padara to \u012bpa\u0161i manevr\u0113jamu, \u013caujot viegli manevr\u0113t \u0161aur\u0101s viet\u0101s. Kompaktais dizains nodro\u0161ina, ka rati\u0146i ietilpst maz\u0101k\u0101s telp\u0101s un ir viegli transport\u0113jami. Ar da\u017e\u0101m vienk\u0101r\u0161\u0101m kust\u012bb\u0101m Zoom var p\u0101rveidot par ce\u013cojumu sist\u0113mu vai saloc\u012bt un uzglab\u0101t automa\u0161\u012bn\u0101.<\/h6>\n<p>&nbsp;<\/p>\n<h6><\/h6>\n<h6><strong><em>Maksim\u0101ls komforts b\u0113rniem un vec\u0101kiem<\/em><\/strong><\/h6>\n<h6>Ar ratiem komplekt\u0101 ir iek\u013cauti divi m\u012bksti s\u0113dek\u013ca polster\u0113jumi, kas nodro\u0161ina mazulim pat\u012bkamu un dro\u0161u braucienu jau no dzim\u0161anas. ABC Design ergonomiskais dizains atbalsta pareizu b\u0113rna st\u0101ju, savuk\u0101rt m\u012bkstais un elpojo\u0161ais materi\u0101ls nodro\u0161ina optim\u0101lu aizsardz\u012bbu galvai, kaklam un mugurai. Turkl\u0101t s\u0113dek\u013ca polster\u0113jumam ir \u0137\u012b\u013cveida spilvens, kas \u013cauj b\u0113rnam gul\u0113t piln\u012bgi horizont\u0101l\u0101 poz\u012bcij\u0101, nodro\u0161inot maksim\u0101lu komfortu un dro\u0161\u012bbu.<\/h6>\n<h6><\/h6>\n<h6><\/h6>\n<p>&nbsp;<\/p>\n<h6><strong><em>Papildu komforts ratu kulbai un autokresli\u0146am<\/em><\/strong><\/h6>\n<h6>Lai nodro\u0161in\u0101tu mazulim v\u0113l liel\u0101ku komfortu, Zoom ir iesp\u0113jams apr\u012bkot ar ratu kulbu ar CozyCloud\u00ae matraci (nop\u0113rkama atsevi\u0161\u0137i). Turkl\u0101t uz ratu r\u0101mja var piestiprin\u0101t da\u017e\u0101dus autokresli\u0146us, padarot Zoom par pilnv\u0113rt\u012bgu ce\u013co\u0161anas sist\u0113mu.<\/h6>\n<h6><\/h6>\n<p>&nbsp;<\/p>\n<h6><strong><em>Galven\u0101s iez\u012bmes:<\/em><\/strong><\/h6>\n<ul data-spread=\"false\">\n<li>\n<h6>Iesp\u0113ja piestiprin\u0101t autokresli\u0146u pie ratu r\u0101mja<\/h6>\n<\/li>\n<li>\n<h6>Mazg\u0101jams k\u0101ju balsts<\/h6>\n<\/li>\n<li>\n<h6>Regul\u0113jams atzveltnes un k\u0101ju balsts<\/h6>\n<\/li>\n<li>\n<h6>Rot\u0113jo\u0161ie rite\u0146i<\/h6>\n<\/li>\n<li>\n<h6>Garas rokas ar UV aizsardz\u012bbu<\/h6>\n<\/li>\n<li>\n<h6>\u016adensnecaurlaid\u012bgs materi\u0101ls<\/h6>\n<\/li>\n<li>\n<h6>St\u0101vbremze<\/h6>\n<\/li>\n<li>\n<h6>No\u0146emami rite\u0146i<\/h6>\n<\/li>\n<li>\n<h6>Augstuma regul\u0113jams st\u016bres stienis<\/h6>\n<\/li>\n<li>\n<h6>Regul\u0113jamas HappyBelt 5 punktu dro\u0161\u012bbas siksnas<\/h6>\n<\/li>\n<li>\n<h6>Transporta sl\u0113dzene<\/h6>\n<\/li>\n<li>\n<h6>EVA putuplasta rite\u0146i<\/h6>\n<\/li>\n<li>\n<h6>Rite\u0146i ar balstiek\u0101rtu un gult\u0146iem<\/h6>\n<\/li>\n<li>\n<h6>No\u0146emams dro\u0161\u012bbas stienis<\/h6>\n<\/li>\n<li>\n<h6>Univers\u0101li stiprin\u0101juma punkti piederumiem<\/h6>\n<\/li>\n<li>\n<h6>Viengabala salok\u0101ms<\/h6>\n<\/li>\n<\/ul>\n<h6><\/h6>\n<h6><strong><em>Specifik\u0101cijas:<\/em><\/strong><\/h6>\n<ul data-spread=\"false\">\n<li>\n<h6>Piem\u0113rots vecumam: no dzim\u0161anas<\/h6>\n<\/li>\n<li>\n<h6>Kop\u0113j\u0101 kravnes\u012bba: 49 kg<\/h6>\n<\/li>\n<li>\n<h6>Ietilp\u012bba: l\u012bdz 22 kg vienam b\u0113rnam<\/h6>\n<\/li>\n<li>\n<h6>Liels grozs: ietilp\u012bba l\u012bdz 5 kg<\/h6>\n<\/li>\n<li>\n<h6>Izm\u0113ri atv\u0113rt\u0101 st\u0101vokl\u012b: 121 x 60 cm<\/h6>\n<\/li>\n<li>\n<h6>St\u016bres stie\u0146a augstums: 95 - 111 cm<\/h6>\n<\/li>\n<li>\n<h6>Izm\u0113ri saloc\u012bt\u0101 veid\u0101: 85 x 60 x 57 cm<\/h6>\n<\/li>\n<li>\n<h6>S\u0113dvietas izm\u0113ri: 22 x 32 cm<\/h6>\n<\/li>\n<li>\n<h6>Atzveltnes izm\u0113ri: 32 x 54 cm<\/h6>\n<\/li>\n<li>\n<h6>Priek\u0161\u0113j\u0101 rite\u0146a izm\u0113rs: 20,5 cm<\/h6>\n<\/li>\n<li>\n<h6>Aizmugur\u0113j\u0101 rite\u0146a izm\u0113rs: 28,5 cm<\/h6>\n<\/li>\n<li>\n<h6>Kop\u0113jais svars ar s\u0113dek\u013ciem: 17,3 kg<\/h6>\n<\/li>\n<\/ul>\n<h6><\/h6>\n<h6><strong><em>Sader\u012bba ar autokresli\u0146iem:<\/em><\/strong><\/h6>\n<ul data-spread=\"false\">\n<li>\n<h6>ABC Design: Tulip<\/h6>\n<\/li>\n<li>\n<h6>Maxi-Cosi: City, Convertible-Fix, Coral, Pebble, Pebble Plus, Pebble Pro, Pebble 360, Pebble 360 Pro, Pebble 360 Pro 2.<\/h6>\n<\/li>\n<li>\n<h6>Cybex: Aton, Aton 5, Aton M, Aton M i-size, Aton Q, Aton Q Plus, Aton Q i-size, Cloud T, Cloud Q, Cloud Q Plus, Cloud Z i-size, Cloud Z2 i-size.<\/h6>\n<\/li>\n<li>\n<h6>Joie: i-Gemm<\/h6>\n<\/li>\n<li>\n<h6>BeSafe: iZi Go Modular X1 i-Size<\/h6>\n<\/li>\n<li>\n<h6>Avionaut: Cosmo, Pixel, Pro<\/h6>\n<\/li>\n<\/ul>\n<h6><\/h6>\n<h6>ABC Design Zoom 2 rati\u0146i diviem b\u0113rniem ir praktisks, iztur\u012bgs un \u0113rts risin\u0101jums \u0123imen\u0113m ar diviem b\u0113rniem. Neatkar\u012bgi no t\u0101, vai tie ir dv\u012b\u0146i vai br\u0101\u013ci un m\u0101sas ar nelielu vecuma starp\u012bbu, \u0161is rati\u0146i pied\u0101v\u0101 maksim\u0101lu elast\u012bbu un lieto\u0161anas \u0113rtumu. Pateicoties augstas kvalit\u0101tes materi\u0101liem un p\u0101rdom\u0101tajam dizainam, Zoom ir lielisks sabiedrotais ikdienas piedz\u012bvojumiem, nodro\u0161inot j\u016bsu b\u0113rniem dro\u0161u un \u0113rtu brauk\u0161anu jebkur\u0101 situ\u0101cij\u0101.<\/h6>\n<p>&nbsp;<\/p>\n<h6><\/h6>\n<h6><em>Noskatieties iepaz\u012b\u0161an\u0101s <a href=\"https:\/\/www.youtube.com\/watch?v=5cz_yDcyZ0U\">videoklipu<\/a>, lai uzzin\u0101tu vair\u0101k.<\/em><\/h6>\n<h6><em>Pareizie rite\u0146i padara b\u0113rnu rati\u0146u lieto\u0161anu daudz \u0113rt\u0101ku! Uzziniet, k\u0101 izv\u0113l\u0113ties sev piem\u0113rot\u0101ko risin\u0101jumu, Hummy <a href=\"https:\/\/hummy.ee\/lv\/kuru-bernu-ratinus-ar-riteniem-izveleties\/\" target=\"_blank\" rel=\"nofollow noopener\">blog\u0101.<\/a> <\/em><\/h6>\n<h6><\/h6>\n","protected":false},"excerpt":{"rendered":"<h6 data-pm-slice=\"1 1 []\">ABC Design Zoom 2 ir ide\u0101ls rati\u0146i diviem b\u0113rniem vai dv\u012b\u0146iem. ABC Design Zoom pied\u0101v\u0101 nepiecie\u0161amo br\u012bv\u012bbu un elast\u012bbu, vienlaikus nodro\u0161inot \u0113rtu un dro\u0161u vidi j\u016bsu b\u0113rniem, lai tie var\u0113tu iepaz\u012bt pasauli. Pateicoties tand\u0113ma konstrukcijai, b\u0113rni var viens otru redz\u0113t, mijiedarboties un iepaz\u012bt apk\u0101rt\u0113jo pasauli. Atkar\u012bb\u0101 no b\u0113rnu vecuma Zoom var kombin\u0113t ar s\u0113dvietu da\u013cu, rati\u0146u grozu un \u0161\u016bpuli, lai nodro\u0161in\u0101tu maksim\u0101lu komfortu.<\/h6>\n","protected":false},"featured_media":86383,"comment_status":"closed","ping_status":"closed","template":"","meta":{"_acf_changed":false,"om_disable_all_campaigns":false,"_monsterinsights_skip_tracking":false,"_monsterinsights_sitenote_active":false,"_monsterinsights_sitenote_note":"","_monsterinsights_sitenote_category":0,"_uf_show_specific_survey":0,"_uf_disable_surveys":false,"site-sidebar-layout":"default","site-content-layout":"","ast-site-content-layout":"default","site-content-style":"default","site-sidebar-style":"default","ast-global-header-display":"","ast-banner-title-visibility":"","ast-main-header-display":"","ast-hfb-above-header-display":"","ast-hfb-below-header-display":"","ast-hfb-mobile-header-display":"","site-post-title":"","ast-breadcrumbs-content":"","ast-featured-img":"","footer-sml-layout":"","theme-transparent-header-meta":"default","adv-header-id-meta":"","stick-header-meta":"","header-above-stick-meta":"","header-main-stick-meta":"","header-below-stick-meta":"","astra-migrate-meta-layouts":"set","ast-page-background-enabled":"default","ast-page-background-meta":{"desktop":{"background-color":"var(--ast-global-color-4)","background-image":"","background-repeat":"repeat","background-position":"center center","background-size":"auto","background-attachment":"scroll","background-type":"","background-media":"","overlay-type":"","overlay-color":"","overlay-opacity":"","overlay-gradient":""},"tablet":{"background-color":"","background-image":"","background-repeat":"repeat","background-position":"center center","background-size":"auto","background-attachment":"scroll","background-type":"","background-media":"","overlay-type":"","overlay-color":"","overlay-opacity":"","overlay-gradient":""},"mobile":{"background-color":"","background-image":"","background-repeat":"repeat","background-position":"center center","background-size":"auto","background-attachment":"scroll","background-type":"","background-media":"","overlay-type":"","overlay-color":"","overlay-opacity":"","overlay-gradient":""}},"ast-content-background-meta":{"desktop":{"background-color":"var(--ast-global-color-5)","background-image":"","background-repeat":"repeat","background-position":"center center","background-size":"auto","background-attachment":"scroll","background-type":"","background-media":"","overlay-type":"","overlay-color":"","overlay-opacity":"","overlay-gradient":""},"tablet":{"background-color":"var(--ast-global-color-5)","background-image":"","background-repeat":"repeat","background-position":"center center","background-size":"auto","background-attachment":"scroll","background-type":"","background-media":"","overlay-type":"","overlay-color":"","overlay-opacity":"","overlay-gradient":""},"mobile":{"background-color":"var(--ast-global-color-5)","background-image":"","background-repeat":"repeat","background-position":"center center","background-size":"auto","background-attachment":"scroll","background-type":"","background-media":"","overlay-type":"","overlay-color":"","overlay-opacity":"","overlay-gradient":""}}},"product_brand":[],"product_cat":[526,549,432],"product_tag":[],"class_list":{"0":"post-51845","1":"product","2":"type-product","3":"status-publish","4":"has-post-thumbnail","6":"product_cat-abc-dizains","7":"product_cat-divvietigi-ratini","8":"product_cat-cisternu","9":"desktop-align-left","10":"tablet-align-left","11":"mobile-align-left","13":"first","14":"instock","15":"sale","16":"taxable","17":"shipping-taxable","18":"purchasable","19":"product-type-variable"},"acf":[],"aioseo_notices":[],"_links":{"self":[{"href":"https:\/\/hummy.ee\/lv\/wp-json\/wp\/v2\/product\/51845","targetHints":{"allow":["GET"]}}],"collection":[{"href":"https:\/\/hummy.ee\/lv\/wp-json\/wp\/v2\/product"}],"about":[{"href":"https:\/\/hummy.ee\/lv\/wp-json\/wp\/v2\/types\/product"}],"replies":[{"embeddable":true,"href":"https:\/\/hummy.ee\/lv\/wp-json\/wp\/v2\/comments?post=51845"}],"version-history":[{"count":7,"href":"https:\/\/hummy.ee\/lv\/wp-json\/wp\/v2\/product\/51845\/revisions"}],"predecessor-version":[{"id":86456,"href":"https:\/\/hummy.ee\/lv\/wp-json\/wp\/v2\/product\/51845\/revisions\/86456"}],"wp:featuredmedia":[{"embeddable":true,"href":"https:\/\/hummy.ee\/lv\/wp-json\/wp\/v2\/media\/86383"}],"wp:attachment":[{"href":"https:\/\/hummy.ee\/lv\/wp-json\/wp\/v2\/media?parent=51845"}],"wp:term":[{"taxonomy":"product_brand","embeddable":true,"href":"https:\/\/hummy.ee\/lv\/wp-json\/wp\/v2\/product_brand?post=51845"},{"taxonomy":"product_cat","embeddable":true,"href":"https:\/\/hummy.ee\/lv\/wp-json\/wp\/v2\/product_cat?post=51845"},{"taxonomy":"product_tag","embeddable":true,"href":"https:\/\/hummy.ee\/lv\/wp-json\/wp\/v2\/product_tag?post=51845"}],"curies":[{"name":"wp","href":"https:\/\/api.w.org\/{rel}","templated":true}]}}