{"id":51833,"date":"2024-10-01T20:11:39","date_gmt":"2024-10-01T20:11:39","guid":{"rendered":"https:\/\/hummy.ee\/product\/abc-design-samba-2-ratini\/"},"modified":"2026-02-26T11:02:12","modified_gmt":"2026-02-26T11:02:12","slug":"abc-design-samba-2-ratini","status":"publish","type":"product","link":"https:\/\/hummy.ee\/lv\/product\/abc-design-samba-2-ratini\/","title":{"rendered":"ABC Design ratini Samba 2"},"content":{"rendered":"<h6 data-pm-slice=\"1 1 []\"><strong><em>Samba 2 ratini - komforts, dro\u0161\u012bba un stils katrai pastaigai<\/em><\/strong><\/h6>\n<h6>Samba 2 b\u0113rnu rati\u0146i ir izstr\u0101d\u0101ti t\u0101, lai nodro\u0161in\u0101tu maksim\u0101lu komfortu gan b\u0113rnam, gan vec\u0101kiem. T\u0101 polster\u0113tais s\u0113deklis nodro\u0161ina pat\u012bkamu s\u0113d\u0113\u0161anas pieredzi, savuk\u0101rt ar UV starojumu aizsarg\u0101tais (+50) roku balsts ar integr\u0113tu ventil\u0101cijas logu nodro\u0161ina ide\u0101lu gaisa cirkul\u0101ciju. Turkl\u0101t roku balstam ir salok\u0101ma papildu aizsardz\u012bba, kas nodro\u0161ina papildu \u0113nu un aizsardz\u012bbu b\u0113rnam.<\/h6>\n<p>&nbsp;<\/p>\n<h6><strong><em>Maksim\u0101ls komforts b\u0113rnam<\/em><\/strong><\/h6>\n<ul data-spread=\"false\">\n<li>\n<h6>Atzveltni un k\u0101ju balstu var viegli noregul\u0113t l\u012bdz piln\u012bgam gul\u0113\u0161anas st\u0101voklim, nodro\u0161inot b\u0113rnam vislab\u0101ko atp\u016btas poz\u012bciju.<\/h6>\n<\/li>\n<li>\n<h6>Inovat\u012bv\u0101 HappyBelt\u00ae 5punktu dro\u0161\u012bbas jostu sist\u0113ma ar magn\u0113tisko stiprin\u0101jumu ir dro\u0161a un viegli lietojama.<\/h6>\n<\/li>\n<li>\n<h6>Polster\u0113tas plecu siksnas nodro\u0161ina v\u0113l liel\u0101ku komfortu j\u016bsu b\u0113rnam.<\/h6>\n<\/li>\n<\/ul>\n<h6><strong><em>Ergonomisks dizains vec\u0101kiem cilv\u0113kiem<\/em><\/strong><\/h6>\n<ul data-spread=\"false\">\n<li>\n<h6>Augstum\u0101 regul\u0113jamais stum\u0161anas rokturis nodro\u0161ina \u0113rtu rati\u0146u lieto\u0161anu ikvienam vec\u0101kam.<\/h6>\n<\/li>\n<li>\n<h6>St\u0101vbremze uz lab\u0101 aizmugur\u0113j\u0101 rite\u0146a ietaupa svaru un nodro\u0161ina vair\u0101k vietas k\u0101j\u0101m.<\/h6>\n<\/li>\n<li>\n<h6>Kompaktais un viegli salok\u0101mais dizains \u013cauj p\u0101rvad\u0101t rati\u0146us automa\u0161\u012bn\u0101, autobus\u0101 vai vilcien\u0101 - tikai ar vienu roku.<\/h6>\n<\/li>\n<\/ul>\n<h6><strong><em>Gudrs un praktisks risin\u0101jums<\/em><\/strong><\/h6>\n<ul data-spread=\"false\">\n<li>\n<h6>Adapteri atvieglo z\u012bdai\u0146a s\u0113dekl\u012b\u0161a savieno\u0161anu ar rati\u0146iem, padarot to piem\u0113rotu lieto\u0161anai no dzim\u0161anas.<\/h6>\n<\/li>\n<li>\n<h6>Univers\u0101lie stiprin\u0101jumi \u013cauj \u0101tri un dro\u0161i piestiprin\u0101t piederumus, piem\u0113ram, auti\u0146biks\u012b\u0161u somu, kr\u016bz\u012b\u0161u tur\u0113t\u0101ju vai ABC Design lampu.<\/h6>\n<\/li>\n<li>\n<h6>Dro\u0161a transport\u0113\u0161anas sl\u0113dzene un no\u0146emami rite\u0146i padara Samba 2 par ide\u0101lu ce\u013cabiedru pils\u0113t\u0101 vai laukos.<\/h6>\n<\/li>\n<\/ul>\n<h6><strong><em>Galven\u0101s funkcijas:<\/em><\/strong><\/h6>\n<ul data-spread=\"false\">\n<li>\n<h6>Lieli, pret caurdur\u0161anu iztur\u012bgi gaisa kameras rite\u0146i<\/h6>\n<\/li>\n<li>\n<h6>Kompakts, salok\u0101ms un viegls dizains<\/h6>\n<\/li>\n<li>\n<h6>Piln\u012bb\u0101 atg\u0101\u017eama gu\u013camvieta<\/h6>\n<\/li>\n<li>\n<h6>\u016adensnecaurlaid\u012bgs materi\u0101ls<\/h6>\n<\/li>\n<li>\n<h6>Regul\u0113jams atzveltnes un k\u0101ju balsts<\/h6>\n<\/li>\n<li>\n<h6>Rot\u0113jo\u0161ie rite\u0146i<\/h6>\n<\/li>\n<li>\n<h6>Mazg\u0101jams k\u0101ju balsts<\/h6>\n<\/li>\n<li>\n<h6>Autost\u0101vbremze un no\u0146emami rite\u0146i<\/h6>\n<\/li>\n<li>\n<h6>Balstiek\u0101rta un rite\u0146i ar gult\u0146iem vienm\u0113r\u012bgai brauk\u0161anai<\/h6>\n<\/li>\n<li>\n<h6>HappyBelt\u00ae 5 punktu dro\u0161\u012bbas jostu sist\u0113ma<\/h6>\n<\/li>\n<li>\n<h6>Univers\u0101li stiprin\u0101juma punkti piederumiem<\/h6>\n<\/li>\n<li>\n<h6>Komfortabls s\u0113deklis komplekt\u0101 ar izstr\u0101d\u0101jumu<\/h6>\n<\/li>\n<\/ul>\n<h6><strong><em>Tehniskie dati:<\/em><\/strong><\/h6>\n<ul data-spread=\"false\">\n<li>\n<h6>Piem\u0113rots vecums: no 6 m\u0113ne\u0161iem<\/h6>\n<\/li>\n<li>\n<h6>Kop\u0113j\u0101 kravnes\u012bba: l\u012bdz 27 kg (b\u0113rns l\u012bdz 22 kg + 5 kg papildus groz\u0101).<\/h6>\n<\/li>\n<li>\n<h6>Maksim\u0101lais b\u0113rna svars: 22 kg<\/h6>\n<\/li>\n<li>\n<h6>Liels grozs: l\u012bdz 5 kg<\/h6>\n<\/li>\n<li>\n<h6>Karab\u012bne: pieejama atsevi\u0161\u0137i<\/h6>\n<\/li>\n<\/ul>\n<h6><strong><em>Savietojam\u012bba ar dro\u0161\u012bbas palikt\u0146iem:<\/em><\/strong><\/h6>\n<ul>\n<li>\n<h6>ABC Design: Tulpe<\/h6>\n<\/li>\n<li>\n<h6>Maxi-Cosi: City, Convertible-Fix, Coral, Pebble, Pebble Plus, Pebble Pro, Pebble 360, Pebble 360 Pro, Pebble 360 Pro 2.<\/h6>\n<\/li>\n<li>\n<h6>Cybex: Aton, Aton 5, Aton M, Aton M i-size, Aton Q, Aton Q Plus, Aton Q i-size, Cloud T, Cloud Q, Cloud Q Plus, Cloud Z i-size, Cloud Z2 i-size.<\/h6>\n<\/li>\n<li>\n<h6>Joie: i-Gemm<\/h6>\n<\/li>\n<li>\n<h6>BeSafe: iZi Go Modular X1 i-Size<\/h6>\n<\/li>\n<li>\n<h6>Avionaut: Cosmo, Pixel, Pro<\/h6>\n<\/li>\n<li>\n<h6>Nuna: Pipa Next i-Size, ARRA Next<\/h6>\n<\/li>\n<\/ul>\n<h6>Samba 2 ir ide\u0101ls rati\u0146i vec\u0101kiem, kas nov\u0113rt\u0113 komfortu, funkcionalit\u0101ti un stilu.<\/h6>\n<h6><\/h6>\n<h6><em>Noskatieties iepaz\u012b\u0161an\u0101s <a href=\"https:\/\/www.youtube.com\/watch?v=EPGAvaZD_nc\">videoklipu<\/a>.<\/em><\/h6>\n<p>&nbsp;<\/p>\n<h6 class=\"wp-block-column\"><em>Pareizie rite\u0146i padara b\u0113rnu rati\u0146u lieto\u0161anu daudz \u0113rt\u0101ku! Uzziniet, k\u0101 izv\u0113l\u0113ties sev piem\u0113rot\u0101ko risin\u0101jumu, Hummy <a href=\"https:\/\/hummy.ee\/lv\/kuru-bernu-ratinus-ar-riteniem-izveleties\/\" target=\"_blank\" rel=\"nofollow noopener\">blog\u0101.<\/a> <\/em><\/h6>\n<h6><\/h6>\n","protected":false},"excerpt":{"rendered":"<p><!-- wp:heading {\"level\":4} --><\/p>\n<h6 data-pm-slice=\"1 1 []\">ABC Design Samba 2 rati\u0146i - kompakts un daudzpus\u012bgs rati\u0146u komplekts visiem apvidiem. Samba ir ide\u0101ls sabiedrotais pils\u0113tas iel\u0101m, parka celi\u0146iem un lauku pastaig\u0101m. Augstas kvalit\u0101tes lod\u012b\u0161u gult\u0146i, integr\u0113t\u0101 balstiek\u0101rta un pret caurdur\u0161anu iztur\u012bgie gaisa kameru rite\u0146i nodro\u0161ina vienm\u0113r\u012bgu un \u0113rtu brauk\u0161anu gan b\u0113rnam, gan vec\u0101kiem.<\/h6>\n","protected":false},"featured_media":38533,"comment_status":"closed","ping_status":"closed","template":"","meta":{"_acf_changed":false,"om_disable_all_campaigns":false,"_monsterinsights_skip_tracking":false,"_monsterinsights_sitenote_active":false,"_monsterinsights_sitenote_note":"","_monsterinsights_sitenote_category":0,"_uf_show_specific_survey":0,"_uf_disable_surveys":false,"site-sidebar-layout":"default","site-content-layout":"","ast-site-content-layout":"default","site-content-style":"default","site-sidebar-style":"default","ast-global-header-display":"","ast-banner-title-visibility":"","ast-main-header-display":"","ast-hfb-above-header-display":"","ast-hfb-below-header-display":"","ast-hfb-mobile-header-display":"","site-post-title":"","ast-breadcrumbs-content":"","ast-featured-img":"","footer-sml-layout":"","theme-transparent-header-meta":"default","adv-header-id-meta":"","stick-header-meta":"","header-above-stick-meta":"","header-main-stick-meta":"","header-below-stick-meta":"","astra-migrate-meta-layouts":"set","ast-page-background-enabled":"default","ast-page-background-meta":{"desktop":{"background-color":"var(--ast-global-color-4)","background-image":"","background-repeat":"repeat","background-position":"center center","background-size":"auto","background-attachment":"scroll","background-type":"","background-media":"","overlay-type":"","overlay-color":"","overlay-opacity":"","overlay-gradient":""},"tablet":{"background-color":"","background-image":"","background-repeat":"repeat","background-position":"center center","background-size":"auto","background-attachment":"scroll","background-type":"","background-media":"","overlay-type":"","overlay-color":"","overlay-opacity":"","overlay-gradient":""},"mobile":{"background-color":"","background-image":"","background-repeat":"repeat","background-position":"center center","background-size":"auto","background-attachment":"scroll","background-type":"","background-media":"","overlay-type":"","overlay-color":"","overlay-opacity":"","overlay-gradient":""}},"ast-content-background-meta":{"desktop":{"background-color":"var(--ast-global-color-5)","background-image":"","background-repeat":"repeat","background-position":"center center","background-size":"auto","background-attachment":"scroll","background-type":"","background-media":"","overlay-type":"","overlay-color":"","overlay-opacity":"","overlay-gradient":""},"tablet":{"background-color":"var(--ast-global-color-5)","background-image":"","background-repeat":"repeat","background-position":"center center","background-size":"auto","background-attachment":"scroll","background-type":"","background-media":"","overlay-type":"","overlay-color":"","overlay-opacity":"","overlay-gradient":""},"mobile":{"background-color":"var(--ast-global-color-5)","background-image":"","background-repeat":"repeat","background-position":"center center","background-size":"auto","background-attachment":"scroll","background-type":"","background-media":"","overlay-type":"","overlay-color":"","overlay-opacity":"","overlay-gradient":""}}},"product_brand":[],"product_cat":[526,548,432],"product_tag":[],"class_list":{"0":"post-51833","1":"product","2":"type-product","3":"status-publish","4":"has-post-thumbnail","6":"product_cat-abc-dizains","7":"product_cat-bernu-ratini","8":"product_cat-cisternu","9":"desktop-align-left","10":"tablet-align-left","11":"mobile-align-left","13":"first","14":"instock","15":"taxable","16":"shipping-taxable","17":"purchasable","18":"product-type-variable"},"acf":[],"aioseo_notices":[],"_links":{"self":[{"href":"https:\/\/hummy.ee\/lv\/wp-json\/wp\/v2\/product\/51833","targetHints":{"allow":["GET"]}}],"collection":[{"href":"https:\/\/hummy.ee\/lv\/wp-json\/wp\/v2\/product"}],"about":[{"href":"https:\/\/hummy.ee\/lv\/wp-json\/wp\/v2\/types\/product"}],"replies":[{"embeddable":true,"href":"https:\/\/hummy.ee\/lv\/wp-json\/wp\/v2\/comments?post=51833"}],"version-history":[{"count":5,"href":"https:\/\/hummy.ee\/lv\/wp-json\/wp\/v2\/product\/51833\/revisions"}],"predecessor-version":[{"id":84830,"href":"https:\/\/hummy.ee\/lv\/wp-json\/wp\/v2\/product\/51833\/revisions\/84830"}],"wp:featuredmedia":[{"embeddable":true,"href":"https:\/\/hummy.ee\/lv\/wp-json\/wp\/v2\/media\/38533"}],"wp:attachment":[{"href":"https:\/\/hummy.ee\/lv\/wp-json\/wp\/v2\/media?parent=51833"}],"wp:term":[{"taxonomy":"product_brand","embeddable":true,"href":"https:\/\/hummy.ee\/lv\/wp-json\/wp\/v2\/product_brand?post=51833"},{"taxonomy":"product_cat","embeddable":true,"href":"https:\/\/hummy.ee\/lv\/wp-json\/wp\/v2\/product_cat?post=51833"},{"taxonomy":"product_tag","embeddable":true,"href":"https:\/\/hummy.ee\/lv\/wp-json\/wp\/v2\/product_tag?post=51833"}],"curies":[{"name":"wp","href":"https:\/\/api.w.org\/{rel}","templated":true}]}}