{"id":51813,"date":"2024-10-02T13:25:07","date_gmt":"2024-10-02T13:25:07","guid":{"rendered":"https:\/\/hummy.ee\/product\/abc-design-tote-bag-daily\/"},"modified":"2026-03-03T08:38:23","modified_gmt":"2026-03-03T08:38:23","slug":"abc-design-tote-bag-daily","status":"publish","type":"product","link":"https:\/\/hummy.ee\/lv\/product\/abc-design-tote-bag-daily\/","title":{"rendered":"ABC Design Tote Bag Daily"},"content":{"rendered":"<h6><\/h6>\r\n<h6 class=\"wp-block-heading\" data-pm-slice=\"1 1 []\"><strong><em>K\u0101p\u0113c izv\u0113l\u0113ties ABC Design Tote Bag Daily?<\/em><\/strong><\/h6>\r\n<ul>\r\n<li>\r\n<h6>Stil\u012bgs un iztur\u012bgs materi\u0101ls - izgatavots no augstas kvalit\u0101tes veg\u0101nu \u0101das, kas ir iztur\u012bga un viegli t\u012br\u0101ma.<\/h6>\r\n<\/li>\r\n<li>\r\n<h6>Daudz vietas un organiz\u0113t\u012bbas - tr\u012bs pla\u0161\u0101s atvilktn\u0113s ir viss nepiecie\u0161amais - gan auti\u0146biks\u012btes, gan b\u0113rnu pudel\u012btes, gan kl\u0113pjdators, gan person\u012bgie priek\u0161meti.<\/h6>\r\n<\/li>\r\n<li>\r\n<h6>\u0112rti valk\u0101t - regul\u0113jama plecu siksna un iztur\u012bgi rokturi nodro\u0161ina elast\u012bbu un komfortu.<\/h6>\r\n<\/li>\r\n<li>\r\n<h6>Dro\u0161a un praktiska - galven\u0101 atvilktne aizveras ar pogu, lai j\u016bsu mantas b\u016btu dro\u0161\u012bb\u0101.<\/h6>\r\n<\/li>\r\n<li>\r\n<h6>Viegli piestiprin\u0101ms pie b\u0113rnu rati\u0146iem - pateicoties \u012bpa\u0161iem stiprin\u0101jumiem, somu ir viegli piestiprin\u0101t pie b\u0113rnu rati\u0146iem. <a href=\"https:\/\/hummy.ee\/lv\/veikals\/abc-design\/\" target=\"_blank\" rel=\"noopener\">ABC Design<\/a> pie rati\u0146iem.<\/h6>\r\n<\/li>\r\n<li>\r\n<h6>Komplekt\u0101 ietilpst maza piederumu soma un papildu plecu siksna, lai viss nepiecie\u0161amais b\u016btu pa rokai.<\/h6>\r\n<\/li>\r\n<\/ul>\r\n<p>&nbsp;<\/p>\r\n<h6><strong><em>Ide\u0101ls sabiedrotais katrai dienai<\/em><\/strong><\/h6>\r\n<h6>Tote Bag Daily nav tikai soma - tas ir daudzpus\u012bgs aksesu\u0101rs, kas piel\u0101gojas j\u016bsu dz\u012bvesveidam. Ide\u0101li piem\u0113rots vec\u0101kiem vai tiem, kas nov\u0113rt\u0113 eleganci un funkcionalit\u0101ti vien\u0101 izstr\u0101d\u0101jum\u0101. Pateicoties augstas kvalit\u0101tes veg\u0101nu \u0101dai, t\u0101 vienm\u0113r izskat\u012bsies stil\u012bgi un saglab\u0101sies skaista ar\u012b p\u0113c ilgsto\u0161as lieto\u0161anas.<\/h6>\r\n<h6>Izmantojiet to k\u0101 auti\u0146biks\u012b\u0161u somu, darba somu vai iepirkumu somu - Tote Bag Daily ir j\u016bsu uzticams sabiedrotais jebkur\u0101 situ\u0101cij\u0101!<\/h6>\r\n<p>&nbsp;<\/p>\r\n<h6><em>Noskatieties iepaz\u012b\u0161an\u0101s <a href=\"https:\/\/www.youtube.com\/watch?v=BTBCLkzrD7s\">videoklipu<\/a>, lai uzzin\u0101tu vair\u0101k. <\/em><\/h6>\r\n<p>&nbsp;<\/p>\r\n<h6><em>Apskatiet ar\u012b m\u016bsu <a href=\"https:\/\/hummy.ee\/lv\/veikals\/abc-design\/\" target=\"_blank\" rel=\"noopener\">ABC Design<\/a> rati\u0146u un piederumu kl\u0101stu.<\/em><\/h6>\r\n<h6>\u00a0<\/h6>\r\n<h6>\r\n\r\n<\/h6>\r\n<h6 class=\"wp-block-heading\">\u00a0<\/h6>\r\n<h6>\r\n\r\n<\/h6>\r\n<h6>\u00a0<\/h6>\r\n<h6>\u00a0<\/h6>\r\n<h6><\/h6>","protected":false},"excerpt":{"rendered":"<h6 data-pm-slice=\"1 1 []\">ABC Design Tote Bag Daily - stil\u012bga un univers\u0101la ikdienas soma. Vai mekl\u0113jat praktisku un vienlaikus stil\u012bgu somu, kas atbilstu gan ikdienas, gan vec\u0101ku vajadz\u012bb\u0101m? ABC Design Tote Bag Daily ir ide\u0101ls risin\u0101jums! \u0160aj\u0101 elegantaj\u0101 un funkcion\u0101laj\u0101 tote som\u0101 apvienots p\u0101rlaic\u012bgs dizains un praktiskums, padarot to par lielisku sabiedroto iepirk\u0161an\u0101s, pastaigu un ce\u013cojumu laik\u0101.<\/h6>\n<p><!-- \/wp:heading --><\/p>\n<p><!-- wp:paragraph --><\/p>\n<p><!-- \/wp:paragraph --><\/p>\n<p><!-- wp:paragraph --><\/p>\n","protected":false},"featured_media":38897,"comment_status":"closed","ping_status":"closed","template":"","meta":{"_acf_changed":false,"om_disable_all_campaigns":false,"_monsterinsights_skip_tracking":false,"_monsterinsights_sitenote_active":false,"_monsterinsights_sitenote_note":"","_monsterinsights_sitenote_category":0,"_uf_show_specific_survey":0,"_uf_disable_surveys":false,"site-sidebar-layout":"default","site-content-layout":"","ast-site-content-layout":"default","site-content-style":"default","site-sidebar-style":"default","ast-global-header-display":"","ast-banner-title-visibility":"","ast-main-header-display":"","ast-hfb-above-header-display":"","ast-hfb-below-header-display":"","ast-hfb-mobile-header-display":"","site-post-title":"","ast-breadcrumbs-content":"","ast-featured-img":"","footer-sml-layout":"","theme-transparent-header-meta":"default","adv-header-id-meta":"","stick-header-meta":"","header-above-stick-meta":"","header-main-stick-meta":"","header-below-stick-meta":"","astra-migrate-meta-layouts":"set","ast-page-background-enabled":"default","ast-page-background-meta":{"desktop":{"background-color":"var(--ast-global-color-4)","background-image":"","background-repeat":"repeat","background-position":"center center","background-size":"auto","background-attachment":"scroll","background-type":"","background-media":"","overlay-type":"","overlay-color":"","overlay-opacity":"","overlay-gradient":""},"tablet":{"background-color":"","background-image":"","background-repeat":"repeat","background-position":"center center","background-size":"auto","background-attachment":"scroll","background-type":"","background-media":"","overlay-type":"","overlay-color":"","overlay-opacity":"","overlay-gradient":""},"mobile":{"background-color":"","background-image":"","background-repeat":"repeat","background-position":"center center","background-size":"auto","background-attachment":"scroll","background-type":"","background-media":"","overlay-type":"","overlay-color":"","overlay-opacity":"","overlay-gradient":""}},"ast-content-background-meta":{"desktop":{"background-color":"var(--ast-global-color-5)","background-image":"","background-repeat":"repeat","background-position":"center center","background-size":"auto","background-attachment":"scroll","background-type":"","background-media":"","overlay-type":"","overlay-color":"","overlay-opacity":"","overlay-gradient":""},"tablet":{"background-color":"var(--ast-global-color-5)","background-image":"","background-repeat":"repeat","background-position":"center center","background-size":"auto","background-attachment":"scroll","background-type":"","background-media":"","overlay-type":"","overlay-color":"","overlay-opacity":"","overlay-gradient":""},"mobile":{"background-color":"var(--ast-global-color-5)","background-image":"","background-repeat":"repeat","background-position":"center center","background-size":"auto","background-attachment":"scroll","background-type":"","background-media":"","overlay-type":"","overlay-color":"","overlay-opacity":"","overlay-gradient":""}}},"product_brand":[273],"product_cat":[526,350],"product_tag":[330,328],"class_list":{"0":"post-51813","1":"product","2":"type-product","3":"status-publish","4":"has-post-thumbnail","6":"product_brand-abc-design","7":"product_cat-abc-dizains","8":"product_cat-somas-un-mugursomas","9":"product_tag-atseviski-produkti","10":"product_tag-pielagota-timekla-vietne","11":"desktop-align-left","12":"tablet-align-left","13":"mobile-align-left","15":"first","16":"instock","17":"taxable","18":"shipping-taxable","19":"purchasable","20":"product-type-variable"},"acf":[],"aioseo_notices":[],"_links":{"self":[{"href":"https:\/\/hummy.ee\/lv\/wp-json\/wp\/v2\/product\/51813","targetHints":{"allow":["GET"]}}],"collection":[{"href":"https:\/\/hummy.ee\/lv\/wp-json\/wp\/v2\/product"}],"about":[{"href":"https:\/\/hummy.ee\/lv\/wp-json\/wp\/v2\/types\/product"}],"replies":[{"embeddable":true,"href":"https:\/\/hummy.ee\/lv\/wp-json\/wp\/v2\/comments?post=51813"}],"version-history":[{"count":5,"href":"https:\/\/hummy.ee\/lv\/wp-json\/wp\/v2\/product\/51813\/revisions"}],"predecessor-version":[{"id":85307,"href":"https:\/\/hummy.ee\/lv\/wp-json\/wp\/v2\/product\/51813\/revisions\/85307"}],"wp:featuredmedia":[{"embeddable":true,"href":"https:\/\/hummy.ee\/lv\/wp-json\/wp\/v2\/media\/38897"}],"wp:attachment":[{"href":"https:\/\/hummy.ee\/lv\/wp-json\/wp\/v2\/media?parent=51813"}],"wp:term":[{"taxonomy":"product_brand","embeddable":true,"href":"https:\/\/hummy.ee\/lv\/wp-json\/wp\/v2\/product_brand?post=51813"},{"taxonomy":"product_cat","embeddable":true,"href":"https:\/\/hummy.ee\/lv\/wp-json\/wp\/v2\/product_cat?post=51813"},{"taxonomy":"product_tag","embeddable":true,"href":"https:\/\/hummy.ee\/lv\/wp-json\/wp\/v2\/product_tag?post=51813"}],"curies":[{"name":"wp","href":"https:\/\/api.w.org\/{rel}","templated":true}]}}