{"id":51344,"date":"2024-04-07T18:28:12","date_gmt":"2024-04-07T18:28:12","guid":{"rendered":"https:\/\/hummy.ee\/product\/leclercbaby-influencer-air-vieglie-ratini\/"},"modified":"2026-04-11T13:54:02","modified_gmt":"2026-04-11T13:54:02","slug":"leclercbaby-influencer-air-ratini","status":"publish","type":"product","link":"https:\/\/hummy.ee\/lv\/product\/leclercbaby-influencer-air-ratini\/","title":{"rendered":"Leclercbaby ratini Influencer Air"},"content":{"rendered":"<h6><strong>Komplekt\u0101 ietilpst:<\/strong><\/h6>\n<ul>\n<li>\n<h6>Kr\u016b\u017eu tur\u0113t\u0101js<\/h6>\n<\/li>\n<li>\n<h6>Dro\u0161\u012bbas stienis<\/h6>\n<\/li>\n<li>\n<h6>P\u0101rvad\u0101\u0161anas soma<\/h6>\n<\/li>\n<\/ul>\n<h6>Lieta ir stil\u012bgos s\u012bkumos\u2026 Leclercbaby piev\u0113r\u0161 uzman\u012bbu deta\u013c\u0101m, funkcionalit\u0101tei, dro\u0161\u012bbai UN stilam.<\/h6>\n<p>&nbsp;<\/p>\n<h6 class=\"wp-block-heading\"><strong><em>Funkcijas:<\/em><\/strong><\/h6>\n<h6>Vieglais rati\u0146\u0161 Influencer Air ir apr\u012bkots ar magn\u0113tiski atveramu un aizveramu ventil\u0101cijas atveri, kas nodro\u0161ina lielisku gaisa cirkul\u0101ciju siltos laikapst\u0101k\u013cos un \u013cauj kontrol\u0113t gu\u013co\u0161a b\u0113rna st\u0101vokli. Aizmugur\u0113 ir \u012bpa\u0161i liels kabata, ide\u0101li piem\u0113rota mobilajam telefonam, atsl\u0113g\u0101m u.c., gad\u012bjumos, kad dodaties tikai \u012bs\u0101 pastaig\u0101 un nev\u0113laties \u0146emt l\u012bdzi auti\u0146u somu. Saules p\u0101rsega atstarojo\u0161\u0101 caurule pal\u012bdz nodro\u0161in\u0101t b\u0113rna dro\u0161\u012bbu ziemas vakaros, un tas ir apr\u012bkots ar SPF50+ saules aizsardz\u012bbu. P\u0101rsega r\u0101v\u0113jsl\u0113dzamais pagarin\u0101juma panelis nodro\u0161ina labu gaisa cirkul\u0101ciju un uzsver rati\u0146a izcilo stilu. Smalki apstr\u0101d\u0101t\u0101s r\u0101v\u0113jsl\u0113dz\u0113ju pogas \u201cElcee the Fox\u201d pie\u0161\u0137ir papildus stil\u012bgumu.<\/h6>\n<p>&nbsp;<\/p>\n<h6><strong><em>Aksesu\u0101ri:<\/em><\/strong><\/h6>\n<h6>Izmantojot papildu autokr\u0113sli\u0146u adapterus, j\u016bsu b\u0113rns var \u0113rti braukt 0+ grupas autokr\u0113sli\u0146\u0101 jau no dzim\u0161anas. Uzlabojiet rati\u0146a izskatu ar k\u0101du Influencer Air aksesu\u0101ru. Izv\u0113lieties luksusa p\u0101rt\u012b\u0161anas somu, k\u0101ju maisu, organizatoru, auto adapterus, s\u0113dek\u013ca stat\u012bvu vai Twin\/Duo adapteri.<\/h6>\n<h6>Kompaktais rati\u0146\u0161, pieejams stil\u012bg\u0101s un modern\u0101s kr\u0101s\u0101s, viegli aizved\u012bs j\u016bs un j\u016bsu mazuli visur!<\/h6>\n<p>&nbsp;<\/p>\n<h6><em><strong>Dro\u0161\u012bba:<\/strong><\/em><\/h6>\n<ul>\n<li>\n<h6>Saules p\u0101rsegs ar atstarojo\u0161u cauruli<\/h6>\n<\/li>\n<li>\n<h6>Liels k\u0101ju bremze (piem\u0113rota lieto\u0161anai gan ar \u010d\u012bb\u0101m, gan augstiem pap\u0113\u017eiem)<\/h6>\n<\/li>\n<li>\n<h6>Magn\u0113tisk\u0101 piecu punktu dro\u0161\u012bbas josta \u0113rtai piek\u013cuvei b\u0113rnam<\/h6>\n<\/li>\n<\/ul>\n<h6><em><strong>\u0112rt\u012bba gan jums, gan b\u0113rnam:<\/strong><\/em><\/h6>\n<ul>\n<li>\n<h6>Saules p\u0101rsegs ar skata logu un auduma p\u0101rkl\u0101jumu (magn\u0113tisks)<\/h6>\n<\/li>\n<li>\n<h6>Tr\u012bs poz\u012bcij\u0101s regul\u0113jama atzveltne (tai skait\u0101 gul\u0113\u0161anas poz\u012bcija \u2013 175 gr\u0101di)<\/h6>\n<\/li>\n<li>\n<h6>Regul\u0113jams k\u0101ju balsts (tai skait\u0101 gul\u0113\u0161anas poz\u012bcija)<\/h6>\n<\/li>\n<li>\n<h6>Liela kabata aizmugur\u0113<\/h6>\n<\/li>\n<li>\n<h6>Liels un m\u012bksti polster\u0113ts s\u0113deklis b\u0113rnam l\u012bdz 22\u202fkg<\/h6>\n<\/li>\n<\/ul>\n<h6><em><strong>Lieto\u0161anas \u0113rt\u012bba:<\/strong><\/em><\/h6>\n<ul>\n<li>\n<h6>Rati\u0146u var saloc\u012bt un atloc\u012bt tikai ar vienu kust\u012bbu.<\/h6>\n<\/li>\n<li>\n<h6>No\u0146emams dro\u0161\u012bbas stienis<\/h6>\n<\/li>\n<li>\n<h6>Amortiz\u0101cija visos \u010detros rite\u0146os<\/h6>\n<\/li>\n<li>\n<h6>Stiprin\u0101juma vietas auti\u0146biks\u012b\u0161u somai un organizatoram<\/h6>\n<\/li>\n<li>\n<h6>Liels iepirkumu grozs l\u012bdz 3\u202fkg slodzei<\/h6>\n<\/li>\n<li>\n<h6>Ietilpst lidma\u0161\u012bnas salon\u0101 bag\u0101\u017eas plaukt\u0101<\/h6>\n<\/li>\n<\/ul>\n<h6><em><strong>Aizsardz\u012bba pret laikapst\u0101k\u013ciem:<\/strong><\/em><\/h6>\n<ul>\n<li>\n<h6>Garais saulessargs SPF 50+<\/h6>\n<\/li>\n<li>\n<h6>600D \u016bdensnecaurlaid\u012bgs audums<\/h6>\n<\/li>\n<li>\n<h6>Aizmugur\u0113jais ventil\u0101cijas panelis<\/h6>\n<\/li>\n<\/ul>\n<h6><em><strong>Kvalitat\u012bvi materi\u0101li:<\/strong><\/em><\/h6>\n<ul>\n<li>\n<h6>M\u0101ksl\u012bg\u0101s \u0101das p\u0101rkl\u0101jums st\u016bm\u0113js un priek\u0161zobs (PU)<\/h6>\n<\/li>\n<li>\n<h6>Iztur\u012bga transport\u0113\u0161anas soma<\/h6>\n<\/li>\n<li>\n<h6>100% PU rite\u0146i un daudz kas cits<\/h6>\n<\/li>\n<\/ul>\n<h6><em>Las\u012bt vair\u0101k par to, k\u0101 izv\u0113l\u0113ties vieglo rati\u0146u Hummy <a href=\"https:\/\/hummy.ee\/lv\/ka-izveleties-vieglus-ratinus\/\" target=\"_blank\" rel=\"noopener\">blog\u0101<\/a>.<\/em><\/h6>\n<h6><em>Iepaz\u012bsties ar Leclercbaby Influencer Air vieglo rati\u0146u <a href=\"https:\/\/www.youtube.com\/watch?v=ejW-shrQYEk\" target=\"_blank\" rel=\"noopener\">\u0161eit.<\/a><\/em><\/h6>\n","protected":false},"excerpt":{"rendered":"<h6>Dodieties ce\u013c\u0101 un izbaudiet Leclercbaby Influencer Air viegl\u0101 rati\u0146a komfortu jebkur\u0101 viet\u0101. Rati\u0146a lieto\u0161ana ir \u013coti vienk\u0101r\u0161a, jo to var \u0101tri saloc\u012bt un atloc\u012bt ar vienu roku. Aizmugur\u0113 eso\u0161ais ventil\u0101cijas logs nodro\u0161ina b\u0113rnam v\u0113sumu, un kabata tur t\u0101lru\u0146u, atsl\u0113gas vai knup\u012b\u0161us \u0113rt\u0101 sasniedzam\u012bb\u0101. Iepakojiet to \u0113rti sav\u0101 ce\u013cojumu som\u0101 gan braucot ar automa\u0161\u012bnu, vilcienu, gan lidma\u0161\u012bnu. Influencer Air, kas sver tikai 6,6\u202fkg, ir viegls, kompakts un p\u0101rdom\u0101ts. Lieliski ir ar\u012b tas, ka rati\u0146\u0161 ir piem\u0113rots b\u0113rniem l\u012bdz 22\u202fkg. K\u0101pnes bag\u0101\u017eas izm\u0113rs \u2013 ietilpst lidma\u0161\u012bnas salon\u0101 bag\u0101\u017eas plaukt\u0101.<\/h6>\n<h6><\/h6>\n","protected":false},"featured_media":39821,"comment_status":"closed","ping_status":"closed","template":"","meta":{"_acf_changed":false,"om_disable_all_campaigns":false,"_monsterinsights_skip_tracking":false,"_monsterinsights_sitenote_active":false,"_monsterinsights_sitenote_note":"","_monsterinsights_sitenote_category":0,"_uf_show_specific_survey":0,"_uf_disable_surveys":false,"site-sidebar-layout":"default","site-content-layout":"","ast-site-content-layout":"default","site-content-style":"default","site-sidebar-style":"default","ast-global-header-display":"","ast-banner-title-visibility":"","ast-main-header-display":"","ast-hfb-above-header-display":"","ast-hfb-below-header-display":"","ast-hfb-mobile-header-display":"","site-post-title":"","ast-breadcrumbs-content":"","ast-featured-img":"","footer-sml-layout":"","theme-transparent-header-meta":"default","adv-header-id-meta":"","stick-header-meta":"","header-above-stick-meta":"","header-main-stick-meta":"","header-below-stick-meta":"","astra-migrate-meta-layouts":"set","ast-page-background-enabled":"default","ast-page-background-meta":{"desktop":{"background-color":"var(--ast-global-color-4)","background-image":"","background-repeat":"repeat","background-position":"center center","background-size":"auto","background-attachment":"scroll","background-type":"","background-media":"","overlay-type":"","overlay-color":"","overlay-opacity":"","overlay-gradient":""},"tablet":{"background-color":"","background-image":"","background-repeat":"repeat","background-position":"center center","background-size":"auto","background-attachment":"scroll","background-type":"","background-media":"","overlay-type":"","overlay-color":"","overlay-opacity":"","overlay-gradient":""},"mobile":{"background-color":"","background-image":"","background-repeat":"repeat","background-position":"center center","background-size":"auto","background-attachment":"scroll","background-type":"","background-media":"","overlay-type":"","overlay-color":"","overlay-opacity":"","overlay-gradient":""}},"ast-content-background-meta":{"desktop":{"background-color":"var(--ast-global-color-5)","background-image":"","background-repeat":"repeat","background-position":"center center","background-size":"auto","background-attachment":"scroll","background-type":"","background-media":"","overlay-type":"","overlay-color":"","overlay-opacity":"","overlay-gradient":""},"tablet":{"background-color":"var(--ast-global-color-5)","background-image":"","background-repeat":"repeat","background-position":"center center","background-size":"auto","background-attachment":"scroll","background-type":"","background-media":"","overlay-type":"","overlay-color":"","overlay-opacity":"","overlay-gradient":""},"mobile":{"background-color":"var(--ast-global-color-5)","background-image":"","background-repeat":"repeat","background-position":"center center","background-size":"auto","background-attachment":"scroll","background-type":"","background-media":"","overlay-type":"","overlay-color":"","overlay-opacity":"","overlay-gradient":""}}},"product_brand":[],"product_cat":[431,351,432],"product_tag":[],"class_list":{"0":"post-51344","1":"product","2":"type-product","3":"status-publish","4":"has-post-thumbnail","6":"product_cat-ratini","7":"product_cat-leclercbaby-lv","8":"product_cat-cisternu","9":"desktop-align-left","10":"tablet-align-left","11":"mobile-align-left","13":"first","14":"instock","15":"sale","16":"taxable","17":"shipping-taxable","18":"purchasable","19":"product-type-variable"},"acf":[],"aioseo_notices":[],"_links":{"self":[{"href":"https:\/\/hummy.ee\/lv\/wp-json\/wp\/v2\/product\/51344","targetHints":{"allow":["GET"]}}],"collection":[{"href":"https:\/\/hummy.ee\/lv\/wp-json\/wp\/v2\/product"}],"about":[{"href":"https:\/\/hummy.ee\/lv\/wp-json\/wp\/v2\/types\/product"}],"replies":[{"embeddable":true,"href":"https:\/\/hummy.ee\/lv\/wp-json\/wp\/v2\/comments?post=51344"}],"version-history":[{"count":18,"href":"https:\/\/hummy.ee\/lv\/wp-json\/wp\/v2\/product\/51344\/revisions"}],"predecessor-version":[{"id":86428,"href":"https:\/\/hummy.ee\/lv\/wp-json\/wp\/v2\/product\/51344\/revisions\/86428"}],"wp:featuredmedia":[{"embeddable":true,"href":"https:\/\/hummy.ee\/lv\/wp-json\/wp\/v2\/media\/39821"}],"wp:attachment":[{"href":"https:\/\/hummy.ee\/lv\/wp-json\/wp\/v2\/media?parent=51344"}],"wp:term":[{"taxonomy":"product_brand","embeddable":true,"href":"https:\/\/hummy.ee\/lv\/wp-json\/wp\/v2\/product_brand?post=51344"},{"taxonomy":"product_cat","embeddable":true,"href":"https:\/\/hummy.ee\/lv\/wp-json\/wp\/v2\/product_cat?post=51344"},{"taxonomy":"product_tag","embeddable":true,"href":"https:\/\/hummy.ee\/lv\/wp-json\/wp\/v2\/product_tag?post=51344"}],"curies":[{"name":"wp","href":"https:\/\/api.w.org\/{rel}","templated":true}]}}