{"id":51331,"date":"2024-04-07T18:22:58","date_gmt":"2024-04-07T18:22:58","guid":{"rendered":"https:\/\/hummy.ee\/product\/leclercbaby-influencer-xl-vieglie-ratini\/"},"modified":"2026-03-18T20:03:04","modified_gmt":"2026-03-18T20:03:04","slug":"leclercbaby-influencer-xl-ratini","status":"publish","type":"product","link":"https:\/\/hummy.ee\/lv\/product\/leclercbaby-influencer-xl-ratini\/","title":{"rendered":"Leclercbaby ratini Influencer XL"},"content":{"rendered":"<h6><strong><em>Komplekt\u0101 ir viss nepiecie\u0161amais:<\/em><\/strong><\/h6>\n<ul>\n<li>\n<h6>Kr\u016b\u017eu tur\u0113t\u0101js<\/h6>\n<\/li>\n<li>\n<h6>Dro\u0161\u012bbas stienis<\/h6>\n<\/li>\n<li>\n<h6>P\u0101rvad\u0101\u0161anas soma<\/h6>\n<\/li>\n<\/ul>\n<h6 data-start=\"1058\" data-end=\"1100\"><strong><em>\u0112rt\u012bba gan jums, gan b\u0113rnam<\/em><\/strong><\/h6>\n<ul data-start=\"1102\" data-end=\"1379\">\n<li data-start=\"1102\" data-end=\"1207\">\n<h6>Logs un magn\u0113tiski stiprin\u0101ms auduma p\u0101rsegs nodro\u0161ina, ka b\u0113rnu varat \u0113rti nov\u0113rot jebkur\u0101 laik\u0101<\/h6>\n<\/li>\n<li data-start=\"1208\" data-end=\"1303\">\n<h6>Tr\u012bs poz\u012bcij\u0101s regul\u0113jama atzveltne (tai skait\u0101 gul\u0113\u0161anas poz\u012bcija) nodro\u0161ina b\u0113rnam nepiecie\u0161amo atbalstu<\/h6>\n<\/li>\n<li data-start=\"1304\" data-end=\"1379\">\n<h6>Regul\u0113jams k\u0101ju balsts (tai skait\u0101 gul\u0113\u0161anas poz\u012bcija) nodro\u0161ina maksim\u0101lu \u0113rt\u012bbu<\/h6>\n<\/li>\n<\/ul>\n<h6 data-start=\"1381\" data-end=\"1405\"><strong><em>Lieto\u0161anas \u0113rt\u012bba<\/em><\/strong><\/h6>\n<ul data-start=\"1407\" data-end=\"1757\">\n<li data-start=\"1407\" data-end=\"1474\">\n<h6>No\u0146emams dro\u0161\u012bbas stienis padara ieie\u0161anu un izeju \u0113rt\u0101ku<\/h6>\n<\/li>\n<li data-start=\"1475\" data-end=\"1562\">\n<h6>Magn\u0113tisk\u0101 piecu punktu dro\u0161\u012bbas josta nodro\u0161ina, ka b\u0113rns vienm\u0113r ir dro\u0161i piestiprin\u0101ts<\/h6>\n<\/li>\n<li data-start=\"1563\" data-end=\"1634\">\n<h6>Amortiz\u0101cija visos rite\u0146os padara brauk\u0161anu vienm\u0113r\u012bg\u0101ku un \u0113rt\u0101ku<\/h6>\n<\/li>\n<li data-start=\"1635\" data-end=\"1685\">\n<h6>Liels k\u0101ju bremze nodro\u0161ina papildu dro\u0161\u012bbu<\/h6>\n<\/li>\n<li data-start=\"1686\" data-end=\"1757\">\n<h6>\u0112rtie auti\u0146biks\u012b\u0161u somas stiprin\u0101jumi padara vec\u0101ku dz\u012bvi viegl\u0101ku<\/h6>\n<\/li>\n<\/ul>\n<h6 data-start=\"1759\" data-end=\"1785\"><strong><em>Laikapst\u0101k\u013cu iztur\u012bba<\/em><\/strong><\/h6>\n<ul data-start=\"1787\" data-end=\"1951\">\n<li data-start=\"1787\" data-end=\"1882\">\n<h6>Izvelkams saules aizsargs ar SPF 50+ pal\u012bdz aizsarg\u0101t b\u0113rnu no kait\u012bgajiem UV stariem.<\/h6>\n<\/li>\n<li data-start=\"1883\" data-end=\"1951\">\n<h6>600D \u016bdensiztur\u012bgs audums saglab\u0101 b\u0113rnu sausu pat lietain\u0101 laik\u0101<\/h6>\n<\/li>\n<\/ul>\n<h6 data-start=\"1953\" data-end=\"1986\"><\/h6>\n<h6 data-start=\"1953\" data-end=\"1986\"><strong><em>Kvalitat\u012bvi materi\u0101li<\/em><\/strong><\/h6>\n<ul data-start=\"1988\" data-end=\"2219\">\n<li data-start=\"1988\" data-end=\"2071\">\n<h6>St\u016bres rokturis un priek\u0161\u0113j\u0101 dro\u0161\u012bbas stien\u012b ar m\u0101ksl\u012bg\u0101s \u0101das p\u0101rkl\u0101jumu (PU) pie\u0161\u0137ir eleganci un \u0113rtumu<\/h6>\n<\/li>\n<li data-start=\"2072\" data-end=\"2157\">\n<h6>Iztur\u012bga ce\u013cojumu soma padara rati\u0146u transport\u0113\u0161anu un uzglab\u0101\u0161anu \u012bpa\u0161i vienk\u0101r\u0161u<\/h6>\n<\/li>\n<li data-start=\"2158\" data-end=\"2219\">\n<h6>100% PU rite\u0146i nodro\u0161ina vienm\u0113r\u012bgu brauk\u0161anu uz jebkura seguma<\/h6>\n<\/li>\n<\/ul>\n<h6><\/h6>\n<h6><strong><em>Papildu inform\u0101cija:<\/em><\/strong><\/h6>\n<ul>\n<li>\n<h6>Rati\u0146us var saloc\u012bt un atloc\u012bt ar vienu piesk\u0101rienu<\/h6>\n<\/li>\n<li>\n<h6>Ietilpst lidma\u0161\u012bnas salon\u0101 bag\u0101\u017eas plaukt\u0101<\/h6>\n<\/li>\n<li>\n<h6>Piem\u0113rots no 6 m\u0113ne\u0161u vecuma l\u012bdz 22 kg \/ aptuveni l\u012bdz 5 gadu vecumam<\/h6>\n<\/li>\n<\/ul>\n<h6><\/h6>\n<h6><strong><em>Leclercbaby Influencer XL rati\u0146a dati:<\/em><\/strong><\/h6>\n<ul>\n<li>\n<h6>Svars: 8,2 kg<\/h6>\n<\/li>\n<li>\n<h6>Maksim\u0101lais b\u0113rna svars: 22\u202fkg<\/h6>\n<\/li>\n<li>\n<h6>Iepirkumu groza maksim\u0101lais svars: 3\u202fkg<\/h6>\n<\/li>\n<li>\n<h6>Augstums avat\u0101 veid\u0101: 104\u202fcm<\/h6>\n<\/li>\n<li>\n<h6>Dzi\u013cums avat\u0101 veid\u0101: 63\u202fcm<\/h6>\n<\/li>\n<li>\n<h6>Platums avat\u0101 veid\u0101: 51\u202fcm<\/h6>\n<\/li>\n<li>\n<h6>Augstums saloc\u012bt\u0101 veid\u0101: 60\u202fcm<\/h6>\n<\/li>\n<li>\n<h6>Dzi\u013cums saloc\u012bt\u0101 veid\u0101: 24\u202fcm<\/h6>\n<\/li>\n<li>\n<h6>Platums saloc\u012bt\u0101 veid\u0101: 45\u202fcm<\/h6>\n<\/li>\n<li>\n<h6>R\u0101mja materi\u0101ls: pulverkr\u0101sots alum\u012bnijs<\/h6>\n<\/li>\n<\/ul>\n<h6><\/h6>\n<h6><em>Las\u012bt vair\u0101k par to, k\u0101 izv\u0113l\u0113ties vieglo rati\u0146u Hummy <a href=\"https:\/\/hummy.ee\/lv\/ka-izveleties-vieglus-ratinus\/\" target=\"_blank\" rel=\"noopener\">blog\u0101<\/a>.<\/em><\/h6>\n<h6><em>Iepaz\u012bsties ar Leclercbaby Influencer XL vieglo rati\u0146u <a href=\"https:\/\/www.youtube.com\/watch?v=_SOvYmYOX_Y\" target=\"_blank\" rel=\"noopener\">\u0161eit.<\/a><\/em><\/h6>\n","protected":false},"excerpt":{"rendered":"<h6 data-start=\"127\" data-end=\"377\">Influencer XL padara dz\u012bvi v\u0113l \u0113rt\u0101ku. Tas ir Influencer lielais br\u0101lis, kas noteikti izce\u013cas no p\u016b\u013ca. T\u0101pat k\u0101 ar Influencer, ar\u012b Influencer XL var saloc\u012bt un atloc\u012bt tikai 1,5 sekund\u0113s, ar vienu pogas spiedienu!<\/h6>\n<p>&nbsp;<\/p>\n<h6 data-start=\"379\" data-end=\"856\">Papildus tam, rati\u0146iem ir liel\u0101ki rite\u0146i, kas noz\u012bm\u0113, ka ar tiem ir \u0113rti p\u0101rvietoties gan pa laukiem, gan pils\u0113tas iel\u0101m. Pateicoties liel\u0101kiem rite\u0146iem, liel\u0101kai gr\u012bdas plat\u012bbai un unik\u0101lajam saloc\u012b\u0161anas meh\u0101nismam, Influencer XL rati\u0146\u0161 ir ide\u0101la izv\u0113le ce\u013cojumiem un pils\u0113tas dz\u012bvei. V\u0113l vair\u0101k, tas lieliski piem\u0113rots ar\u012b pastaig\u0101m dab\u0101 un pa lauku tak\u0101m. S\u0113deklim ir m\u012bksts polster\u0113jums, kas nodro\u0161ina, ka b\u0113rnam ir \u0113rti pat ilg\u0101kos braucienos.<\/h6>\n","protected":false},"featured_media":47385,"comment_status":"closed","ping_status":"closed","template":"","meta":{"_acf_changed":false,"om_disable_all_campaigns":false,"_monsterinsights_skip_tracking":false,"_monsterinsights_sitenote_active":false,"_monsterinsights_sitenote_note":"","_monsterinsights_sitenote_category":0,"_uf_show_specific_survey":0,"_uf_disable_surveys":false,"site-sidebar-layout":"default","site-content-layout":"","ast-site-content-layout":"default","site-content-style":"default","site-sidebar-style":"default","ast-global-header-display":"","ast-banner-title-visibility":"","ast-main-header-display":"","ast-hfb-above-header-display":"","ast-hfb-below-header-display":"","ast-hfb-mobile-header-display":"","site-post-title":"","ast-breadcrumbs-content":"","ast-featured-img":"","footer-sml-layout":"","theme-transparent-header-meta":"default","adv-header-id-meta":"","stick-header-meta":"","header-above-stick-meta":"","header-main-stick-meta":"","header-below-stick-meta":"","astra-migrate-meta-layouts":"set","ast-page-background-enabled":"default","ast-page-background-meta":{"desktop":{"background-color":"var(--ast-global-color-4)","background-image":"","background-repeat":"repeat","background-position":"center center","background-size":"auto","background-attachment":"scroll","background-type":"","background-media":"","overlay-type":"","overlay-color":"","overlay-opacity":"","overlay-gradient":""},"tablet":{"background-color":"","background-image":"","background-repeat":"repeat","background-position":"center center","background-size":"auto","background-attachment":"scroll","background-type":"","background-media":"","overlay-type":"","overlay-color":"","overlay-opacity":"","overlay-gradient":""},"mobile":{"background-color":"","background-image":"","background-repeat":"repeat","background-position":"center center","background-size":"auto","background-attachment":"scroll","background-type":"","background-media":"","overlay-type":"","overlay-color":"","overlay-opacity":"","overlay-gradient":""}},"ast-content-background-meta":{"desktop":{"background-color":"var(--ast-global-color-5)","background-image":"","background-repeat":"repeat","background-position":"center center","background-size":"auto","background-attachment":"scroll","background-type":"","background-media":"","overlay-type":"","overlay-color":"","overlay-opacity":"","overlay-gradient":""},"tablet":{"background-color":"var(--ast-global-color-5)","background-image":"","background-repeat":"repeat","background-position":"center center","background-size":"auto","background-attachment":"scroll","background-type":"","background-media":"","overlay-type":"","overlay-color":"","overlay-opacity":"","overlay-gradient":""},"mobile":{"background-color":"var(--ast-global-color-5)","background-image":"","background-repeat":"repeat","background-position":"center center","background-size":"auto","background-attachment":"scroll","background-type":"","background-media":"","overlay-type":"","overlay-color":"","overlay-opacity":"","overlay-gradient":""}}},"product_brand":[],"product_cat":[431,351,432],"product_tag":[],"class_list":{"0":"post-51331","1":"product","2":"type-product","3":"status-publish","4":"has-post-thumbnail","6":"product_cat-ratini","7":"product_cat-leclercbaby-lv","8":"product_cat-cisternu","9":"desktop-align-left","10":"tablet-align-left","11":"mobile-align-left","13":"first","14":"instock","15":"sale","16":"taxable","17":"shipping-taxable","18":"purchasable","19":"product-type-variable"},"acf":[],"aioseo_notices":[],"_links":{"self":[{"href":"https:\/\/hummy.ee\/lv\/wp-json\/wp\/v2\/product\/51331","targetHints":{"allow":["GET"]}}],"collection":[{"href":"https:\/\/hummy.ee\/lv\/wp-json\/wp\/v2\/product"}],"about":[{"href":"https:\/\/hummy.ee\/lv\/wp-json\/wp\/v2\/types\/product"}],"replies":[{"embeddable":true,"href":"https:\/\/hummy.ee\/lv\/wp-json\/wp\/v2\/comments?post=51331"}],"version-history":[{"count":17,"href":"https:\/\/hummy.ee\/lv\/wp-json\/wp\/v2\/product\/51331\/revisions"}],"predecessor-version":[{"id":86134,"href":"https:\/\/hummy.ee\/lv\/wp-json\/wp\/v2\/product\/51331\/revisions\/86134"}],"wp:featuredmedia":[{"embeddable":true,"href":"https:\/\/hummy.ee\/lv\/wp-json\/wp\/v2\/media\/47385"}],"wp:attachment":[{"href":"https:\/\/hummy.ee\/lv\/wp-json\/wp\/v2\/media?parent=51331"}],"wp:term":[{"taxonomy":"product_brand","embeddable":true,"href":"https:\/\/hummy.ee\/lv\/wp-json\/wp\/v2\/product_brand?post=51331"},{"taxonomy":"product_cat","embeddable":true,"href":"https:\/\/hummy.ee\/lv\/wp-json\/wp\/v2\/product_cat?post=51331"},{"taxonomy":"product_tag","embeddable":true,"href":"https:\/\/hummy.ee\/lv\/wp-json\/wp\/v2\/product_tag?post=51331"}],"curies":[{"name":"wp","href":"https:\/\/api.w.org\/{rel}","templated":true}]}}