{"id":51304,"date":"2024-04-07T18:29:21","date_gmt":"2024-04-07T18:29:21","guid":{"rendered":"https:\/\/hummy.ee\/product\/leclercbaby-sesstura-gaismas-ratini\/"},"modified":"2026-03-18T20:03:12","modified_gmt":"2026-03-18T20:03:12","slug":"leclercbaby-hexagon-ratini","status":"publish","type":"product","link":"https:\/\/hummy.ee\/lv\/product\/leclercbaby-hexagon-ratini\/","title":{"rendered":"Leclercbaby ratini Hexagon"},"content":{"rendered":"<h6>M\u016bsu izslav\u0113t\u0101 viena piesk\u0101riena autom\u0101tisk\u0101 saloc\u012b\u0161an\u0101s sist\u0113ma tagad ir apdarin\u0101ta ar izsmalcin\u0101to perfor\u0113t\u0101s luksusa \u0101das imit\u0101cijas un zam\u0161a kombin\u0101ciju. Hexagon kolekcij\u0101 ir pieejami tr\u012bs augst\u0101k\u0101s klases mode\u013ci.<\/h6>\n<p>&nbsp;<\/p>\n<h6><strong><em>Komplekt\u0101 iek\u013cauts:<\/em><\/strong><\/h6>\n<ul>\n<li>\n<h6>Kr\u016b\u017eu tur\u0113t\u0101js<\/h6>\n<\/li>\n<li>\n<h6>Dro\u0161\u012bbas stienis<\/h6>\n<\/li>\n<li>\n<h6>P\u0101rvad\u0101\u0161anas soma<\/h6>\n<\/li>\n<\/ul>\n<h6><strong><em>Maksim\u0101ls komforts gan b\u0113rnam, gan vec\u0101kiem:<\/em><\/strong><\/h6>\n<ul>\n<li>\n<h6>Saules p\u0101rsegs ar magn\u0113tisku stiprin\u0101jumu \u2013 viegli lietojams un nodro\u0161ina lielisku aizsardz\u012bbu pret sauli un v\u0113ju.<\/h6>\n<\/li>\n<li>\n<h6>Tr\u012bs poz\u012bcij\u0101s regul\u0113jama atzveltne \u2013 tai skait\u0101 piln\u012bb\u0101 gu\u013cus poz\u012bcija \u0113rtai snaudai.<\/h6>\n<\/li>\n<li>\n<h6>Regul\u0113jams k\u0101ju balsts \u2013 nodro\u0161ina b\u0113rnam v\u0113l liel\u0101ku komfortu.<\/h6>\n<\/li>\n<\/ul>\n<h6><strong><em>Lieto\u0161anas \u0113rt\u012bba jebkur\u0101 situ\u0101cij\u0101:<\/em><\/strong><\/h6>\n<ul>\n<li>\n<h6>No\u0146emams dro\u0161\u012bbas stienis \u2013 \u0113rts un praktisks, nodro\u0161inot vieglu piek\u013cuvi b\u0113rnam.<\/h6>\n<\/li>\n<li>\n<h6>5 punktu magn\u0113tisk\u0101 spr\u0101dze - ro\u0161i notur b\u0113rnu viet\u0101 un vienlaikus ir \u0101tri un \u0113rti lietojama vec\u0101kiem.<\/h6>\n<\/li>\n<li>\n<h6>Amortiz\u0101cija visos \u010detros rite\u0146os \u2013 vienm\u0113r\u012bga un m\u012bksta brauk\u0161ana ar\u012b pa nel\u012bdzenu virsmu.<\/h6>\n<\/li>\n<li>\n<h6>Liela k\u0101jas bremze \u2013 nodro\u0161ina dro\u0161\u012bbu un \u0113rtu lieto\u0161anu.<\/h6>\n<\/li>\n<li>\n<h6>Stiprin\u0101juma vietas auti\u0146biks\u012b\u0161u somai \u2013 \u013cauj somu viegli piestiprin\u0101t pie rati\u0146iem.<\/h6>\n<\/li>\n<\/ul>\n<h6><strong><em>Uzticama aizsardz\u012bba pret jebk\u0101diem laikapst\u0101k\u013ciem:<\/em><\/strong><\/h6>\n<ul>\n<li>\n<h6>Gar\u0161 saules p\u0101rsegs ar SPF 50+ aizsardz\u012bbu \u2013 aizsarg\u0101 b\u0113rnu no kait\u012bg\u0101 UV starojuma un tie\u0161iem saules stariem.<\/h6>\n<\/li>\n<li>\n<h6>600D \u016bdensnecaurlaid\u012bgs audums \u2013 iztur\u012bgs un laikapst\u0101k\u013cu iztur\u012bgs materi\u0101ls, kas aizsarg\u0101 pret lietu un mitrumu.<\/h6>\n<\/li>\n<\/ul>\n<h6><strong><em>Luksusa un iztur\u012bgi materi\u0101li:<\/em><\/strong><\/h6>\n<ul>\n<li>\n<h6>Stum\u0161anas rokturis un dro\u0161\u012bbas stien\u012b p\u0101rkl\u0101jums no m\u0101ksl\u012bg\u0101s \u0101das \u2013 m\u012bksts, iztur\u012bgs un elegants izskats.<\/h6>\n<\/li>\n<li>\n<h6>Iztur\u012bga un stipra ce\u013cojumu soma \u2013 atvieglo rati\u0146a uzglab\u0101\u0161anu un p\u0101rvad\u0101\u0161anu.<\/h6>\n<\/li>\n<li>\n<h6>100% PU rite\u0146i \u2013 iztur\u012bgi un gludi ripojo\u0161i, nodro\u0161inot lielisku manevr\u0113jam\u012bbu.<\/h6>\n<\/li>\n<\/ul>\n<h6><strong><em>Tehniskie dati un lieto\u0161anas inform\u0101cija:<\/em><\/strong><\/h6>\n<ul>\n<li>\n<h6>Saloc\u0101ms un atverams ar vienu kust\u012bbu \u2013 \u0101trs un vienk\u0101r\u0161s meh\u0101nisms, kas taupa laiku un p\u016bles.<\/h6>\n<\/li>\n<li>\n<h6>Kompakts rokas bag\u0101\u017eas izm\u0113rs \u2013 iederas liel\u0101kaj\u0101 da\u013c\u0101 lidma\u0161\u012bnu salonu bag\u0101\u017eas plauktu.<\/h6>\n<\/li>\n<li>\n<h6>Piem\u0113rots b\u0113rniem no 6 m\u0113ne\u0161u vecuma l\u012bdz 22\u202fkg (aptuveni l\u012bdz 5 gadu vecumam).<\/h6>\n<\/li>\n<li>\n<h6>Izm\u0113ri saloc\u012bt\u0101 veid\u0101: 56 \u00d7 47 \u00d7 24 cm.<\/h6>\n<\/li>\n<\/ul>\n<h6>Leclercbaby Hexagon vieglais rati\u0146\u0161 ir ide\u0101la izv\u0113le vec\u0101kiem, kuri mekl\u0113 stil\u012bgu, funkcion\u0101lu un luksusa rati\u0146u, kas nodro\u0161ina lab\u0101ko pieredzi gan b\u0113rnam, gan pa\u0161am. T\u0101 inovat\u012bv\u0101s risin\u0101jums un kvalitat\u012bvie materi\u0101li padara ikdienas pastaigas \u0113rt\u0101kas un pat\u012bkam\u0101kas nek\u0101 jebkad agr\u0101k.<\/h6>\n<p>&nbsp;<\/p>\n<h6><em>Las\u012bt vair\u0101k par to, k\u0101 izv\u0113l\u0113ties vieglo rati\u0146u Hummy <a href=\"https:\/\/hummy.ee\/lv\/ka-izveleties-vieglus-ratinus\/\" target=\"_blank\" rel=\"noopener\">blog\u0101<\/a>.<\/em><\/h6>\n<p>&nbsp;<\/p>\n<h6><em>Iepaz\u012bsties tuv\u0101k ar <a href=\"https:\/\/www.youtube.com\/watch?v=IiYEp7T-61A\" target=\"_blank\" rel=\"noopener\">Hexagon <\/a>vieglo rati\u0146u.<\/em><\/h6>\n","protected":false},"excerpt":{"rendered":"<h6>Tikko izn\u0101ku\u0161\u0101s Hexagon kolekcijas autors ir slavenais n\u012bderlandie\u0161u dizaineris Kristians Lagerv\u0101rds. Hexagon ir Leclerc Baby augst\u0101k\u0101s klases rati\u0146i, kas izstr\u0101d\u0101ti p\u0113c augst\u0101kajiem kvalit\u0101tes standartiem un kuros j\u016bsu b\u0113rnam b\u016bs \u012bpa\u0161i \u0113rti. M\u016bsu izslav\u0113t\u0101 viena piesk\u0101riena autom\u0101tisk\u0101 saloc\u012b\u0161an\u0101s sist\u0113ma tagad ir apdarin\u0101ta ar izsmalcin\u0101to perfor\u0113t\u0101s luksusa \u0101das imit\u0101cijas un zam\u0161a kombin\u0101ciju. Hexagon kolekcij\u0101 ir pieejami tr\u012bs augst\u0101k\u0101s klases mode\u013ci.<\/h6>\n","protected":false},"featured_media":78307,"comment_status":"closed","ping_status":"closed","template":"","meta":{"_acf_changed":false,"om_disable_all_campaigns":false,"_monsterinsights_skip_tracking":false,"_monsterinsights_sitenote_active":false,"_monsterinsights_sitenote_note":"","_monsterinsights_sitenote_category":0,"_uf_show_specific_survey":0,"_uf_disable_surveys":false,"site-sidebar-layout":"default","site-content-layout":"","ast-site-content-layout":"default","site-content-style":"default","site-sidebar-style":"default","ast-global-header-display":"","ast-banner-title-visibility":"","ast-main-header-display":"","ast-hfb-above-header-display":"","ast-hfb-below-header-display":"","ast-hfb-mobile-header-display":"","site-post-title":"","ast-breadcrumbs-content":"","ast-featured-img":"","footer-sml-layout":"","theme-transparent-header-meta":"default","adv-header-id-meta":"","stick-header-meta":"","header-above-stick-meta":"","header-main-stick-meta":"","header-below-stick-meta":"","astra-migrate-meta-layouts":"set","ast-page-background-enabled":"default","ast-page-background-meta":{"desktop":{"background-color":"var(--ast-global-color-4)","background-image":"","background-repeat":"repeat","background-position":"center center","background-size":"auto","background-attachment":"scroll","background-type":"","background-media":"","overlay-type":"","overlay-color":"","overlay-opacity":"","overlay-gradient":""},"tablet":{"background-color":"","background-image":"","background-repeat":"repeat","background-position":"center center","background-size":"auto","background-attachment":"scroll","background-type":"","background-media":"","overlay-type":"","overlay-color":"","overlay-opacity":"","overlay-gradient":""},"mobile":{"background-color":"","background-image":"","background-repeat":"repeat","background-position":"center center","background-size":"auto","background-attachment":"scroll","background-type":"","background-media":"","overlay-type":"","overlay-color":"","overlay-opacity":"","overlay-gradient":""}},"ast-content-background-meta":{"desktop":{"background-color":"var(--ast-global-color-5)","background-image":"","background-repeat":"repeat","background-position":"center center","background-size":"auto","background-attachment":"scroll","background-type":"","background-media":"","overlay-type":"","overlay-color":"","overlay-opacity":"","overlay-gradient":""},"tablet":{"background-color":"var(--ast-global-color-5)","background-image":"","background-repeat":"repeat","background-position":"center center","background-size":"auto","background-attachment":"scroll","background-type":"","background-media":"","overlay-type":"","overlay-color":"","overlay-opacity":"","overlay-gradient":""},"mobile":{"background-color":"var(--ast-global-color-5)","background-image":"","background-repeat":"repeat","background-position":"center center","background-size":"auto","background-attachment":"scroll","background-type":"","background-media":"","overlay-type":"","overlay-color":"","overlay-opacity":"","overlay-gradient":""}}},"product_brand":[],"product_cat":[431,351,432],"product_tag":[],"class_list":{"0":"post-51304","1":"product","2":"type-product","3":"status-publish","4":"has-post-thumbnail","6":"product_cat-ratini","7":"product_cat-leclercbaby-lv","8":"product_cat-cisternu","9":"desktop-align-left","10":"tablet-align-left","11":"mobile-align-left","13":"first","14":"instock","15":"sale","16":"taxable","17":"shipping-taxable","18":"purchasable","19":"product-type-variable"},"acf":[],"aioseo_notices":[],"_links":{"self":[{"href":"https:\/\/hummy.ee\/lv\/wp-json\/wp\/v2\/product\/51304","targetHints":{"allow":["GET"]}}],"collection":[{"href":"https:\/\/hummy.ee\/lv\/wp-json\/wp\/v2\/product"}],"about":[{"href":"https:\/\/hummy.ee\/lv\/wp-json\/wp\/v2\/types\/product"}],"replies":[{"embeddable":true,"href":"https:\/\/hummy.ee\/lv\/wp-json\/wp\/v2\/comments?post=51304"}],"version-history":[{"count":17,"href":"https:\/\/hummy.ee\/lv\/wp-json\/wp\/v2\/product\/51304\/revisions"}],"predecessor-version":[{"id":86135,"href":"https:\/\/hummy.ee\/lv\/wp-json\/wp\/v2\/product\/51304\/revisions\/86135"}],"wp:featuredmedia":[{"embeddable":true,"href":"https:\/\/hummy.ee\/lv\/wp-json\/wp\/v2\/media\/78307"}],"wp:attachment":[{"href":"https:\/\/hummy.ee\/lv\/wp-json\/wp\/v2\/media?parent=51304"}],"wp:term":[{"taxonomy":"product_brand","embeddable":true,"href":"https:\/\/hummy.ee\/lv\/wp-json\/wp\/v2\/product_brand?post=51304"},{"taxonomy":"product_cat","embeddable":true,"href":"https:\/\/hummy.ee\/lv\/wp-json\/wp\/v2\/product_cat?post=51304"},{"taxonomy":"product_tag","embeddable":true,"href":"https:\/\/hummy.ee\/lv\/wp-json\/wp\/v2\/product_tag?post=51304"}],"curies":[{"name":"wp","href":"https:\/\/api.w.org\/{rel}","templated":true}]}}