{"id":51270,"date":"2024-04-07T18:24:10","date_gmt":"2024-04-07T18:24:10","guid":{"rendered":"https:\/\/hummy.ee\/product\/leclercbaby-teddy-termisks-maisins\/"},"modified":"2026-03-18T20:08:32","modified_gmt":"2026-03-18T20:08:32","slug":"leclercbaby-teddy-ratu-maiss","status":"publish","type":"product","link":"https:\/\/hummy.ee\/lv\/product\/leclercbaby-teddy-ratu-maiss\/","title":{"rendered":"Leclercbaby Teddy ratu maiss"},"content":{"rendered":"<h6 data-start=\"444\" data-end=\"482\"><strong><em>K\u0101p\u0113c izv\u0113l\u0113ties ratu maiss Teddy?<\/em><\/strong><\/h6>\n<ul>\n<li data-start=\"484\" data-end=\"1128\">\n<h6>Augst\u0101k\u0101 m\u012bkstuma un siltuma l\u012bmenis \u2013 pateicoties Sherpa Teddy oderei, ratu maiss ir \u012bpa\u0161i m\u012bksts un m\u0101j\u012bgs, nodro\u0161inot b\u0113rnam \u0113rtu gu\u013cvietu pat vissald\u0101kaj\u0101s dien\u0101s.<\/h6>\n<\/li>\n<li data-start=\"484\" data-end=\"1128\">\n<h6>Efekt\u012bva laikapst\u0101k\u013cu aizsardz\u012bba \u2013 iztur\u012bgs, \u016bdensnecaurlaid\u012bgs \u0101r\u0113jais sl\u0101nis uztur b\u0113rnu sausu un aizsarg\u0101tu gan liet\u016b, gan snieg\u0101, gan v\u0113j\u0101.<\/h6>\n<\/li>\n<li data-start=\"484\" data-end=\"1128\">\n<h6>Uzlabota gaisa cirkul\u0101cija \u2013 Sherpa materi\u0101ls ne tikai silda, bet ar\u012b regul\u0113 temperat\u016bru, nov\u0113r\u0161ot p\u0101rm\u0113r\u012bgu sv\u012b\u0161anu un nodro\u0161inot optim\u0101lu ventil\u0101ciju.<\/h6>\n<\/li>\n<li data-start=\"484\" data-end=\"1128\">\n<h6>Dro\u0161s un stabils \u2013 aug\u0161pus\u0113 eso\u0161\u0101s magn\u0113tisk\u0101s aizdares notur ratu maisu viet\u0101, lai tas nenosl\u012bd\u0113tu un b\u0113rns vienm\u0113r b\u016btu \u0113rt\u0101 poz\u012bcij\u0101.<\/h6>\n<\/li>\n<\/ul>\n<h6 data-start=\"1130\" data-end=\"1193\"><strong><em>Univers\u0101ls dizains - piem\u0113rots liel\u0101kajai da\u013cai b\u0113rnu rati\u0146u<\/em><\/strong><\/h6>\n<h6 data-start=\"1195\" data-end=\"1440\">Pateicoties gudram dizainam, Leclercbaby Teddy ratu maiss ir izstr\u0101d\u0101ts t\u0101, lai tas der\u0113tu liel\u0101kajai da\u013cai rati\u0146u. Univers\u0101lie siksnu caurumi un nesl\u012bdo\u0161s apak\u0161\u0113jais audums nodro\u0161ina, ka ratu maisa uzst\u0101d\u012b\u0161ana un no\u0146em\u0161ana ir \u0101tra un vienk\u0101r\u0161a.<\/h6>\n<h6 data-start=\"1442\" data-end=\"1680\">Papildus, atverot ratu maisa r\u0101v\u0113jsl\u0113dz\u0113ju, to var piel\u0101got optim\u0101lai gaisa cirkul\u0101cijai atbilsto\u0161i laikapst\u0101k\u013ciem. T\u0101d\u0113j\u0101di tas ir ide\u0101ls pavadonis gan aukst\u0101m ziemas dien\u0101m, gan v\u0113s\u0101kam rudens un pavasara laikam.<\/h6>\n<p>&nbsp;<\/p>\n<h6 data-start=\"1682\" data-end=\"1767\"><strong><em>Ide\u0101li sader ar Leclercbaby Influencer b\u0113rnu rati\u0146iem, bet var savienot ar\u012b ar citu ra\u017eot\u0101ju rati\u0146iem<\/em><\/strong><\/h6>\n<h6 data-start=\"1769\" data-end=\"1951\">\u012apa\u0161i labi piem\u0113rots Teddy siltais gu\u013cammaiss Leclercbaby Influencer Air rati\u0146iem, ta\u010du pateicoties univers\u0101lai sader\u012bbai, to var izmantot ar\u012b ar jebkuriem citiem rati\u0146iem.<\/h6>\n<p>&nbsp;<\/p>\n<h6 data-start=\"1953\" data-end=\"1991\"><strong><em>Papildu inform\u0101cija un kop\u0161ana<\/em><\/strong><\/h6>\n<ul>\n<li data-start=\"1993\" data-end=\"2296\">\n<h6>SPF 50+ aizsardz\u012bba \u2013 aizsarg\u0101 b\u0113rna \u0101du no kait\u012bg\u0101s UV starojuma.<\/h6>\n<\/li>\n<li data-start=\"1993\" data-end=\"2296\">\n<h6>\u016adensnecaurlaid\u012bgs audums \u2013 uztur b\u0113rnu sausu pat lietain\u0101 laik\u0101.<\/h6>\n<\/li>\n<li data-start=\"1993\" data-end=\"2296\">\n<h6>Piem\u0113rots no 6 m\u0113ne\u0161u vecuma \u2013 ide\u0101li z\u012bdai\u0146iem un maziem b\u0113rniem.<\/h6>\n<\/li>\n<li data-start=\"1993\" data-end=\"2296\">\n<h6>Viegls t\u012br\u012b\u0161ana \u2013 mazg\u0101jams ve\u013casma\u0161\u012bn\u0101 30\u202f\u00b0C temperat\u016br\u0101, lai tas vienm\u0113r b\u016btu svaigs un t\u012brs.<\/h6>\n<\/li>\n<\/ul>\n<h6 data-start=\"2298\" data-end=\"2360\"><strong><em>Ieguldiet b\u0113rna komfort\u0101 un aizsardz\u012bb\u0101 pret laikapst\u0101k\u013ciem!<\/em><\/strong><\/h6>\n<h6 data-start=\"2362\" data-end=\"2653\">Leclercbaby ratu maiss Teddy ir ide\u0101ls risin\u0101jums vec\u0101kiem, kuri v\u0113las savam b\u0113rnam nodro\u0161in\u0101t siltumu, komfortu un dro\u0161\u012bbu visu gadu. Pateicoties kvalitat\u012bviem materi\u0101liem un gudram dizainam, tas ir daudzfunkcion\u0101ls, iztur\u012bgs un stil\u012bgs papildin\u0101jums jebkuram rati\u0146am.<\/h6>\n<h6 data-start=\"2655\" data-end=\"2732\">Izbaudiet bezr\u016bp\u012bgas pastaigas jebkuros laikapst\u0101k\u013cos!<\/h6>\n<p>&nbsp;<\/p>\n<h6><em>Atkl\u0101jiet Leclercbaby produktu kl\u0101stu <a href=\"https:\/\/hummy.ee\/lv\/leclerbaby-ievads\/\" target=\"_blank\" rel=\"noopener\">\u0161eit<\/a>.<\/em><\/h6>\n","protected":false},"excerpt":{"rendered":"<h6 data-start=\"0\" data-end=\"78\">Leclercbaby ratu maiss Teddy \u2013 augst\u0101k\u0101 komforta un aizsardz\u012bba jebkuros laikapst\u0101k\u013cos. Ja mekl\u0113jat sava b\u0113rna pastaig\u0101m m\u012bkstu, siltu un aizsarg\u0101jo\u0161u risin\u0101jumu v\u0113s\u0101kos apst\u0101k\u013cos, Leclercbaby ratu maiss Teddy ir ide\u0101la izv\u0113le! Izgatavots no augstas kvalit\u0101tes materi\u0101liem, tas apvieno luksusa Sherpa odere un iztur\u012bgu, \u016bdensnecaurlaid\u012bgu \u0101r\u0113jo sl\u0101ni, nodro\u0161inot siltu, \u0113rtu un laikapst\u0101k\u013ciem iztur\u012bgu vidi katr\u0101 pastaig\u0101.<\/h6>\n","protected":false},"featured_media":83114,"comment_status":"closed","ping_status":"closed","template":"","meta":{"_acf_changed":false,"om_disable_all_campaigns":false,"_monsterinsights_skip_tracking":false,"_monsterinsights_sitenote_active":false,"_monsterinsights_sitenote_note":"","_monsterinsights_sitenote_category":0,"_uf_show_specific_survey":0,"_uf_disable_surveys":false,"site-sidebar-layout":"default","site-content-layout":"","ast-site-content-layout":"default","site-content-style":"default","site-sidebar-style":"default","ast-global-header-display":"","ast-banner-title-visibility":"","ast-main-header-display":"","ast-hfb-above-header-display":"","ast-hfb-below-header-display":"","ast-hfb-mobile-header-display":"","site-post-title":"","ast-breadcrumbs-content":"","ast-featured-img":"","footer-sml-layout":"","theme-transparent-header-meta":"default","adv-header-id-meta":"","stick-header-meta":"","header-above-stick-meta":"","header-main-stick-meta":"","header-below-stick-meta":"","astra-migrate-meta-layouts":"set","ast-page-background-enabled":"default","ast-page-background-meta":{"desktop":{"background-color":"var(--ast-global-color-4)","background-image":"","background-repeat":"repeat","background-position":"center center","background-size":"auto","background-attachment":"scroll","background-type":"","background-media":"","overlay-type":"","overlay-color":"","overlay-opacity":"","overlay-gradient":""},"tablet":{"background-color":"","background-image":"","background-repeat":"repeat","background-position":"center center","background-size":"auto","background-attachment":"scroll","background-type":"","background-media":"","overlay-type":"","overlay-color":"","overlay-opacity":"","overlay-gradient":""},"mobile":{"background-color":"","background-image":"","background-repeat":"repeat","background-position":"center center","background-size":"auto","background-attachment":"scroll","background-type":"","background-media":"","overlay-type":"","overlay-color":"","overlay-opacity":"","overlay-gradient":""}},"ast-content-background-meta":{"desktop":{"background-color":"var(--ast-global-color-5)","background-image":"","background-repeat":"repeat","background-position":"center center","background-size":"auto","background-attachment":"scroll","background-type":"","background-media":"","overlay-type":"","overlay-color":"","overlay-opacity":"","overlay-gradient":""},"tablet":{"background-color":"var(--ast-global-color-5)","background-image":"","background-repeat":"repeat","background-position":"center center","background-size":"auto","background-attachment":"scroll","background-type":"","background-media":"","overlay-type":"","overlay-color":"","overlay-opacity":"","overlay-gradient":""},"mobile":{"background-color":"var(--ast-global-color-5)","background-image":"","background-repeat":"repeat","background-position":"center center","background-size":"auto","background-attachment":"scroll","background-type":"","background-media":"","overlay-type":"","overlay-color":"","overlay-opacity":"","overlay-gradient":""}}},"product_brand":[],"product_cat":[322,397,351],"product_tag":[],"class_list":{"0":"post-51270","1":"product","2":"type-product","3":"status-publish","4":"has-post-thumbnail","6":"product_cat-apgriesanas-piederumi","7":"product_cat-karstie-maisini","8":"product_cat-leclercbaby-lv","9":"desktop-align-left","10":"tablet-align-left","11":"mobile-align-left","13":"first","14":"instock","15":"sale","16":"taxable","17":"shipping-taxable","18":"purchasable","19":"product-type-variable"},"acf":[],"aioseo_notices":[],"_links":{"self":[{"href":"https:\/\/hummy.ee\/lv\/wp-json\/wp\/v2\/product\/51270","targetHints":{"allow":["GET"]}}],"collection":[{"href":"https:\/\/hummy.ee\/lv\/wp-json\/wp\/v2\/product"}],"about":[{"href":"https:\/\/hummy.ee\/lv\/wp-json\/wp\/v2\/types\/product"}],"replies":[{"embeddable":true,"href":"https:\/\/hummy.ee\/lv\/wp-json\/wp\/v2\/comments?post=51270"}],"version-history":[{"count":10,"href":"https:\/\/hummy.ee\/lv\/wp-json\/wp\/v2\/product\/51270\/revisions"}],"predecessor-version":[{"id":86152,"href":"https:\/\/hummy.ee\/lv\/wp-json\/wp\/v2\/product\/51270\/revisions\/86152"}],"wp:featuredmedia":[{"embeddable":true,"href":"https:\/\/hummy.ee\/lv\/wp-json\/wp\/v2\/media\/83114"}],"wp:attachment":[{"href":"https:\/\/hummy.ee\/lv\/wp-json\/wp\/v2\/media?parent=51270"}],"wp:term":[{"taxonomy":"product_brand","embeddable":true,"href":"https:\/\/hummy.ee\/lv\/wp-json\/wp\/v2\/product_brand?post=51270"},{"taxonomy":"product_cat","embeddable":true,"href":"https:\/\/hummy.ee\/lv\/wp-json\/wp\/v2\/product_cat?post=51270"},{"taxonomy":"product_tag","embeddable":true,"href":"https:\/\/hummy.ee\/lv\/wp-json\/wp\/v2\/product_tag?post=51270"}],"curies":[{"name":"wp","href":"https:\/\/api.w.org\/{rel}","templated":true}]}}