{"id":51251,"date":"2024-04-07T18:26:12","date_gmt":"2024-04-07T18:26:12","guid":{"rendered":"https:\/\/hummy.ee\/product\/leclercbaby-luksusa-sedekla-spilvens\/"},"modified":"2026-03-18T20:06:45","modified_gmt":"2026-03-18T20:06:45","slug":"leclercbaby-luxury-ratu-ieliktnis","status":"publish","type":"product","link":"https:\/\/hummy.ee\/lv\/product\/leclercbaby-luxury-ratu-ieliktnis\/","title":{"rendered":"Leclercbaby Luxury ratu ieliktnis"},"content":{"rendered":"<h6><strong><em>K\u0101p\u0113c izv\u0113l\u0113ties Luxury ratu ieliktnis?<\/em><\/strong><\/h6>\n<h6>Tas izgatavots no lab\u0101kajiem materi\u0101liem, kas nodro\u0161ina maksim\u0101lu m\u012bkstumu un elpojam\u012bbu. Turkl\u0101t polster\u0113jums ir veidots t\u0101, lai atbalst\u012btu b\u0113rnu garos pastaigu laik\u0101, nodro\u0161inot vi\u0146am komfortu katr\u0101 sol\u012b. V\u0113l vair\u0101k, mitrumu absorb\u0113jo\u0161\u0101s \u012bpa\u0161\u012bbas pal\u012bdz uztur\u0113t b\u0113rnu saus\u0101 un v\u0113s\u0101 pat karst\u0101kaj\u0101s vasaras dien\u0101s.<\/h6>\n<p>&nbsp;<\/p>\n<h6><strong><em>Siltums un elpojam\u012bba \u2013 ide\u0101li katram gadalaikam<\/em><\/strong><\/h6>\n<h6>At\u0161\u0137ir\u012bb\u0101 no parastajiem s\u0113dek\u013ca spilventi\u0146iem, Luxury ratu ieliktnis ir izgatavots no \u010detriem sl\u0101\u0146iem, kas apvieno kokvilnu un viskozi, lai nodro\u0161in\u0101tu optim\u0101lu temperat\u016bras regul\u0113\u0161anu.<\/h6>\n<h6><\/h6>\n<ul data-start=\"1117\" data-end=\"1234\">\n<li data-start=\"1117\" data-end=\"1155\">\n<h6>Ziem\u0101 tas uztur b\u0113rna muguru siltu.<\/h6>\n<\/li>\n<li data-start=\"1156\" data-end=\"1234\">\n<h6>Vasar\u0101 elpojo\u0161s audums nodro\u0161ina pietiekamu gaisa cirkul\u0101ciju, lai nov\u0113rstu p\u0101rkar\u0161anu.<\/h6>\n<\/li>\n<li data-start=\"1156\" data-end=\"1234\">\n<h6>Turkl\u0101t, t\u0101 k\u0101 kokvilna ir hipoaler\u0123iska, s\u0113dek\u013ca spilventi\u0146\u0161 ir 99,99% antibakteri\u0101ls, samazinot aler\u0123iju risku un nodro\u0161inot b\u0113rna \u0101dai papildu aizsardz\u012bbu.<\/h6>\n<\/li>\n<\/ul>\n<h6><\/h6>\n<h6><strong><em>Univers\u0101ls dizains un viegla kop\u0161ana<\/em><\/strong><\/h6>\n<h6>Bet tas v\u0113l nav viss! Pateicoties univers\u0101lajam dizainam, Luxury ratu ieliktnis der visiem rati\u0146iem un b\u0113rnu ratiem, nodro\u0161inot stabilu un cie\u0161i piegu\u013co\u0161u fitu.<\/h6>\n<h6>Kad pien\u0101k laiks t\u012br\u012b\u0161anai, nav j\u0101uztraucas! No\u0146em s\u0113dek\u013ca spilventi\u0146u un mazg\u0101 ve\u013cas ma\u0161\u012bn\u0101 30\u202f\u00b0C temperat\u016br\u0101 \u2013 vienk\u0101r\u0161a un bezr\u016bp\u012bga kop\u0161ana. P\u0113c mazg\u0101\u0161anas vienk\u0101r\u0161i pakar to uz auklas, lai nodro\u0161in\u0101tu ilgsto\u0161u kvalit\u0101ti.<\/h6>\n<p>&nbsp;<\/p>\n<h6><strong><em>Stils un luksuss vien\u0101<\/em><\/strong><\/h6>\n<h6>Papildus praktiskumam, Luxury ratu ieliktnis pie\u0161\u0137ir rati\u0146am ar\u012b nelielu izsmalcin\u0101t\u012bbu. Laikmet\u012bgs dizains, r\u016bp\u012bgi izv\u0113l\u0113ta apdare un kvalitat\u012bvi materi\u0101li uzlabo katru rati\u0146u izskatu.<\/h6>\n<h6>V\u0113l vair\u0101k \u2013 klasisk\u0101s meln\u0101s vai pel\u0113k\u0101s kr\u0101sas tonis padara to par perfektu papildin\u0101jumu visiem Leclercbaby vieglajiem rati\u0146iem.<\/h6>\n<p>&nbsp;<\/p>\n<h6><strong><em>Lab\u0101k\u0101 invest\u012bcija b\u0113rna labkl\u0101j\u012bb\u0101<\/em><\/strong><\/h6>\n<h6>Luxury ratu ieliktnis ir ide\u0101la izv\u0113le vec\u0101kiem, kuri v\u0113las apvienot komfortu, stilu un praktiskumu. B\u0113rni ir peln\u012bju\u0161i tikai to lab\u0101ko, un \u0161is s\u0113dek\u013ca spilventi\u0146\u0161 nodro\u0161ina tie\u0161i to \u2013 luksusa m\u012bkstumu un aizsardz\u012bbu visu gadu.<\/h6>\n<p>&nbsp;<\/p>\n<h6><strong><em>Izm\u0113ri:<\/em><\/strong><\/h6>\n<ul>\n<li data-start=\"2533\" data-end=\"2614\">\n<h6>Augstums: 30 cm<\/h6>\n<\/li>\n<li data-start=\"2533\" data-end=\"2614\">\n<h6>Platums: 34 cm<\/h6>\n<\/li>\n<li data-start=\"2533\" data-end=\"2614\">\n<h6>Garums: 78 cm<\/h6>\n<\/li>\n<\/ul>\n<p>&nbsp;<\/p>\n<h6><em>Uzziniet vair\u0101k par to, k\u0101 izv\u0113l\u0113ties vieglos rati\u0146us, lasiet Hummy <a href=\"https:\/\/hummy.ee\/lv\/ka-izveleties-vieglus-ratinus\/\" target=\"_blank\" rel=\"noopener\">blog\u0101<\/a>.<\/em><\/h6>\n<h6><em><a href=\"https:\/\/www.youtube.com\/watch?v=se6NR01dX_o\" target=\"_blank\" rel=\"noopener\">Skatiet tuv\u0101k<\/a>, k\u0101 uzst\u0101d\u012bt s\u0113dek\u013ca spilventi\u0146u rati\u0146am.<\/em><\/h6>\n","protected":false},"excerpt":{"rendered":"<h6>Leclercbaby Luxury ratu ieliktnis ir lielisks papildin\u0101jums mazu\u013ca rati\u0146u lieto\u0161anas pieredzei visu gadu. \u0160is ratu ieliktnis, kas izgatavots ar \u012bpa\u0161u r\u016bp\u012bbu un uzman\u012bbu deta\u013c\u0101m, rad\u012bts, lai nodro\u0161in\u0101tu b\u0113rnam maksim\u0101lu komfortu un stilu.\u201c<\/h6>\n","protected":false},"featured_media":31505,"comment_status":"closed","ping_status":"closed","template":"","meta":{"_acf_changed":false,"om_disable_all_campaigns":false,"_monsterinsights_skip_tracking":false,"_monsterinsights_sitenote_active":false,"_monsterinsights_sitenote_note":"","_monsterinsights_sitenote_category":0,"_uf_show_specific_survey":0,"_uf_disable_surveys":false,"site-sidebar-layout":"default","site-content-layout":"","ast-site-content-layout":"default","site-content-style":"default","site-sidebar-style":"default","ast-global-header-display":"","ast-banner-title-visibility":"","ast-main-header-display":"","ast-hfb-above-header-display":"","ast-hfb-below-header-display":"","ast-hfb-mobile-header-display":"","site-post-title":"","ast-breadcrumbs-content":"","ast-featured-img":"","footer-sml-layout":"","theme-transparent-header-meta":"default","adv-header-id-meta":"","stick-header-meta":"","header-above-stick-meta":"","header-main-stick-meta":"","header-below-stick-meta":"","astra-migrate-meta-layouts":"set","ast-page-background-enabled":"default","ast-page-background-meta":{"desktop":{"background-color":"var(--ast-global-color-4)","background-image":"","background-repeat":"repeat","background-position":"center center","background-size":"auto","background-attachment":"scroll","background-type":"","background-media":"","overlay-type":"","overlay-color":"","overlay-opacity":"","overlay-gradient":""},"tablet":{"background-color":"","background-image":"","background-repeat":"repeat","background-position":"center center","background-size":"auto","background-attachment":"scroll","background-type":"","background-media":"","overlay-type":"","overlay-color":"","overlay-opacity":"","overlay-gradient":""},"mobile":{"background-color":"","background-image":"","background-repeat":"repeat","background-position":"center center","background-size":"auto","background-attachment":"scroll","background-type":"","background-media":"","overlay-type":"","overlay-color":"","overlay-opacity":"","overlay-gradient":""}},"ast-content-background-meta":{"desktop":{"background-color":"var(--ast-global-color-5)","background-image":"","background-repeat":"repeat","background-position":"center center","background-size":"auto","background-attachment":"scroll","background-type":"","background-media":"","overlay-type":"","overlay-color":"","overlay-opacity":"","overlay-gradient":""},"tablet":{"background-color":"var(--ast-global-color-5)","background-image":"","background-repeat":"repeat","background-position":"center center","background-size":"auto","background-attachment":"scroll","background-type":"","background-media":"","overlay-type":"","overlay-color":"","overlay-opacity":"","overlay-gradient":""},"mobile":{"background-color":"var(--ast-global-color-5)","background-image":"","background-repeat":"repeat","background-position":"center center","background-size":"auto","background-attachment":"scroll","background-type":"","background-media":"","overlay-type":"","overlay-color":"","overlay-opacity":"","overlay-gradient":""}}},"product_brand":[],"product_cat":[322,351,382],"product_tag":[330,328],"class_list":{"0":"post-51251","1":"product","2":"type-product","3":"status-publish","4":"has-post-thumbnail","6":"product_cat-apgriesanas-piederumi","7":"product_cat-leclercbaby-lv","8":"product_cat-sedeklu-spilveni","9":"product_tag-atseviski-produkti","10":"product_tag-pielagota-timekla-vietne","11":"desktop-align-left","12":"tablet-align-left","13":"mobile-align-left","15":"first","16":"instock","17":"sale","18":"taxable","19":"shipping-taxable","20":"purchasable","21":"product-type-variable"},"acf":[],"aioseo_notices":[],"_links":{"self":[{"href":"https:\/\/hummy.ee\/lv\/wp-json\/wp\/v2\/product\/51251","targetHints":{"allow":["GET"]}}],"collection":[{"href":"https:\/\/hummy.ee\/lv\/wp-json\/wp\/v2\/product"}],"about":[{"href":"https:\/\/hummy.ee\/lv\/wp-json\/wp\/v2\/types\/product"}],"replies":[{"embeddable":true,"href":"https:\/\/hummy.ee\/lv\/wp-json\/wp\/v2\/comments?post=51251"}],"version-history":[{"count":10,"href":"https:\/\/hummy.ee\/lv\/wp-json\/wp\/v2\/product\/51251\/revisions"}],"predecessor-version":[{"id":86143,"href":"https:\/\/hummy.ee\/lv\/wp-json\/wp\/v2\/product\/51251\/revisions\/86143"}],"wp:featuredmedia":[{"embeddable":true,"href":"https:\/\/hummy.ee\/lv\/wp-json\/wp\/v2\/media\/31505"}],"wp:attachment":[{"href":"https:\/\/hummy.ee\/lv\/wp-json\/wp\/v2\/media?parent=51251"}],"wp:term":[{"taxonomy":"product_brand","embeddable":true,"href":"https:\/\/hummy.ee\/lv\/wp-json\/wp\/v2\/product_brand?post=51251"},{"taxonomy":"product_cat","embeddable":true,"href":"https:\/\/hummy.ee\/lv\/wp-json\/wp\/v2\/product_cat?post=51251"},{"taxonomy":"product_tag","embeddable":true,"href":"https:\/\/hummy.ee\/lv\/wp-json\/wp\/v2\/product_tag?post=51251"}],"curies":[{"name":"wp","href":"https:\/\/api.w.org\/{rel}","templated":true}]}}