{"id":51248,"date":"2024-04-07T18:24:33","date_gmt":"2024-04-07T18:24:33","guid":{"rendered":"https:\/\/hummy.ee\/product\/leclercbaby-luksusa-atgriezeniskais-sedekla-spilvens\/"},"modified":"2026-03-18T20:07:43","modified_gmt":"2026-03-18T20:07:43","slug":"leclercbaby-luxury-reversible-ratu-ieliktnis","status":"publish","type":"product","link":"https:\/\/hummy.ee\/lv\/product\/leclercbaby-luxury-reversible-ratu-ieliktnis\/","title":{"rendered":"Leclercbaby Luxury Reversible ratu ieliktnis"},"content":{"rendered":"<h6 data-start=\"496\" data-end=\"551\"><strong><em>K\u0101p\u0113c izv\u0113l\u0113ties Reversible Luxury ratu ieliktnis?<\/em><\/strong><\/h6>\n<ul>\n<li data-start=\"553\" data-end=\"1018\">\n<h6>Divi vien\u0101 funkcionalit\u0101te \u2013 ratu ieliktnis ir lietojams no ab\u0101m pus\u0113m, padarot to \u012bpa\u0161i praktisku.<\/h6>\n<\/li>\n<li data-start=\"553\" data-end=\"1018\">\n<h6>Silta un m\u012bksta Sherpa oder\u0113jums \u2013 ide\u0101li aukstajiem ziemas m\u0113ne\u0161iem, nodro\u0161inot b\u0113rnam m\u0101j\u012bgu siltumu.<\/h6>\n<\/li>\n<li data-start=\"553\" data-end=\"1018\">\n<h6>Elpojo\u0161s tekstila audums \u2013 pal\u012bdz atv\u0113sin\u0101t karst\u0101s vasaras dien\u0101s un nodro\u0161ina optim\u0101lu gaisa cirkul\u0101ciju.<\/h6>\n<\/li>\n<li data-start=\"553\" data-end=\"1018\">\n<h6>Hipoaler\u0123iska kokvilna \u2013 99,99% antibakteri\u0101la, samazinot aler\u0123ijas risku un aizsarg\u0101jot b\u0113rna jut\u012bgo \u0101du.<\/h6>\n<\/li>\n<\/ul>\n<h6 data-start=\"1020\" data-end=\"1069\"><strong><em>Univers\u0101ls un lietot\u0101jam draudz\u012bgs dizains<\/em><\/strong><\/h6>\n<h6 data-start=\"1071\" data-end=\"1283\">Papildus komfortam Luxury ratu ieliktnis ir izstr\u0101d\u0101ts ar\u012b, dom\u0101jot par praktiskumu. Pateicoties univers\u0101lajam dizainam, to var \u0101tri un vienk\u0101r\u0161i piestiprin\u0101t gandr\u012bz jebkuram rati\u0146am vai vankrim.<\/h6>\n<h6 data-start=\"1285\" data-end=\"1510\">Kad pien\u0101k laiks t\u012br\u012b\u0161anai, nav j\u0101uztraucas! No\u0146emiet ieliktnis un mazg\u0101jiet ve\u013casma\u0161\u012bn\u0101 30\u202f\u00b0C temperat\u016br\u0101 \u2013 vienk\u0101r\u0161a un bezr\u016bp\u012bga kop\u0161ana. P\u0113c tam vienk\u0101r\u0161i pakariniet to virten\u0113, lai nodro\u0161in\u0101tu ilgsto\u0161u lieto\u0161anu.<\/h6>\n<p>&nbsp;<\/p>\n<h6 data-start=\"1512\" data-end=\"1548\"><strong><em>Stils un daudzpus\u012bba vien\u0101<\/em><\/strong><\/h6>\n<h6 data-start=\"1550\" data-end=\"1824\">Bet tas v\u0113l nav viss! Luxury ratu ieliktnis padara patiesi \u012bpa\u0161u t\u0101 daudzpus\u012bgais dizains. Pateicoties div\u0101m da\u017e\u0101d\u0101m pus\u0113m, j\u016bs varat \u0101tri main\u012bt sava rati\u0146a izskatu \u2013 izv\u0113lieties starp diviem stil\u012bgiem dizainiem un piel\u0101gojiet to atbilsto\u0161i sezonai vai noska\u0146ojumam.<\/h6>\n<h6 data-start=\"1550\" data-end=\"1824\">V\u0113l vair\u0101k \u2013 luksusa melnais vai pel\u0113kais tonis pie\u0161\u0137ir rati\u0146am eleganci un rafin\u0113t\u012bbu, lieliski papildinot visus Leclercbaby kabrioleta mode\u013cus.<\/h6>\n<p>&nbsp;<\/p>\n<h6 data-start=\"1997\" data-end=\"2041\"><strong><em>Lab\u0101k\u0101 ieguld\u012bjuma b\u0113rna labkl\u0101j\u012bb\u0101<\/em><\/strong><\/h6>\n<h6 data-start=\"2043\" data-end=\"2303\">Divpus\u0113jais Luxury ratu ieliktnis ir ide\u0101la izv\u0113le vec\u0101kiem, kuri v\u0113las apvienot komfortu, stilu un praktiskumu. B\u0113rni pelna tikai lab\u0101ko, un \u0161is ieliktnis sniedz tie\u0161i to \u2013 luksusa m\u012bkstumu un aizsardz\u012bbu visu gadu.<\/h6>\n<p>&nbsp;<\/p>\n<h6><strong><em>Izm\u0113ri:<\/em><\/strong><\/h6>\n<ul>\n<li data-start=\"2305\" data-end=\"2386\">\n<h6>Augstums: 30 cm<\/h6>\n<\/li>\n<li data-start=\"2305\" data-end=\"2386\">\n<h6>Platums: 34 cm<\/h6>\n<\/li>\n<li data-start=\"2305\" data-end=\"2386\">\n<h6>Garums: 78 cm<\/h6>\n<\/li>\n<\/ul>\n<p>&nbsp;<\/p>\n<h6><em>Lasiet vair\u0101k par to, k\u0101 izv\u0113l\u0113ties rati\u0146us Hummy <a href=\"https:\/\/hummy.ee\/lv\/ka-izveleties-vieglus-ratinus\/\" target=\"_blank\" rel=\"noopener\">blog\u0101<\/a>.<\/em><\/h6>\n<h6><em><a href=\"https:\/\/www.youtube.com\/watch?v=se6NR01dX_o\" target=\"_blank\" rel=\"noopener\">Uzziniet vair\u0101k par to<\/a>, k\u0101 piestiprin\u0101t s\u0113dekl\u012b\u0161a spilvenu rati\u0146iem.<\/em><\/h6>\n","protected":false},"excerpt":{"rendered":"<h6>Leclercbaby Luxury Reversible s\u0113dekl\u012b\u0161a spilvens ir lielisks papildin\u0101jums mazu\u013ca rati\u0146u lieto\u0161anas pieredzei visu gadu. \u0160is spilvens, kas izgatavots ar \u012bpa\u0161u r\u016bp\u012bbu un uzman\u012bbu deta\u013c\u0101m, rad\u012bts, lai nodro\u0161in\u0101tu b\u0113rnam maksim\u0101lu komfortu un stilu.<\/h6>\n","protected":false},"featured_media":31537,"comment_status":"closed","ping_status":"closed","template":"","meta":{"_acf_changed":false,"om_disable_all_campaigns":false,"_monsterinsights_skip_tracking":false,"_monsterinsights_sitenote_active":false,"_monsterinsights_sitenote_note":"","_monsterinsights_sitenote_category":0,"_uf_show_specific_survey":0,"_uf_disable_surveys":false,"site-sidebar-layout":"default","site-content-layout":"","ast-site-content-layout":"default","site-content-style":"default","site-sidebar-style":"default","ast-global-header-display":"","ast-banner-title-visibility":"","ast-main-header-display":"","ast-hfb-above-header-display":"","ast-hfb-below-header-display":"","ast-hfb-mobile-header-display":"","site-post-title":"","ast-breadcrumbs-content":"","ast-featured-img":"","footer-sml-layout":"","theme-transparent-header-meta":"default","adv-header-id-meta":"","stick-header-meta":"","header-above-stick-meta":"","header-main-stick-meta":"","header-below-stick-meta":"","astra-migrate-meta-layouts":"set","ast-page-background-enabled":"default","ast-page-background-meta":{"desktop":{"background-color":"var(--ast-global-color-4)","background-image":"","background-repeat":"repeat","background-position":"center center","background-size":"auto","background-attachment":"scroll","background-type":"","background-media":"","overlay-type":"","overlay-color":"","overlay-opacity":"","overlay-gradient":""},"tablet":{"background-color":"","background-image":"","background-repeat":"repeat","background-position":"center center","background-size":"auto","background-attachment":"scroll","background-type":"","background-media":"","overlay-type":"","overlay-color":"","overlay-opacity":"","overlay-gradient":""},"mobile":{"background-color":"","background-image":"","background-repeat":"repeat","background-position":"center center","background-size":"auto","background-attachment":"scroll","background-type":"","background-media":"","overlay-type":"","overlay-color":"","overlay-opacity":"","overlay-gradient":""}},"ast-content-background-meta":{"desktop":{"background-color":"var(--ast-global-color-5)","background-image":"","background-repeat":"repeat","background-position":"center center","background-size":"auto","background-attachment":"scroll","background-type":"","background-media":"","overlay-type":"","overlay-color":"","overlay-opacity":"","overlay-gradient":""},"tablet":{"background-color":"var(--ast-global-color-5)","background-image":"","background-repeat":"repeat","background-position":"center center","background-size":"auto","background-attachment":"scroll","background-type":"","background-media":"","overlay-type":"","overlay-color":"","overlay-opacity":"","overlay-gradient":""},"mobile":{"background-color":"var(--ast-global-color-5)","background-image":"","background-repeat":"repeat","background-position":"center center","background-size":"auto","background-attachment":"scroll","background-type":"","background-media":"","overlay-type":"","overlay-color":"","overlay-opacity":"","overlay-gradient":""}}},"product_brand":[],"product_cat":[322,351,382],"product_tag":[],"class_list":{"0":"post-51248","1":"product","2":"type-product","3":"status-publish","4":"has-post-thumbnail","6":"product_cat-apgriesanas-piederumi","7":"product_cat-leclercbaby-lv","8":"product_cat-sedeklu-spilveni","9":"desktop-align-left","10":"tablet-align-left","11":"mobile-align-left","13":"first","14":"instock","15":"sale","16":"taxable","17":"shipping-taxable","18":"purchasable","19":"product-type-variable"},"acf":[],"aioseo_notices":[],"_links":{"self":[{"href":"https:\/\/hummy.ee\/lv\/wp-json\/wp\/v2\/product\/51248","targetHints":{"allow":["GET"]}}],"collection":[{"href":"https:\/\/hummy.ee\/lv\/wp-json\/wp\/v2\/product"}],"about":[{"href":"https:\/\/hummy.ee\/lv\/wp-json\/wp\/v2\/types\/product"}],"replies":[{"embeddable":true,"href":"https:\/\/hummy.ee\/lv\/wp-json\/wp\/v2\/comments?post=51248"}],"version-history":[{"count":11,"href":"https:\/\/hummy.ee\/lv\/wp-json\/wp\/v2\/product\/51248\/revisions"}],"predecessor-version":[{"id":86148,"href":"https:\/\/hummy.ee\/lv\/wp-json\/wp\/v2\/product\/51248\/revisions\/86148"}],"wp:featuredmedia":[{"embeddable":true,"href":"https:\/\/hummy.ee\/lv\/wp-json\/wp\/v2\/media\/31537"}],"wp:attachment":[{"href":"https:\/\/hummy.ee\/lv\/wp-json\/wp\/v2\/media?parent=51248"}],"wp:term":[{"taxonomy":"product_brand","embeddable":true,"href":"https:\/\/hummy.ee\/lv\/wp-json\/wp\/v2\/product_brand?post=51248"},{"taxonomy":"product_cat","embeddable":true,"href":"https:\/\/hummy.ee\/lv\/wp-json\/wp\/v2\/product_cat?post=51248"},{"taxonomy":"product_tag","embeddable":true,"href":"https:\/\/hummy.ee\/lv\/wp-json\/wp\/v2\/product_tag?post=51248"}],"curies":[{"name":"wp","href":"https:\/\/api.w.org\/{rel}","templated":true}]}}