{"id":51242,"date":"2024-04-07T18:54:19","date_gmt":"2024-04-07T18:54:19","guid":{"rendered":"https:\/\/hummy.ee\/product\/leclercbaby-drosibas-supula-adapteris\/"},"modified":"2026-05-01T11:02:08","modified_gmt":"2026-05-01T11:02:08","slug":"leclercbaby-masinas-sedeklisa-adapteri","status":"publish","type":"product","link":"https:\/\/hummy.ee\/lv\/product\/leclercbaby-masinas-sedeklisa-adapteri\/","title":{"rendered":"Leclercbaby ma\u0161\u012bnas s\u0113dekl\u012b\u0161a adapteri"},"content":{"rendered":"<h6 data-start=\"0\" data-end=\"330\">Leclercbaby ma\u0161\u012bnas s\u0113dekl\u012b\u0161a adapteris ir praktisks un \u0113rts risin\u0101jums vec\u0101kiem, kuri v\u0113las padar\u012bt savu rati\u0146u v\u0113l funkcion\u0101l\u0101ku un daudzpus\u012bg\u0101ku. Leclercbaby ma\u0161\u012bnas s\u0113dekl\u012b\u0161a adapteris ir izveidots, lai nodro\u0161in\u0101tu dro\u0161u un \u0101tru ma\u0161\u012bnas s\u0113dekl\u012b\u0161a piestiprin\u0101\u0161anu rati\u0146am, padarot p\u0101rvieto\u0161anos ar mazuli vienk\u0101r\u0161\u0101ku un \u0113rt\u0101ku.<\/h6>\n<p>&nbsp;<\/p>\n<h6 data-start=\"332\" data-end=\"848\">Leclercbaby ma\u0161\u012bnas s\u0113dekl\u012b\u0161a adapteri viegli piestiprin\u0101s pie rati\u0146u priek\u0161\u0113j\u0101s barjeras stiprin\u0101jumiem, nodro\u0161inot stabilu un dro\u0161u savienojumu. To uzst\u0101d\u012b\u0161ana ir \u0101tra un vienk\u0101r\u0161a, \u013caujot \u0113rti piestiprin\u0101t b\u0113rna ma\u0161\u012bnas s\u0113dekli bez sare\u017e\u0123\u012btiem papildu so\u013ciem. Adapterus tikpat vienk\u0101r\u0161i var ar\u012b no\u0146emt, nodro\u0161inot \u0101tru p\u0101reju starp rati\u0146iem un auto. Tas padara tos neaizst\u0101jamus pal\u012bgus ikdienas gait\u0101s, vai t\u0101 b\u016btu iepirk\u0161an\u0101s veikal\u0101, viz\u012bte pie \u0101rsta vai vienk\u0101r\u0161as pastaigas svaig\u0101 gais\u0101.<\/h6>\n<p>&nbsp;<\/p>\n<h6 data-start=\"850\" data-end=\"1267\">Viena no liel\u0101kaj\u0101m priek\u0161roc\u012bb\u0101m ir to univers\u0101lums \u2013 Leclercbaby ma\u0161\u012bnas s\u0113dekl\u012b\u0161a adapteri der daudzu paz\u012bstamu z\u012bmolu ma\u0161\u012bnas s\u0113dek\u013ciem, t\u0101d\u0113j\u0101di nav j\u0101uztraucas par sader\u012bbu. Tas \u013cauj izmantot jau eso\u0161os b\u0113rnu piederumus bez papildu ieguld\u012bjumiem.<\/h6>\n<p>&nbsp;<\/p>\n<h6 data-start=\"1269\" data-end=\"1658\">\u0160ie Leclercbaby ma\u0161\u012bnas s\u0113dekl\u012b\u0161a adapteri ir izstr\u0101d\u0101ti tie\u0161i vec\u0101kiem, kuri nov\u0113rt\u0113 praktiskumu, \u0101trumu un \u0113rtumu. Tie ir izgatavoti no iztur\u012bgiem un kvalitat\u012bviem materi\u0101liem, kas nodro\u0161ina ilgsto\u0161u kalpo\u0161anu un uzticam\u012bbu. Ja mekl\u0113jat risin\u0101jumu, kas vienk\u0101r\u0161o p\u0101rvieto\u0161anos ar mazu\u013cu un padara ikdienu \u0113rt\u0101ku, Leclercbaby ma\u0161\u012bnas s\u0113dekl\u012b\u0161a adapteri ir tie\u0161i tas, kas jums nepiecie\u0161ams.<\/h6>\n<p>&nbsp;<\/p>\n<h6><em><a href=\"https:\/\/hummy.ee\/wp-content\/uploads\/2024\/04\/Leclercbaby-turvahalli-adapterid.pdf\">Leclercbaby ma\u0161\u012bnas s\u0113dekl\u012b\u0161a adapteri (sader\u012bba ar ma\u0161\u012bnas s\u0113dek\u013ciem)<\/a><\/em><\/h6>\n<h6><em><a href=\"https:\/\/www.youtube.com\/watch?v=D_uU12IP3yk\" target=\"_blank\" rel=\"noopener\">Skatiet tuv\u0101k<\/a>, k\u0101 uzst\u0101d\u012bt ma\u0161\u012bnas s\u0113dekl\u012b\u0161a adapterus uz Leclercbaby rati\u0146u r\u0101mja.<\/em><\/h6>\n<h6><\/h6>\n<h6><\/h6>\n","protected":false},"excerpt":{"rendered":"<h6 data-start=\"0\" data-end=\"330\">Leclercbaby ma\u0161\u012bnas s\u0113dekl\u012b\u0161a adapteris ir izveidots, lai nodro\u0161in\u0101tu dro\u0161u un \u0101tru ma\u0161\u012bnas s\u0113dek\u013ca piestiprin\u0101\u0161anu rati\u0146am, padarot p\u0101rvieto\u0161anos ar mazu\u013cu vienk\u0101r\u0161\u0101ku un \u0113rt\u0101ku. Leclercbaby univers\u0101lie adapteri \u0101tri un \u0113rti piestiprin\u0101s j\u016bsu Leclercbaby rati\u0146iem. Lieliska izv\u0113le \u0101tr\u0101m pastaig\u0101m ar savu mazuli. Viegli piestiprin\u0101ms pie rati\u0146u priek\u0161\u0113j\u0101s barjeras stiprin\u0101jumiem un tikpat viegli no\u0146emams.<\/h6>\n","protected":false},"featured_media":21633,"comment_status":"closed","ping_status":"closed","template":"","meta":{"_acf_changed":false,"om_disable_all_campaigns":false,"_monsterinsights_skip_tracking":false,"_monsterinsights_sitenote_active":false,"_monsterinsights_sitenote_note":"","_monsterinsights_sitenote_category":0,"_uf_show_specific_survey":0,"_uf_disable_surveys":false,"site-sidebar-layout":"default","site-content-layout":"","ast-site-content-layout":"default","site-content-style":"default","site-sidebar-style":"default","ast-global-header-display":"","ast-banner-title-visibility":"","ast-main-header-display":"","ast-hfb-above-header-display":"","ast-hfb-below-header-display":"","ast-hfb-mobile-header-display":"","site-post-title":"","ast-breadcrumbs-content":"","ast-featured-img":"","footer-sml-layout":"","theme-transparent-header-meta":"default","adv-header-id-meta":"","stick-header-meta":"","header-above-stick-meta":"","header-main-stick-meta":"","header-below-stick-meta":"","astra-migrate-meta-layouts":"set","ast-page-background-enabled":"default","ast-page-background-meta":{"desktop":{"background-color":"var(--ast-global-color-4)","background-image":"","background-repeat":"repeat","background-position":"center center","background-size":"auto","background-attachment":"scroll","background-type":"","background-media":"","overlay-type":"","overlay-color":"","overlay-opacity":"","overlay-gradient":""},"tablet":{"background-color":"","background-image":"","background-repeat":"repeat","background-position":"center center","background-size":"auto","background-attachment":"scroll","background-type":"","background-media":"","overlay-type":"","overlay-color":"","overlay-opacity":"","overlay-gradient":""},"mobile":{"background-color":"","background-image":"","background-repeat":"repeat","background-position":"center center","background-size":"auto","background-attachment":"scroll","background-type":"","background-media":"","overlay-type":"","overlay-color":"","overlay-opacity":"","overlay-gradient":""}},"ast-content-background-meta":{"desktop":{"background-color":"var(--ast-global-color-5)","background-image":"","background-repeat":"repeat","background-position":"center center","background-size":"auto","background-attachment":"scroll","background-type":"","background-media":"","overlay-type":"","overlay-color":"","overlay-opacity":"","overlay-gradient":""},"tablet":{"background-color":"var(--ast-global-color-5)","background-image":"","background-repeat":"repeat","background-position":"center center","background-size":"auto","background-attachment":"scroll","background-type":"","background-media":"","overlay-type":"","overlay-color":"","overlay-opacity":"","overlay-gradient":""},"mobile":{"background-color":"var(--ast-global-color-5)","background-image":"","background-repeat":"repeat","background-position":"center center","background-size":"auto","background-attachment":"scroll","background-type":"","background-media":"","overlay-type":"","overlay-color":"","overlay-opacity":"","overlay-gradient":""}}},"product_brand":[],"product_cat":[372,322,351],"product_tag":[330,328],"class_list":{"0":"post-51242","1":"product","2":"type-product","3":"status-publish","4":"has-post-thumbnail","6":"product_cat-adapteri","7":"product_cat-apgriesanas-piederumi","8":"product_cat-leclercbaby-lv","9":"product_tag-atseviski-produkti","10":"product_tag-pielagota-timekla-vietne","11":"desktop-align-left","12":"tablet-align-left","13":"mobile-align-left","15":"first","16":"instock","17":"taxable","18":"shipping-taxable","19":"purchasable","20":"product-type-simple"},"acf":[],"aioseo_notices":[],"_links":{"self":[{"href":"https:\/\/hummy.ee\/lv\/wp-json\/wp\/v2\/product\/51242","targetHints":{"allow":["GET"]}}],"collection":[{"href":"https:\/\/hummy.ee\/lv\/wp-json\/wp\/v2\/product"}],"about":[{"href":"https:\/\/hummy.ee\/lv\/wp-json\/wp\/v2\/types\/product"}],"replies":[{"embeddable":true,"href":"https:\/\/hummy.ee\/lv\/wp-json\/wp\/v2\/comments?post=51242"}],"version-history":[{"count":10,"href":"https:\/\/hummy.ee\/lv\/wp-json\/wp\/v2\/product\/51242\/revisions"}],"predecessor-version":[{"id":88647,"href":"https:\/\/hummy.ee\/lv\/wp-json\/wp\/v2\/product\/51242\/revisions\/88647"}],"wp:featuredmedia":[{"embeddable":true,"href":"https:\/\/hummy.ee\/lv\/wp-json\/wp\/v2\/media\/21633"}],"wp:attachment":[{"href":"https:\/\/hummy.ee\/lv\/wp-json\/wp\/v2\/media?parent=51242"}],"wp:term":[{"taxonomy":"product_brand","embeddable":true,"href":"https:\/\/hummy.ee\/lv\/wp-json\/wp\/v2\/product_brand?post=51242"},{"taxonomy":"product_cat","embeddable":true,"href":"https:\/\/hummy.ee\/lv\/wp-json\/wp\/v2\/product_cat?post=51242"},{"taxonomy":"product_tag","embeddable":true,"href":"https:\/\/hummy.ee\/lv\/wp-json\/wp\/v2\/product_tag?post=51242"}],"curies":[{"name":"wp","href":"https:\/\/api.w.org\/{rel}","templated":true}]}}