{"id":51203,"date":"2024-04-07T18:34:28","date_gmt":"2024-04-07T18:34:28","guid":{"rendered":"https:\/\/hummy.ee\/product\/leclercbaby-organizators\/"},"modified":"2026-05-01T11:01:57","modified_gmt":"2026-05-01T11:01:57","slug":"leclercbaby-organizators","status":"publish","type":"product","link":"https:\/\/hummy.ee\/lv\/product\/leclercbaby-organizators\/","title":{"rendered":"Leclercbaby organizators"},"content":{"rendered":"<h6 data-start=\"360\" data-end=\"754\">Leclercbaby organizators nov\u0113r\u0161 haosu! Katrs vec\u0101ks zina, cik svar\u012bgi ir b\u016bt labi sak\u0101rtotai somai, kur visi nepiecie\u0161amie priek\u0161meti ir pa rokai un \u0101tri atrodami. Ja esat noguris nemit\u012bgi mekl\u0113t pudel\u012bti, auti\u0146biks\u012btes vai salvetes somas apak\u0161\u0101, \u0161is organizators ir rad\u012bts tie\u0161i jums.<\/h6>\n<p>&nbsp;<\/p>\n<h6 data-start=\"360\" data-end=\"754\">Vai tev ir vair\u0101kas somas un tev past\u0101v\u012bgi j\u0101\u0161\u0137iro lietas no vienas somas uz otru? Tas var b\u016bt laikietilp\u012bgs un nogurdino\u0161s process, kura laik\u0101 k\u0101da svar\u012bga lieta nejau\u0161i var palikt nepareizaj\u0101 som\u0101. \u0160is organizators pal\u012bdz izvair\u012bties no \u0161\u012bs probl\u0113mas \u2013 pateicoties vair\u0101kiem kabat\u0101m un gudrai izvietojuma sist\u0113mai, j\u016bs varat \u0113rti sak\u0101rtot visus nepiecie\u0161amos priek\u0161metus un vajadz\u012bbas gad\u012bjum\u0101 \u0101tri p\u0101rnest tos no vienas somas uz otru.<\/h6>\n<p>&nbsp;<\/p>\n<h6 data-start=\"756\" data-end=\"1149\">Leclercbaby organizatoram ir 9 nodal\u012bjumi, kas \u013cauj katram priek\u0161metam atrast savu vietu. Auti\u0146biks\u012btes, mitr\u0101s salvetes, pudel\u012btes, uzkodas un pat person\u012bg\u0101s lietas, piem\u0113ram, telefons un maks \u2013 viss paliek sav\u0101 viet\u0101 un viegli atrodams. Turkl\u0101t tam ir speci\u0101li siksni\u0146as, ar kur\u0101m organizatoru \u0101tri un \u0113rti piestiprin\u0101t pie rati\u0146iem, padarot p\u0101rvieto\u0161anos ar b\u0113rnu v\u0113l vienk\u0101r\u0161\u0101ku.<\/h6>\n<p>&nbsp;<\/p>\n<h6 data-start=\"1151\" data-end=\"1178\"><strong><em>Komplekt\u0101 iek\u013cauts<\/em><\/strong><\/h6>\n<ul>\n<li data-start=\"1179\" data-end=\"1415\">\n<h6>Organizators \u2013 ietilp\u012bga un praktiska soma, kuras kabatas un nodal\u012bjumi pal\u012bdz saglab\u0101t lietas k\u0101rt\u012bb\u0101.<\/h6>\n<\/li>\n<li data-start=\"1179\" data-end=\"1415\">\n<h6>Knup\u012b\u0161u somi\u0146a \u2013 maza un \u0113rta somi\u0146a, kur\u0101 varat higi\u0113niski uzglab\u0101t knup\u012bti, lai tas vienm\u0113r b\u016btu t\u012brs un pa rokai.<\/h6>\n<\/li>\n<\/ul>\n<h6 data-start=\"1417\" data-end=\"1742\">Leclercbaby organizators ir ide\u0101ls risin\u0101jums vec\u0101kiem, kuri v\u0113las vienk\u0101r\u0161ot ikdienu, saglab\u0101jot visus nepiecie\u0161amos priek\u0161metus vien\u0101 kompakti un labi sak\u0101rtot\u0101 viet\u0101. Padariet savu dz\u012bvi viegl\u0101ku un izbaudiet organiz\u0113to somu sist\u0113mu, kas pal\u012bdz koncentr\u0113ties uz to, kas patiesi svar\u012bgs \u2013 br\u012b\u017eiem kop\u0101 ar savu b\u0113rnu!<\/h6>\n<p>&nbsp;<\/p>\n<h6 data-start=\"175\" data-end=\"377\"><strong><em>Telpums:<\/em><\/strong><br data-start=\"205\" data-end=\"208\" \/>\u2013 9 da\u017e\u0101da izm\u0113ra kabatas, lai visi nepiecie\u0161amie priek\u0161meti b\u016btu sak\u0101rtoti un pa rokai.<br data-start=\"283\" data-end=\"286\" \/>\u2013 Atsevi\u0161\u0137a nodal\u012bjuma vieta auti\u0146biks\u012bt\u0113m, salvet\u0113m un person\u012bgaj\u0101m liet\u0101m (piem\u0113ram, telefons, maks).<\/h6>\n<p>&nbsp;<\/p>\n<h6 data-start=\"379\" data-end=\"572\"><strong><em>Univers\u0101la sader\u012bba:<\/em><\/strong><br data-start=\"406\" data-end=\"409\" \/>\u2013 Der liel\u0101kajai da\u013cai rati\u0146u, viegli piestiprin\u0101ms ar regul\u0113jam\u0101m siksn\u0101m.<br data-start=\"492\" data-end=\"495\" \/>\u2013 Var izmantot ar\u012b k\u0101 atsevi\u0161\u0137u somu, ja nepiecie\u0161ams praktisks risin\u0101jums p\u0101rvieto\u0161an\u0101s laik\u0101.<\/h6>\n<p>&nbsp;<\/p>\n<h6 data-start=\"574\" data-end=\"747\"><strong><em>Kvalit\u0101te un iztur\u012bba:<\/em><\/strong><br data-start=\"606\" data-end=\"609\" \/>\u2013 Izgatavots no \u016bdensiztur\u012bga un viegli t\u012br\u0101ma materi\u0101la.<br data-start=\"673\" data-end=\"676\" \/>\u2013 Stipras \u0161uves un kvalitat\u012bvi stiprin\u0101jumi nodro\u0161ina ilgsto\u0161u lieto\u0161anu.<\/h6>\n<p>&nbsp;<\/p>\n<h6 data-start=\"749\" data-end=\"929\"><strong><em>\u0112rt\u012bba un praktiskums:<\/em><\/strong><br data-start=\"778\" data-end=\"781\" \/>\u2013 \u0100tra piek\u013cuve svar\u012bg\u0101kaj\u0101m liet\u0101m \u2013 ide\u0101li \u0101trai r\u012bc\u012bbai.<br data-start=\"851\" data-end=\"854\" \/>\u2013 Iek\u013cauta knup\u012b\u0161u somi\u0146a, kas nodro\u0161ina pudel\u012btes higi\u0113nisku un viegli atrodamu uzglab\u0101\u0161anu.<\/h6>\n<p>&nbsp;<\/p>\n<h6 data-start=\"931\" data-end=\"1086\"><strong><em>Kompakts un viegls:<\/em><\/strong><br data-start=\"956\" data-end=\"959\" \/>\u2013 Viegli salok\u0101ms un uzglab\u0101jams, kad tas netiek lietots.<br data-start=\"1026\" data-end=\"1029\" \/>\u2013 Ide\u0101li piem\u0113rots ce\u013cojumiem un ikdienas pastaig\u0101m.<\/h6>\n<p>&nbsp;<\/p>\n<h6 data-start=\"1088\" data-end=\"1268\"><strong><em>Stil\u012bgs dizains:<\/em><\/strong><br data-start=\"1109\" data-end=\"1112\" \/>\u2013 Elegants un neitr\u0101ls izskats, kas sader ar da\u017e\u0101diem rati\u0146iem.<br data-start=\"1196\" data-end=\"1199\" \/>\u2013 Pieejams da\u017e\u0101d\u0101s kr\u0101s\u0101s, lai atbilstu j\u016bsu v\u0113lm\u0113m.<\/h6>\n<p>&nbsp;<\/p>\n<h6><em>Atkl\u0101j Leclercbaby produktu kl\u0101stu <a href=\"https:\/\/hummy.ee\/lv\/leclerbaby-ievads\/\" target=\"_blank\" rel=\"noopener\">\u0161eit<\/a>.<\/em><\/h6>\n","protected":false},"excerpt":{"rendered":"<h6>Pateicoties organiz\u0113t\u0101jam, j\u016bsu som\u0101 vairs nekad neb\u016bs nek\u0101rt\u012bbas! Nevarat atrast lietas som\u0101? Vai ar\u012b j\u016bs izmantojat vair\u0101kus maisi\u0146us un jums ir past\u0101v\u012bgi j\u0101p\u0101rvieto lietas no viena maisi\u0146a cit\u0101? Ja t\u0101, tad \u0161is organizators ir pareiz\u0101 izv\u0113le. Leclercbaby organiz\u0113t\u0101jam ir 9 da\u017e\u0101di izm\u0113ri, lai j\u016bs var\u0113tu atrast visam piem\u0113rotu vietu. Tam ir ar\u012b siksnas, lai j\u016bs var\u0113tu \u0101tri un \u0113rti piestiprin\u0101t somu pie rati\u0146iem.<\/h6>\n","protected":false},"featured_media":31673,"comment_status":"closed","ping_status":"closed","template":"","meta":{"_acf_changed":false,"om_disable_all_campaigns":false,"_monsterinsights_skip_tracking":false,"_monsterinsights_sitenote_active":false,"_monsterinsights_sitenote_note":"","_monsterinsights_sitenote_category":0,"_uf_show_specific_survey":0,"_uf_disable_surveys":false,"site-sidebar-layout":"default","site-content-layout":"","ast-site-content-layout":"default","site-content-style":"default","site-sidebar-style":"default","ast-global-header-display":"","ast-banner-title-visibility":"","ast-main-header-display":"","ast-hfb-above-header-display":"","ast-hfb-below-header-display":"","ast-hfb-mobile-header-display":"","site-post-title":"","ast-breadcrumbs-content":"","ast-featured-img":"","footer-sml-layout":"","theme-transparent-header-meta":"default","adv-header-id-meta":"","stick-header-meta":"","header-above-stick-meta":"","header-main-stick-meta":"","header-below-stick-meta":"","astra-migrate-meta-layouts":"set","ast-page-background-enabled":"default","ast-page-background-meta":{"desktop":{"background-color":"var(--ast-global-color-4)","background-image":"","background-repeat":"repeat","background-position":"center center","background-size":"auto","background-attachment":"scroll","background-type":"","background-media":"","overlay-type":"","overlay-color":"","overlay-opacity":"","overlay-gradient":""},"tablet":{"background-color":"","background-image":"","background-repeat":"repeat","background-position":"center center","background-size":"auto","background-attachment":"scroll","background-type":"","background-media":"","overlay-type":"","overlay-color":"","overlay-opacity":"","overlay-gradient":""},"mobile":{"background-color":"","background-image":"","background-repeat":"repeat","background-position":"center center","background-size":"auto","background-attachment":"scroll","background-type":"","background-media":"","overlay-type":"","overlay-color":"","overlay-opacity":"","overlay-gradient":""}},"ast-content-background-meta":{"desktop":{"background-color":"var(--ast-global-color-5)","background-image":"","background-repeat":"repeat","background-position":"center center","background-size":"auto","background-attachment":"scroll","background-type":"","background-media":"","overlay-type":"","overlay-color":"","overlay-opacity":"","overlay-gradient":""},"tablet":{"background-color":"var(--ast-global-color-5)","background-image":"","background-repeat":"repeat","background-position":"center center","background-size":"auto","background-attachment":"scroll","background-type":"","background-media":"","overlay-type":"","overlay-color":"","overlay-opacity":"","overlay-gradient":""},"mobile":{"background-color":"var(--ast-global-color-5)","background-image":"","background-repeat":"repeat","background-position":"center center","background-size":"auto","background-attachment":"scroll","background-type":"","background-media":"","overlay-type":"","overlay-color":"","overlay-opacity":"","overlay-gradient":""}}},"product_brand":[],"product_cat":[322,351,350],"product_tag":[330,328],"class_list":{"0":"post-51203","1":"product","2":"type-product","3":"status-publish","4":"has-post-thumbnail","6":"product_cat-apgriesanas-piederumi","7":"product_cat-leclercbaby-lv","8":"product_cat-somas-un-mugursomas","9":"product_tag-atseviski-produkti","10":"product_tag-pielagota-timekla-vietne","11":"desktop-align-left","12":"tablet-align-left","13":"mobile-align-left","15":"first","16":"instock","17":"taxable","18":"shipping-taxable","19":"purchasable","20":"product-type-variable"},"acf":[],"aioseo_notices":[],"_links":{"self":[{"href":"https:\/\/hummy.ee\/lv\/wp-json\/wp\/v2\/product\/51203","targetHints":{"allow":["GET"]}}],"collection":[{"href":"https:\/\/hummy.ee\/lv\/wp-json\/wp\/v2\/product"}],"about":[{"href":"https:\/\/hummy.ee\/lv\/wp-json\/wp\/v2\/types\/product"}],"replies":[{"embeddable":true,"href":"https:\/\/hummy.ee\/lv\/wp-json\/wp\/v2\/comments?post=51203"}],"version-history":[{"count":8,"href":"https:\/\/hummy.ee\/lv\/wp-json\/wp\/v2\/product\/51203\/revisions"}],"predecessor-version":[{"id":88646,"href":"https:\/\/hummy.ee\/lv\/wp-json\/wp\/v2\/product\/51203\/revisions\/88646"}],"wp:featuredmedia":[{"embeddable":true,"href":"https:\/\/hummy.ee\/lv\/wp-json\/wp\/v2\/media\/31673"}],"wp:attachment":[{"href":"https:\/\/hummy.ee\/lv\/wp-json\/wp\/v2\/media?parent=51203"}],"wp:term":[{"taxonomy":"product_brand","embeddable":true,"href":"https:\/\/hummy.ee\/lv\/wp-json\/wp\/v2\/product_brand?post=51203"},{"taxonomy":"product_cat","embeddable":true,"href":"https:\/\/hummy.ee\/lv\/wp-json\/wp\/v2\/product_cat?post=51203"},{"taxonomy":"product_tag","embeddable":true,"href":"https:\/\/hummy.ee\/lv\/wp-json\/wp\/v2\/product_tag?post=51203"}],"curies":[{"name":"wp","href":"https:\/\/api.w.org\/{rel}","templated":true}]}}